{"id":9665,"date":"2023-03-27T11:28:17","date_gmt":"2023-03-27T10:28:17","guid":{"rendered":"https:\/\/1001vertus.com\/?post_type=product&#038;p=9665"},"modified":"2026-04-11T18:19:29","modified_gmt":"2026-04-11T17:19:29","slug":"agua-de-zamzam","status":"publish","type":"product","link":"https:\/\/1001vertus.com\/pt\/produit\/eau-de-zamzam\/","title":{"rendered":"\u00c1gua de Zamzam 50cl"},"content":{"rendered":"<p>L\u2019eau de zamzam est connue par tous les musulmans, et m\u00eame au-del\u00e0. <strong>En effet, cette eau dont la source a jailli par la cause de l\u2019ange Jibril poss\u00e8de des vertus incroyables<\/strong>. Pour ce faire, partez \u00e0 sa d\u00e9couverte.<\/p>\n<h2><strong>L\u2019origine de l\u2019eau de zamzam<\/strong><\/h2>\n<p>Parler des bienfaits de l\u2019eau de zamzam sans parler de son origine, serait impensable. D\u00e9couvrez son histoire.<\/p>\n<p>La source de zamzam jailli \u00e0 la Mecque, au moment o\u00f9 Hajar, la femme du Proph\u00e8te Ibrahim \u00e9tait seule avec son nouveau-n\u00e9, Ismail. Celle-ci \u00e9tait dans une situation critique, elle manquait d\u2019eau pour allaiter son enfant, et courait entre le Mont Safa et le Mont Marwa.<\/p>\n<p><strong>Quand elle finit par s\u2019\u00e9puiser<\/strong>, c\u2019est \u00e0 ce moment qu\u2019elle entendit une voix, celle de l\u2019ange Jibril. <strong>Celui-ci apparut en frappant le sable de son aile, et une eau jaillit, l\u2019eau de zamzam<\/strong>.<\/p>\n<p>Depuis ce jour, les musulmans du monde entier boivent cette eau sacr\u00e9e.<\/p>\n<h2><strong>Une eau extr\u00eamement pure en provenance de la Mecque<\/strong><\/h2>\n<p>Cette eau provient d\u2019une source d\u2019eau tr\u00e8s pure. En effet, cette eau b\u00e9nite a fait l\u2019objet de plusieurs analyses. Qui ont toutes conclu \u00e0 une puret\u00e9 in\u00e9galable. En effet, cette eau est d\u00e9nu\u00e9e de toute impuret\u00e9, ne contient aucune trace de germe ou de bact\u00e9rie.<\/p>\n<p>D\u2019apr\u00e8s Abou Dharr le Proph\u00e8te (Salla allah alayhi wa salam) a dit : \u00ab \u00c0 La Mecque, mon plafond fut enlev\u00e9, Gabriel en descendit, ouvrit mon c\u0153ur, <strong>le lava avec l\u2019eau de Zamzam puis il apporta un r\u00e9cipient rempli d\u2019or<\/strong>, de sagesse et de foi, la d\u00e9versa dans ma poitrine, referma celle-ci, me saisit la main et me fit monter au ciel le plus bas \u00bb (Al Boukhari).<\/p>\n<p>Ainsi, le fait que le c\u0153ur du Proph\u00e8te (Salla allah alayhi wa salam) ait \u00e9t\u00e9 lav\u00e9 avec cette eau prouve sa puret\u00e9.<\/p>\n<h3><strong>Les bienfaits de l\u2019eau de zamzam sur notre corps<\/strong><\/h3>\n<p>Cette eau pure de la mecque poss\u00e8de de nombreux bienfaits.<\/p>\n<p><strong>En effet, elle peut \u00eatre utilis\u00e9e :<\/strong><\/p>\n<ul>\n<li><strong>Comme rem\u00e8de pour les maladies et un soulagement face aux diff\u00e9rents maux qui peuvent nous atteindre.<\/strong><\/li>\n<\/ul>\n<p>Le Proph\u00e8te (Salla allah alayhi wa salam) ainsi que ses compagnons l\u2019utilisaient pour se gu\u00e9rir.<\/p>\n<ul>\n<li><strong>Para invoca\u00e7\u00f5es :<\/strong><\/li>\n<\/ul>\n<p>D\u2019apr\u00e8s \u2018Abdallah Ibn \u2018Abbas (qu\u2019Allah les agr\u00e9e lui et son p\u00e8re), le Proph\u00e8te (Salla allah alayhi wa salam) a dit : \u00ab <strong>La chose pour laquelle est bue l\u2019eau de zamzam est exauc\u00e9e<\/strong> \u00bb. (Rapport\u00e9 par Daraqoutni dans ses Sounan n\u00b02739 et authentifi\u00e9 par Cheikh Albani dans Sahih Targhib Wa Tarhib n\u00b01164.<\/p>\n<ul>\n<li><strong>De plus, cette derni\u00e8re est rassasiante :<\/strong><\/li>\n<\/ul>\n<p>Effectivement, il s\u2019agit d\u2019une <a href=\"https:\/\/1001vertus.com\/pt\/product-category\/leite-de-camelo\/\"><b>boisson qui apporte de l&rsquo;\u00e9nergie<\/b><\/a>\u00a0et qui rassasie le ventre. Dans les sahih d\u2019Al Bukhari et Muslim, il est rapport\u00e9 que le Proph\u00e8te (Salla allah alayhi wa salam) a dit \u00e0 Abi Dhar lorsqu\u2019il a s\u00e9journ\u00e9 quarante jours et quarante nuits entre la Ka\u2019ba et ses limites, ne disposant d\u2019autre nourriture que l\u2019eau de Zamzam : \u00ab Elle est une nourriture enti\u00e8re \u00bb.<\/p>\n<p>Assim, podemos ver os muitos benef\u00edcios desta \u00e1gua milagrosa. Por isso, se quiser comprar alguma, visite a nossa loja online 1001 vertus.<\/p>","protected":false},"excerpt":{"rendered":"<p>L\u2019eau de zamzam est connue par tous les musulmans, et m\u00eame au-del\u00e0. En effet, cette eau dont la source a jailli par la cause de l\u2019ange Jibril poss\u00e8de des vertus incroyables. Pour ce faire, partez \u00e0 sa d\u00e9couverte. L\u2019origine de l\u2019eau de zamzam Parler des bienfaits de l\u2019eau de zamzam sans parler de son origine, [&#8230;]\n","protected":false},"featured_media":9669,"template":"","meta":[],"product_brand":[],"product_cat":[27,29,28,96],"product_tag":[],"class_list":{"0":"post-9665","1":"product","2":"type-product","3":"status-publish","4":"has-post-thumbnail","6":"product_cat-bien-etre","7":"product_cat-alimentation","8":"product_cat-medecine-sante","9":"product_cat-roqya-chariya","11":"first","12":"outofstock","13":"shipping-taxable","14":"purchasable","15":"product-type-simple"},"_links":{"self":[{"href":"https:\/\/1001vertus.com\/pt\/wp-json\/wp\/v2\/product\/9665","targetHints":{"allow":["GET"]}}],"collection":[{"href":"https:\/\/1001vertus.com\/pt\/wp-json\/wp\/v2\/product"}],"about":[{"href":"https:\/\/1001vertus.com\/pt\/wp-json\/wp\/v2\/types\/product"}],"wp:featuredmedia":[{"embeddable":true,"href":"https:\/\/1001vertus.com\/pt\/wp-json\/wp\/v2\/media\/9669"}],"wp:attachment":[{"href":"https:\/\/1001vertus.com\/pt\/wp-json\/wp\/v2\/media?parent=9665"}],"wp:term":[{"taxonomy":"product_brand","embeddable":true,"href":"https:\/\/1001vertus.com\/pt\/wp-json\/wp\/v2\/product_brand?post=9665"},{"taxonomy":"product_cat","embeddable":true,"href":"https:\/\/1001vertus.com\/pt\/wp-json\/wp\/v2\/product_cat?post=9665"},{"taxonomy":"product_tag","embeddable":true,"href":"https:\/\/1001vertus.com\/pt\/wp-json\/wp\/v2\/product_tag?post=9665"}],"curies":[{"name":"wp","href":"https:\/\/api.w.org\/{rel}","templated":true}]}}