{"id":9507,"date":"2023-03-21T13:50:26","date_gmt":"2023-03-21T12:50:26","guid":{"rendered":"https:\/\/1001vertus.com\/?post_type=product&#038;p=9507"},"modified":"2024-02-19T09:36:37","modified_gmt":"2024-02-19T08:36:37","slug":"venda-marroquina","status":"publish","type":"product","link":"https:\/\/1001vertus.com\/pt\/produit\/sellou-marocain\/","title":{"rendered":"Sellou marroquino 1kg (caseiro)"},"content":{"rendered":"<p>On vous pr\u00e9sente un magnifique et b\u00e9n\u00e9fique met en provenance direct du Maghreb :\u00a0 il s&rsquo;agit bien \u00e9videment, du\u00a0<strong>Sellou marroquino,<\/strong>\u00a0connu mondialement ! Cette pr\u00e9paration marocaine est\u00a0<strong>une sp\u00e9cialit\u00e9 gourmande et incontournable du mois sacr\u00e9 de Ramadan.<\/strong>\u00a0On vous en parle plus pr\u00e9cis\u00e9ment car \u00e0 coups surs, vos papilles et votre organisme s&rsquo;en raviront !<\/p>\n<h2><strong>Le sellou : embl\u00e8me de la gastronomie marocaine<\/strong><\/h2>\n<p>En effet, ce produit du terroir marocain est quasiment un embl\u00e8me de la gastronomie marocaine. Et assur\u00e9ment bon pour notre sant\u00e9 qui plus est !\u00a0\u00a0<strong>Appel\u00e9 aussi <a href=\"https:\/\/www.pause-au-naturelle.com\/cat%C3%A9gorie-produit\/sellou-marocain-zamita-marocaine\/\" target=\"_blank\" rel=\"noopener\">Zamita em p\u00f3<\/a> ou sfouf,<\/strong>\u00a0le sellou marocain est incontestablement une gourmandise qui n\u00e9cessite un savoir-faire particulier et un proc\u00e9d\u00e9 de pr\u00e9paration pr\u00e9cis.<\/p>\n<p>Il se mange effectivement d&rsquo;autant plus pendant la p\u00e9riode de Ramadan mais se\u00a0<strong>peut se consommer toute l&rsquo;ann\u00e9e ainsi que pour des \u00e9v\u00e8nements en particulier, afin d&rsquo;en tirer de nombreux bienfaits.\u00a0<\/strong>Voyons en d\u00e9tails ce que contient ce d\u00e9licieux met.<\/p>\n<h3><strong>L&rsquo;exp\u00e9rience gustative du Sellou marocain<\/strong><\/h3>\n<p>Zamita marroquina\u00a0<strong>se classe fort bien dans la cat\u00e9gorie p\u00e2tisserie orientale.<\/strong>\u00a0Mais ne vous m\u00e9prenez pas elle\u00a0<strong>contient des ingr\u00e9dients fort appr\u00e9ciables pour notre corps pr\u00e9cis\u00e9ment.<\/strong><\/p>\n<p>En effet, le sellou est confectionn\u00e9 sur\u00a0<strong>une base de farine grill\u00e9e et il y est souvent ajout\u00e9 de l&rsquo;huile d&rsquo;olive<\/strong>\u00a0ou manteiga derretida.<\/p>\n<p>Existem tamb\u00e9m produtos t\u00edpicos, tais como\u00a0<strong>a <a href=\"https:\/\/1001vertus.com\/pt\/product-category\/meis\/\">mel<\/a>, le s\u00e9same, les amandes ainsi que des \u00e9pices.<\/strong>\u00a0Neste caso, pode\u00a0<strong>retrouver des ar\u00f4mes de cannelle mais aussi de muscade ou d&rsquo;anis.<\/strong><\/p>\n<p>Vous l&rsquo;aurez donc compris il existe plusieurs possibilit\u00e9s de faire varier cette recette de p\u00e2tisserie. En effet,\u00a0<strong>\u00e0 chaque r\u00e9gion du Maroc sa petite touche personnelle.<\/strong>\u00a0La base restant ainsi la m\u00eame. Mais dans tous les cas, le go\u00fbt et les bienfaits sont assur\u00e9ment exceptionnels. D&rsquo;ailleurs voyons lesquels.<\/p>\n<h2><strong>Les bienfaits de consommer du sellou sfouf d\u00e8s le petit d\u00e9jeuner !<\/strong><\/h2>\n<p>En effet, le sfouf \u00e9tant\u00a0<strong>une pr\u00e9paration ol\u00e9agineuse tr\u00e8s riche elle tient une forte valeur \u00e9nerg\u00e9tique !<\/strong>\u00a0Pas \u00e9tonnant de ce fait, qu&rsquo;on la consomme au sohour au mois de Ramadan. Une mani\u00e8re d&rsquo;apporter au corps tous les bienfaits dont il a besoin. Pour pleinement r\u00e9ussir ses journ\u00e9es et nuits d&rsquo;adorations, ainsi que ses actes de bien !<\/p>\n<p>Les fruits nobles qu&rsquo;il contient, notamment les amandes, les cacahu\u00e8tes, le s\u00e9same ou encore des graines de lin, apportent une quantit\u00e9 consid\u00e9rable de nombreux min\u00e9raux \u00e0 notre organisme. En effet, le sellou marocain vous assure\u00a0<strong><a href=\"https:\/\/1001vertus.com\/pt\/product\/gelatina-com-magnesio-marinho-e-vitamina-b6-physio-source\/\">un apport incontestable en magn\u00e9sium<\/a>. Mas tamb\u00e9m ferro, pot\u00e1ssio e c\u00e1lcio.<\/strong><\/p>\n<p>Para al\u00e9m disso, a zamita \u00e9 tamb\u00e9m uma fonte incr\u00edvel de vitaminas.\u00a0<strong>: vitamines A, B et E, acides gras insatur\u00e9s, glucides, prot\u00e9ines et fibres.<\/strong>\u00a0Assur\u00e9ment un cadeau pour l\u2019organisme !<\/p>\n<p>Devido \u00e0 sua composi\u00e7\u00e3o, o consumo de sellou tem um efeito particularmente positivo sobre\u00a0<strong>refor\u00e7a os tecidos musculares e nervosos, ajudando a combater o stress.<\/strong><\/p>\n<p>Mais aussi de lutter contre l&rsquo;hypertension et la constipation. En outre, la consommation du sellou marocain est utile pour diminuer le cholest\u00e9rol et am\u00e9liorer le transit.<\/p>\n<p>Il n&rsquo;y a donc pas d&rsquo;h\u00e9sitation \u00e0 se faire plaisir !<\/p>\n<h3><strong>Bien choisir votre zamita marocaine pour une exp\u00e9rience gustative inoubliable !<\/strong><\/h3>\n<p>Il faut que vous sachiez qu&rsquo;un sellou marocain de bonne qualit\u00e9, sera un plat que\u00a0<strong>vous pourrez ais\u00e9ment conserver !<\/strong><\/p>\n<p>En clair, il convient que vous optiez plut\u00f4t pour une<strong>\u00a0pr\u00e9paration \u00e0 base d&rsquo;huile d&rsquo;olive<\/strong>\u00a0\u00e0 la place du beurre pour une pr\u00e9servation du plat plus facile. Et des qualit\u00e9s nutritionnelles plus b\u00e9n\u00e9fiques, il faut le dire.\u00a0 En effet l&rsquo;huile d&rsquo;olive est mondialement connue pour ses bienfaits pour la sant\u00e9 comme notamment faciliter la digestion, prevenir des accidents cardio-vasculaires et favoriser le bon cholest\u00e9rol qui plus est.<\/p>\n<p><strong>Ainsi privil\u00e9giez un sellou de bonne qualit\u00e9, par sa base \u00e0 l&rsquo;huile d&rsquo;olive en particulier.<\/strong>\u00a0Pode desfrutar desta maravilha marroquina durante v\u00e1rios dias ou mesmo semanas.<\/p>","protected":false},"excerpt":{"rendered":"<p><strong>Ingredientes:\u00a0<\/strong><\/p>\n<ul>\n<li>Farine de bl\u00e9 torr\u00e9fi\u00e9e<\/li>\n<li>Am\u00eandoas<\/li>\n<li>Cacahu\u00e8tes<\/li>\n<li>Graines de s\u00e9same<\/li>\n<li>Linha\u00e7a<\/li>\n<li>Anis verde<\/li>\n<li>Huile d\u2019olive<\/li>\n<li>A\u00e7\u00facar<\/li>\n<\/ul>","protected":false},"featured_media":9508,"template":"","meta":[],"product_brand":[],"product_cat":[29],"product_tag":[],"class_list":{"0":"post-9507","1":"product","2":"type-product","3":"status-publish","4":"has-post-thumbnail","6":"product_cat-alimentation","8":"first","9":"outofstock","10":"shipping-taxable","11":"purchasable","12":"product-type-simple"},"_links":{"self":[{"href":"https:\/\/1001vertus.com\/pt\/wp-json\/wp\/v2\/product\/9507","targetHints":{"allow":["GET"]}}],"collection":[{"href":"https:\/\/1001vertus.com\/pt\/wp-json\/wp\/v2\/product"}],"about":[{"href":"https:\/\/1001vertus.com\/pt\/wp-json\/wp\/v2\/types\/product"}],"wp:featuredmedia":[{"embeddable":true,"href":"https:\/\/1001vertus.com\/pt\/wp-json\/wp\/v2\/media\/9508"}],"wp:attachment":[{"href":"https:\/\/1001vertus.com\/pt\/wp-json\/wp\/v2\/media?parent=9507"}],"wp:term":[{"taxonomy":"product_brand","embeddable":true,"href":"https:\/\/1001vertus.com\/pt\/wp-json\/wp\/v2\/product_brand?post=9507"},{"taxonomy":"product_cat","embeddable":true,"href":"https:\/\/1001vertus.com\/pt\/wp-json\/wp\/v2\/product_cat?post=9507"},{"taxonomy":"product_tag","embeddable":true,"href":"https:\/\/1001vertus.com\/pt\/wp-json\/wp\/v2\/product_tag?post=9507"}],"curies":[{"name":"wp","href":"https:\/\/api.w.org\/{rel}","templated":true}]}}