{"id":8855,"date":"2021-02-26T16:28:17","date_gmt":"2021-02-26T15:28:17","guid":{"rendered":"https:\/\/1001vertus.com\/?post_type=product&#038;p=8855"},"modified":"2025-10-30T11:09:40","modified_gmt":"2025-10-30T10:09:40","slug":"cuidados-da-barba-com-queratina-e-figo-da-india","status":"publish","type":"product","link":"https:\/\/1001vertus.com\/pt\/produit\/soin-barbe-a-la-keratine-et-figue-de-barbarie\/","title":{"rendered":"Soin barbe \u00e0 la k\u00e9ratine et figue de barbarie 50ml &#8211; Y\u00e9ma Paris"},"content":{"rendered":"","protected":false},"excerpt":{"rendered":"","protected":false},"featured_media":8874,"template":"","meta":[],"product_brand":[],"product_cat":[56,83],"product_tag":[],"class_list":{"0":"post-8855","1":"product","2":"type-product","3":"status-publish","4":"has-post-thumbnail","6":"product_cat-barbe","7":"product_cat-yema-paris","9":"first","10":"outofstock","11":"shipping-taxable","12":"purchasable","13":"product-type-simple"},"_links":{"self":[{"href":"https:\/\/1001vertus.com\/pt\/wp-json\/wp\/v2\/product\/8855","targetHints":{"allow":["GET"]}}],"collection":[{"href":"https:\/\/1001vertus.com\/pt\/wp-json\/wp\/v2\/product"}],"about":[{"href":"https:\/\/1001vertus.com\/pt\/wp-json\/wp\/v2\/types\/product"}],"wp:featuredmedia":[{"embeddable":true,"href":"https:\/\/1001vertus.com\/pt\/wp-json\/wp\/v2\/media\/8874"}],"wp:attachment":[{"href":"https:\/\/1001vertus.com\/pt\/wp-json\/wp\/v2\/media?parent=8855"}],"wp:term":[{"taxonomy":"product_brand","embeddable":true,"href":"https:\/\/1001vertus.com\/pt\/wp-json\/wp\/v2\/product_brand?post=8855"},{"taxonomy":"product_cat","embeddable":true,"href":"https:\/\/1001vertus.com\/pt\/wp-json\/wp\/v2\/product_cat?post=8855"},{"taxonomy":"product_tag","embeddable":true,"href":"https:\/\/1001vertus.com\/pt\/wp-json\/wp\/v2\/product_tag?post=8855"}],"curies":[{"name":"wp","href":"https:\/\/api.w.org\/{rel}","templated":true}]}}