{"id":8614,"date":"2023-02-17T13:35:06","date_gmt":"2023-02-17T12:35:06","guid":{"rendered":"https:\/\/1001vertus.com\/?post_type=product&#038;p=8614"},"modified":"2023-11-24T11:37:31","modified_gmt":"2023-11-24T10:37:31","slug":"mel-rosa-da-russia","status":"publish","type":"product","link":"https:\/\/1001vertus.com\/pt\/produit\/miel-rose-de-russie\/","title":{"rendered":"Miel rose de Russie &#8211; 225g"},"content":{"rendered":"<p>Intriguant Miel rose de Russie. Atypique cette robe de tendre rose d\u00e9licatement parsem\u00e9e. Surprenant ce go\u00fbt acidul\u00e9e et justement prononc\u00e9. Embarquez pour une pure aventure gustative \u00e0 travers la beaut\u00e9 de cette robe d&rsquo;une sublime raret\u00e9. Le miel de Russie l&rsquo;\u00e9l\u00e9gance et le luxe en bouche \u00e0 l&rsquo;\u00e9tat pur. Pr\u00e9sentation d&rsquo;un miel, d&rsquo;une extr\u00eame exception.<\/p>\n<h2><strong>Les pr\u00e9cieuses origines du miel Rose de Russie<\/strong><\/h2>\n<p>Est\u00e1 em\u00a0<strong>um cen\u00e1rio suave e selvagem<\/strong>\u00a0que le Miel Rose de Russie prend sa source. Ainsi, dans les altitudes des hautes montagnes o\u00f9 coule l&rsquo;eau douce, les abeilles butines ce tr\u00e9sor enchanteur qu&rsquo;est le rosier sauvage.\u00a0<strong>En plein c\u0153ur de la fraiche Russie, et des monts de l&rsquo;Alta\u00ef,\u00a0<\/strong>un rayon de soleil s&rsquo;illumine laissant place \u00e0 la douceur du nectar de ces diff\u00e9rentes fleurs que les abeilles titillent.<\/p>\n<p>En outre, la cr\u00e9ation qui en d\u00e9coule est\u00a0<strong>de rara ternura e pura franqueza.<\/strong> Ce produit de la ruche b\u00e9n\u00e9fique offre \u00e0 nos palais un voyage gustatif sans pareil ni leurre. En effet, une <strong>in\u00e9galable saveur qui r\u00e9chauffe suavement les c\u0153urs.\u00a0<\/strong><\/p>\n<h3><strong>Une harmonieuse et in\u00e9galable saveur<\/strong><\/h3>\n<p>C&rsquo;est entre deux plaisirs justement dos\u00e9s que l&rsquo;harmonie du miel Rose de Russie vient d\u00e9licatement se poser. Une saveur sans nul doute exceptionnelle. Reflet\u00a0<strong>uma harmonia perfeita entre do\u00e7ura e frescura.\u00a0<\/strong>Cette touche pleinement acidul\u00e9e vient rencontrer d\u00e9licieusement un caract\u00e8re sucr\u00e9 et tout autant fruit\u00e9. Ainsi c&rsquo;est un air d&rsquo;enfance que l&rsquo;on sent rythm\u00e9, entre pomme d&rsquo;amour, cr\u00eapes sucr\u00e9es et bonbon tendre \u00e0 savourer.<\/p>\n<p>Le d\u00e9licat parfum fleuri du rosier sauvage vous transportera dans un tendre, ouat\u00e9 et lointain paysage. Et quand\u00a0<strong>vos papilles appr\u00e9cieront sa texture cr\u00e9meuse<\/strong>, vos yeux s&rsquo;\u00e9blouiront par sa robe tout aussi joliment pastel que merveilleuse.<\/p>\n<h3><strong>La robe \u00e9blouissante du Miel Rose de Russie<\/strong><\/h3>\n<p>Este\u00a0<strong>cor-de-rosa at\u00edpica. Com reflexos pastel <a href=\"https:\/\/1001vertus.com\/pt\/product\/mel-branco-do-quirguizistao\/\">blanchis<\/a><\/strong>. Cache un produit de qualit\u00e9, naturellement exquis. Un miel incomparablement compos\u00e9 d&rsquo;une touche de\u00a0<strong>rosa mosqueta,\u00a0<\/strong>le fruit de l&rsquo;\u00e9glantier, que nul ne peut confondre. Celui-ci conf\u00e8re \u00e0 ce miel d&rsquo;exception une vraie particularit\u00e9.<\/p>\n<p>Deixe-se transportar por\u00a0<strong>cette couleur d&rsquo;\u00e9t\u00e9, rappelant jolies fleurs et succulents fruits du verger.<\/strong>\u00a0\u00c9 um prazer para os olhos e para o paladar, oferecendo uma s\u00e9rie de virtudes na sua fragr\u00e2ncia florida.<\/p>\n<h3><strong>As virtudes requintadas do mel rosa da R\u00fassia<\/strong><\/h3>\n<p>Este doce natural tem o seguinte aspeto <a href=\"https:\/\/1001vertus.com\/pt\/2023\/09\/16\/raiz-de-marshmallow\/\"><strong>marshmallow<\/strong><\/a> couleur pastel offre \u00e0 votre corps certes un gout exceptionnel mais aussi des apports extraordinaires. Le miel Rose de Russie est synonyme de jeunesse et renaissance. Il offrira \u00e0 votre corps\u00a0<strong>a quintess\u00eancia do rejuvenescimento mas tamb\u00e9m o poder dos antioxidantes<\/strong>.<\/p>\n<p>Par ses dons de nombreuses vitamines sans plus attendre. V\u00e9ritable r\u00e9g\u00e9n\u00e9rateur cellulaire, il vous sera un alli\u00e9 pour votre syst\u00e8me immunitaire. En outre,\u00a0<strong>votre syst\u00e8me sanguin sera renforc\u00e9 et votre vitalit\u00e9 pleinement retrouv\u00e9e\u00a0<\/strong>avec une petite cuill\u00e9r\u00e9e quotidienne de ce bonbon acidul\u00e9.<\/p>\n<p>Ainsi, chaque matin, ressourcez-vous en apports de qualit\u00e9, en stimulant d\u00e9licatement votre immunit\u00e9. Et en profitant d&rsquo;un moment de douceur d&rsquo;une tr\u00e8s grande raret\u00e9.<\/p>\n<p>Deixe-se encantar por<strong>\u00a0ce gout subtilement frais et sucr\u00e9e<\/strong>.\u00a0 Le miel Rose de Russie est de toute \u00e9vidence,\u00a0<strong>l&rsquo;alliance parfaite entre gourmandise d\u00e9licieuse, vertus somptueuses et qualit\u00e9s luxueuses.\u00a0<\/strong><\/p>","protected":false},"excerpt":{"rendered":"<p>Intriguant Miel rose de Russie. Atypique cette robe de tendre rose d\u00e9licatement parsem\u00e9e. Surprenant ce go\u00fbt acidul\u00e9e et justement prononc\u00e9. Embarquez pour une pure aventure gustative \u00e0 travers la beaut\u00e9 de cette robe d&rsquo;une sublime raret\u00e9. Le miel de Russie l&rsquo;\u00e9l\u00e9gance et le luxe en bouche \u00e0 l&rsquo;\u00e9tat pur. Pr\u00e9sentation d&rsquo;un miel, d&rsquo;une extr\u00eame exception. [&#8230;]\n","protected":false},"featured_media":17512,"template":"","meta":[],"product_brand":[],"product_cat":[25],"product_tag":[],"class_list":{"0":"post-8614","1":"product","2":"type-product","3":"status-publish","4":"has-post-thumbnail","6":"product_cat-miels","8":"first","9":"instock","10":"shipping-taxable","11":"purchasable","12":"product-type-simple"},"_links":{"self":[{"href":"https:\/\/1001vertus.com\/pt\/wp-json\/wp\/v2\/product\/8614","targetHints":{"allow":["GET"]}}],"collection":[{"href":"https:\/\/1001vertus.com\/pt\/wp-json\/wp\/v2\/product"}],"about":[{"href":"https:\/\/1001vertus.com\/pt\/wp-json\/wp\/v2\/types\/product"}],"wp:featuredmedia":[{"embeddable":true,"href":"https:\/\/1001vertus.com\/pt\/wp-json\/wp\/v2\/media\/17512"}],"wp:attachment":[{"href":"https:\/\/1001vertus.com\/pt\/wp-json\/wp\/v2\/media?parent=8614"}],"wp:term":[{"taxonomy":"product_brand","embeddable":true,"href":"https:\/\/1001vertus.com\/pt\/wp-json\/wp\/v2\/product_brand?post=8614"},{"taxonomy":"product_cat","embeddable":true,"href":"https:\/\/1001vertus.com\/pt\/wp-json\/wp\/v2\/product_cat?post=8614"},{"taxonomy":"product_tag","embeddable":true,"href":"https:\/\/1001vertus.com\/pt\/wp-json\/wp\/v2\/product_tag?post=8614"}],"curies":[{"name":"wp","href":"https:\/\/api.w.org\/{rel}","templated":true}]}}