{"id":830,"date":"2018-09-02T16:19:43","date_gmt":"2018-09-02T15:19:43","guid":{"rendered":"https:\/\/1001vertus.com\/?post_type=product&#038;p=830"},"modified":"2023-02-12T16:19:18","modified_gmt":"2023-02-12T15:19:18","slug":"manteiga-de-karite-crua-e-filtrada-biologica-e-certificada-pela-ecocert","status":"publish","type":"product","link":"https:\/\/1001vertus.com\/pt\/produit\/beurre-de-karite-brut-et-filtre-certifiee-bio-et-ecocert\/","title":{"rendered":"Manteiga de karit\u00e9 crua e filtrada, certificada biol\u00f3gica e Ecocert"},"content":{"rendered":"<p class=\"western\" align=\"justify\"><span style=\"font-family: Arial, sans-serif;\">O nosso<\/span><span style=\"font-family: Arial, sans-serif;\"> beurre de karit\u00e9 est extrait <\/span><span style=\"font-family: Arial, sans-serif;\">manualmente <\/span><span style=\"font-family: Arial, sans-serif;\">des fruits du karit\u00e9, arbre poussant uniquement \u00e0 l&rsquo;\u00e9tat sauvage dans les savanes arbor\u00e9es de l&rsquo;Afrique de l&rsquo;Ouest. Il peut atteindre plus de 12 m\u00e8tres de haut et son pied peut prendre une largeur de 2 m\u00e8tres.<\/span><\/p>\n<p class=\"western\" align=\"justify\"><span style=\"font-family: Arial, sans-serif;\">Son fruit, charnu, ressemble \u00e0 des noix contenant\u00a0une sorte d\u2019amande blanche qui est naturellement grasse. C\u2019est apr\u00e8s transformation qu\u2019elle\u00a0devient cette fameuse\u00a0p\u00e2te jaun\u00e2tre que l\u2019on appelle\u00a0le beurre de karit\u00e9. <\/span><\/p>\n<h2 class=\"western\" align=\"justify\"><span style=\"font-family: Arial, sans-serif;\"><u><b>VERTUS DU BEURRE DE KARIT\u00c9 :<br \/>\n<\/b><\/u><\/span><\/h2>\n<h3 class=\"western\" align=\"justify\"><span style=\"font-family: Arial, sans-serif;\"><u>Utilisation du beurre de Karit\u00e9 pour la peau :<\/u><\/span><\/h3>\n<ul>\n<li>\n<p class=\"western\" align=\"justify\"><span style=\"font-family: Arial, sans-serif;\">R\u00e9g\u00e9n\u00e8re la peau contre les m\u00e9faits du soleil,<\/span><\/p>\n<\/li>\n<li>\n<p class=\"western\" align=\"justify\"><span style=\"font-family: Arial, sans-serif;\">Calme et apaise les peaux tiraill\u00e9es et \u00e9chauff\u00e9es,<\/span><\/p>\n<\/li>\n<li>\n<p class=\"western\" align=\"justify\"><span style=\"font-family: Arial, sans-serif;\">Pr\u00e9vient des allergies au soleil,<\/span><\/p>\n<\/li>\n<li>\n<p class=\"western\" align=\"justify\"><span style=\"font-family: Arial, sans-serif;\">Hidrata e nutre profundamente a pele,<\/span><\/p>\n<\/li>\n<li>\n<p class=\"western\" align=\"justify\"><span style=\"font-family: Arial, sans-serif;\">R\u00e9g\u00e9n\u00e9rant cutan\u00e9, il revitalise les tissus, favorise la cicatrisation et redonne son \u00e9lasticit\u00e9 \u00e0 la peau,<\/span><\/p>\n<\/li>\n<li>\n<p class=\"western\" align=\"justify\"><span style=\"font-family: Arial, sans-serif;\">R\u00e9g\u00e9n\u00e9rant, il fait \u00e9galement dispara\u00eetre les vilaines callosit\u00e9s sur les coudes et les talons,<\/span><\/p>\n<\/li>\n<li>\n<p class=\"western\" align=\"justify\"><span style=\"font-family: Arial, sans-serif;\">Prolonga o bronzeado,<\/span><\/p>\n<\/li>\n<li>\n<p class=\"western\" align=\"justify\"><span style=\"font-family: Arial, sans-serif;\">Soigne les nez irrit\u00e9s,<\/span><\/p>\n<\/li>\n<li>\n<p class=\"western\" align=\"justify\"><span style=\"font-family: Arial, sans-serif;\">Stimule la production de collag\u00e8ne et r\u00e9duit donc les rides et ridules, et aide \u00e0 combattre les <\/span><span style=\"font-family: Arial, sans-serif;\"><span lang=\"zxx\">t\u00e2ches brunes,<\/span><\/span><\/p>\n<\/li>\n<li>\n<p class=\"western\" align=\"justify\"><span style=\"font-family: Arial, sans-serif;\">Action pr\u00e9ventive contre les vergetures,<\/span><\/p>\n<\/li>\n<li>\n<p class=\"western\" align=\"justify\"><span style=\"font-family: Arial, sans-serif;\">Hidrata<\/span><span style=\"font-family: Arial, sans-serif;\"> intens\u00e9ment vos mains, il est<\/span><span style=\"font-family: Arial, sans-serif;\"> id\u00e9al pour les ger\u00e7ures,<\/span><\/p>\n<\/li>\n<li>\n<p align=\"justify\"><span style=\"font-family: Arial, sans-serif;\">D\u00e9contracte les muscles. Il est id\u00e9al pour les courbatures.<\/span><\/p>\n<\/li>\n<\/ul>\n<h4 class=\"western\" align=\"justify\"><\/h4>\n<h3 align=\"justify\"><span style=\"font-family: Arial, sans-serif;\"><u>Utilisation du beurre de Karit\u00e9 pour les cheveux :<\/u><\/span><\/h3>\n<ul>\n<li>\n<p class=\"western\" align=\"justify\"><span style=\"font-family: Arial, sans-serif;\">Redonne brillance et beaut\u00e9 aux cheveux.<\/span><\/p>\n<\/li>\n<li>\n<p class=\"western\" align=\"justify\"><span style=\"font-family: Arial, sans-serif;\">Nourrit profond\u00e9ment la fibre capillaire.<\/span><\/p>\n<\/li>\n<li>\n<p class=\"western\" align=\"justify\"><span style=\"font-family: Arial, sans-serif;\">Prolonge et prot\u00e8ge les colorations capillaires.<\/span><\/p>\n<\/li>\n<li>\n<p class=\"western\" align=\"justify\"><span style=\"font-family: Arial, sans-serif;\">Revitalisant pour cheveux. Id\u00e9al pour les cheveux secs, <\/span><span style=\"font-family: Arial, sans-serif;\">fr\u00e1gil <\/span><span style=\"font-family: Arial, sans-serif;\">ou sem brilho <\/span><\/p>\n<\/li>\n<li>\n<p class=\"western\" align=\"justify\"><span style=\"font-family: Arial, sans-serif;\">Id\u00e9al <\/span><span style=\"font-family: Arial, sans-serif;\">pour les cheveux boucl\u00e9s ou fris\u00e9s. Il nourrit les boucles des racines aux pointes et combat les frisottis.<\/span><\/p>\n<\/li>\n<\/ul>\n<p>&nbsp;<\/p>\n<h3 class=\"western\" align=\"justify\"><span style=\"font-family: Arial, sans-serif;\"><strong>Como \u00e9 que o utiliza?<\/strong><br \/>\n<\/span><\/h3>\n<p class=\"western\" align=\"justify\"><span style=\"font-family: Arial, sans-serif;\"><span style=\"font-size: medium;\">Pour l\u2019utiliser, frottez le beurre \u00e9nergiquement entre vos mains afin qu\u2019il se r\u00e9chauffe et se transforme enfin en huile.<\/span><\/span><\/p>\n<p><span style=\"color: #000000;\"><span style=\"font-family: Arial, sans-serif;\"><span style=\"font-size: medium;\"><span lang=\"fr-FR\">Vous pouvez \u00e9galement l&rsquo;utiliser dans votre bain en ajoutant quelques noix de beurre de karit\u00e9 directement dans l\u2019eau. En fondant il d\u00e9posera une\u00a0fine couche invisible sur votre peau, vous rendant douce comme un b\u00e9b\u00e9 et vous offrira une sensation de bien-\u00eatre.<\/span><\/span><\/span><\/span><\/p>\n<p><span style=\"color: #000000;\"><span style=\"font-family: Arial, sans-serif;\"><span style=\"font-size: medium;\"><span lang=\"fr-FR\">Apr\u00e8s l&rsquo;\u00e9pilation, il vous permettra de soulager <\/span><\/span><\/span><\/span><span style=\"color: #000000;\"><span style=\"font-family: Arial, sans-serif;\"><span style=\"font-size: medium;\"><span lang=\"fr-FR\">rapidamente a sua pele <\/span><\/span><\/span><\/span><span style=\"color: #000000;\"><span style=\"font-family: Arial, sans-serif;\"><span style=\"font-size: medium;\"><span lang=\"fr-FR\">gr\u00e2ce \u00e0 son action hydratante gr\u00e2ce \u00e0 ses vertus apaisantes et relaxantes.<\/span><\/span><\/span><\/span><\/p>\n<p><span style=\"color: #000000;\"><span style=\"font-family: Arial, sans-serif;\"><span style=\"font-size: medium;\"><span lang=\"fr-FR\">En massage, pour d\u00e9contracter les muscles ou les courbatures mais aussi en cas de r\u00e9gime ou de grossesse. En l\u2019appliquant directement sur les zones sensibles aux pertes et gains de poids comme sur les cuisses par exemple, le karit\u00e9 sera un bon compagnon\u00a0anti-vergetures.<\/span><\/span><\/span><\/span><\/p>\n<p><span style=\"color: #000000;\"><span style=\"font-family: Arial, sans-serif;\"><span style=\"font-size: medium;\"><span lang=\"fr-FR\">\u00a0<\/span><\/span><\/span><\/span><\/p>\n<p>&nbsp;<\/p>\n<p><u><b>Ingredientes INCI :<\/b><\/u><\/p>\n<p><span style=\"font-family: Liberation Sans, sans-serif;\"><span style=\"font-size: medium;\">Beurre de karit\u00e9<\/span><\/span><\/p>\n<p><u><b>Origem :<\/b><\/u> \u00c1frica.<\/p>\n<p><span style=\"font-family: Liberation Sans, sans-serif;\"><span style=\"font-size: medium;\">Produit issu de l\u2019agriculture biologique certifie par FR-BIO-01<\/span><\/span><\/p>\n<p>&nbsp;<\/p>\n<p class=\"western\" align=\"justify\"><span style=\"font-family: Arial, sans-serif;\"><i>Dispon\u00edvel em formato de 100g ou a quilo.<\/i><\/span><\/p>","protected":false},"excerpt":{"rendered":"<p class=\"western\" align=\"justify\"><span style=\"font-family: Arial, sans-serif;\">Le beurre de karit\u00e9 est tr\u00e8s largement utilis\u00e9 pour ses nombreuses vertus depuis des si\u00e8cles dans certaines r\u00e9gions d&rsquo;Afrique. Il fait d&rsquo;ailleurs partie de la pharmacop\u00e9e s\u00e9n\u00e9galaise,\u00a0traditionnellement recommand\u00e9 pour aider \u00e0 calmer les\u00a0entorses, les courbatures et les rhumatismes.<\/span><\/p>\n<p class=\"western\" align=\"justify\"><span style=\"font-family: Arial, sans-serif;\">Mais c\u2019est un v\u00e9ritable soin naturel dont il faut profiter sans h\u00e9siter ! En effet, le<\/span><span style=\"font-family: Arial, sans-serif;\"> beurre de karit\u00e9 vous offre d\u2019\u00e9normes vertus pour la peau de votre corps, vos cheveux, votre visage et m\u00eame vos mains.<\/span><\/p>\n<p class=\"western\" align=\"justify\"><span style=\"font-family: Arial, sans-serif;\">Notre beurre de karit\u00e9 est brut et filtr\u00e9. Il est certifi\u00e9 BIO et Ecocert.<br \/>\n<\/span><\/p>","protected":false},"featured_media":836,"template":"","meta":[],"product_brand":[],"product_cat":[15,27],"product_tag":[],"class_list":{"0":"post-830","1":"product","2":"type-product","3":"status-publish","4":"has-post-thumbnail","6":"product_cat-huiles-bio","7":"product_cat-bien-etre","9":"first","10":"instock","11":"shipping-taxable","12":"purchasable","13":"product-type-variable"},"_links":{"self":[{"href":"https:\/\/1001vertus.com\/pt\/wp-json\/wp\/v2\/product\/830","targetHints":{"allow":["GET"]}}],"collection":[{"href":"https:\/\/1001vertus.com\/pt\/wp-json\/wp\/v2\/product"}],"about":[{"href":"https:\/\/1001vertus.com\/pt\/wp-json\/wp\/v2\/types\/product"}],"wp:featuredmedia":[{"embeddable":true,"href":"https:\/\/1001vertus.com\/pt\/wp-json\/wp\/v2\/media\/836"}],"wp:attachment":[{"href":"https:\/\/1001vertus.com\/pt\/wp-json\/wp\/v2\/media?parent=830"}],"wp:term":[{"taxonomy":"product_brand","embeddable":true,"href":"https:\/\/1001vertus.com\/pt\/wp-json\/wp\/v2\/product_brand?post=830"},{"taxonomy":"product_cat","embeddable":true,"href":"https:\/\/1001vertus.com\/pt\/wp-json\/wp\/v2\/product_cat?post=830"},{"taxonomy":"product_tag","embeddable":true,"href":"https:\/\/1001vertus.com\/pt\/wp-json\/wp\/v2\/product_tag?post=830"}],"curies":[{"name":"wp","href":"https:\/\/api.w.org\/{rel}","templated":true}]}}