{"id":7997,"date":"2023-01-12T20:25:34","date_gmt":"2023-01-12T19:25:34","guid":{"rendered":"https:\/\/1001vertus.com\/?post_type=product&#038;p=7997"},"modified":"2025-09-01T19:12:33","modified_gmt":"2025-09-01T18:12:33","slug":"caules-de-vetiver-khamare","status":"publish","type":"product","link":"https:\/\/1001vertus.com\/pt\/produit\/khamare-tiges-de-vetiver\/","title":{"rendered":"Khamar\u00e9 (ra\u00edzes de Vetiver)"},"content":{"rendered":"<p>Bem-vindo ao maravilhoso mundo do\u00a0<strong>da milagrosa raiz de Vetiver.<\/strong>\u00a0Sim, vamos lev\u00e1-lo connosco\u00a0<strong>\u00e0 la d\u00e9couverte du pr\u00e9cieux khamar\u00e9,<\/strong>\u00a0une plante aux mille et un bienfaits. C&rsquo;est parti pour un voyage bien \u00eatre dans le monde naturel des tiges de v\u00e9tiver.<\/p>\n<h2><strong>Le khamar\u00e9, racine ou tiges de Vetiver, qu&rsquo;est-ce que c&rsquo;est ?<\/strong><\/h2>\n<p>On peut tout d&rsquo;abord commencer par vous \u00e9noncer les nombreux noms de cette plante aux nombreux bienfaits. Vous la trouverez r\u00e9pondant\u00a0<strong>au nom exotique de Khamar\u00e9<\/strong>, mais aussi \u00e0 celui de\u00a0<strong>caule ou raiz de vetiver<\/strong>em\u00a0<strong>doux nom de Gongoli ou Sodhor\u00e9.<\/strong>\u00a0En effet, originaire de l\u2019Afrique de l\u2019Ouest, selon la r\u00e9gion dans laquelle on se situe son petit nom diff\u00e8re. Mais pas ces nombreuses vertus qu&rsquo;on lui conf\u00e8rent.<\/p>\n<p>D&rsquo;apparence il s&rsquo;agit d\u2019une plante aux racines de couleurs vertes dispos\u00e9e en touffe qui pousse en hauteur. Sa taille peut atteindre de 2 \u00e0 3 m\u00e8tres de haut ! Et en m\u00eame temps, les racines de v\u00e9tiver peuvent s&rsquo;enfoncer dans le sol jusqu&rsquo;\u00e0 4 m\u00e8tres. Autant dire qu&rsquo;il y a de quoi faire ! Mais d&rsquo;o\u00f9 viennent les tiges de vetivers et o\u00f9 poussent-elles ?<\/p>\n<h2><strong>De onde v\u00eam os caules de vetiver?<\/strong><\/h2>\n<p>De base, le khamar\u00e9 est\u00a0<strong>da \u00cdndia e do Sri Lanka<\/strong>. Mais il a \u00e9t\u00e9 introduit dans de nombreux pays tropicaux. A l&rsquo;heure actuelle, sa culture\u00a0<strong>s\u2019est r\u00e9pandue dans presque tous les milieux tropicaux.\u00a0<\/strong>Ainsi il est ais\u00e9 de le retrouver notamment en Inde, en Chine ou encore en Malaisie.<\/p>\n<p>Mais aussi en Ha\u00efti, dans l\u2019Oc\u00e9an Indien et en Afrique austral. Pour la simple et bonne raison que la racine de vetiver <strong>cresce principalmente em condi\u00e7\u00f5es quentes e h\u00famidas.<\/strong>\u00a0Maintenant que nous avons d\u00e9termin\u00e9 ses origines et son aspect, voyons en d\u00e9tails\u00a0<strong>quais s\u00e3o os seus muitos benef\u00edcios<\/strong><\/p>\n<h2><strong>Les bienfaits pour l&rsquo;\u00eatre humain des racines de vetiver<\/strong><\/h2>\n<p>Le\u00a0<strong>Os benef\u00edcios destes pequenos caules s\u00e3o incrivelmente numerosos.<\/strong>\u00a0Em primeiro lugar, \u00e9 atribu\u00eddo\u00a0<strong>propriedades anti-s\u00e9pticas.<\/strong>\u00a0Il est notamment utilis\u00e9, en infusion, pour\u00a0<strong>limpar o est\u00f4mago e purificar o corpo<\/strong>. Le khamar\u00e9 est aussi indiqu\u00e9 pour\u00a0<strong>stimuler la circulation sanguine et les d\u00e9fenses immunitaires<\/strong>. En plus de cela, il va \u00e9galement \u00eatre une\u00a0<strong>aide \u00e0 la<\/strong>\u00a0<strong>digest\u00e3o e tr\u00e2nsito.<\/strong><\/p>\n<p>Mais c&rsquo;est loin d&rsquo;\u00eatre tout, en huile<strong>, il est pr\u00e9cieux contre l\u2019urticaire, le prurit et les d\u00e9mangeaisons<\/strong>. Enfin on pourra \u00e9galement noter que la racine de vetiver peut \u00e9galement \u00eatre <strong><a href=\"https:\/\/1001vertus.com\/pt\/product\/talos-de-cereja-cortados\/\">ajuda \u00e0 perda de peso<\/a>.<\/strong>\u00a0Voici donc quelques bienfaits parmi une tr\u00e8s longue et riche liste qu&rsquo;on lui reconnait.<\/p>\n<p>On citera pour terminer, sur ses bienfaits dans la g\u00e9n\u00e9ralit\u00e9, que les tiges de vetiver sont d&rsquo;une aide pr\u00e9cieuse <strong>dans le cas d&rsquo;anxi\u00e9t\u00e9, de stress ou bien de nervosit\u00e9.<\/strong>\u00a0E o seu pequeno extra est\u00e1 em\u00a0<strong>le caract\u00e8re aphrodisiaque<\/strong>\u00a0qu&rsquo;on leurs trouve. Histoire de pouvoir alli\u00e9 sant\u00e9 et \u00ab\u00a0petit coup de pouce\u00a0\u00bb. Cela \u00e9tant dit, s&rsquo;ajoute \u00e0 cela le fait que\u00a0<strong>les tiges de vetiver pr\u00e9sentent des vertus sp\u00e9cifiques \u00e0 la gent f\u00e9minine<\/strong>. Voyons cela de plus pr\u00eat.<\/p>\n<h3><strong>Les bienfait du khamar\u00e9 pour la femme en particulier<\/strong><\/h3>\n<p>Eh oui quand nous disions que la liste \u00e9tait longue nous ne plaisantions pas. On aborde donc de suite\u00a0<strong>les bienfaits du khamar\u00e9 sur les femmes,<\/strong>\u00a0en particulier. Et donc parmi eux on retiendra notamment son utilit\u00e9\u00a0<strong>pour apaiser les douleurs li\u00e9es aux p\u00e9riodes d&rsquo;am\u00e9norrh\u00e9es.<\/strong>\u00a0 Mas tal como\u00a0<strong>para aliviar as infec\u00e7\u00f5es do trato urin\u00e1rio.\u00a0<\/strong>Mais ce que beaucoup de femmes appr\u00e9cient aussi parmi ses vertus, c&rsquo;est la capacit\u00e9\u00a0<strong>des tiges de vetiver \u00e0 impacter sur la lubrification des parties intimes.\u00a0<\/strong><\/p>\n<p>Et plus pr\u00e9cis\u00e9ment\u00a0<strong>pour la femme ayant accoucher r\u00e9cemment<\/strong>, le Khamar\u00e9 permettra un\u00a0<strong>limpeza completa do est\u00f4mago, em particular.<\/strong><\/p>\n<p>Et en outre, une cicatrisation nettement plus rapide aux suites de l&rsquo;accouchement. Mais en plus, le khamar\u00e9 est aussi\u00a0<strong>un alli\u00e9 pour l&rsquo;allaitement !<\/strong>\u00a0Et plus particuli\u00e8rement\u00a0<strong>se o beb\u00e9 sofrer de c\u00f3licas ou de incha\u00e7o.\u00a0<\/strong>Por fim, as ra\u00edzes de vetiver <strong>permettront aussi \u00e0 la jeune maman de lui faciliter le retour de couches et ainsi la reprise d&rsquo;un cycle r\u00e9gulier de menstruations,<\/strong>\u00a0dans de plus courts d\u00e9lais.<\/p>\n<p>Le khamar\u00e9 n&rsquo;a donc pas fini de vous surprendre. Sachant qu&rsquo;ici nous avons d\u00e9taill\u00e9 son utilit\u00e9 pour la sant\u00e9 ! Mais continuons le voyage dans les emplois insoup\u00e7onn\u00e9s du pr\u00e9cieux khamar\u00e9.<\/p>\n<h3><strong>Les autres emplois insoup\u00e7onn\u00e9s du khamar\u00e9\u00a0<\/strong><\/h3>\n<p>En effet, on souhaitait \u00e0 travers ces quelques lignes\u00a0<strong>vous partager quelques connaissances au sujet du Vetiver, en dehors de son aspect sant\u00e9. <\/strong>Ainsi, lors de nos recherches nous avons pu notamment apprendre que les cultures de vetiver permettant notamment dans certaines r\u00e9gions de <strong>casas de design.<\/strong><\/p>\n<p>De facto, em particular,\u00a0<strong>\u00e0 l&rsquo;\u00eele de la R\u00e9union<\/strong>, le vetiver en particulier \u00e9tait utilis\u00e9 pour concevoir les maisons ou les d\u00e9pendances des habitations. Ainsi il n&rsquo;\u00e9tait pas rare de croiser <strong>cabanas com paredes e teto de capim vetiver.<\/strong>\u00a0Mais les pr\u00e9cieuses tiges n&rsquo;ont pas fini de faire parler d&rsquo;elle.<\/p>\n<p>En effet, une fois s\u00e9ch\u00e9, le vetiver est donc une paille qui peut \u00eatre utilis\u00e9 de diff\u00e9rentes mani\u00e8res. Comme pour <strong>le tressage de chapeaux, l\u2019empaillage des chaises en plus des toits et des murs en paille<\/strong>, comme nous venons de l\u2019expliquer. Eh oui le vetiver est donc utilis\u00e9 en tant que ressources renouvelables pour les constructions, permettant ainsi <strong>isolar melhor as casas do calor e do som.<\/strong><\/p>\n<p>Voici donc quelques informations au sujet du vetiver que nous avons jug\u00e9 agr\u00e9ables de vous partager. Mais revenons <strong>au sujet de l&rsquo;aspect sant\u00e9 du Khamar\u00e9 de vous donner les d\u00e9tails sur comment l&rsquo;utiliser.\u00a0<\/strong><\/p>\n<h3><strong>L&rsquo;utilisation sant\u00e9 des tiges de vetiver<\/strong><\/h3>\n<p>Eh oui, avant de vous quitter on vous donne la recette appropri\u00e9e pour prendre soin de votre sant\u00e9 par les nombreux bienfaits de la racin\u00e9 de vetiver. Et vous allez constater que cela est on ne plus ais\u00e9 ! En effet, apr\u00e8s l&rsquo;avoir lav\u00e9 sous l&rsquo;eau froide votre khamar\u00e9, il vous suffit de le consommer comme un th\u00e9 ! Faite vous plaisir \u00e0 d\u00e9couvrir ce go\u00fbt bois\u00e9, sous forme d&rsquo;infusion chaude ou froide, \u00e0 votre guise.<\/p>\n<p>Para ser consumido quente,\u00a0<strong>pr\u00e9parer votre infusion en laissant tremper 1 \u00e0 3 tiges quelques<\/strong>\u00a0<strong>momento em \u00e1gua quente<\/strong>\u00a0avant de d\u00e9guster. Et\u00a0<strong>si vous optez pour la version froide, il faudra laisser mac\u00e9rer cette m\u00eame quantit\u00e9 pendant 24 heures au minimum dans un lieu r\u00e9frig\u00e9r\u00e9e.<\/strong><\/p>\n<p>Pode beber a sua infus\u00e3o de raiz de vetiver <strong>tout au long de la journ\u00e9e\u00a0<\/strong>en toute s\u00e9r\u00e9nit\u00e9. Et le petit plus de ce don de la nature, c&rsquo;est que\u00a0<strong>vous pouvez r\u00e9utiliser votre tige de vetiver jusqu&rsquo;\u00e0 5 fois sans aucunement alt\u00e9rer ses bienfaits !<\/strong>\u00a0Attention donc \u00e0 ne pas la jeter et \u00e0 bien la conserver dans son sachet ou une boite herm\u00e9tique si vous pr\u00e9f\u00e9rez.<\/p>\n<p>Enfin, si vous ne l\u2019avez pas encore utilis\u00e9, sachez que le khamar\u00e9 a aussi l&rsquo;avantage de\u00a0<strong>se conserver durant de nombreuses ann\u00e9es.<\/strong><\/p>","protected":false},"excerpt":{"rendered":"<p>Bienvenue dans le monde merveilleux\u00a0de la racine miraculeuse de Vetiver.\u00a0Eh oui on vous emporte avec nous\u00a0\u00e0 la d\u00e9couverte du pr\u00e9cieux khamar\u00e9,\u00a0une plante aux mille et un bienfaits. C&rsquo;est parti pour un voyage bien \u00eatre dans le monde naturel des tiges de v\u00e9tiver. Le khamar\u00e9, racine ou tiges de Vetiver, qu&rsquo;est-ce que c&rsquo;est ? On peut [&#8230;]\n","protected":false},"featured_media":16513,"template":"","meta":[],"product_brand":[],"product_cat":[27],"product_tag":[],"class_list":{"0":"post-7997","1":"product","2":"type-product","3":"status-publish","4":"has-post-thumbnail","6":"product_cat-bien-etre","8":"first","9":"instock","10":"shipping-taxable","11":"purchasable","12":"product-type-variable"},"_links":{"self":[{"href":"https:\/\/1001vertus.com\/pt\/wp-json\/wp\/v2\/product\/7997","targetHints":{"allow":["GET"]}}],"collection":[{"href":"https:\/\/1001vertus.com\/pt\/wp-json\/wp\/v2\/product"}],"about":[{"href":"https:\/\/1001vertus.com\/pt\/wp-json\/wp\/v2\/types\/product"}],"wp:featuredmedia":[{"embeddable":true,"href":"https:\/\/1001vertus.com\/pt\/wp-json\/wp\/v2\/media\/16513"}],"wp:attachment":[{"href":"https:\/\/1001vertus.com\/pt\/wp-json\/wp\/v2\/media?parent=7997"}],"wp:term":[{"taxonomy":"product_brand","embeddable":true,"href":"https:\/\/1001vertus.com\/pt\/wp-json\/wp\/v2\/product_brand?post=7997"},{"taxonomy":"product_cat","embeddable":true,"href":"https:\/\/1001vertus.com\/pt\/wp-json\/wp\/v2\/product_cat?post=7997"},{"taxonomy":"product_tag","embeddable":true,"href":"https:\/\/1001vertus.com\/pt\/wp-json\/wp\/v2\/product_tag?post=7997"}],"curies":[{"name":"wp","href":"https:\/\/api.w.org\/{rel}","templated":true}]}}