{"id":790,"date":"2018-09-01T11:58:55","date_gmt":"2018-09-01T11:58:55","guid":{"rendered":"https:\/\/1001vertus.com\/?post_type=product&#038;p=790"},"modified":"2026-01-28T09:22:13","modified_gmt":"2026-01-28T08:22:13","slug":"oleo-alimentar-dargan-certificado-biologico-e-ecocert","status":"publish","type":"product","link":"https:\/\/1001vertus.com\/pt\/produit\/huile-dargan-alimentaire-certifie-bio-et-ecocert\/","title":{"rendered":"\u00d3leo de arg\u00e3o biol\u00f3gico e certificado pela Ecocert para uso alimentar"},"content":{"rendered":"<p class=\"western\" align=\"justify\"><span style=\"font-family: Arial, sans-serif;\">Fortificante, diet\u00e9tico (\u00e1cidos gordos insaturados) e muito rico em antioxidantes, o \u00f3leo de arg\u00e3o comest\u00edvel \u00e9 melhor consumido cru, como tempero. Pode adicionar um fio de azeite a pratos quentes (massas frescas, cuscuz, legumes, carnes grelhadas), mas um calor excessivo altera as suas propriedades.<\/span><\/p>\n<p align=\"justify\"><span style=\"font-family: Arial, sans-serif;\">L\u2019<\/span><span style=\"font-family: Arial, sans-serif;\"><span lang=\"zxx\">\u00f3leo de arg\u00e3o para alimenta\u00e7\u00e3o<\/span><\/span><span style=\"font-family: Arial, sans-serif;\"> tem um sabor carater\u00edstico a avel\u00e3 e uma cor ligeiramente mais escura do que a variedade cosm\u00e9tica, que \u00e9 amarga porque n\u00e3o \u00e9 torrada.<\/span><\/p>\n<p align=\"justify\"><span style=\"font-family: Arial, sans-serif;\">Tamb\u00e9m \u00e9 utilizado para preparar <a href=\"https:\/\/1001vertus.com\/pt\/product\/amendoa-amlou\/\">amlou<\/a> (mistura de \u00f3leo de arg\u00e3o, am\u00eandoa em p\u00f3 e mel), um t\u00f3nico com fama de afrodis\u00edaco, que pode ser consumido no p\u00e3o ou em panquecas. Vulgarmente conhecido como \u00abnutella berbere\u00bb, este creme natural 100% tem muitas virtudes e est\u00e1 agora dispon\u00edvel no nosso s\u00edtio Web. <\/span><\/p>\n<h2 class=\"western\" align=\"justify\"><span style=\"font-family: Arial, sans-serif;\"><span style=\"font-size: medium;\">Como \u00e9 que se cozinha com \u00f3leo de arg\u00e3o? <\/span><\/span><\/h2>\n<p align=\"justify\"><span style=\"font-family: Arial, sans-serif;\">Se este \u00f3leo \u00e9 caro, \u00e9 sobretudo porque \u00e9 raro. Assim, \u00e9 melhor esquecer os banhos de fritura e utilizar o \u00f3leo de arg\u00e3o com mais modera\u00e7\u00e3o. Tanto mais que \u00e9 prefer\u00edvel\u00a0<\/span><span style=\"font-family: Arial, sans-serif;\">com\u00ea-lo cru<\/span><span style=\"font-family: Arial, sans-serif;\">, Perde algum do seu sabor quando cozinhado. \u00c9 por isso que os cozinheiros o utilizam mais frequentemente para\u00a0<\/span><span style=\"font-family: Arial, sans-serif;\">esta\u00e7\u00e3o<\/span><span style=\"font-family: Arial, sans-serif;\">\u00a0pois confere sabor e aroma aos seus pratos.<\/span><\/p>\n<p align=\"justify\"><span style=\"font-family: Arial, sans-serif;\">O \u00f3leo de arg\u00e3o \u00e9 utilizado principalmente nas receitas marroquinas. Pode, portanto, utiliz\u00e1-lo sem receio em\u00a0<\/span><span style=\"font-family: Arial, sans-serif;\">tajines<\/span><span style=\"font-family: Arial, sans-serif;\">\u00a0e outros\u00a0<\/span><span style=\"font-family: Arial, sans-serif;\">cuscuz<\/span><span style=\"font-family: Arial, sans-serif;\">. Combina muito bem com\u00a0<\/span><span style=\"font-family: Arial, sans-serif;\">especiarias<\/span><span style=\"font-family: Arial, sans-serif;\">, como a paprica, os coentros, a curcuma, os cominhos e o a\u00e7afr\u00e3o.... Se gosta de cozinha picante, fa\u00e7a do \u00f3leo de Argan o seu melhor aliado!<\/span><\/p>\n<p align=\"justify\"><span style=\"font-family: Arial, sans-serif;\">Tamb\u00e9m combina muito bem com o\u00a0<\/span><span style=\"font-family: Arial, sans-serif;\">peixe<\/span><span style=\"font-family: Arial, sans-serif;\">. E n\u00e3o hesite em reg\u00e1-lo sobre os seus legumes, como faria normalmente com o azeite ou uma noz de manteiga.<\/span><\/p>\n<p align=\"justify\"><span style=\"font-family: Arial, sans-serif;\">Passemos \u00e0s sobremesas! Para lhes dar um toque de originalidade, n\u00e3o hesite em reduzir para metade a quantidade de manteiga e substitu\u00ed-la por \u00f3leo de arg\u00e3o! Especialmente com o seu\u00a0<\/span><span style=\"font-family: Arial, sans-serif;\">sobremesas de chocolate<\/span><span style=\"font-family: Arial, sans-serif;\">, que combinam particularmente bem com este \u00f3leo.<\/span><\/p>\n<p align=\"justify\"><span style=\"font-family: Arial, sans-serif;\">Se n\u00e3o tiver tempo para cozinhar, \u00e9 o acompanhamento perfeito para qualquer refei\u00e7\u00e3o.<\/span><span style=\"font-family: Arial, sans-serif;\">\u00a0as suas saladas<\/span><span style=\"font-family: Arial, sans-serif;\">\u00a0Cenoura, batata, massa ou salada verde (com um pouco de queijo de cabra quente, claro). <\/span><\/p>\n<p align=\"justify\"><span style=\"font-family: Arial, sans-serif;\">Todas as suas receitas ficar\u00e3o sublimemente ensolaradas, para o deleite dos seus convidados!<\/span><\/p>\n<p class=\"western\" align=\"justify\"><span style=\"font-family: Arial, sans-serif;\"><u><b>VIRTUDES DO \u00d3LEO DE ARG\u00c3O COMEST\u00cdVEL :<\/b><\/u><\/span><b> <\/b><\/p>\n<p align=\"justify\"><span style=\"font-family: Arial, sans-serif;\">Foram efectuados v\u00e1rios estudos sobre os constituintes muito interessantes do \u00f3leo de arg\u00e3o. Eis os resultados mais significativos:<\/span><\/p>\n<ul>\n<li>\n<p align=\"justify\"><strong><span style=\"font-family: Arial, sans-serif;\">Hipercolesterolemia e doen\u00e7as cardiovasculares :<br \/>\n<\/span><\/strong><\/p>\n<\/li>\n<\/ul>\n<p align=\"justify\"><span style=\"font-family: Arial, sans-serif;\">O \u00f3leo de arg\u00e3o cont\u00e9m constituintes fen\u00f3licos que inibem a oxida\u00e7\u00e3o do mau colesterol e aumentam o bom colesterol no ser humano, dois fen\u00f3menos conhecidos por reduzir o risco de hipercolesterolemia.\u00a0 <\/span><\/p>\n<p align=\"justify\"><span style=\"font-family: Arial, sans-serif;\">Estes resultados in vitro foram confirmados num estudo realizado com 96 pessoas que consumiram \u00f3leo de arg\u00e3o (25 g\/dia) durante tr\u00eas semanas, tendo os n\u00edveis de colesterol mau sido reduzidos em 13% em compara\u00e7\u00e3o com as pessoas que n\u00e3o consumiram \u00f3leo de arg\u00e3o. O \u00f3leo de arg\u00e3o reduziu igualmente os n\u00edveis de triglic\u00e9ridos nos homens. <\/span><\/p>\n<p align=\"justify\"><span style=\"font-family: Arial, sans-serif;\">Al\u00e9m disso, gra\u00e7as ao seu teor em antioxidantes, o \u00f3leo de arg\u00e3o alimentar ajuda a combater as doen\u00e7as cardiovasculares: arteriosclerose, tens\u00e3o arterial, enfartes, etc.<\/span><\/p>\n<p align=\"justify\"><span style=\"font-family: Arial, sans-serif;\">Estudos cient\u00edficos conduzidos pelo Professor Derrouiche mostram que o seu consumo protege contra o mau colesterol, a arteriosclerose e o enfarte do mioc\u00e1rdio. Esta investiga\u00e7\u00e3o foi premiada pela Sociedade Francesa de Cardiologia em 2004, na sua XIV Confer\u00eancia. O Professor Derrouiche demonstrou que os benef\u00edcios em termos de preven\u00e7\u00e3o das doen\u00e7as cardiovasculares estavam ligados ao tamanho da fra\u00e7\u00e3o lip\u00eddica do \u00f3leo de arg\u00e3o.<\/span><\/p>\n<p align=\"justify\"><strong><span style=\"font-family: Arial, sans-serif;\">Por conseguinte, recomendamos um consumo di\u00e1rio de \u00f3leo de arg\u00e3o de 16 mg, ou seja, 2 colheres de sopa, em substitui\u00e7\u00e3o de outras fontes de \u00e1cidos gordos saturados: gorduras animais, manteiga, etc.<\/span><\/strong><span style=\"font-family: Arial, sans-serif;\">...<\/span><\/p>\n<p align=\"justify\"><span style=\"font-family: Arial, sans-serif;\">Al\u00e9m disso, o Professor Derrouiche demonstrou que o consumo de \u00f3leo de arg\u00e3o poderia provavelmente desempenhar um papel na preven\u00e7\u00e3o do cancro, devido \u00e0 presen\u00e7a de schottenol na sua composi\u00e7\u00e3o.<\/span><\/p>\n<ul>\n<li>\n<p align=\"justify\"><strong><span style=\"font-family: Arial, sans-serif;\">Cancro da pr\u00f3stata :<br \/>\n<\/span><\/strong><\/p>\n<\/li>\n<\/ul>\n<p align=\"justify\"><span style=\"font-family: Arial, sans-serif;\">O \u00f3leo de arg\u00e3o tem n\u00edveis elevados de tocofer\u00f3is e esqualenos, o que sugere que pode ser um agente anti-cancer\u00edgeno. Estudos in vitro mostraram que os polifen\u00f3is e os ester\u00f3is derivados deste \u00f3leo inibem a prolifera\u00e7\u00e3o das c\u00e9lulas cancerosas da pr\u00f3stata, quer esta prolifera\u00e7\u00e3o seja dependente ou independente das hormonas.  Esta propriedade foi confirmada em linhas celulares humanas.<\/span><\/p>\n<ul>\n<li><strong><span style=\"font-family: Arial, sans-serif;\">Perturba\u00e7\u00f5es relacionadas com a menopausa :<br \/>\n<\/span><\/strong><\/li>\n<\/ul>\n<p align=\"justify\"><span style=\"font-family: Arial, sans-serif;\">Alguns estudos sugerem que os suplementos de vitamina E podem ser ben\u00e9ficos para as mulheres na menopausa. Um estudo publicado em 2013 mostrou que os n\u00edveis de vitamina E tinham aumentado em 151 mulheres p\u00f3s-menop\u00e1usicas que tinham consumido \u00f3leo de arg\u00e3o, sugerindo que o \u00f3leo de arg\u00e3o poderia prevenir dist\u00farbios da menopausa.<\/span><\/p>\n<ul>\n<li>\n<p align=\"justify\"><strong><span style=\"font-family: Arial, sans-serif;\">Hipertens\u00e3o :<br \/>\n<\/span><\/strong><\/p>\n<\/li>\n<\/ul>\n<p align=\"justify\"><span style=\"font-family: Arial, sans-serif;\">De acordo com a investiga\u00e7\u00e3o, o \u00f3leo de arg\u00e3o diet\u00e9tico contribui de forma not\u00e1vel para reduzir o risco de hipertens\u00e3o e estimular a capacidade cerebral.<\/span><\/p>\n<h2 class=\"western\" align=\"justify\"><span style=\"font-family: Arial, sans-serif;\"><span style=\"font-size: medium;\"><u>Propriedades diet\u00e9ticas do \u00f3leo de arg\u00e3o :<br \/>\n<\/u><\/span><\/span><\/h2>\n<p class=\"western\" align=\"justify\"><span style=\"font-family: Arial, sans-serif;\"><span style=\"font-size: medium;\">O \u00f3leo de arg\u00e3o para uso alimentar \u00e9 :<\/span><\/span><\/p>\n<h3 class=\"western\" align=\"justify\"><span style=\"font-family: Arial, sans-serif;\"><span style=\"font-size: medium;\">- Rico em antioxidantes<\/span><\/span><\/h3>\n<p align=\"justify\"><span style=\"font-family: Arial, sans-serif;\">Ela<\/span> <span style=\"font-family: Arial, sans-serif;\">\u00e9 muito rico em vitamina E, bem como noutros antioxidantes muito ben\u00e9ficos para a sa\u00fade, como as vitaminas A e C, os polifen\u00f3is, os carotenos, os tocofer\u00f3is e os ester\u00f3is.<\/span><\/p>\n<h3 class=\"western\" align=\"justify\"><span style=\"font-family: Arial, sans-serif;\"><span style=\"font-size: medium;\">- Rico em \u00e1cidos gordos insaturados<\/span><\/span><\/h3>\n<p align=\"justify\"><span style=\"font-family: Arial, sans-serif;\">Ela<\/span> <span style=\"font-family: Arial, sans-serif;\">\u00e9 muito rico em \u00e1cidos gordos insaturados (80%). \u00c9 particularmente rico em \u00e1cido linoleico \u00f3mega 6 (35%) e em \u00e1cido oleico \u00f3mega 9 (45%).<\/span><\/p>\n<p align=\"justify\"><span style=\"font-family: Arial, sans-serif;\">Foram efectuados v\u00e1rios estudos sobre os seus constituintes mais do que interessantes. Eis os resultados mais significativos. O \u00f3leo de arg\u00e3o:<\/span><\/p>\n<ul>\n<li style=\"list-style-type: none;\">\n<ul>\n<li>\n<p class=\"western\" align=\"justify\"><span style=\"font-family: Arial, sans-serif;\">Ajuda a regular os n\u00edveis de colesterol,<\/span><\/p>\n<\/li>\n<li>\n<p class=\"western\" align=\"justify\"><span style=\"font-family: Arial, sans-serif;\">Previne as doen\u00e7as cardiovasculares,<\/span><\/p>\n<\/li>\n<li>\n<p class=\"western\" align=\"justify\"><span style=\"font-family: Arial, sans-serif;\">Ajuda a prevenir o cancro,<\/span><\/p>\n<\/li>\n<li>\n<p class=\"western\" align=\"justify\"><span style=\"font-family: Arial, sans-serif;\">Ajuda a prevenir os problemas da menopausa,<\/span><\/p>\n<\/li>\n<li>\n<p class=\"western\" align=\"justify\"><span style=\"font-family: Arial, sans-serif;\">Reduz o risco de hipertens\u00e3o.<\/span><\/p>\n<\/li>\n<\/ul>\n<\/li>\n<\/ul>\n<p align=\"justify\"><span style=\"font-family: Arial, sans-serif;\">\u00a0<\/span><\/p>\n<p align=\"justify\"><span style=\"font-family: Arial, sans-serif;\"><i>Dispon\u00edvel em 100ml (garrafa \u00abmarasca\u00bb) ou 900ml (garrafa de pl\u00e1stico).<\/i><\/span><\/p>\n<p><span style=\"font-family: Liberation Sans, sans-serif;\"><u><b>Ingredientes INCI :<\/b><\/u><\/span><\/p>\n<p><span style=\"color: #00000a;\"><span style=\"font-family: Liberation Sans, sans-serif;\"><span style=\"font-size: medium;\">\u00d3leo de arg\u00e3o para alimenta\u00e7\u00e3o<\/span><\/span><\/span><\/p>\n<p><span style=\"font-family: Liberation Sans, sans-serif;\"><u><b>Origem :<\/b><\/u> <span style=\"font-size: medium;\">Marrocos<\/span><\/span><\/p>\n<p align=\"justify\"><em>Tamb\u00e9m pode encontrar o nosso <a href=\"https:\/\/1001vertus.com\/pt\/product\/oleo-cosmetico-dargan-certificado-biologico-e-ecocert\/\">\u00f3leo de arg\u00e3o para cosm\u00e9tica<\/a>.<\/em><\/p>","protected":false},"excerpt":{"rendered":"<p align=\"justify\"><span style=\"font-family: Arial, sans-serif;\">Utilizado durante s\u00e9culos por<\/span><span style=\"font-family: Arial, sans-serif;\"> Utilizado pelos berberes das montanhas do Atlas pelas suas propriedades culin\u00e1rias, terap\u00eauticas e cosm\u00e9ticas, o \u00f3leo de arg\u00e3o prov\u00e9m da \u00e1rvore de arg\u00e3o, milenar, que cresce principalmente nas zonas \u00e1ridas do sudoeste de Marrocos.<\/span><\/p>\n<p align=\"justify\"><span style=\"font-family: Arial, sans-serif;\">Na tradi\u00e7\u00e3o berbere, este azeite \u00e9 consumido simples, com p\u00e3o, e \u00e9 utilizado em temperos e na prepara\u00e7\u00e3o de pratos de elei\u00e7\u00e3o, como saladas, tajines, cuscuz, tomates e pimentos grelhados, etc.<\/span><\/p>\n<p align=\"justify\">Hoje em dia, \u00e9 cortejada pelos maiores chefes de cozinha e utilizada para real\u00e7ar os seus pratos gourmet.<\/p>\n<p align=\"justify\">\u00c9 considerado o mais nobre dos azeites de mesa pelos gourmets refinados, que o adoptaram pelo seu sabor leve a avel\u00e3 e pela sua suavidade incompar\u00e1vel.<\/p>\n<p align=\"justify\">Al\u00e9m disso, os cientistas conclu\u00edram recentemente que o \u00f3leo de arg\u00e3o \u00e9 um dos melhores \u00f3leos para a sa\u00fade humana.<\/p>\n<p align=\"justify\">O nosso \u00f3leo de arg\u00e3o tem certifica\u00e7\u00e3o biol\u00f3gica e Ecocert.<\/p>","protected":false},"featured_media":859,"template":"","meta":[],"product_brand":[],"product_cat":[15,29,28],"product_tag":[],"class_list":{"0":"post-790","1":"product","2":"type-product","3":"status-publish","4":"has-post-thumbnail","6":"product_cat-huiles-bio","7":"product_cat-alimentation","8":"product_cat-medecine-sante","10":"first","11":"instock","12":"shipping-taxable","13":"purchasable","14":"product-type-variable"},"_links":{"self":[{"href":"https:\/\/1001vertus.com\/pt\/wp-json\/wp\/v2\/product\/790","targetHints":{"allow":["GET"]}}],"collection":[{"href":"https:\/\/1001vertus.com\/pt\/wp-json\/wp\/v2\/product"}],"about":[{"href":"https:\/\/1001vertus.com\/pt\/wp-json\/wp\/v2\/types\/product"}],"wp:featuredmedia":[{"embeddable":true,"href":"https:\/\/1001vertus.com\/pt\/wp-json\/wp\/v2\/media\/859"}],"wp:attachment":[{"href":"https:\/\/1001vertus.com\/pt\/wp-json\/wp\/v2\/media?parent=790"}],"wp:term":[{"taxonomy":"product_brand","embeddable":true,"href":"https:\/\/1001vertus.com\/pt\/wp-json\/wp\/v2\/product_brand?post=790"},{"taxonomy":"product_cat","embeddable":true,"href":"https:\/\/1001vertus.com\/pt\/wp-json\/wp\/v2\/product_cat?post=790"},{"taxonomy":"product_tag","embeddable":true,"href":"https:\/\/1001vertus.com\/pt\/wp-json\/wp\/v2\/product_tag?post=790"}],"curies":[{"name":"wp","href":"https:\/\/api.w.org\/{rel}","templated":true}]}}