{"id":773,"date":"2018-08-25T00:06:03","date_gmt":"2018-08-24T23:06:03","guid":{"rendered":"https:\/\/1001vertus.com\/?post_type=product&#038;p=773"},"modified":"2026-04-20T22:17:34","modified_gmt":"2026-04-20T21:17:34","slug":"mel-de-abacate-marroquino","status":"publish","type":"product","link":"https:\/\/1001vertus.com\/pt\/produit\/miel-davocat-du-maroc\/","title":{"rendered":"Mel de abacate marroquino"},"content":{"rendered":"<p>Saboreie a raridade deste doce n\u00e9ctar, diretamente de uma terra cheia de sol e de um sabor inigual\u00e1vel.\u00a0<strong>O mel de abacate de Marrocos promete-lhe toda a riqueza destas notas e a preciosidade inequ\u00edvoca dos seus aromas.<\/strong>\u00a0Embarque numa viagem gustativa ainda desconhecida para muitos. \u00c9 uma viagem que n\u00e3o vai querer perder.<\/p>\n<h2><strong>As origens do mel de abacate marroquino\u00a0<\/strong><\/h2>\n<p>\u00c9\u00a0<strong>diretamente da regi\u00e3o de Gharb<\/strong>\u00a0este precioso n\u00e9ctar. Ele est\u00e1 em<strong>\u00a0um cen\u00e1rio no norte de Marrocos,<\/strong>\u00a0Este mel requintado \u00e9 servido pelas abelhas, que s\u00e3o perfeitamente capazes de criar del\u00edcias preciosas.<strong>\u00a0Vastas plan\u00edcies de flor de abacate e sol intenso, um cocktail doce que nos oferece um sabor totalmente frutado e perfumado.\u00a0<\/strong><\/p>\n<h2><strong>Um sabor frutado e perfumado que ir\u00e1 certamente conquist\u00e1-lo<\/strong><\/h2>\n<p>O mel de abacate de Marrocos oferece-nos<strong>\u00a0um sabor frutado e uma fragr\u00e2ncia verdadeiramente invulgares.<\/strong>\u00a0De facto, a sua raridade leva-nos a uma viagem a regi\u00f5es de degusta\u00e7\u00e3o at\u00e9 ent\u00e3o inexploradas.<\/p>\n<p>Assim, atrav\u00e9s de<strong>\u00a0a sua cor avermelhada, o seu sabor amadeirado e as suas notas de alca\u00e7uz e de caf\u00e9,<\/strong>\u00a0uma mistura t\u00e3o preciosa quanto complexa, que o conquistar\u00e1 sem hesita\u00e7\u00e3o.<\/p>\n<p>Por fim, apreciaremos tamb\u00e9m a sua textura cremosa que garante\u00a0<strong>um sabor persistente no paladar que \u00e9 t\u00e3o raro de descobrir.\u00a0<\/strong><\/p>\n<h3><strong>Como \u00e9 que se pode apreciar o sabor do mel de abacate marroquino a longo prazo?<\/strong><\/h3>\n<p>Este n\u00e9ctar doce combina bem com\u00a0<strong>para pratos doces e salgados.<\/strong>\u00a0Tanto como numa torrada ou no seu iogurte preferido.<\/p>\n<p>Al\u00e9m disso, para tirar o m\u00e1ximo partido deste sabor especial, explicado pela sua raridade, \u00e9 necess\u00e1rio preservar este pequeno tesouro natural\u00a0<strong>num local seco e escuro.\u00a0<\/strong><\/p>\n<p>Finalmente, \u00e9 claro\u00a0<strong>poder\u00e1 cristalizar-se, o que prova a sua qualidade e autenticidade.<\/strong>\u00a0E isso n\u00e3o vai estragar o momento!<\/p>\n<p>Por isso, peguem nas vossas colheres, mergulhem e divirtam-se!<\/p>\n<p><strong><u>Aten\u00e7\u00e3o:<\/u><\/strong>\u00a0Recordamos que \u00e9 proibido dar mel a beb\u00e9s. Para saber mais, leia\u00a0<a href=\"https:\/\/1001vertus.com\/pt\/mel-proibido-para-lactentes\/\">este artigo<\/a>.<\/p>","protected":false},"excerpt":{"rendered":"<p class=\"western\">O mel de abacate \u00e9 um mel pouco conhecido e bastante raro. \u00c9 origin\u00e1rio de Marrocos, mais concretamente da regi\u00e3o de Gharb.<\/p>\n<p class=\"western\">Este mel tem um sabor bastante frutado e perfumado. A sua cor avermelhada e as suas notas amadeiradas e de alca\u00e7uz v\u00e3o certamente surpreend\u00ea-lo.<\/p>\n<p class=\"western\">Para al\u00e9m disso, tem um sabor duradouro. De facto, os aromas permanecem na boca muito tempo depois de ter engolido este mel.<\/p>\n<p class=\"western\">A sua raridade e o seu sabor n\u00e3o s\u00e3o os seus \u00fanicos trunfos. Possui um certo n\u00famero de virtudes:<\/p>\n<ul>\n<li class=\"western\">alivia as afec\u00e7\u00f5es do est\u00f4mago e dos intestinos,<\/li>\n<li class=\"western\">\u00e9 uma verdadeira fonte de energia natural,<\/li>\n<li class=\"western\">\u00e9 um antioxidante.<\/li>\n<\/ul>","protected":false},"featured_media":1068,"template":"","meta":[],"product_brand":[],"product_cat":[25,29,28,68],"product_tag":[],"class_list":{"0":"post-773","1":"product","2":"type-product","3":"status-publish","4":"has-post-thumbnail","6":"product_cat-miels","7":"product_cat-alimentation","8":"product_cat-medecine-sante","9":"product_cat-miel-maroc","11":"first","12":"instock","13":"shipping-taxable","14":"purchasable","15":"product-type-variable"},"_links":{"self":[{"href":"https:\/\/1001vertus.com\/pt\/wp-json\/wp\/v2\/product\/773","targetHints":{"allow":["GET"]}}],"collection":[{"href":"https:\/\/1001vertus.com\/pt\/wp-json\/wp\/v2\/product"}],"about":[{"href":"https:\/\/1001vertus.com\/pt\/wp-json\/wp\/v2\/types\/product"}],"wp:featuredmedia":[{"embeddable":true,"href":"https:\/\/1001vertus.com\/pt\/wp-json\/wp\/v2\/media\/1068"}],"wp:attachment":[{"href":"https:\/\/1001vertus.com\/pt\/wp-json\/wp\/v2\/media?parent=773"}],"wp:term":[{"taxonomy":"product_brand","embeddable":true,"href":"https:\/\/1001vertus.com\/pt\/wp-json\/wp\/v2\/product_brand?post=773"},{"taxonomy":"product_cat","embeddable":true,"href":"https:\/\/1001vertus.com\/pt\/wp-json\/wp\/v2\/product_cat?post=773"},{"taxonomy":"product_tag","embeddable":true,"href":"https:\/\/1001vertus.com\/pt\/wp-json\/wp\/v2\/product_tag?post=773"}],"curies":[{"name":"wp","href":"https:\/\/api.w.org\/{rel}","templated":true}]}}