{"id":743,"date":"2018-08-20T16:11:56","date_gmt":"2018-08-20T16:11:56","guid":{"rendered":"https:\/\/1001vertus.com\/?post_type=product&#038;p=743"},"modified":"2023-05-06T15:03:49","modified_gmt":"2023-05-06T14:03:49","slug":"mel-branco-do-quirguizistao","status":"publish","type":"product","link":"https:\/\/1001vertus.com\/pt\/produit\/miel-blanc-du-kirghizistan\/","title":{"rendered":"Mel branco do Quirguizist\u00e3o"},"content":{"rendered":"<p class=\"western\">Le Kirghizistan est r\u00e9put\u00e9 pour \u00eatre \u00ab\u00a0le royaume de l&rsquo;apiculture\u00a0\u00bb, le long des routes de montagne ou dans des zones plus isol\u00e9es, on peut observer de nombreux apiculteurs qui\u00a0se livrent \u00e0 leur passion du miel depuis des g\u00e9n\u00e9rations et se concurrencent dans l&rsquo;obtention du meilleur miel.<\/p>\n<p class=\"western\">La r\u00e9gion de Naryn se compose essentiellement de hautes montagnes et de plateaux, le plus souvent, de plus de 2000 m d&rsquo;altitude. C&rsquo;est\u00a0dans les prairies de ces hautes montagnes (les \u00ab\u00a0<em>jailoo\u00a0\u00bb<\/em>), riches en plantes nectarif\u00e8res et pollinif\u00e8res, que les abeilles viennent butiner.<\/p>\n<p class=\"western\">Ce miel blanc est mono floral, c&rsquo;est \u00e0 dire qu&rsquo;il n&rsquo;a qu&rsquo;une seule source florale\u00a0: le sainfoin.<\/p>\n<p class=\"western\">Selon les \u00e9tudes, le sainfoin peut attirer 10 fois plus d&rsquo;abeilles que le tr\u00e8fle blanc et de nombreux \u00e9leveurs d&rsquo;abeilles consid\u00e8rent que le miel de sainfoin est sup\u00e9rieur qualitativement \u00e0 celui de tr\u00e8fle blanc.<\/p>\n<p class=\"western\">Ce miel a un temps de cristallisation moyen. Il est de couleur blanche, intense en go\u00fbt et en ar\u00f4mes floraux, c&rsquo;est l&rsquo;une des vari\u00e9t\u00e9s de miel gastronomique les plus rares de la plan\u00e8te. <span style=\"color: #000000;\">Il est la r\u00e9sultante d&rsquo;un butinage \u00e0 plus de 2000 m\u00e8tres d\u2019altitudes, une altitude qui provoque un effet ind\u00e9niable sur ce miel de fleurs sauvage. <\/span><\/p>\n<h3 class=\"western\">Virtudes do mel branco :<\/h3>\n<ul>\n<li class=\"western\">propri\u00e9t\u00e9s antibact\u00e9riennes et antioxydantes naturelles (aide \u00e0 prot\u00e9ger l&rsquo;organisme contre les dommages cellulaires caus\u00e9s par les radicaux libres),<\/li>\n<li class=\"western\">renforce le syst\u00e8me immunitaire,<\/li>\n<li>source de vitamines et de min\u00e9raux,<\/li>\n<li>agit comme un tonifiant (augmente la force et r\u00e9duit la fatigue),<\/li>\n<li>am\u00e9liore la circulation sanguine et le m\u00e9tabolisme,<\/li>\n<li>prot\u00e8ge contre les maladies gastro-intestinales (telles que la gastrite et l&rsquo;ulc\u00e9ration gastrique caus\u00e9es par des bact\u00e9ries),<\/li>\n<li>agit comme un rem\u00e8de anti-\u00e2ge naturel.<\/li>\n<\/ul>\n<p>&nbsp;<\/p>\n<p class=\"western\">Soyez parmi les privil\u00e9gi\u00e9s \u00e0 go\u00fbter ce nectar blanc de tr\u00e8s haute qualit\u00e9, aux saveurs de fleurs sauvages. Une d\u00e9gustation qui vous fera voyager dans les hautes vall\u00e9es d\u2019Asie centrale.<\/p>\n<h4 class=\"western\"><\/h4>\n<p class=\"western\">\u00c9 naturalmente acondicionado num frasco de vidro para uma melhor conserva\u00e7\u00e3o.<\/p>\n<p class=\"western\"><i>Dispon\u00edvel em frascos de 50g, 125g e 250g.<\/i><\/p>\n<p>&nbsp;<\/p>\n<p><strong><u><b>Aten\u00e7\u00e3o:<\/b><\/u><\/strong> Recordamos que \u00e9 proibido dar mel a beb\u00e9s. Para saber mais, leia <a href=\"https:\/\/1001vertus.com\/pt\/mel-proibido-para-lactentes\/\">este artigo<\/a>.<\/p>","protected":false},"excerpt":{"rendered":"<p class=\"western\">Le Kirghizistan est r\u00e9put\u00e9 pour \u00eatre \u00ab\u00a0le royaume de l&rsquo;apiculture\u00a0\u00bb et son miel blanc est tr\u00e8s r\u00e9put\u00e9, les m\u00e9dailles et prix au derniers \u00ab\u00a0congr\u00e8s international d&rsquo;apiculture\u00a0\u00bb parlent d&rsquo;eux m\u00eames.<\/p>\n<p class=\"western\">C&rsquo;est\u00a0dans les prairies de hautes montagnes (les \u00ab\u00a0<em>jailoo\u00a0\u00bb<\/em>), riches en plantes nectarif\u00e8res et pollinif\u00e8res, que les abeilles viennent butiner. Ce miel blanc<span style=\"color: #000000;\"> est la r\u00e9sultante d&rsquo;un butinage \u00e0 plus de 2000 m\u00e8tres d\u2019altitudes, une altitude qui provoque un effet ind\u00e9niable sur ce miel de fleurs sauvage. <\/span><\/p>\n<p class=\"western\">Il est intense en go\u00fbt et en ar\u00f4mes floraux, c&rsquo;est l&rsquo;une des vari\u00e9t\u00e9s de miel gastronomique les plus rares de la plan\u00e8te. Ce qui ne l&#8217;emp\u00eache pas d&rsquo;avoir tout de m\u00eame quelques vertus&#8230;<\/p>\n<p class=\"western\"><span style=\"color: #000000;\">Soyez parmi les privil\u00e9gi\u00e9s \u00e0 go\u00fbter ce nectar blanc de tr\u00e8s haute qualit\u00e9, aux saveurs de fleurs sauvages. Une d\u00e9gustation qui vous fera voyager dans les hautes vall\u00e9es d\u2019Asie centrale.<\/span><\/p>","protected":false},"featured_media":1132,"template":"","meta":[],"product_brand":[],"product_cat":[25,29,28],"product_tag":[],"class_list":{"0":"post-743","1":"product","2":"type-product","3":"status-publish","4":"has-post-thumbnail","6":"product_cat-miels","7":"product_cat-alimentation","8":"product_cat-medecine-sante","10":"first","11":"instock","12":"shipping-taxable","13":"purchasable","14":"product-type-variable","15":"has-default-attributes"},"_links":{"self":[{"href":"https:\/\/1001vertus.com\/pt\/wp-json\/wp\/v2\/product\/743","targetHints":{"allow":["GET"]}}],"collection":[{"href":"https:\/\/1001vertus.com\/pt\/wp-json\/wp\/v2\/product"}],"about":[{"href":"https:\/\/1001vertus.com\/pt\/wp-json\/wp\/v2\/types\/product"}],"wp:featuredmedia":[{"embeddable":true,"href":"https:\/\/1001vertus.com\/pt\/wp-json\/wp\/v2\/media\/1132"}],"wp:attachment":[{"href":"https:\/\/1001vertus.com\/pt\/wp-json\/wp\/v2\/media?parent=743"}],"wp:term":[{"taxonomy":"product_brand","embeddable":true,"href":"https:\/\/1001vertus.com\/pt\/wp-json\/wp\/v2\/product_brand?post=743"},{"taxonomy":"product_cat","embeddable":true,"href":"https:\/\/1001vertus.com\/pt\/wp-json\/wp\/v2\/product_cat?post=743"},{"taxonomy":"product_tag","embeddable":true,"href":"https:\/\/1001vertus.com\/pt\/wp-json\/wp\/v2\/product_tag?post=743"}],"curies":[{"name":"wp","href":"https:\/\/api.w.org\/{rel}","templated":true}]}}