{"id":727,"date":"2018-08-19T12:51:59","date_gmt":"2018-08-19T11:51:59","guid":{"rendered":"https:\/\/1001vertus.com\/?post_type=product&#038;p=727"},"modified":"2026-03-17T12:56:22","modified_gmt":"2026-03-17T11:56:22","slug":"po-de-sementes-de-cominho-preto-da-detiopia-e-da-abissinia","status":"publish","type":"product","link":"https:\/\/1001vertus.com\/pt\/produit\/poudre-de-graines-de-nigelle-dethiopie-abyssinia\/","title":{"rendered":"P\u00f3 de sementes de cominho preto da Eti\u00f3pia \"Abiss\u00ednia"},"content":{"rendered":"<p align=\"justify\"><span style=\"font-family: Times New Roman, serif;\"><span style=\"font-size: medium;\"><span style=\"color: #000000;\"><span style=\"font-family: Arial, sans-serif;\">O nosso p\u00f3 de sementes de cominho preto <\/span><\/span><span style=\"color: #000000;\"><span style=\"font-family: Arial, sans-serif;\"><i>Abiss\u00ednia<\/i><\/span><\/span><span style=\"color: #000000;\"><span style=\"font-family: Arial, sans-serif;\"> vous procurera donc tous les bienfaits de cette graine b\u00e9nite et vous aidera entre autres \u00e0 renforcer les d\u00e9fenses de votre organisme.<\/span><\/span><\/span><\/span><\/p>\n<p align=\"justify\"><span style=\"font-family: Times New Roman, serif;\"><span style=\"font-size: medium;\"><span style=\"color: #000000;\"><span style=\"font-family: Arial, sans-serif;\">Tout comme l\u2019huile de nigelle, ses vertus sont innombrables, <\/span><\/span><span style=\"color: #000000;\"><span style=\"font-family: Arial, sans-serif;\">\u00e0 tel point <\/span><\/span><span style=\"color: #000000;\"><span style=\"font-family: Arial, sans-serif;\">que <\/span><\/span><span style=\"color: #000000;\"><span style=\"font-family: Arial, sans-serif;\">le proph\u00e8te des musulmans, Mohammed, avait enjoint sa communaut\u00e9 \u00e0 l\u2019utiliser en ces termes\u00a0: \u00ab\u00a0Soignez-vous en utilisant la graine de nigelle, c\u2019est un rem\u00e8de contre tous les maux \u00e0 l\u2019exception de la mort\u00a0\u00bb.<\/span><\/span><\/span><\/span><\/p>\n<p align=\"justify\"><span style=\"font-family: Times New Roman, serif;\"><span style=\"font-size: medium;\"><span style=\"color: #000000;\"><span style=\"font-family: Arial, sans-serif;\">Vous pourrez la consommer comme une \u00e9pice, saupoudr\u00e9e sur des l\u00e9gumes ou du pain \u00e0 des fins de compl\u00e9ment alimentaire ou m\u00e9langer \u00e0 du miel afin de combiner leurs actions. <\/span><\/span><\/span><\/span><\/p>\n<p align=\"justify\"><span style=\"font-family: Times New Roman, serif;\"><span style=\"font-size: medium;\"><strong><span style=\"font-family: Arial, sans-serif;\">CONTRA-INDICA\u00c7\u00d5ES :<br \/>\n<\/span><\/strong><\/span><\/span><\/p>\n<p class=\"western\" align=\"justify\"><span style=\"font-family: Arial, sans-serif;\"><span style=\"font-size: medium;\">M\u00eame si cela n\u2019a \u00e9t\u00e9 observ\u00e9 qu\u2019apr\u00e8s administration de doses tr\u00e8s sup\u00e9rieures \u00e0 celles recommand\u00e9es pour un usage m\u00e9dicinal, la prise de Nigelle est contre-indiqu\u00e9e chez la femme enceinte et chez la femme allaitante en usage prolong\u00e9.<\/span><\/span><\/p>\n<p class=\"western\" align=\"justify\"><span style=\"font-family: Arial, sans-serif;\"><span style=\"font-size: medium;\">Si ce n\u2019est cela, il n\u2019y a aucun effet ind\u00e9sirable, aucune interaction avec des plantes m\u00e9dicinales ou des compl\u00e9ments ni aucune interaction avec des m\u00e9dicaments. Cependant, il faudra \u00eatre vigilant chez les patients sous anticoagulant.<\/span><\/span><\/p>\n<p class=\"western\"><strong><span style=\"font-family: Arial, sans-serif;\"><span style=\"font-size: medium;\"><i>Envie d\u2019en savoir plus sur la nigelle\u00a0? Retrouvez <a href=\"https:\/\/1001vertus.com\/pt\/cominho-preto-a-semente-com-1001-virtudes\/\">um artigo completo<\/a> sur cette plante miracle dans notre rubrique blog\u00a0!<\/i><\/span><\/span><\/strong><\/p>\n<p>&nbsp;<\/p>\n<p><span style=\"font-family: Liberation Sans, sans-serif;\"><u><b>Ing<\/b><\/u><u><b>r<\/b><\/u><u><b>\u00e9dients INCI\u00a0:<\/b><\/u><\/span><\/p>\n<p><span style=\"color: #00000a;\"><span style=\"font-family: Liberation Sans, sans-serif;\"><span style=\"font-size: medium;\">Sementes de cominho preto em p\u00f3.<br \/>\n<\/span><\/span><\/span><\/p>\n<p><span style=\"font-family: Liberation Sans, sans-serif;\"><u><b>Origem :<\/b><\/u> <span style=\"font-size: medium;\">Eti\u00f3pia.<\/span><\/span><\/p>\n<p><u><b>Capacidade :<\/b><\/u><b> <\/b>100g<\/p>","protected":false},"excerpt":{"rendered":"<p align=\"justify\"><span style=\"font-family: Times New Roman, serif;\"><span style=\"font-size: medium;\"><span style=\"color: #000000;\"><span style=\"font-family: Arial, sans-serif;\">Notre poudre de Nigelle d&rsquo;\u00c9thiopie <\/span><\/span><span style=\"color: #000000;\"><span style=\"font-family: Arial, sans-serif;\"><i>Abiss\u00ednia<\/i><\/span><\/span><span style=\"color: #000000;\"><span style=\"font-family: Arial, sans-serif;\"> vem diretamente de<\/span><\/span><span style=\"font-family: Arial, sans-serif;\"> graines d\u2019\u00c9thiopie de grade A, la meilleure qualit\u00e9. Celles-ci ont \u00e9t\u00e9 certifi\u00e9es pures \u00e0 99% par un organisme ind\u00e9pendant. Ce pourcentage tr\u00e8s \u00e9lev\u00e9 est le fruit d\u2019un long travail local consistant d\u2019abord en l\u2019utilisation de diff\u00e9rents tamis, puis d\u2019un d\u00e9poussi\u00e9rage et enfin d\u2019un tri manuel afin de retirer tout ce qui pourrait alt\u00e9rer le produit final.<\/span> <\/span><\/span><\/p>\n<p align=\"justify\"><span style=\"font-family: Times New Roman, serif;\"><span style=\"font-size: medium;\"><span style=\"color: #000000;\"><span style=\"font-family: Arial, sans-serif;\">Il faut savoir, que la quasi-totalit\u00e9 des poudres de nigelle \u00ab\u00a0habbachiya\u00a0\u00bb du march\u00e9 ne sont en r\u00e9alit\u00e9 que des r\u00e9sidus de graines rejet\u00e9es par la presse lors de la fabrication de l&rsquo;huile de Nigelle. L\u2019huile ayant \u00e9t\u00e9 d\u00e9j\u00e0 extraite, il ne reste plus beaucoup de vertus \u00e0 cette poudre bas de gamme\u2026 Cependant, nous nous engageons \u00e0 vous fournir une poudre issue de graines de nigelles intactes. <\/span><\/span><\/span><\/span><\/p>\n<p align=\"justify\"><span style=\"font-family: Times New Roman, serif;\"><span style=\"font-size: medium;\"><span style=\"color: #000000;\"><span style=\"font-family: Arial, sans-serif;\"><strong>Abiss\u00ednia: o melhor dos cominhos pretos<\/strong><br \/>\n<\/span><\/span><\/span><\/span><\/p>","protected":false},"featured_media":964,"template":"","meta":[],"product_brand":[],"product_cat":[26,28,96],"product_tag":[],"class_list":{"0":"post-727","1":"product","2":"type-product","3":"status-publish","4":"has-post-thumbnail","6":"product_cat-nigelle","7":"product_cat-medecine-sante","8":"product_cat-roqya-chariya","10":"first","11":"instock","12":"shipping-taxable","13":"purchasable","14":"product-type-simple"},"_links":{"self":[{"href":"https:\/\/1001vertus.com\/pt\/wp-json\/wp\/v2\/product\/727","targetHints":{"allow":["GET"]}}],"collection":[{"href":"https:\/\/1001vertus.com\/pt\/wp-json\/wp\/v2\/product"}],"about":[{"href":"https:\/\/1001vertus.com\/pt\/wp-json\/wp\/v2\/types\/product"}],"wp:featuredmedia":[{"embeddable":true,"href":"https:\/\/1001vertus.com\/pt\/wp-json\/wp\/v2\/media\/964"}],"wp:attachment":[{"href":"https:\/\/1001vertus.com\/pt\/wp-json\/wp\/v2\/media?parent=727"}],"wp:term":[{"taxonomy":"product_brand","embeddable":true,"href":"https:\/\/1001vertus.com\/pt\/wp-json\/wp\/v2\/product_brand?post=727"},{"taxonomy":"product_cat","embeddable":true,"href":"https:\/\/1001vertus.com\/pt\/wp-json\/wp\/v2\/product_cat?post=727"},{"taxonomy":"product_tag","embeddable":true,"href":"https:\/\/1001vertus.com\/pt\/wp-json\/wp\/v2\/product_tag?post=727"}],"curies":[{"name":"wp","href":"https:\/\/api.w.org\/{rel}","templated":true}]}}