{"id":726,"date":"2018-08-19T12:29:05","date_gmt":"2018-08-19T11:29:05","guid":{"rendered":"https:\/\/1001vertus.com\/?post_type=product&#038;p=726"},"modified":"2026-04-02T07:34:44","modified_gmt":"2026-04-02T06:34:44","slug":"sementes-de-cominho-preto-da-etiopia-abyssinia-habachya","status":"publish","type":"product","link":"https:\/\/1001vertus.com\/pt\/produit\/graines-de-nigelle-dethiopie-abyssinia-habachya\/","title":{"rendered":"Sementes de cominho preto da Eti\u00f3pia \"Abiss\u00ednia"},"content":{"rendered":"<p><span style=\"font-family: Times New Roman, serif;\"><span style=\"font-size: medium;\"><span style=\"font-family: Arial, sans-serif;\">Extr\u00eamement nutritives, le go\u00fbt des graines de nigelle \u00e9voque celui des graines de pavot et du poivre et sont reconnues mondialement pour leurs vertus quasi-miraculeuses.<\/span><\/span><\/span><\/p>\n<p><span style=\"font-family: Times New Roman, serif;\"><span style=\"font-size: medium;\"><span style=\"font-family: Arial, sans-serif;\">La graine de nigelle a\u00a0une grande place dans la m\u00e9decine antique et particuli\u00e8rement dans le monde musulman ou elle est nomm\u00e9e <\/span><span style=\"font-family: Arial, sans-serif;\"><i>\u00ab habat al baraka\u00a0\u00bb<\/i><\/span><span style=\"font-family: Arial, sans-serif;\"> (la graine b\u00e9nie) ou <\/span><span style=\"font-family: Arial, sans-serif;\"><i>\u00ab\u00a0habba sawda\u00a0\u00bb<\/i><\/span><span style=\"font-family: Arial, sans-serif;\">. <\/span><\/span><\/span><\/p>\n<p><span style=\"font-family: Arial, sans-serif;\"><span style=\"font-size: medium;\"><i>Vous retrouverez d\u2019ailleurs un article complet la concernant dans notre rubrique \u00ab\u00a0blog\u00a0\u00bb.<\/i><\/span><\/span><\/p>\n<h4 class=\"western\"><span style=\"font-family: Arial, sans-serif;\"><span style=\"font-size: large;\"><u>Comment la consommer\u00a0:<\/u><\/span><\/span><\/h4>\n<p class=\"western\"><span style=\"font-family: Arial, sans-serif;\"><span style=\"font-size: medium;\"><span style=\"color: #000000;\"><span lang=\"fr-FR\">Une mani\u00e8re courante de la consommer est de l&rsquo;int\u00e9grer dans votre cuisine au quotidien afin de b\u00e9n\u00e9ficier de ses propri\u00e9t\u00e9s gustatives mais aussi de ses bienfaits.<br \/>\n<\/span><\/span><\/span><\/span><\/p>\n<p class=\"western\"><span style=\"font-family: Arial, sans-serif;\"><span style=\"font-size: medium;\"><span style=\"color: #000000;\"><span lang=\"fr-FR\">As sementes s\u00e3o principalmente utilizadas <\/span><\/span>de nigelle comme condiment, de la m\u00eame mani\u00e8re que l&rsquo;on utilise le cumin. On r\u00e9duit les graines en poudre ou on les utilise enti\u00e8res notamment l\u00e9g\u00e8rement grill\u00e9es.<\/span><\/span><\/p>\n<p><span style=\"font-family: Times New Roman, serif;\"><span style=\"font-size: medium;\"><span style=\"font-family: Arial, sans-serif;\">Pour les r\u00e9duire en poudre, un simple moulin \u00e0 caf\u00e9 peut \u00eatre utilis\u00e9. Mais nous proposons \u00e9galement nos graines de nigelle <\/span><span style=\"font-family: Arial, sans-serif;\"><i>Abiss\u00ednia<\/i><\/span><span style=\"font-family: Arial, sans-serif;\"> directement conditionn\u00e9es en poudre. C\u2019est la mani\u00e8re la plus efficace pour profiter de tous leurs bienfaits.<\/span><\/span><\/span><\/p>\n<p><span style=\"font-family: Times New Roman, serif;\"><span style=\"font-size: medium;\"><span style=\"font-family: Arial, sans-serif;\">Les graines de nigelle peuvent \u00eatre consomm\u00e9es comme une \u00e9pice, saupoudr\u00e9es sur des l\u00e9gumes, du pain ou des feuillet\u00e9s mais elles font aussi fureur sur du poisson blanc. On peut \u00e9galement les m\u00e9langer \u00e0 du miel ou \u00e0 un yaourt.<br \/>\n<\/span><\/span><\/span><\/p>\n<p><span style=\"font-family: Times New Roman, serif;\"><span style=\"font-size: medium;\"><span style=\"font-family: Arial, sans-serif;\">On peut noter que l&rsquo;action de la graine de nigelle est renforc\u00e9e par la prise simultan\u00e9e d&rsquo;un peu de miel.<\/span><\/span><\/span><\/p>\n<p>&nbsp;<\/p>\n<p align=\"justify\"><span style=\"font-family: Times New Roman, serif;\"><span style=\"font-size: medium;\"><strong><span style=\"font-family: Arial, sans-serif;\">CONTRA-INDICA\u00c7\u00d5ES :<br \/>\n<\/span><\/strong><\/span><\/span><\/p>\n<p class=\"western\" align=\"justify\"><span style=\"font-family: Arial, sans-serif;\"><span style=\"font-size: medium;\">M\u00eame si cela n\u2019a \u00e9t\u00e9 observ\u00e9 qu\u2019apr\u00e8s administration de doses tr\u00e8s sup\u00e9rieures \u00e0 celles recommand\u00e9es pour un usage m\u00e9dicinal, la prise de Nigelle est contre-indiqu\u00e9e chez la femme enceinte et chez la femme allaitante en usage prolong\u00e9.<\/span><\/span><\/p>\n<p class=\"western\" align=\"justify\"><span style=\"font-family: Arial, sans-serif;\"><span style=\"font-size: medium;\">Si ce n\u2019est cela, il n\u2019y a aucun effet ind\u00e9sirable, aucune interaction avec des plantes m\u00e9dicinales ou des compl\u00e9ments ni aucune interaction avec des m\u00e9dicaments. Cependant, il faudra \u00eatre vigilant chez les patients sous anticoagulant.<\/span><\/span><\/p>\n<p class=\"western\"><strong><span style=\"font-family: Arial, sans-serif;\"><span style=\"font-size: medium;\"><i>Envie d\u2019en savoir plus sur la nigelle\u00a0? Retrouvez <a href=\"https:\/\/1001vertus.com\/pt\/cominho-preto-a-semente-com-1001-virtudes\/\">um artigo completo<\/a> sur cette plante miracle dans notre rubrique blog\u00a0!<\/i><\/span><\/span><\/strong><\/p>\n<p>&nbsp;<\/p>\n<p><span style=\"font-family: Liberation Sans, sans-serif;\"><u><b>Ing<\/b><\/u><u><b>r<\/b><\/u><u><b>\u00e9dients INCI\u00a0:<\/b><\/u><\/span><\/p>\n<p><span style=\"color: #00000a;\"><span style=\"font-family: Liberation Sans, sans-serif;\"><span style=\"font-size: medium;\">Sementes de cominho preto<br \/>\n<\/span><\/span><\/span><\/p>\n<p><span style=\"font-family: Liberation Sans, sans-serif;\"><u><b>Origem :<\/b><\/u> <span style=\"font-size: medium;\">Eti\u00f3pia<\/span><\/span><\/p>\n<p><u><b>Capacidade :<\/b><\/u><b> <\/b>100g<\/p>\n<p class=\"western\"><span style=\"font-family: Arial, sans-serif;\"><span style=\"font-size: medium;\">\u00a0<\/span><\/span><\/p>\n<p class=\"western\"><span style=\"font-family: Arial, sans-serif;\"><span style=\"font-size: medium;\">\u00a0<\/span><\/span><\/p>","protected":false},"excerpt":{"rendered":"<p>Com sementes de cominhos pretos <i>Abiss\u00ednia<\/i>, l\u2019Ethiopie nous livre une de ses merveilles\u00a0: la graine de Nigelle Sativa, appel\u00e9 aussi \u00ab\u00a0habbachiya\u00a0\u00bb.<\/p>\n<p>Ces graines sont diff\u00e9rentes de celles des autres pays (Egypte, Maroc\u2026), en effet elles ont une forme l\u00e9g\u00e8rement plus allong\u00e9es et d&rsquo;un parfum plus odorant que la nigelle classique.<\/p>\n<p align=\"justify\">Ces pr\u00e9cieuses graines, de grade A, la meilleure qualit\u00e9, ont \u00e9t\u00e9 certifi\u00e9es pures \u00e0 99% par un organisme ind\u00e9pendant. Ce pourcentage tr\u00e8s \u00e9lev\u00e9 est le fruit d\u2019un long travail local consistant d\u2019abord en l\u2019utilisation de diff\u00e9rents tamis, puis d\u2019un d\u00e9poussi\u00e9rage et enfin d\u2019un tri manuel afin de retirer tout ce qui pourrait alt\u00e9rer le produit final.<\/p>\n<p align=\"justify\"><strong>Abiss\u00ednia: o melhor dos cominhos pretos<\/strong><\/p>","protected":false},"featured_media":963,"template":"","meta":[],"product_brand":[],"product_cat":[26,28,96],"product_tag":[],"class_list":{"0":"post-726","1":"product","2":"type-product","3":"status-publish","4":"has-post-thumbnail","6":"product_cat-nigelle","7":"product_cat-medecine-sante","8":"product_cat-roqya-chariya","10":"first","11":"instock","12":"shipping-taxable","13":"purchasable","14":"product-type-simple"},"_links":{"self":[{"href":"https:\/\/1001vertus.com\/pt\/wp-json\/wp\/v2\/product\/726","targetHints":{"allow":["GET"]}}],"collection":[{"href":"https:\/\/1001vertus.com\/pt\/wp-json\/wp\/v2\/product"}],"about":[{"href":"https:\/\/1001vertus.com\/pt\/wp-json\/wp\/v2\/types\/product"}],"wp:featuredmedia":[{"embeddable":true,"href":"https:\/\/1001vertus.com\/pt\/wp-json\/wp\/v2\/media\/963"}],"wp:attachment":[{"href":"https:\/\/1001vertus.com\/pt\/wp-json\/wp\/v2\/media?parent=726"}],"wp:term":[{"taxonomy":"product_brand","embeddable":true,"href":"https:\/\/1001vertus.com\/pt\/wp-json\/wp\/v2\/product_brand?post=726"},{"taxonomy":"product_cat","embeddable":true,"href":"https:\/\/1001vertus.com\/pt\/wp-json\/wp\/v2\/product_cat?post=726"},{"taxonomy":"product_tag","embeddable":true,"href":"https:\/\/1001vertus.com\/pt\/wp-json\/wp\/v2\/product_tag?post=726"}],"curies":[{"name":"wp","href":"https:\/\/api.w.org\/{rel}","templated":true}]}}