{"id":725,"date":"2018-08-19T11:54:52","date_gmt":"2018-08-19T10:54:52","guid":{"rendered":"https:\/\/1001vertus.com\/?post_type=product&#038;p=725"},"modified":"2026-04-20T18:07:19","modified_gmt":"2026-04-20T17:07:19","slug":"detiopia-abissinia-oleo-de-cominho-preto","status":"publish","type":"product","link":"https:\/\/1001vertus.com\/pt\/produit\/huile-de-nigelle-dethiopie-abyssinia\/","title":{"rendered":"\u00d3leo de cominho preto da Eti\u00f3pia \u00abAbiss\u00ednia\u00bb analisado - 50ml"},"content":{"rendered":"<p><span style=\"font-family: Arial, sans-serif;\"><span style=\"font-size: medium;\">Notre huile de nigelle est obtenue par premi\u00e8re pression \u00e0 froid afin de conserver de mani\u00e8re optimale tous les bienfaits et vertus de cette graine d\u2019exception.<\/span><\/span><\/p>\n<p align=\"justify\"><span style=\"font-family: Arial, sans-serif;\"><span style=\"font-size: medium;\">Ces pr\u00e9cieuses graines, de grade A (\u00e0 savoir, la meilleure qualit\u00e9) ont \u00e9t\u00e9 certifi\u00e9es pures \u00e0 99% par un organisme ind\u00e9pendant. Ce pourcentage tr\u00e8s \u00e9lev\u00e9 est le fruit d\u2019un long travail local consistant d\u2019abord en l\u2019utilisation de diff\u00e9rents tamis, puis d\u2019un d\u00e9poussi\u00e9rage et enfin d\u2019un tri manuel afin de retirer tout ce qui pourrait alt\u00e9rer le produit final.<\/span><\/span><\/p>\n<p align=\"justify\"><span style=\"font-family: Arial, sans-serif;\"><span style=\"font-size: medium;\">\u00c9tant un produit 100% pur et naturel ne subissant aucune alt\u00e9ration chimique ou phase de coloration, il n&rsquo;est pas \u00e9tonnant que, de temps \u00e0 autre, l&rsquo;aspect de l&rsquo;huile, son go\u00fbt et sa couleur soient l\u00e9g\u00e8rement diff\u00e9rents au cours de l&rsquo;ann\u00e9e.<\/span><\/span><\/p>\n<p align=\"justify\"><span style=\"font-family: Arial, sans-serif;\"><span style=\"font-size: medium;\">Dans un souci de transparence sur la qualit\u00e9 de notre huile de nigelle d\u2019\u00c9thiopie, celle-ci a \u00e9galement \u00e9t\u00e9 analys\u00e9e par un laboratoire ind\u00e9pendant. Le r\u00e9sultat est sans appel, elle est d\u2019une qualit\u00e9 rare et poss\u00e8dent des taux d\u2019om\u00e9ga 6 (acides gras polyinsatur\u00e9s) exceptionnel de plus de 60% et ce quelque soit la r\u00e9colte dont les graines sont issues tout au long de l&rsquo;ann\u00e9e comme en atteste les analyses faites sur chaque lot de production.<\/span><\/span><\/p>\n<p align=\"justify\"><span style=\"font-family: Arial, sans-serif;\"><span style=\"font-size: medium;\"><i>Remarque : l&rsquo;acide linol\u00e9ique est un acide gras polyinsatur\u00e9 appartenant \u00e0 la famille des om\u00e9ga-6. Cet acide gras n&rsquo;est pas synth\u00e9tis\u00e9 par l&rsquo;organisme. On dit pour cela que c&rsquo;est un acide gras \u00ab\u00a0essentiel\u00a0\u00bb. Une carence en om\u00e9ga-6 peut entra\u00eener une s\u00e9cheresse intense de la peau et des allergies. Au niveau cutan\u00e9, cet acide gras entre dans la composition des c\u00e9ramides. Il participe \u00e0 la reconstitution des lipides \u00e9pidermiques et favorise la bonne coh\u00e9sion des cellules de la peau entre elles. L&rsquo;acide linol\u00e9ique permet de limiter les pertes en eau de la peau tout en pr\u00e9sentant des qualit\u00e9s adoucissantes et nutritives.<\/i><\/span><\/span><\/p>\n<p align=\"justify\"><span style=\"font-family: Arial, sans-serif;\"><span style=\"font-size: medium;\"><br \/>\n<span style=\"color: #020101;\">L&rsquo;huile de nigelle d\u2019\u00c9thiopie a des sp\u00e9cificit\u00e9s surprenantes. En\u00a0effet, celle ci a la particularit\u00e9 d&rsquo;\u00eatre plus sombre que ses cong\u00e9n\u00e8res dites classiques (\u00c9gypte, Maroc\u2026) qui varient d&rsquo;un ambre jaune \u00e0 un ocre clair. Bien s\u00fbr sa sp\u00e9cificit\u00e9 ne se limite pas uniquement \u00e0 cela. Sa plus grande particularit\u00e9 est th\u00e9rapeutique puisque ses bienfaits sont sup\u00e9rieurs aux ceux des autres huiles de nigelle. <\/span><\/span><\/span><\/p>\n<p align=\"justify\"><span style=\"font-family: Arial, sans-serif;\"><span style=\"font-size: medium;\">H\u00e1 mais de 2.000 anos, <strong>cominho preto<\/strong> de mani\u00e8re g\u00e9n\u00e9rale est utilis\u00e9e pour ses vertus pour la sant\u00e9 mais aussi cosm\u00e9tiques. Selon certaines sources, l\u2019huile de Nigelle \u00e9tait utilis\u00e9e comme produit de beaut\u00e9 par Cl\u00e9op\u00e2tre et N\u00e9fertiti. Les \u00e9gyptiens ont encore pour habitude d&rsquo;appeler cette graine \u00ab\u00a0habba al baraka\u00a0\u00bb, qui signifie la \u00ab\u00a0graine b\u00e9nite\u00a0\u00bb.<\/span><\/span><\/p>\n<p><span style=\"font-family: Arial, sans-serif;\"><span style=\"font-size: medium;\">La nigelle fait \u00e9galement partie de la m\u00e9decine traditionnelle indienne et la m\u00e9decine chinoise o\u00f9 elle est utilis\u00e9e en tant qu\u2019antibiotique naturel. <\/span><\/span><\/p>\n<p align=\"justify\"><span style=\"font-family: Arial, sans-serif;\"><span style=\"font-size: medium;\"><i>Nous en avons d\u2019ailleurs fait un article passionnant que vous pourrez retrouvez dans notre rubrique \u00ab\u00a0blog\u00a0\u00bb.<\/i><\/span><\/span><\/p>\n<p align=\"justify\"><span style=\"font-family: Arial, sans-serif;\"><span style=\"font-size: medium;\">C\u2019est donc un rem\u00e8de s\u00e9culaire qui gagne en popularit\u00e9, notamment suite \u00e0 plusieurs recherches scientifiques r\u00e9centes, mais aussi gr\u00e2ce au d\u00e9veloppement de l\u2019islam. <\/span><\/span><\/p>\n<p align=\"justify\"><span style=\"font-family: Arial, sans-serif;\"><span style=\"font-size: medium;\">D&rsquo;ailleurs les pionniers de la m\u00e9decine, qu\u2019ils soient musulmans ou non, ont parl\u00e9 de la nigelle et de ses nombreuses vertus. <\/span><\/span><\/p>\n<h2 align=\"justify\"><span style=\"font-family: Arial, sans-serif;\"><span style=\"font-size: medium;\"><b>Os benef\u00edcios do \u00f3leo de Nigella<\/b><\/span><\/span><\/h2>\n<p align=\"justify\"><span style=\"font-family: Arial, sans-serif;\"><span style=\"font-size: medium;\">Comme dit pr\u00e9c\u00e9demment, l\u2019huile de nigelle peut s\u2019utiliser aussi bien de mani\u00e8re interne qu&rsquo;externe. <\/span><\/span><\/p>\n<p align=\"justify\"><span style=\"font-family: Arial, sans-serif;\"><span style=\"font-size: medium;\">La nigelle contient de nombreux composants naturels (vitamines, enzymes, oligo\u00e9l\u00e9ments ou encore om\u00e9ga-6 et om\u00e9ga-3 v\u00e9g\u00e9taux). Composants dont les bienfaits sur la sant\u00e9 sont largement d\u00e9montr\u00e9s par la science, depuis plus de quarante ans. <\/span><\/span><\/p>\n<p align=\"justify\"><span style=\"font-family: Arial, sans-serif;\"><span style=\"font-size: medium;\">Elle contient \u00e9galement des prot\u00e9ines, des lipides, des glucides, des acides amin\u00e9s ainsi que des m\u00e9tabolites secondaires, qui sont reconnus pour leur activit\u00e9 pharmacologique En synergie, ces composants permettent de pr\u00e9venir les infections et les allergies et surtout de booster le syst\u00e8me immunitaire Et plus le syst\u00e8me immunitaire est fort, meilleur est l\u2019\u00e9tat de sant\u00e9, car il permet alors de lutter contre les maladies et maintenir le corps en bonne forme.<\/span><\/span><\/p>\n<p><span style=\"font-family: Arial, sans-serif;\"><span style=\"font-size: medium;\">L&rsquo;huile de nigelle est un compl\u00e9ment alimentaire indiqu\u00e9 pour faire le plein d&rsquo;\u00e9nergie, lors des changements de saison. Faire deux cures d&rsquo;huile de nigelle pendant trois semaines chaque ann\u00e9e permet de renforcer son syst\u00e8me immunitaire et d&rsquo;am\u00e9liorer son bien-\u00eatre g\u00e9n\u00e9ral.<\/span><\/span><\/p>\n<p align=\"justify\"><span style=\"font-family: Arial, sans-serif;\"><span style=\"font-size: medium;\"><u><b>Conseils d&rsquo;utilisations\u00a0:<\/b><\/u><\/span><\/span><\/p>\n<p align=\"justify\"><span style=\"font-family: Arial, sans-serif;\"><span style=\"font-size: medium;\"><u>Dosagem : <\/u><\/span><\/span><\/p>\n<p align=\"justify\"><span style=\"font-family: Arial, sans-serif;\"><span style=\"font-size: medium;\">Pour les applications locales (soins cutan\u00e9s, massages contre les contractures, bain de bouche\u2026)\u00a0: une \u00e0 plusieurs fois par jour en fonction des douleurs.<\/span><\/span><\/p>\n<p align=\"justify\"><span style=\"font-family: Arial, sans-serif;\"><span style=\"font-size: medium;\">L&rsquo;huile de nigelle peut \u00e9galement \u00eatre employ\u00e9e en inhalation.<\/span><\/span><\/p>\n<p align=\"justify\"><span style=\"font-family: Arial, sans-serif;\"><span style=\"font-size: medium;\">Les graines \u00e9cras\u00e9es peuvent \u00eatre utilis\u00e9es en cataplasmes, pour traiter certains probl\u00e8mes de peau. <\/span><\/span><\/p>\n<p align=\"justify\"><span style=\"font-family: Arial, sans-serif;\"><span style=\"font-size: medium;\">Il est aussi possible d&rsquo;int\u00e9grer l\u2019huile \u00e0 ses produits cosm\u00e9tiques.<\/span><\/span><\/p>\n<p align=\"justify\"><span style=\"font-family: Arial, sans-serif;\"><span style=\"font-size: medium;\"><u>Administration orale\u00a0:<\/u><\/span><\/span><\/p>\n<p align=\"justify\"><span style=\"font-family: Arial, sans-serif;\"><span style=\"font-size: medium;\">&#8211; Pour un adulte\u00a0: Prendre une cuill\u00e8re \u00e0 caf\u00e9 \u00e0 jeun le matin chaque jour, pour des cures de trois mois.<\/span><\/span><\/p>\n<p align=\"justify\"><span style=\"font-family: Arial, sans-serif;\"><span style=\"font-size: medium;\">&#8211; Pour un enfant (jusqu\u2019\u00e0 12 ans)\u00a0: Prendre une demi-cuill\u00e8re \u00e0 caf\u00e9 \u00e0 jeun le matin chaque jour suffit.\u00a0<\/span><\/span><\/p>\n<p align=\"justify\"><span style=\"font-family: Arial, sans-serif;\"><span style=\"font-size: medium;\">Il est bon de savoir que la nigelle peut \u00eatre m\u00e9lang\u00e9e \u00e0 du miel, des jus de fruits, du lait, de l&rsquo;eau, de l&rsquo;huile d&rsquo;olive, etc. Par exemple, on pourra consommer un m\u00e9lange d&rsquo;une cuill\u00e8re \u00e0 caf\u00e9 d&rsquo;huile de nigelle avec un yaourt, pour calmer une diarrh\u00e9e.<\/span><\/span><\/p>\n<h3 align=\"justify\"><strong><span style=\"font-family: Arial, sans-serif;\"><span style=\"font-size: medium;\">CONTRA-INDICA\u00c7\u00d5ES<\/span><\/span><\/strong><\/h3>\n<p align=\"justify\"><span style=\"font-family: Arial, sans-serif;\"><span style=\"font-size: medium;\">M\u00eame si cela n\u2019a \u00e9t\u00e9 observ\u00e9 qu\u2019apr\u00e8s administration de doses tr\u00e8s sup\u00e9rieures \u00e0 celles recommand\u00e9es pour un usage m\u00e9dicinal, la prise de Nigelle est contre-indiqu\u00e9e chez la femme enceinte et chez la femme allaitante en usage prolong\u00e9.<\/span><\/span><\/p>\n<p align=\"justify\"><span style=\"font-family: Arial, sans-serif;\"><span style=\"font-size: medium;\">Si ce n\u2019est cela, il n\u2019y a aucun effet ind\u00e9sirable, aucune interaction avec des plantes m\u00e9dicinales ou des compl\u00e9ments ni aucune interaction avec des m\u00e9dicaments. Cependant, il faudra \u00eatre vigilant chez les patients sous anticoagulant.<\/span><\/span><\/p>\n<p align=\"justify\"><span style=\"font-family: Arial, sans-serif;\"><span style=\"font-size: medium;\"><i>Envie d\u2019en savoir plus sur la nigelle\u00a0? Retrouve <a href=\"https:\/\/1001vertus.com\/pt\/cominho-preto-a-semente-com-1001-virtudes\/\">um artigo completo<\/a> sur cette plante miracle dans notre rubrique blog\u00a0!<\/i><\/span><\/span><\/p>\n<p><span style=\"font-family: Arial, sans-serif;\"><span style=\"font-size: medium;\"><u><b>Ingredientes:<\/b><\/u><\/span><\/span><\/p>\n<p><span style=\"color: #00000a;\"><span style=\"font-family: Arial, sans-serif;\"><span style=\"font-size: medium;\">\u00d3leo de cominho preto<\/span><\/span><\/span><\/p>\n<p><span style=\"font-family: Arial, sans-serif;\"><span style=\"font-size: medium;\"><u><b>Origem :<\/b><\/u> \u00c9thiopie<\/span><\/span><\/p>\n<p align=\"justify\"><span style=\"font-family: Arial, sans-serif;\"><span style=\"font-size: medium;\">Retrouvez cette huile de nigelle exceptionnelle en diff\u00e9rents formats : 50ml, 100ml, 200ml, 500ml et 700ml dans de magnifiques bouteilles en verre de qualit\u00e9 sup\u00e9rieure.<\/span><\/span><\/p>\n<p align=\"justify\"><span style=\"font-family: Arial, sans-serif;\"><span style=\"font-size: medium;\">Conditions de conservation : Huile v\u00e9g\u00e9tale sensible \u00e0 l&rsquo;oxydation. A conserver dans un endroit frais (&lt; 20\u00b0C) \u00e0 l&rsquo;abri de l&rsquo;air et de la lumi\u00e8re.<\/span><\/span><\/p>\n<p class=\"western\" align=\"justify\">","protected":false},"excerpt":{"rendered":"<p><span style=\"font-family: Arial, sans-serif;\"><span style=\"font-size: medium;\">C\u2019est avec une grande fiert\u00e9 que nous vous pr\u00e9sentons ce produit d\u2019exception\u00a0: l\u2019huile de nigelle \u00ab\u00a0Abyssinia\u00a0\u00bb d\u2019Ethiopie. Cette huile regorge de bienfaits, au niveau interne, mais \u00e9galement en externe.<\/span><\/span><\/p>\n<p align=\"justify\"><span style=\"font-family: Arial, sans-serif;\"><span style=\"font-size: medium;\">Comment aurions nous pu en effet passer \u00e0 c\u00f4t\u00e9 de ce produit aux 1001 vertus\u00a0? Il \u00e9tait inconcevable, d\u00e8s la conception du site de ne pas vous proposer des produits \u00e0 la nigelle et qui plus est, \u00e0 la nigelle d\u2019Ethiopie. D\u2019ailleurs nous en avons fait une gamme compl\u00e8te de produits appel\u00e9e <i>Abiss\u00ednia<\/i> (l\u2019ancien nom de l\u2019Ethiopie en anglais).<\/span><\/span><\/p>\n<p align=\"justify\"><span style=\"font-family: Arial, sans-serif;\"><span style=\"font-size: medium;\">La graine de nigelle d\u2019Ethiopie, ou \u00ab\u00a0Habbachiya\u00a0\u00bb en arabe, est tout simplement la meilleure graine de nigelle au monde et par cons\u00e9quent son huile aussi.<\/span><\/span><\/p>\n<p align=\"justify\"><span style=\"font-family: Arial, sans-serif;\"><span style=\"font-size: medium;\">Fid\u00e8le \u00e0 notre volont\u00e9 d&rsquo;excellence, <i>Abiss\u00ednia<\/i> de 1001 vertus est une huile de nigelle \u00c9thiopienne absolument pure, analys\u00e9e en laboratoire, 100 % naturelle et d\u2019une qualit\u00e9 cosm\u00e9tique et alimentaire irr\u00e9prochable. Elle est garantie sans aucun m\u00e9lange ni traitement chimique. <\/span><\/span><\/p>","protected":false},"featured_media":34016,"template":"","meta":[],"product_brand":[],"product_cat":[26,28,96],"product_tag":[],"class_list":{"0":"post-725","1":"product","2":"type-product","3":"status-publish","4":"has-post-thumbnail","6":"product_cat-nigelle","7":"product_cat-medecine-sante","8":"product_cat-roqya-chariya","10":"first","11":"instock","12":"shipping-taxable","13":"purchasable","14":"product-type-simple"},"_links":{"self":[{"href":"https:\/\/1001vertus.com\/pt\/wp-json\/wp\/v2\/product\/725","targetHints":{"allow":["GET"]}}],"collection":[{"href":"https:\/\/1001vertus.com\/pt\/wp-json\/wp\/v2\/product"}],"about":[{"href":"https:\/\/1001vertus.com\/pt\/wp-json\/wp\/v2\/types\/product"}],"wp:featuredmedia":[{"embeddable":true,"href":"https:\/\/1001vertus.com\/pt\/wp-json\/wp\/v2\/media\/34016"}],"wp:attachment":[{"href":"https:\/\/1001vertus.com\/pt\/wp-json\/wp\/v2\/media?parent=725"}],"wp:term":[{"taxonomy":"product_brand","embeddable":true,"href":"https:\/\/1001vertus.com\/pt\/wp-json\/wp\/v2\/product_brand?post=725"},{"taxonomy":"product_cat","embeddable":true,"href":"https:\/\/1001vertus.com\/pt\/wp-json\/wp\/v2\/product_cat?post=725"},{"taxonomy":"product_tag","embeddable":true,"href":"https:\/\/1001vertus.com\/pt\/wp-json\/wp\/v2\/product_tag?post=725"}],"curies":[{"name":"wp","href":"https:\/\/api.w.org\/{rel}","templated":true}]}}