{"id":6797,"date":"2022-10-04T20:16:09","date_gmt":"2022-10-04T19:16:09","guid":{"rendered":"https:\/\/1001vertus.com\/?post_type=product&#038;p=6797"},"modified":"2026-04-06T19:21:34","modified_gmt":"2026-04-06T18:21:34","slug":"cha-verde-sencha-com-limao-gengibre-e-cominhos-100-fonte-de-cominhos-biologicos","status":"publish","type":"product","link":"https:\/\/1001vertus.com\/pt\/produit\/the-vert-sencha-au-citron-au-gingembre-et-a-la-nigelle-100-bio-nigelle-source\/","title":{"rendered":"Ch\u00e1 Verde Sencha com Lim\u00e3o, Gengibre e Nigella - 100% ORG\u00c2NICO - Fonte Nigella"},"content":{"rendered":"<p>D\u00e9couvrez notre th\u00e9 compos\u00e9 de th\u00e9 vert BIO de la vari\u00e9t\u00e9 sencha, d\u2019\u00e9corces de citron s\u00e9ch\u00e9es BIO, de morceaux de gingembre s\u00e9ch\u00e9s BIO et de graines de nigelle BIO.<br \/>\nUn subtile m\u00e9lange comprenant les notes fra\u00eeches du th\u00e9 vert, l\u2019acidul\u00e9 du citron, la puissance du gingembre, associ\u00e9 \u00e0 la saveur incomparable de la nigelle.<br \/>\nDe plus chacun de ces ingr\u00e9dients vous apportera des bienfaits pour votre corps.<\/p>\n<h2>Qu\u2019est ce que le sencha\u00a0?<\/h2>\n<p>Pour ceux qui ne connaissent pas le sencha, il est consid\u00e9r\u00e9 comme le roi des th\u00e9s verts notamment pour ses effets b\u00e9n\u00e9fiques sur la sant\u00e9.<br \/>\nC\u2019est la vari\u00e9t\u00e9 qui est de loin la plus cultiv\u00e9e (environ 78 %) et appr\u00e9ci\u00e9e au Japon. C\u2019est \u00e9galement la vari\u00e9t\u00e9 de th\u00e9 vert japonais la mieux connue et la plus r\u00e9pandue en Occident. \u00ab\u00a0Sen\u00a0\u00bb signifie en japonais \u00abservir\u00a0ou brasser\u00bb avec de l\u2019eau chaude et \u00abcha\u00bb signifie \u00abth\u00e9\u00bb.<\/p>\n<h2>Bienfaits du th\u00e9 vert Sencha :<\/h2>\n<p>Le th\u00e9 vert est une plante m\u00e9dicinale naturelle tr\u00e8s puissante. Elle a des applications dans la pr\u00e9vention et le traitement d\u2019un tr\u00e8s grand nombre de maladies.<\/p>\n<p>Voici quelques-unes de ses propri\u00e9t\u00e9s m\u00e9dicinales :<\/p>\n<ul>\n<li>Um dos antioxidantes mais potentes (neutraliza os radicais livres),<\/li>\n<li>Baisse du cholest\u00e9rol dans le sang,<\/li>\n<li>Active le m\u00e9tabolisme,<\/li>\n<li>Stimule la br\u00fblure des graisses,<\/li>\n<li>Am\u00e9liore la force et endurance,<\/li>\n<li>Augmente la sensibilit\u00e9 \u00e0 l\u2019insuline (baisse du risque de diab\u00e8te de type 2),<\/li>\n<li>Anti-inflamat\u00f3rio,<\/li>\n<li>Antiviral, Antibact\u00e9rien, Antifongique,<\/li>\n<li>Renforce l\u2019immunit\u00e9,<\/li>\n<li>Anti-hypertenseur (r\u00e9duction de la tension art\u00e9rielle),<\/li>\n<li>Prote\u00e7\u00e3o contra a c\u00e1rie dent\u00e1ria,<\/li>\n<li>Aide \u00e0 la digestion,<\/li>\n<li>D\u00e9sacidifiant (Augmente le PH du corps et baisse l\u2019acidit\u00e9).<\/li>\n<\/ul>\n<p>&nbsp;<\/p>\n<h2>Perder peso com sencha :<\/h2>\n<p>De nombreuses \u00e9tudes scientifiques prouvent que le th\u00e9 vert participe activement \u00e0 la perte de poids. Il contient, entre autres, de nombreuses enzymes qui ont une influence positive sur le m\u00e9tabolisme, il favorise \u00e9galement l\u2019\u00e9limination des mauvaises graisses. De mani\u00e8re g\u00e9n\u00e9rale, ce constat est applicable \u00e0 tous les types de th\u00e9s verts, mais il est tout particuli\u00e8rement valable en ce qui concerne le sencha.<\/p>\n<p>&nbsp;<\/p>\n<p>Et qu&rsquo;en est -il des autres ingr\u00e9dients ?<\/p>\n<h2>Bienfaits du citron\u00a0:<\/h2>\n<ul>\n<li>Il permet de faire le plein de vitamine C. Il faut savoir que la vitamine C n\u2019est pas une vitamine stimulante mais elle permet de r\u00e9guler le m\u00e9tabolisme. Lorsque notre corps est soumis au stress, la vitamine C contenue dans les cortico-surr\u00e9nales s\u2019appauvrit et notre capacit\u00e9 \u00e0 nous adapter aux changements de notre environnement et de la vie quotidienne diminue.<\/li>\n<li>Il contient une substance alcalinisante qui va participer au maintien d\u2019un pH id\u00e9al dans notre organisme. L\u2019alimentation moderne est souvent compos\u00e9e de produits aux effets d\u00e9cri\u00e9s pour la sant\u00e9 : produits laitiers, sucres raffin\u00e9s, gluten, viandes en exc\u00e8s, produits industriels\u2026 Le citron est un aliment alcalin qui vous permettre de corriger un terrain inflammatoire.<\/li>\n<li>Il contient beaucoup de potassium. Ce dernier contribue au bon fonctionnement du syst\u00e8me nerveux.<\/li>\n<\/ul>\n<p>&nbsp;<\/p>\n<h2>Benef\u00edcios do gengibre :<\/h2>\n<p>Le gingembre agit principalement sur l\u2019ensemble de l\u2019organisme de nombreuses mani\u00e8res et contribue de mani\u00e8re globale \u00e0 la sant\u00e9 et au bien-\u00eatre. Parmi ses vertus on peut citer :<\/p>\n<ul>\n<li>Favorece a digest\u00e3o,<\/li>\n<li>Il limite les naus\u00e9es et les vomissements,<\/li>\n<li>C\u2019est un puissant anti-inflammatoire,<\/li>\n<li>Il r\u00e9duit les sensations de fatigue,<\/li>\n<li>Il est b\u00e9n\u00e9fique pour le c\u0153ur,<\/li>\n<li>Il r\u00e9duit les maux de t\u00eate, d\u00e9but de migraine.<\/li>\n<\/ul>\n<p>&nbsp;<\/p>\n<h2>Bienfaits de la nigelle\u00a0:<\/h2>\n<p>Ils sont tous simplement ind\u00e9nombrables mais la principale et la plus connue est qu\u2019elle renforce et booste les d\u00e9fenses immunitaires.<br \/>\nSi vous d\u00e9sirez en savoir plus sur cette graine incroyable, consulter notre <a href=\"https:\/\/1001vertus.com\/pt\/cominho-preto-a-semente-com-1001-virtudes\/\">artigo de blogue<\/a>.<\/p>\n<h2>Pr\u00e9paration du th\u00e9 :<\/h2>\n<p>Pour\u00a0profiter au maximum de ses vertus, il est recommand\u00e9 de le laisser infuser 2 minutes dans une eau \u00e0 55-60\u00b0C.<\/p>\n<p>&nbsp;<\/p>\n<p>Ingr\u00e9dients :\u00a0Th\u00e9 vert Sencha bio, \u00e9corces de citron s\u00e9ch\u00e9es bio, morceaux de Gingembre s\u00e9ch\u00e9s bio, graines de nigelle bio.<\/p>\n<p><u>Origem :<\/u> Fora da UE<\/p>\n<p><u>Peso l\u00edquido :<\/u> 50 g<\/p>\n<p>Certifi\u00e9 Ecocert FR-BIO-01<\/p>\n<p>Conservar num local seco<\/p>","protected":false},"excerpt":{"rendered":"<p>D\u00e9couvrez ce th\u00e9 compos\u00e9 de th\u00e9 vert BIO de la vari\u00e9t\u00e9 sencha, d\u2019\u00e9corces de citron s\u00e9ch\u00e9es bio, de morceaux de gingembre s\u00e9ch\u00e9s bio et de graines de nigelle BIO.<\/p>\n<p>Un subtile m\u00e9lange comprenant les notes fra\u00eeches du th\u00e9 vert, l\u2019acidul\u00e9 du citron, la puissance du gingembre, associ\u00e9 \u00e0 la saveur incomparable de la nigelle.<\/p>\n<p>De plus chacun de ces ingr\u00e9dients vous apportera des bienfaits pour votre corps.<\/p>","protected":false},"featured_media":6815,"template":"","meta":[],"product_brand":[],"product_cat":[54,28,26],"product_tag":[],"class_list":{"0":"post-6797","1":"product","2":"type-product","3":"status-publish","4":"has-post-thumbnail","6":"product_cat-tisane","7":"product_cat-medecine-sante","8":"product_cat-nigelle","10":"first","11":"instock","12":"shipping-taxable","13":"purchasable","14":"product-type-simple"},"_links":{"self":[{"href":"https:\/\/1001vertus.com\/pt\/wp-json\/wp\/v2\/product\/6797","targetHints":{"allow":["GET"]}}],"collection":[{"href":"https:\/\/1001vertus.com\/pt\/wp-json\/wp\/v2\/product"}],"about":[{"href":"https:\/\/1001vertus.com\/pt\/wp-json\/wp\/v2\/types\/product"}],"wp:featuredmedia":[{"embeddable":true,"href":"https:\/\/1001vertus.com\/pt\/wp-json\/wp\/v2\/media\/6815"}],"wp:attachment":[{"href":"https:\/\/1001vertus.com\/pt\/wp-json\/wp\/v2\/media?parent=6797"}],"wp:term":[{"taxonomy":"product_brand","embeddable":true,"href":"https:\/\/1001vertus.com\/pt\/wp-json\/wp\/v2\/product_brand?post=6797"},{"taxonomy":"product_cat","embeddable":true,"href":"https:\/\/1001vertus.com\/pt\/wp-json\/wp\/v2\/product_cat?post=6797"},{"taxonomy":"product_tag","embeddable":true,"href":"https:\/\/1001vertus.com\/pt\/wp-json\/wp\/v2\/product_tag?post=6797"}],"curies":[{"name":"wp","href":"https:\/\/api.w.org\/{rel}","templated":true}]}}