{"id":5978,"date":"2022-04-02T21:01:49","date_gmt":"2022-04-02T20:01:49","guid":{"rendered":"https:\/\/1001vertus.com\/?post_type=product&#038;p=5978"},"modified":"2026-05-10T19:56:16","modified_gmt":"2026-05-10T18:56:16","slug":"camel-hump-fat-daroua-1001-virtudes","status":"publish","type":"product","link":"https:\/\/1001vertus.com\/pt\/produit\/graisse-de-bosse-de-chameau-daroua-1001-vertus\/","title":{"rendered":"Graisse de bosse de chameau \u00ab\u00a0daroua\u00a0\u00bb &#8211; 100g &#8211; 1001 VERTUS"},"content":{"rendered":"<p>En Afrique et en Asie, les chameaux et dromadaires sont non seulement un moyen de transport (d\u2019ailleurs le nom dromadaire est un d\u00e9riv\u00e9 du mot <em>dromos<\/em> qui signifie route en grec) mais ils sont surtout un pilier fondamental de l&rsquo;\u00e9conomie. Leurs poils et leur peau sont utilis\u00e9s pour l\u2019artisanat local (v\u00eatement, selle\u2026) mais ces animaux jouent aussi un r\u00f4le alimentaire essentiel notamment gr\u00e2ce \u00e0 leur <strong>carne<\/strong> et \u00e0 leur <strong>leite <\/strong><em>(dispon\u00edvel no nosso s\u00edtio Web em <a href=\"https:\/\/1001vertus.com\/pt\/product\/leite-de-camelo-em-po-1001-vertus-2\/\">p\u00f3<\/a> ou em <a href=\"https:\/\/1001vertus.com\/pt\/product\/leite-de-camelo-liquido-uht-1001-vertus\/\">pode<\/a>)<\/em>, mais aussi, chose plus surprenante gr\u00e2ce \u00e0 la <strong>graxa <\/strong>contidas na(s) sua(s) corcova(s).<\/p>\n<p>En effet, contrairement \u00e0 ce que l\u2019on pense, les bosses du chameau et du dromadaire ne sont pas des r\u00e9servoirs d\u2019eau mais des amas de graisse qui repr\u00e9sentent des r\u00e9serves d\u2019\u00e9nergie pour l\u2019animal.<br \/>\nQuand l\u2019animal ne peut pas manger \u00e0 sa faim, il consomme la graisse contenue dans ses bosses.<br \/>\nUne bosse de dromadaire contient jusqu\u2019\u00e0 15 kilos de graisse et celles du chameau contiennent conjointement 11 \u00e0 12 kilos.<\/p>\n<p>Mais conhecido como <strong><em>daroua<\/em><\/strong>, la graisse de chameau est couramment utilis\u00e9e localement o\u00f9 elle est un ingr\u00e9dient pour certains plats ou s\u2019utilise en massage pour apaiser des douleurs.<br \/>\nSon utilisation s\u2019est ensuite d\u00e9mocratis\u00e9e, passant des mains des nomades aux populations des grandes villes voisines puis maintenant au niveau mondial gr\u00e2ce aux nombreux bienfaits qu\u2019elle contient mais aussi gr\u00e2ce \u00e0 la cr\u00e9ation de gamme cosm\u00e9tique (huile pour les cheveux, une cr\u00e8me pour les mains et les pieds, baumes \u00e0 l\u00e8vres\u2026).<\/p>\n<p>&nbsp;<\/p>\n<h2>Vertus de la graisse de bosse de chameau\u00a0:<\/h2>\n<p>La graisse de chameau \u00e0 de nombreuses vertus, parmi celles-ci on peut citer\u00a0:<\/p>\n<ul>\n<li>soulage les probl\u00e8mes d\u2019arthrite, d\u2019arthrose<\/li>\n<li>alivia as dores musculares, o reumatismo (articula\u00e7\u00f5es), as dores nas costas ou no nervo ci\u00e1tico,<\/li>\n<li>aide \u00e0 combattre l\u2019asthme et certaines maladies respiratoires,<\/li>\n<li>est tr\u00e8s efficace contre la perte de cheveux,<\/li>\n<li>aide \u00e0 soigner les probl\u00e8mes de peau tel que l\u2019ecz\u00e9ma et le psoriasis,<\/li>\n<li>hydrate et s\u2019utilise pour le traitement des peaux s\u00e8ches, mais aussi les cassures aux mains ou aux pieds,<\/li>\n<li>soulage la douleur des h\u00e9morro\u00efdes.<\/li>\n<\/ul>\n<p>&nbsp;<\/p>\n<h2>Modo de utiliza\u00e7\u00e3o :<\/h2>\n<ul>\n<li>Pour les douleurs\u00a0: en massage, sur la zone \u00e0 traiter.<\/li>\n<li>Pour les probl\u00e8mes de peau : en massage, pure, sur la zone \u00e0 traiter, ou alors m\u00e9lang\u00e9 \u00e0 de l&rsquo;huile d&rsquo;olive extra vierge ou de l&rsquo;huile de nigelle.<\/li>\n<li>Pour les probl\u00e8mes respiratoires : en massage sur la cage thoracique ou le haut du dos mais aussi en la mangeant, seule ou m\u00e9lang\u00e9e \u00e0 du miel.<\/li>\n<\/ul>\n<p>A conserver dans un endroit frais et sec, \u00e0 l&rsquo;abri de la lumi\u00e8re.<\/p>\n<p>Ne pas mettre en contact avec l\u2019eau.<\/p>\n<p>&nbsp;<\/p>\n<p><u>Poids net\u00a0:<\/u> 100g<\/p>\n<p><u>Origem :<\/u> Marrocos<\/p>","protected":false},"excerpt":{"rendered":"<p>Gordura da corcunda do camelo, mais conhecida por <em>daroua<\/em>, est r\u00e9put\u00e9e pour soulager les probl\u00e8mes d\u2019arthrite, d\u2019arthrose, les douleurs musculaires, les rhumatismes, les maux de dos ou de nerf sciatique.<\/p>\n<p>Mais elle est aussi tr\u00e8s efficace pour traiter l\u2019asthme ou les probl\u00e8mes de peau tels que l\u2019ecz\u00e9ma et le psoriasis.<\/p>\n<p>Profitez des bienfaits de ce produit rare et plut\u00f4t m\u00e9connu.<\/p>\n<p>&nbsp;<\/p>","protected":false},"featured_media":6001,"template":"","meta":[],"product_brand":[],"product_cat":[28,27],"product_tag":[],"class_list":{"0":"post-5978","1":"product","2":"type-product","3":"status-publish","4":"has-post-thumbnail","6":"product_cat-medecine-sante","7":"product_cat-bien-etre","9":"first","10":"instock","11":"featured","12":"shipping-taxable","13":"purchasable","14":"product-type-simple"},"_links":{"self":[{"href":"https:\/\/1001vertus.com\/pt\/wp-json\/wp\/v2\/product\/5978","targetHints":{"allow":["GET"]}}],"collection":[{"href":"https:\/\/1001vertus.com\/pt\/wp-json\/wp\/v2\/product"}],"about":[{"href":"https:\/\/1001vertus.com\/pt\/wp-json\/wp\/v2\/types\/product"}],"wp:featuredmedia":[{"embeddable":true,"href":"https:\/\/1001vertus.com\/pt\/wp-json\/wp\/v2\/media\/6001"}],"wp:attachment":[{"href":"https:\/\/1001vertus.com\/pt\/wp-json\/wp\/v2\/media?parent=5978"}],"wp:term":[{"taxonomy":"product_brand","embeddable":true,"href":"https:\/\/1001vertus.com\/pt\/wp-json\/wp\/v2\/product_brand?post=5978"},{"taxonomy":"product_cat","embeddable":true,"href":"https:\/\/1001vertus.com\/pt\/wp-json\/wp\/v2\/product_cat?post=5978"},{"taxonomy":"product_tag","embeddable":true,"href":"https:\/\/1001vertus.com\/pt\/wp-json\/wp\/v2\/product_tag?post=5978"}],"curies":[{"name":"wp","href":"https:\/\/api.w.org\/{rel}","templated":true}]}}