{"id":595,"date":"2018-06-29T10:51:33","date_gmt":"2018-06-29T09:51:33","guid":{"rendered":"https:\/\/1001vertus.com\/?post_type=product&#038;p=595"},"modified":"2026-04-27T07:49:12","modified_gmt":"2026-04-27T06:49:12","slug":"goma-arabica-do-sudao","status":"publish","type":"product","link":"https:\/\/1001vertus.com\/pt\/produit\/gomme-arabique-du-soudan\/","title":{"rendered":"Goma-ar\u00e1bica do Sud\u00e3o"},"content":{"rendered":"<p>La gomme arabique est un produit assez m\u00e9connu qui vous sera tr\u00e8s utile car il contient de nombreux bienfaits. C&rsquo;est une s\u00e8ve solidifi\u00e9, produite naturellement ou \u00e0 la suite d\u2019une incision, sur le tronc des arbres de la famille des acacias. Comestible, elle est r\u00e9colt\u00e9e principalement en Afrique saharienne (Maghreb, Mali, S\u00e9n\u00e9gal, Tchad, \u00c9gypte, Soudan, etc.). C&rsquo;est est une forme de glucide naturel qui se pr\u00e9sente sous la forme de m\u00e9langes de sels de Potassium, magn\u00e9sium, et calcium.<\/p>\n<p>Il y a plus de 900 esp\u00e8ces d&rsquo;acacias r\u00e9pertori\u00e9es et donc plusieurs types de gommes arabiques mais aussi diff\u00e9rents niveau de qualit\u00e9, les plus appr\u00e9ci\u00e9es sont celles du S\u00e9n\u00e9gal et du Soudan.<\/p>\n<h2><strong>La gomme arabique est tr\u00e8s utile pour traiter de mani\u00e8re curative ou pr\u00e9ventive :<\/strong><\/h2>\n<ul>\n<li>maladie r\u00e9nale aigu\u00eb et chronique,<\/li>\n<li>ajuda no tratamento de doen\u00e7as do peito e dos pulm\u00f5es (constipa\u00e7\u00f5es), <a href=\"https:\/\/1001vertus.com\/pt\/product\/despagne-1001-virtudes-mel-de-tomilho\/\"><strong>tosse<\/strong><\/a>&#8230;),<\/li>\n<li>hypertension art\u00e9rielle,<\/li>\n<li>diab\u00e8te (abaisse le taux de glyc\u00e9mie),<\/li>\n<li>infections du syst\u00e8me digestif, les fibres alimentaires de la gomme arabique sont des pr\u00e9biotiques et sont recommand\u00e9es pour le renforcement de la population de bonne bact\u00e9ries intestinales.<\/li>\n<li>ost\u00e9oporose (tr\u00e8s riche en calcium),<\/li>\n<li>r\u00e9gularise le taux de cholest\u00e9rol,<\/li>\n<li>contribue \u00e0 la pr\u00e9vention du cancer des intestins et du c\u00f4lon,<\/li>\n<li>c\u00f4lon irritable,<\/li>\n<li>excelente antibi\u00f3tico natural<\/li>\n<li><a href=\"https:\/\/www.la-perte-de-poids.com\/\" target=\"_blank\" rel=\"noopener\"><strong>aide \u00e0 la perte de poids<\/strong><\/a>.<\/li>\n<\/ul>\n<h3><strong><u>Mode d&#8217;emploi de notre gomme arabique :<\/u><\/strong><\/h3>\n<p>Mettre environ 20g de ce produit dans un verre d&rsquo;eau ti\u00e8de et boire 1 \u00e0 2 fois par jour, de pr\u00e9f\u00e9rence le matin \u00e0 jeun.<\/p>\n<h3><u><strong>Ing<\/strong><\/u><u><strong>r<\/strong><\/u><u><strong>\u00e9dients :<\/strong><\/u><\/h3>\n<ul>\n<li>Goma-ar\u00e1bica<\/li>\n<\/ul>\n<p><u><strong>Origem :<\/strong><\/u>\u00a0Sud\u00e3o<\/p>\n<p><u><strong>Capacidade :<\/strong><\/u>Dispon\u00edvel em sacos de 100g ou 250g com fecho de correr<\/p>\n<p>Conservar num local seco.<\/p>","protected":false},"excerpt":{"rendered":"<p>La gomme arabique est une s\u00e8ve solidifi\u00e9, produite naturellement ou \u00e0 la suite d\u2019une incision, sur le tronc des arbres de la famille des acacias r\u00e9colt\u00e9e principalement en Afrique saharienne.<\/p>\n<p>Elle est tr\u00e8s utile pour traiter de mani\u00e8re curative ou pr\u00e9ventive les maladies r\u00e9nales, les maladies de la poitrine et du poumon (rhume, toux&#8230;), l&rsquo; hypertension art\u00e9rielle, le diab\u00e8te ou encore les infections du syst\u00e8me digestif.<\/p>","protected":false},"featured_media":1097,"template":"","meta":[],"product_brand":[],"product_cat":[28],"product_tag":[],"class_list":{"0":"post-595","1":"product","2":"type-product","3":"status-publish","4":"has-post-thumbnail","6":"product_cat-medecine-sante","8":"first","9":"instock","10":"shipping-taxable","11":"purchasable","12":"product-type-variable"},"_links":{"self":[{"href":"https:\/\/1001vertus.com\/pt\/wp-json\/wp\/v2\/product\/595","targetHints":{"allow":["GET"]}}],"collection":[{"href":"https:\/\/1001vertus.com\/pt\/wp-json\/wp\/v2\/product"}],"about":[{"href":"https:\/\/1001vertus.com\/pt\/wp-json\/wp\/v2\/types\/product"}],"wp:featuredmedia":[{"embeddable":true,"href":"https:\/\/1001vertus.com\/pt\/wp-json\/wp\/v2\/media\/1097"}],"wp:attachment":[{"href":"https:\/\/1001vertus.com\/pt\/wp-json\/wp\/v2\/media?parent=595"}],"wp:term":[{"taxonomy":"product_brand","embeddable":true,"href":"https:\/\/1001vertus.com\/pt\/wp-json\/wp\/v2\/product_brand?post=595"},{"taxonomy":"product_cat","embeddable":true,"href":"https:\/\/1001vertus.com\/pt\/wp-json\/wp\/v2\/product_cat?post=595"},{"taxonomy":"product_tag","embeddable":true,"href":"https:\/\/1001vertus.com\/pt\/wp-json\/wp\/v2\/product_tag?post=595"}],"curies":[{"name":"wp","href":"https:\/\/api.w.org\/{rel}","templated":true}]}}