{"id":594,"date":"2018-06-29T11:42:08","date_gmt":"2018-06-29T10:42:08","guid":{"rendered":"https:\/\/1001vertus.com\/?post_type=product&#038;p=594"},"modified":"2026-04-10T08:57:34","modified_gmt":"2026-04-10T07:57:34","slug":"amendoa-amlou","status":"publish","type":"product","link":"https:\/\/1001vertus.com\/pt\/produit\/amlou-aux-amandes\/","title":{"rendered":"Amlou com am\u00eandoas 200g"},"content":{"rendered":"<p>Si vous \u00eates un(e) inconditionnel(lle) de la p\u00e2te \u00e0 tartiner, alors \u00e0 coups surs l&rsquo;Amlou va vous faire succomber !\u00a0<strong>Celui qu&rsquo;on appelle commun\u00e9ment la p\u00e2te \u00e0 tartiner marocaine, se r\u00e9v\u00e8le \u00eatre en bouche une v\u00e9ritable merveille.<\/strong>\u00a0Avec ses ingr\u00e9dients issus pleinement de la nature,\u00a0<strong>l&rsquo;Amlou marocain est un must-have gustatif, qui fait assur\u00e9ment plaisir<\/strong>. On vous en parle ici de fa\u00e7on pr\u00e9cise. Zoom sur cette p\u00e2te \u00e0 tartiner naturelle, l&rsquo;Amlou aux amandes, un produit exceptionnel.<\/p>\n<h2><strong>L&rsquo;amlou est un v\u00e9ritable produit naturel !<\/strong><\/h2>\n<p>Na base do amlou,\u00a0<strong>une recette plut\u00f4t familiale<\/strong>. Que foi realizado\u00a0<strong>dans les foyers berb\u00e8res<\/strong>\u00a0en particulier. L&rsquo;amlou connait depuis plusieurs ann\u00e9es un v\u00e9ritable succ\u00e8s La recette originale renferme\u00a0<strong>une base de produits assur\u00e9ment de la r\u00e9gion<\/strong>incluindo\u00a0<strong>am\u00eandoas, mel e \u00f3leo de arg\u00e3o<\/strong>. L&rsquo;objectif \u00e9tant de r\u00e9duire ces ingr\u00e9dients en pur\u00e9e afin d&rsquo;en faire une p\u00e2te rappelant le beurre de cacahu\u00e8te, son cousin \u00e9loign\u00e9.\u00a0<strong>L&rsquo;amlou marocain est assur\u00e9ment un traditionnel de la gastronomie marocaine<\/strong>\u00a0et de ce fait r\u00e9pond pr\u00e9sent dans chaque foyer.<\/p>\n<p>Cela \u00e9tant dit, cette p\u00e2te \u00e0 tartiner marocaine a depuis, bien largement d\u00e9pass\u00e9 les fronti\u00e8res. Et\u00a0<strong>s\u00e9duit par sa composition saine et naturelle.<\/strong>\u00a0L&rsquo;envie du retour au naturel que l&rsquo;on observe depuis quelques ann\u00e9es a effectivement fort accentu\u00e9 son succ\u00e8s dans le monde entier.\u00a0<strong>L&rsquo;amlou se veut \u00eatre compl\u00e8tement en accord avec une alimentation saine et biologique.<\/strong>\u00a0Bien entendu tous les produits du march\u00e9 ne r\u00e9pondent pas \u00e0 cette norme de qualit\u00e9, mais sa composition simple et remplie de bienfaits, en fait assur\u00e9ment un gage de qualit\u00e9.<\/p>\n<h2><strong>L\u2019amlou, l&rsquo;inimitable go\u00fbt !<\/strong><\/h2>\n<p>Amlou \u00e9\u00a0<strong>le reflet du Sud Marocain par excellence, mais de la p\u00e2tisserie orientale tout autant.<\/strong>\u00a0Les saveurs que l&rsquo;on y d\u00e9couvre nous transportent assur\u00e9ment dans le cadre chaleureux de l&rsquo;Orient. Et nous le devons pr\u00e9cis\u00e9ment \u00e0 la pr\u00e9sence du miel, de l&rsquo;amande et de l&rsquo;huile d&rsquo;argan. En outre, on accorde bien souvent \u00e0 l&rsquo;amlou marocain\u00a0<strong>un gout de noisette sucr\u00e9es. <\/strong><\/p>\n<p><strong>Auquel est ajout\u00e9 des r\u00e9f\u00e9rences de la p\u00e2tisserie d&rsquo;Orient<\/strong>. On peut effectivement d\u00e9couvrir des variantes au chocolat, \u00e0 la fleur d&rsquo;oranger ou encore \u00e0 la noix de coco, un cot\u00e9 gourmand auquel succombent petits et grands.<\/p>\n<p>Cela \u00e9tant dit, l&rsquo;amande de cette p\u00e2te \u00e0 tartiner marocaine est aujourd&rsquo;hui parfois remplac\u00e9e par d&rsquo;autres fruits secs. Mais il pr\u00e9sente tout autant de succ\u00e8s.<\/p>\n<p>Como\u00a0<strong>notamment la pistache ou la cacahu\u00e8te.<\/strong>\u00a0Mais m\u00eame avec cela, l&rsquo;amlou accorde quoiqu&rsquo;il arrive un gout assur\u00e9ment unique. Le gout doux et sucr\u00e9e du miel qui s&rsquo;ajoute aux fruits secs donne presque l&rsquo;impression d&rsquo;un gout beurre noisette ou encore beurre de cacahu\u00e8te.\u00a0<strong>Un gout savoureux qui s&rsquo;ajoute \u00e0 une consistance assur\u00e9ment <a href=\"https:\/\/1001vertus.com\/pt\/product\/mel-branco-do-quirguizistao\/\">cr\u00e9meuse<\/a>.<\/strong><\/p>\n<h3><strong>Un aspect cr\u00e9meux qui ravit les papilles et les yeux<\/strong><\/h3>\n<p>La consistance cr\u00e9meuse du amlou affirme la ressemblance in\u00e9vitable \u00e0 la p\u00e2te \u00e0 tartiner connue au rang international. Mais ce qui diff\u00e9rencie l&rsquo;amlou de fa\u00e7on pr\u00e9cise, c&rsquo;est\u00a0<strong>la fameuse huile que l&rsquo;on ajoute d&rsquo;une mani\u00e8re \u00e0 la fois riche et subtile.<\/strong>\u00a0En effet, l&rsquo;huile d&rsquo;argan offre sa rondeur en bouche mais aussi un aspect agr\u00e9able \u00e0 d\u00e9couvrir visuellement. En plus d&rsquo;<strong>une odeur assur\u00e9ment suave et gourmande.<\/strong>\u00a0Cette huile se marie extr\u00eamement bien au miel et aux amandes. Pas \u00e9tonnant ainsi, qu&rsquo;on la retrouve ais\u00e9ment dans la gastronomie marocaine, assez largement.<\/p>\n<p>Por conseguinte, o desporto amlou\u00a0<strong>une harmonie de saveurs uniques, authentiques et assur\u00e9ment go\u00fbteuses aux papilles.<\/strong>\u00a0Voyons tout de suite avec quels genres d&rsquo;aliments le consommer pr\u00e9cis\u00e9ment.<\/p>\n<h2><strong>Como se deve comer amlou?<\/strong><\/h2>\n<p>Bien \u00e9videment aux vues de la sublime texture qu&rsquo;arbore la p\u00e2te \u00e0 tartiner marocaine, l&rsquo;amlou se savoure sur des aliments bien souvent neutres. Afin de profiter pleinement de ce go\u00fbt tout aussi inimitable qu&rsquo;excellent.\u00a0 Ce sera donc une merveille de\u00a0<strong>le d\u00e9guster au petit d\u00e9jeuner. Bien souvent tartin\u00e9 sur tout type de pains, cr\u00eapes, pancakes et msemen qui plus est.<\/strong><\/p>\n<p>En outre, ce que l&rsquo;on appr\u00e9cie de lui est qu&rsquo;<strong>\u00c9 parte integrante de uma dieta saud\u00e1vel.<\/strong>\u00a0Afinal de contas, o amlou est\u00e1 repleto de benef\u00edcios.<\/p>\n<h3><strong>Os benef\u00edcios do amlou<\/strong><\/h3>\n<p>Assur\u00e9ment l&rsquo;amlou pr\u00e9sente une composition qui renferme des produits mondialement reconnus pour leurs merveilleuses propri\u00e9t\u00e9s sur la sant\u00e9. D\u00e9j\u00e0\u00a0<strong>dans la m\u00e9decine proph\u00e9tique tous ces aliments sont reconnus comme des causes de gu\u00e9rison depuis toujours.<\/strong>\u00a0Como o <a href=\"https:\/\/1001vertus.com\/pt\/product-category\/meis\/\"><strong>mel<\/strong><\/a>, <a href=\"https:\/\/1001vertus.com\/pt\/product\/oleo-alimentar-dargan-certificado-biologico-e-ecocert\/\"><strong>\u00f3leo de arg\u00e3o<\/strong><\/a> et les amandes qui pr\u00e9sentent de magnifiques vertus incontestablement.<\/p>\n<h3><strong>La pr\u00e9sence du miel<\/strong><\/h3>\n<p>L&rsquo;efficacit\u00e9 du miel dans bien des cas n&rsquo;est assur\u00e9ment plus \u00e0 prouver. On retiendra notamment son efficacit\u00e9 dans le domaine de l&rsquo;immunit\u00e9, mais aussi sa performance\u00a0<strong>contra as afec\u00e7\u00f5es respirat\u00f3rias, urin\u00e1rias e digestivas,<\/strong>\u00a0incontestablement av\u00e9r\u00e9e. Le miel se veut tout aussi\u00a0<strong>anti-oxydant et antibact\u00e9rien<\/strong>, tout comme il aide \u00e0\u00a0<strong>une bonne croissance, r\u00e9g\u00e9n\u00e8re l\u2019h\u00e9moglobine et renforce le syst\u00e8me osseux.<\/strong><\/p>\n<h2><strong>Les amandes un alli\u00e9 sant\u00e9 incontestablement !<\/strong><\/h2>\n<p>As am\u00eandoas s\u00e3o conhecidas por\u00a0<strong>leur aide en cas de maux de t\u00eate.<\/strong>\u00a0En effet, la salicine qu&rsquo;elle renferme est un ingr\u00e9dient principal de l\u2019aspirine. En outre, leur richesse en nutriments les rendent utiles pour prevenir<strong>\u00a0l\u2019apparition des maladies cardio-vasculaires, mais aussi des cancers du c\u00f4lon et du diab\u00e8te<\/strong>.<\/p>\n<h3><strong>\u00d3leo de arg\u00e3o, o anti-oxidante essencial<\/strong><\/h3>\n<p>Este \u00f3leo \u00e9 rico em antioxidantes, nomeadamente em vitamina E. \u00c9\u00a0<strong>contribui para o bom funcionamento do f\u00edgado<\/strong>\u00a0pr\u00e9cis\u00e9ment. En outre, l&rsquo;huile d&rsquo;argan va\u00a0<strong>aider \u00e0 r\u00e9duire le taux de cholest\u00e9rol<\/strong>\u00a0bem como o risco de doen\u00e7a coron\u00e1ria.\u00a0<strong>les probl\u00e8mes d\u2019hypertension art\u00e9rielle<\/strong>. Por fim, ser\u00e1 igualmente \u00fatil na luta contra certos cancros.<\/p>\n<p>L&rsquo;amlou renferme donc de pr\u00e9cieuses propri\u00e9t\u00e9s. Attention cependant \u00e0 ne pas le consommer uniquement pour cela. Car l&rsquo;amlou n&rsquo;a bien entendu pas de vertus m\u00e9dicinales.<\/p>\n<p>Mas<strong>\u00a0son effet b\u00e9n\u00e9fique sur la sant\u00e9 est toutefois in\u00e9vitable.<\/strong>\u00a0En consommer r\u00e9guli\u00e8rement est donc une bonne pratique dans le cadre d&rsquo;une alimentation saine et vari\u00e9e. M\u00eame\u00a0<strong>les sportifs appr\u00e9cieront son fort apport en prot\u00e9ines qui plus est.<\/strong><\/p>\n<p>Enfin, pour terminer sur cette magnifique p\u00e2te \u00e0 tartiner naturelle. Sachez que ce que l&rsquo;on appr\u00e9cie de fa\u00e7on inconditionnelle, c&rsquo;est qu&rsquo;<strong>en plus de tous ces bienfaits notables, il s&rsquo;agit d&rsquo;une p\u00e2te \u00e0 tartiner sans huile de palme !<\/strong>\u00a0Assur\u00e9ment, encore un avantage qui font de l&rsquo;amlou un alli\u00e9 du quotidien au sublime go\u00fbt et \u00e0 la composition d\u00e9finitivement incroyable.<\/p>\n<p>Experimente, n\u00e3o se vai arrepender!<\/p>","protected":false},"excerpt":{"rendered":"<p>Le amlou est une p\u00e2te \u00e0 tartiner 100% naturelle traditionnelle du sud du Maroc .<\/p>\n<p>Il est compos\u00e9 de 3 aliments riches et sources de multiples vertus : le miel, l&rsquo;huile d&rsquo;argan et les amandes broy\u00e9es.<br \/>\nC&rsquo;est une v\u00e9ritable bombe nutritionnelle.<\/p>\n<p>Le amlou, une p\u00e2te \u00e0 tartiner savoureuse et saine \u00e0 consommer sans mod\u00e9ration !<\/p>","protected":false},"featured_media":14233,"template":"","meta":[],"product_brand":[],"product_cat":[29,28],"product_tag":[],"class_list":{"0":"post-594","1":"product","2":"type-product","3":"status-publish","4":"has-post-thumbnail","6":"product_cat-alimentation","7":"product_cat-medecine-sante","9":"first","10":"instock","11":"shipping-taxable","12":"purchasable","13":"product-type-simple"},"_links":{"self":[{"href":"https:\/\/1001vertus.com\/pt\/wp-json\/wp\/v2\/product\/594","targetHints":{"allow":["GET"]}}],"collection":[{"href":"https:\/\/1001vertus.com\/pt\/wp-json\/wp\/v2\/product"}],"about":[{"href":"https:\/\/1001vertus.com\/pt\/wp-json\/wp\/v2\/types\/product"}],"wp:featuredmedia":[{"embeddable":true,"href":"https:\/\/1001vertus.com\/pt\/wp-json\/wp\/v2\/media\/14233"}],"wp:attachment":[{"href":"https:\/\/1001vertus.com\/pt\/wp-json\/wp\/v2\/media?parent=594"}],"wp:term":[{"taxonomy":"product_brand","embeddable":true,"href":"https:\/\/1001vertus.com\/pt\/wp-json\/wp\/v2\/product_brand?post=594"},{"taxonomy":"product_cat","embeddable":true,"href":"https:\/\/1001vertus.com\/pt\/wp-json\/wp\/v2\/product_cat?post=594"},{"taxonomy":"product_tag","embeddable":true,"href":"https:\/\/1001vertus.com\/pt\/wp-json\/wp\/v2\/product_tag?post=594"}],"curies":[{"name":"wp","href":"https:\/\/api.w.org\/{rel}","templated":true}]}}