{"id":592,"date":"2018-06-28T14:05:05","date_gmt":"2018-06-28T13:05:05","guid":{"rendered":"https:\/\/1001vertus.com\/?post_type=product&#038;p=592"},"modified":"2026-04-24T04:04:47","modified_gmt":"2026-04-24T03:04:47","slug":"siwak-the-100-natural-toothbrush","status":"publish","type":"product","link":"https:\/\/1001vertus.com\/pt\/produit\/siwak-la-brosse-a-dent-100-naturelle\/","title":{"rendered":"Siwak, a escova de dentes natural 100%"},"content":{"rendered":"<p>Le siwak aussi appel\u00e9 <em>miswak<\/em> ou \u00ab\u00a0bois d&rsquo;araq (b\u00e2ton d\u2019arak)\u00a0\u00bb, est une racine utilis\u00e9e comme brosse \u00e0 dents naturelle.<\/p>\n<p>Ses vertus sont \u00e9normes c\u2019est pourquoi nous ne pouvions pas ne pas vendre ce produit 100% naturel.<\/p>\n<p>Le siwak est tr\u00e8s r\u00e9pandu au Moyen-Orient et en Afrique, mais les \u00e9tudes r\u00e9centes men\u00e9es en occident tendent \u00e0 d\u00e9mocratiser ce produit dans nos contr\u00e9es.<\/p>\n<p>Une \u00e9tude am\u00e9ricaine men\u00e9e en 2003 par le <em>Centro Nacional de Informa\u00e7\u00e3o Biotecnol\u00f3gica<\/em> a conclu que l&rsquo;usage du siwak est plus efficace que l&rsquo;usage d&rsquo;une brosse \u00e0 dents et l\u2019OMS (Organisation Mondiale de la Sant\u00e9) en a recommand\u00e9 l&rsquo;usage en 1986 puis en 2000.<\/p>\n<p>Quant \u00e0 l\u2019Assembl\u00e9e des Dentistes Am\u00e9ricains, elle a d\u00e9montr\u00e9 l\u2019incapacit\u00e9 de la brosse \u00e0 dents\u00a0\u00e0 \u00e9liminer toutes les bact\u00e9ries de la bouche,\u00a0contrairement au siwak\u00a0qui a\u00a0des capacit\u00e9s absorbantes. Apr\u00e8s 14 jours, les bact\u00e9ries transforment la brosse \u00e0 dents en un milieu de culture ad\u00e9quat. Le siwak, lui \u00e9limine les bact\u00e9ries.<\/p>\n<p>&nbsp;<\/p>\n<p>Parmi ses vertus\u00a0:<\/p>\n<p>- <strong>Purifie la bouche, \u00e9limine microbes et bact\u00e9ries<\/strong>.<\/p>\n<p>&#8211; Rend les <strong>dentes mais brancos<\/strong>.<\/p>\n<p>&#8211; Il <strong>\u00e9vite les caries<\/strong> et leur\u00a0extension.<\/p>\n<p>&#8211; Il <strong>combater o mau h\u00e1lito <\/strong>e <strong>am\u00e9liore le sens du go\u00fbt.<\/strong><\/p>\n<p>&#8211; Le simple fait de se frotter les dents avec un objet fibreux tel que le siwak permet de se <strong>d\u00e9barrasser de la plaque dentaire<\/strong>.<\/p>\n<p>&#8211; R<strong>aplica\u00e7\u00e3o de pastilhas el\u00e1sticas<\/strong>.<\/p>\n<p>&#8211; Il comporte aussi une substance qui <strong>ajuda a digest\u00e3o<\/strong>n e <strong>prot\u00e8ge les dents contre le tartre<\/strong>.<\/p>\n<p>&#8211; M\u00e2cher le siwak est un bon \u00abcoupe-faim\u00bb et active la production d\u2019hormones aux<strong> efeitos anti-stress<\/strong>. Un bon produit donc si vous essayez d\u2019<strong>arr\u00eater de fumer<\/strong>. D\u2019autant plus qu\u2019une \u00e9tude r\u00e9cente a montr\u00e9 le\u00a0besoin physiologique\u00a0dans la relation m\u00e9canique\u00a0entre la main et la bouche. Une raison de plus d\u2019opter pour le siwak lorsque l\u2019on veut arr\u00eater de fumer.<\/p>\n<p>Convencido? O seu baixo pre\u00e7o vai fazer com que queira experiment\u00e1-lo.<\/p>\n<p>Vous d\u00e9sirez en savoir plus ? Consulter notre <a href=\"https:\/\/1001vertus.com\/pt\/siwak-a-escova-de-dentes-do-milenio\/\">artigo de blogue<\/a>.<\/p>\n<p>&nbsp;<\/p>","protected":false},"excerpt":{"rendered":"<p>Le siwak aussi appel\u00e9 <em>miswak<\/em> ou \u00ab\u00a0bois d&rsquo;araq (b\u00e2ton d\u2019arak)\u00a0\u00bb, est une racine utilis\u00e9e comme brosse \u00e0 dents naturelle.<\/p>\n<p>Ses vertus sont \u00e9normes c\u2019est pourquoi nous ne pouvions pas ne pas vendre ce produit 100% naturel.<\/p>\n<p>Le siwak est tr\u00e8s r\u00e9pandu au Moyen-Orient et en Afrique, mais les \u00e9tudes r\u00e9centes men\u00e9es en occident tendent \u00e0 d\u00e9mocratiser ce produit dans nos contr\u00e9es.<\/p>","protected":false},"featured_media":1093,"template":"","meta":[],"product_brand":[],"product_cat":[28,27],"product_tag":[],"class_list":{"0":"post-592","1":"product","2":"type-product","3":"status-publish","4":"has-post-thumbnail","6":"product_cat-medecine-sante","7":"product_cat-bien-etre","9":"first","10":"instock","11":"shipping-taxable","12":"purchasable","13":"product-type-simple"},"_links":{"self":[{"href":"https:\/\/1001vertus.com\/pt\/wp-json\/wp\/v2\/product\/592","targetHints":{"allow":["GET"]}}],"collection":[{"href":"https:\/\/1001vertus.com\/pt\/wp-json\/wp\/v2\/product"}],"about":[{"href":"https:\/\/1001vertus.com\/pt\/wp-json\/wp\/v2\/types\/product"}],"wp:featuredmedia":[{"embeddable":true,"href":"https:\/\/1001vertus.com\/pt\/wp-json\/wp\/v2\/media\/1093"}],"wp:attachment":[{"href":"https:\/\/1001vertus.com\/pt\/wp-json\/wp\/v2\/media?parent=592"}],"wp:term":[{"taxonomy":"product_brand","embeddable":true,"href":"https:\/\/1001vertus.com\/pt\/wp-json\/wp\/v2\/product_brand?post=592"},{"taxonomy":"product_cat","embeddable":true,"href":"https:\/\/1001vertus.com\/pt\/wp-json\/wp\/v2\/product_cat?post=592"},{"taxonomy":"product_tag","embeddable":true,"href":"https:\/\/1001vertus.com\/pt\/wp-json\/wp\/v2\/product_tag?post=592"}],"curies":[{"name":"wp","href":"https:\/\/api.w.org\/{rel}","templated":true}]}}