{"id":5837,"date":"2022-02-23T19:06:43","date_gmt":"2022-02-23T18:06:43","guid":{"rendered":"https:\/\/1001vertus.com\/?post_type=product&#038;p=5837"},"modified":"2023-05-21T14:21:38","modified_gmt":"2023-05-21T13:21:38","slug":"cristais-de-menta","status":"publish","type":"product","link":"https:\/\/1001vertus.com\/pt\/produit\/cristaux-de-menthe\/","title":{"rendered":"Cristais de menta (ou mentol)"},"content":{"rendered":"<p>Os cristais de menta (ou mentol) s\u00e3o produzidos atrav\u00e9s da cristaliza\u00e7\u00e3o do \u00f3leo essencial de Mentha Arvensis. S\u00e3o portanto 100% naturais e prov\u00eam da flor de menta.<\/p>\n<p>O mentol \u00e9 conhecido pelo seu efeito refrescante e pelo seu aroma extremamente poderoso a mentol.<br \/>\nFoi descoberto no Jap\u00e3o h\u00e1 mais de 2.000 anos. \u00c9 um componente essencial da medicina chinesa e era tamb\u00e9m utilizado na alimenta\u00e7\u00e3o como aromatizante de bebidas refrescantes.<\/p>\n<p>Hoje em dia, \u00e9 muito utilizado na prepara\u00e7\u00e3o de cosm\u00e9ticos (pastas de dentes, desodorizantes, g\u00e9is leves para as pernas, b\u00e1lsamos labiais), elixires, etc. Mas tamb\u00e9m \u00e9 muito utilizado em produtos para desportistas, para ajudar a aquecer e a relaxar os m\u00fasculos, pois \u00e9 um potente analg\u00e9sico; ou em SPA e centros de sa\u00fade (nomeadamente para purificar o ar e desobstruir os br\u00f4nquios).<\/p>\n<h2><strong>Como \u00e9 que os cristais de menta funcionam?<\/strong><\/h2>\n<p>As mol\u00e9culas de mentol dos cristais de menta estimulam os receptores cut\u00e2neos do frio. Esta rea\u00e7\u00e3o reduz a sensibilidade da pele e confere-lhe propriedades analg\u00e9sicas, analg\u00e9sicas (dores musculares, pancadas, contus\u00f5es, hematomas) e anti-inflamat\u00f3rias (acalma irrita\u00e7\u00f5es, comich\u00f5es, etc.), sem esquecer um efeito \u00abfrio\u00bb muito refrescante.<br \/>\nOs cristais de mentol t\u00eam tamb\u00e9m propriedades antibacterianas e antivirais. Por isso, s\u00e3o ideais para elixires purificantes que tamb\u00e9m t\u00eam um efeito de h\u00e1lito fresco.<\/p>\n<h2><strong>Virtudes dos cristais de menta :<\/strong><\/h2>\n<p>Entre as suas virtudes:<br \/>\n- Desobstrui os br\u00f4nquios e descongestiona as vias respirat\u00f3rias,<br \/>\n- Combate as dores de garganta, as constipa\u00e7\u00f5es e a gripe, ,<br \/>\n- Alivia os narizes \u00abentupidos\u00bb (por inala\u00e7\u00e3o),<br \/>\n- Ajuda e aumenta a concentra\u00e7\u00e3o,<br \/>\n- Alivia as dores de cabe\u00e7a: aplicar localmente nas t\u00eamporas (cuidado para n\u00e3o aproximar demasiado dos olhos),<br \/>\n- Analg\u00e9sico, analg\u00e9sico: alivia dores localizadas, pancadas, incha\u00e7os e contus\u00f5es,<br \/>\n- Alivia a comich\u00e3o na pele: misturar um pouco de pomada e aplicar localmente,<br \/>\n- Pode ajudar a aliviar a congest\u00e3o (pernas pesadas, p\u00e9s inchados...),<br \/>\n- Relaxante e anti-stress,<br \/>\n- Efeito refrescante e arrepiante,<br \/>\n- Baton para os l\u00e1bios,<br \/>\n- Refresca o h\u00e1lito e disfar\u00e7a os odores desagrad\u00e1veis da boca.<\/p>\n<h2><strong>Modo de utiliza\u00e7\u00e3o :<\/strong><\/h2>\n<ul>\n<li>Incorporar nas suas prepara\u00e7\u00f5es cosm\u00e9ticas: diluir em \u00f3leo ou \u00e1lcool.<\/li>\n<li>Por evapora\u00e7\u00e3o: colocar numa tigela com \u00e1gua a ferver num canto da sala ou inalar diretamente.<\/li>\n<li>Diluir em ch\u00e1 de ervas, ch\u00e1 de menta ou outros ch\u00e1s. Ou derreter diretamente sobre a l\u00edngua.<\/li>\n<li>Misturar com um \u00f3leo virgem ou pomada para uma massagem.<\/li>\n<\/ul>\n<p><strong>Para cada uma destas utiliza\u00e7\u00f5es, um pequeno cristal de 3 mm \u00e9 tudo o que precisa.<\/strong><\/p>\n<p><u>Origem :<\/u> \u00cdndia<\/p>\n<p><u>Capacidade :<\/u> 20g<\/p>\n<h3><strong>Contra-indica\u00e7\u00f5es e efeitos secund\u00e1rios :<\/strong><\/h3>\n<p>- Estritamente proibido para beb\u00e9s e crian\u00e7as com menos de 36 meses, pode provocar um reflexo de apneia ou laringoespasmo.<br \/>\n- As mulheres gr\u00e1vidas ou a amamentar tamb\u00e9m n\u00e3o devem utiliz\u00e1-los. Nunca aplique um produto que contenha mentol nos seus seios se estiver a amamentar.<\/p>\n<p>- Utilizar em epil\u00e9pticos, asm\u00e1ticos ou pessoas com antecedentes de convuls\u00f5es.<br \/>\n- Evitar o contacto com os olhos e n\u00e3o aplicar f\u00f3rmulas \u00e0 base de mentol perto dos olhos.<br \/>\n- N\u00e3o utilizar em peles danificadas (queimaduras, feridas, eczemas, etc.), mucosas ou zonas sens\u00edveis.<br \/>\n- Possibilidade de rea\u00e7\u00e3o al\u00e9rgica: testar sempre os preparados na dobra do cotovelo 48 horas antes da utiliza\u00e7\u00e3o, para detetar qualquer poss\u00edvel rea\u00e7\u00e3o.<br \/>\n- Possibilidade de irrita\u00e7\u00e3o das vias respirat\u00f3rias, nomeadamente em caso de sobredosagem.<\/p>\n<p>Aten\u00e7\u00e3o! Embora esta subst\u00e2ncia n\u00e3o seja t\u00f3xica, \u00e9 aconselh\u00e1vel limitar a quantidade de cristais de menta que utiliza. Comece com uma pequena quantidade, para que possa aprender gradualmente a estimar a intensidade do efeito.<\/p>\n<p>Tamb\u00e9m \u00e9 importante lavar bem as m\u00e3os depois de manusear os cristais para evitar irrita\u00e7\u00f5es. Se os cristais n\u00e3o dilu\u00eddos entrarem em contacto com os olhos ou com uma ferida aberta, \u00e9 melhor enxaguar abundantemente com \u00e1gua.<\/p>\n<p>Conservar sempre os cristais de menta na sua embalagem original. Fechar a embalagem ap\u00f3s cada utiliza\u00e7\u00e3o. Escolha um local seco para evitar que a humidade derreta os cristais.<\/p>","protected":false},"excerpt":{"rendered":"<p>Os cristais de hortel\u00e3 (ou mentol) s\u00e3o derivados da cristaliza\u00e7\u00e3o do \u00f3leo de hortel\u00e3, pelo que s\u00e3o 100% naturais e prov\u00eam da flor de hortel\u00e3.<\/p>\n<p>Analg\u00e9sicos, t\u00eam muitas outras virtudes: desobstruem os br\u00f4nquios e descongestionam as vias respirat\u00f3rias, combatem as dores de garganta, as constipa\u00e7\u00f5es e as gripes, desentupem o nariz... Em poucas palavras, s\u00e3o um \u00abmust-have\u00bb de inverno!<\/p>\n<p>Mas tamb\u00e9m s\u00e3o utilizadas para massagens e prepara\u00e7\u00f5es cosm\u00e9ticas...<\/p>","protected":false},"featured_media":5818,"template":"","meta":[],"product_brand":[],"product_cat":[27,28],"product_tag":[],"class_list":{"0":"post-5837","1":"product","2":"type-product","3":"status-publish","4":"has-post-thumbnail","6":"product_cat-bien-etre","7":"product_cat-medecine-sante","9":"first","10":"instock","11":"shipping-taxable","12":"purchasable","13":"product-type-simple"},"_links":{"self":[{"href":"https:\/\/1001vertus.com\/pt\/wp-json\/wp\/v2\/product\/5837","targetHints":{"allow":["GET"]}}],"collection":[{"href":"https:\/\/1001vertus.com\/pt\/wp-json\/wp\/v2\/product"}],"about":[{"href":"https:\/\/1001vertus.com\/pt\/wp-json\/wp\/v2\/types\/product"}],"wp:featuredmedia":[{"embeddable":true,"href":"https:\/\/1001vertus.com\/pt\/wp-json\/wp\/v2\/media\/5818"}],"wp:attachment":[{"href":"https:\/\/1001vertus.com\/pt\/wp-json\/wp\/v2\/media?parent=5837"}],"wp:term":[{"taxonomy":"product_brand","embeddable":true,"href":"https:\/\/1001vertus.com\/pt\/wp-json\/wp\/v2\/product_brand?post=5837"},{"taxonomy":"product_cat","embeddable":true,"href":"https:\/\/1001vertus.com\/pt\/wp-json\/wp\/v2\/product_cat?post=5837"},{"taxonomy":"product_tag","embeddable":true,"href":"https:\/\/1001vertus.com\/pt\/wp-json\/wp\/v2\/product_tag?post=5837"}],"curies":[{"name":"wp","href":"https:\/\/api.w.org\/{rel}","templated":true}]}}