{"id":5699,"date":"2022-01-27T19:21:20","date_gmt":"2022-01-27T18:21:20","guid":{"rendered":"https:\/\/1001vertus.com\/?post_type=product&#038;p=5699"},"modified":"2024-10-07T12:31:38","modified_gmt":"2024-10-07T11:31:38","slug":"esponja-de-banho-natural-loofah-ou-loofah-100","status":"publish","type":"product","link":"https:\/\/1001vertus.com\/pt\/produit\/loofah-ou-luffa-leponge-de-bain-100-naturelle\/","title":{"rendered":"Loofah (ou luffa) &#8211; l&rsquo;\u00e9ponge de bain 100% naturelle"},"content":{"rendered":"<h2>Qu\u2019est-ce que la loofah ?<\/h2>\n<p>La loofah (ou luffa) est une plante grimpante (luffa aegyptiaca) appartenant \u00e0 la grande famille des cucurbitac\u00e9es. Son fruit, qui ressemble un peu \u00e0 une courgette ou un concombre, devient, une fois s\u00e9ch\u00e9, une \u00e9ponge naturelle qui s\u2019utilise comme un gant de crin.<br \/>\nC\u2019est d\u2019ailleurs pour cela qu\u2019on la surnome \u00ab\u00a0la courge-\u00e9ponge\u00a0\u00bb ou la \u00ab\u00a0courge du hammam\u00a0\u00bb.<\/p>\n<p>La loofah, couramment utilis\u00e9 en Asie et en Afrique, fait maintenant l\u2019unanimit\u00e9 en Europe, notamment pour son c\u00f4t\u00e9 \u00e9cologique\u00a0!<\/p>\n<h2>Vous avez dit \u00e9cologique ?<\/h2>\n<p>Contrairement aux \u00e9ponges synth\u00e9tiques bourr\u00e9es de produits chimiques ou aux \u00e9ponges marines provenant d\u2019une esp\u00e8ce animale, la loofah est l\u2019 alternative 100% naturelle et v\u00e9g\u00e9tale. De plus, elle est obtenue de mani\u00e8re artisanale et SANS aucun traitement ! Elle est donc 100% biod\u00e9gradable et compostable.<\/p>\n<h2>As virtudes da bucha :<\/h2>\n<p>A bucha \u00e9 utilizada na pele h\u00famida, no duche ou no banho.<\/p>\n<p>Elle est id\u00e9ale :<\/p>\n<ul>\n<li>Para <strong>esfoliar<\/strong>, c\u2019est-\u00e0-dire \u00e9liminer les peaux mortes\u00a0et les impuret\u00e9s.<\/li>\n<li>Para<strong> obter uma pele suave e limpa<\/strong>.<\/li>\n<li>Para <strong>pr\u00e9parer la peau avant une s\u00e9ance d&rsquo;\u00e9pilation ou de rasage<\/strong>.<\/li>\n<li>Para<strong> estimular a circula\u00e7\u00e3o sangu\u00ednea<\/strong>.<\/li>\n<li>Para <strong>combater a celulite e a pele casca de laranja<\/strong>.<\/li>\n<li>Para <strong>le gommage des zones r\u00e9put\u00e9es s\u00e8ches<\/strong> como os cotovelos, os joelhos ou os calcanhares.<\/li>\n<li>Para <strong>\u00e9liminer sans douleur les poils incarn\u00e9s sous la peau<\/strong>.<\/li>\n<li>Para o <strong>atletas<\/strong>: une exfoliation au loofah avant une s\u00e9ance de sport permet aux pores de la peau d&rsquo;\u00eatre largement ouverts pour l&rsquo;\u00e9vacuation de la transpiration et donc des toxines !<\/li>\n<\/ul>\n<p><strong>Mais ce n\u2019est pas son seul mode d\u2019utilisation\u00a0!<\/strong><\/p>\n<p>Il est \u00e9galement possible de se servir d\u2019une loofah :<\/p>\n<ul>\n<li>como <strong>\u00e9ponge pour la vaisselle<\/strong>. Appliquer le liquide vaisselle sur la loofah humide. Apr\u00e8s utilisation, bien rincer et essorer.<\/li>\n<li>como<strong> \u00e9ponge de nettoyage pour la carrosserie de la voiture, les plaques vitroc\u00e9ramiques et m\u00eame le cuir ou le bois<\/strong>. Elle nettoie et d\u00e9sincruste sans rayer et convient \u00e0 tous les produits d\u2019entretien naturels.<\/li>\n<li>Ou como <strong>saboneteira<\/strong>. Ce dernier s\u00e9chera beaucoup plus rapidement !<\/li>\n<\/ul>\n<h2>Comment l\u2019utiliser\u00a0?<\/h2>\n<p>On se sert de la loofah comme une \u00e9ponge\u00a0: on la mouille et on frotte pour enlever les peaux mortes.<\/p>\n<p>Pode adicionar um pouco de sab\u00e3o para que deslize mais facilmente.<\/p>\n<p>Pour info, plus elle sera humide, moins elle sera r\u00e2peuse. Il faut donc l\u2019humidifiez \u00e0 votre convenance\u00a0: si vous souhaitez qu\u2019elle reste plus r\u00eache, pour un gommage plus efficace, mouiller la l\u00e9g\u00e8rement.<\/p>\n<p>Frottez votre corps en faisant des mouvements circulaires, tout en exer\u00e7ant une pression moyenne.<\/p>\n<p>Si vous l\u2019utilisez pour votre visage, exercez alors une pression l\u00e9g\u00e8re. \u00c9viter les zones sensibles.<\/p>\n<p>Apr\u00e8s utilisation, rincez-vous.<\/p>\n<h2>\u00c0 quelle fr\u00e9quence utiliser le loofah ?<\/h2>\n<p>Pour les parties du corps les plus rugueuses (coudes, genoux\u2026) vous pouvez l\u2019utiliser quotidiennement.<\/p>\n<p>Pour le reste du corps, vous pouvez l&rsquo;utiliser, 1 fois par semaine, ou tous les 15 jours pour les peaux s\u00e8ches.<\/p>\n<h2>Comment l\u2019entretenir\u00a0?<\/h2>\n<p>Pensez \u00e0 bien rincer votre \u00e9ponge \u00e0 l\u2019eau tr\u00e8s chaude (pour extraire tous les r\u00e9sidus de <a href=\"https:\/\/1001vertus.com\/pt\/product-category\/bem-estar\/sabao\/\"><strong>sab\u00e3o<\/strong><\/a>) et \u00e0 bien la faire s\u00e9cher \u00e0 l\u2019air libre, gr\u00e2ce \u00e0 sa cordelette, apr\u00e8s chaque utilisation.<\/p>\n<p>Laver r\u00e9guli\u00e8rement votre luffa \u00e0 l\u2019eau bouillante ou au lave-linge \u00e0 60 degr\u00e9s. Cela permettra entre autres d\u2019\u00e9liminer les bact\u00e9ries.<\/p>\n<h2>Dur\u00e9e de vie :<\/h2>\n<p>Bien entretenu, votre loofah peut durer plusieurs mois et pourra s\u2019utiliser entre 50 et 90 fois.<\/p>\n<h2>Notre loofah\u00a0:<\/h2>\n<p>Taille approximative : 10cm de long et 6cm de diam\u00e8tre<\/p>\n<p>Cette \u00e9ponge est un produit naturel, les dimensions peuvent donc varier l\u00e9g\u00e8rement d\u2019une \u00e9ponge \u00e0 l\u2019autre.<\/p>\n<p>Elle est vendue en vrac (sans emballage ni blister). Si elle est aplatie durant le voyage, pas de panique, elle se d\u00e9pliera et s&rsquo;adoucira une fois mouill\u00e9e.<\/p>\n<p>Notre loofah est \u00e9quip\u00e9e d\u2019une <strong>cord\u00e3o<\/strong> pour un s\u00e9chage optimal.<\/p>","protected":false},"excerpt":{"rendered":"<p>La loofah, ou luffa, est une \u00e9ponge de bain 100% naturelle, \u00e9cologique et biod\u00e9gradable pour exfolier la peau et lui rendre toute sa douceur !<\/p>\n<p>Un indispensable pour tous les adeptes du z\u00e9ro d\u00e9chet, id\u00e9al pour entretenir sa peau et l\u2019entretien de la maison !<\/p>","protected":false},"featured_media":5700,"template":"","meta":[],"product_brand":[],"product_cat":[27],"product_tag":[],"class_list":{"0":"post-5699","1":"product","2":"type-product","3":"status-publish","4":"has-post-thumbnail","6":"product_cat-bien-etre","8":"first","9":"outofstock","10":"shipping-taxable","11":"purchasable","12":"product-type-simple"},"_links":{"self":[{"href":"https:\/\/1001vertus.com\/pt\/wp-json\/wp\/v2\/product\/5699","targetHints":{"allow":["GET"]}}],"collection":[{"href":"https:\/\/1001vertus.com\/pt\/wp-json\/wp\/v2\/product"}],"about":[{"href":"https:\/\/1001vertus.com\/pt\/wp-json\/wp\/v2\/types\/product"}],"wp:featuredmedia":[{"embeddable":true,"href":"https:\/\/1001vertus.com\/pt\/wp-json\/wp\/v2\/media\/5700"}],"wp:attachment":[{"href":"https:\/\/1001vertus.com\/pt\/wp-json\/wp\/v2\/media?parent=5699"}],"wp:term":[{"taxonomy":"product_brand","embeddable":true,"href":"https:\/\/1001vertus.com\/pt\/wp-json\/wp\/v2\/product_brand?post=5699"},{"taxonomy":"product_cat","embeddable":true,"href":"https:\/\/1001vertus.com\/pt\/wp-json\/wp\/v2\/product_cat?post=5699"},{"taxonomy":"product_tag","embeddable":true,"href":"https:\/\/1001vertus.com\/pt\/wp-json\/wp\/v2\/product_tag?post=5699"}],"curies":[{"name":"wp","href":"https:\/\/api.w.org\/{rel}","templated":true}]}}