{"id":5305,"date":"2021-11-21T12:50:24","date_gmt":"2021-11-21T11:50:24","guid":{"rendered":"https:\/\/1001vertus.com\/?post_type=product&#038;p=5305"},"modified":"2023-09-13T18:15:35","modified_gmt":"2023-09-13T17:15:35","slug":"oleo-de-costo-da-india","status":"publish","type":"product","link":"https:\/\/1001vertus.com\/pt\/produit\/huile-de-costus-indien\/","title":{"rendered":"\u00d3leo de costo da \u00cdndia - 1001 VERTUS"},"content":{"rendered":"<p>O costus indiano, em \u00e1rabe Qyst Al-Hindi, assemelha-se a uma raiz castanha seca no seu estado inicial, origin\u00e1ria da \u00c1sia e do M\u00e9dio Oriente.<br \/>\n\u00c9 um medicamento natural muito utilizado nestas regi\u00f5es do mundo pelas suas numerosas propriedades terap\u00eauticas. \u00c9 utilizada na medicina tradicional chinesa e ayurv\u00e9dica.<\/p>\n<p>O costo indiano \u00e9 tamb\u00e9m muito reputado entre os mu\u00e7ulmanos, pois faz parte da medicina prof\u00e9tica e figura em v\u00e1rios relatos prof\u00e9ticos.<\/p>\n<p>Dispon\u00edvel em forma de \u00f3leo, pode agora utiliz\u00e1-lo mais facilmente em massagens, aplicado localmente ou internamente.<\/p>\n<h2>Origem do costus indiano :<\/h2>\n<p>Utilizado h\u00e1 muito tempo na \u00cdndia e no M\u00e9dio Oriente, este rem\u00e9dio \u00fanico proporciona um al\u00edvio r\u00e1pido das dores de cabe\u00e7a.<br \/>\nNas regi\u00f5es onde os dispens\u00e1rios se encontram por vezes a horas de dist\u00e2ncia a p\u00e9, a costela-da-\u00edndia pode ser utilizada para tratar uma grande variedade de doen\u00e7as: dificuldades respirat\u00f3rias, am\u00edgdalas inchadas, problemas dent\u00e1rios, etc.<\/p>\n<p>&nbsp;<\/p>\n<h2>Benef\u00edcios do \u00f3leo de costo da \u00cdndia :<\/h2>\n<p>Os benef\u00edcios do \u00f3leo de costo da \u00cdndia s\u00e3o t\u00e3o numerosos como na sua forma original:<\/p>\n<ul>\n<li>Facilita a digest\u00e3o limpando o trato digestivo.<\/li>\n<li>Refor\u00e7a o sistema imunit\u00e1rio.<\/li>\n<li>Elimina bact\u00e9rias, infec\u00e7\u00f5es e germes nocivos.<\/li>\n<li>Ajuda a tratar problemas respirat\u00f3rios como a asma, a bronquite e a tosse cr\u00f3nica.<\/li>\n<li>Alivia as dores articulares e musculares.<\/li>\n<li>Alivia as c\u00e3ibras musculares.<\/li>\n<li>Trata os problemas de pele: eczema, psor\u00edase, etc.<\/li>\n<li>Remove a pel\u00edcula.<\/li>\n<li>Tratamento de doen\u00e7as orais.<\/li>\n<li>Retarda o envelhecimento celular eliminando os radicais livres. Abranda o aparecimento de rugas e manchas de idade.<\/li>\n<li>Ajuda a eliminar bact\u00e9rias e infec\u00e7\u00f5es em feridas abertas.<\/li>\n<li>Utilizado para tratar \u00falceras graves.<\/li>\n<\/ul>\n<p>&nbsp;<\/p>\n<h2>Modo de utiliza\u00e7\u00e3o :<\/h2>\n<p>O \u00f3leo de costo da \u00cdndia pode ser utilizado por via oral e t\u00f3pica.<\/p>\n<p><u>Via oral :<\/u> Uma colher de ch\u00e1 de manh\u00e3 com o est\u00f4mago vazio e outra \u00e0 noite antes de se deitar.<\/p>\n<p>Pode diluir o \u00f3leo em sumo de fruta ou mistur\u00e1-lo com mel para reduzir o seu sabor forte.<\/p>\n<p><u>Aplica\u00e7\u00e3o local :<\/u> Deite algumas gotas de \u00f3leo na palma da m\u00e3o e massaje suavemente a zona em quest\u00e3o.<\/p>\n<p>&nbsp;<\/p>\n<p>No nosso s\u00edtio Web, pode tamb\u00e9m encontrar o costus indiano sob a forma de <a href=\"https:\/\/1001vertus.com\/pt\/product\/po-de-costela-da-india\/\">p\u00f3<\/a> ou <a href=\"https:\/\/1001vertus.com\/pt\/product\/gelules-bio-de-costus-indien\/\">c\u00e1psulas<\/a>, para facilitar a absor\u00e7\u00e3o.<\/p>\n<p>&nbsp;<\/p>\n<h2>Precau\u00e7\u00f5es de utiliza\u00e7\u00e3o :<\/h2>\n<p>N\u00e3o recomendamos este produto a mulheres gr\u00e1vidas ou a amamentar, nem a crian\u00e7as muito pequenas (com menos de 3 anos).<\/p>\n<p>A aplica\u00e7\u00e3o cut\u00e2nea requer um teste pr\u00e9vio de alergia, por exemplo, na dobra do cotovelo.<\/p>\n<p>Conservar num local fresco e seco, ao abrigo da luz.<\/p>\n<p>&nbsp;<\/p>\n<p>Este \u00f3leo de costus \u00e9 um macerado oleoso natural 100% feito a partir de azeite extra-virgem marroquino. O nosso \u00f3leo de costus \u00e9 de qualidade alimentar e cosm\u00e9tica.<\/p>\n<p><u>Ingredientes INCI :<\/u> \u00d3leo de frutos de Olea europaea, Saussurea costus<\/p>\n<p><u>Capacidade :<\/u> 50ml<\/p>\n<p><u>Origem :<\/u> Marrocos<\/p>\n<p>&nbsp;<\/p>","protected":false},"excerpt":{"rendered":"<p>Descubra todas as virtudes do costo indiano, este rem\u00e9dio milenar, em forma de \u00f3leo.<\/p>\n<p>Este macerado oleoso de qualidade cosm\u00e9tica e alimentar \u00e9 ideal para massajar as zonas dolorosas, para aplica\u00e7\u00f5es locais (pele e couro cabeludo) ou para uso interno.<\/p>","protected":false},"featured_media":5819,"template":"","meta":[],"product_brand":[],"product_cat":[15,27,28,96],"product_tag":[],"class_list":{"0":"post-5305","1":"product","2":"type-product","3":"status-publish","4":"has-post-thumbnail","6":"product_cat-huiles-bio","7":"product_cat-bien-etre","8":"product_cat-medecine-sante","9":"product_cat-roqya-chariya","11":"first","12":"instock","13":"shipping-taxable","14":"purchasable","15":"product-type-simple"},"_links":{"self":[{"href":"https:\/\/1001vertus.com\/pt\/wp-json\/wp\/v2\/product\/5305","targetHints":{"allow":["GET"]}}],"collection":[{"href":"https:\/\/1001vertus.com\/pt\/wp-json\/wp\/v2\/product"}],"about":[{"href":"https:\/\/1001vertus.com\/pt\/wp-json\/wp\/v2\/types\/product"}],"wp:featuredmedia":[{"embeddable":true,"href":"https:\/\/1001vertus.com\/pt\/wp-json\/wp\/v2\/media\/5819"}],"wp:attachment":[{"href":"https:\/\/1001vertus.com\/pt\/wp-json\/wp\/v2\/media?parent=5305"}],"wp:term":[{"taxonomy":"product_brand","embeddable":true,"href":"https:\/\/1001vertus.com\/pt\/wp-json\/wp\/v2\/product_brand?post=5305"},{"taxonomy":"product_cat","embeddable":true,"href":"https:\/\/1001vertus.com\/pt\/wp-json\/wp\/v2\/product_cat?post=5305"},{"taxonomy":"product_tag","embeddable":true,"href":"https:\/\/1001vertus.com\/pt\/wp-json\/wp\/v2\/product_tag?post=5305"}],"curies":[{"name":"wp","href":"https:\/\/api.w.org\/{rel}","templated":true}]}}