{"id":5207,"date":"2025-02-27T12:54:21","date_gmt":"2025-02-27T11:54:21","guid":{"rendered":"https:\/\/1001vertus.com\/?post_type=product&#038;p=5207"},"modified":"2026-04-07T05:27:38","modified_gmt":"2026-04-07T04:27:38","slug":"colagenio-marinho-e-vitamina-c-em-capsulas-90-capsulas-physio-source","status":"publish","type":"product","link":"https:\/\/1001vertus.com\/pt\/produit\/gelules-collagene-marin-et-vitamine-c-90-gelules-physio-source\/","title":{"rendered":"G\u00e9lules Collag\u00e8ne marin et Vitamine C (60 g\u00e9lules) \u2013 L&rsquo;artisan bien-\u00eatre"},"content":{"rendered":"<p>Le collag\u00e8ne est l\u2019une des prot\u00e9ines les plus abondantes chez les vert\u00e9br\u00e9s. Elle est pr\u00e9sente chez les poissons mais aussi chez l\u2019Homme.<\/p>\n<p>Au sein de l\u2019organisme humain, elle compose plus de 80% des tissus conjonctifs (derme, os, cartilage, tendons) et y joue un r\u00f4le cl\u00e9. Elle fait partie de ce que les scientifiques nomment la matrice extracellulaire ou ciment intercellulaire car elle assure la coh\u00e9sion et la r\u00e9sistance des tissus. De cette fa\u00e7on, le collag\u00e8ne contribue notamment \u00e0 la r\u00e9sistance des tendons, \u00e0 l\u2019\u00e9lasticit\u00e9 de la peau et \u00e0 la souplesse des articulations.<\/p>\n<p>Malgr\u00e9 son importance, le collag\u00e8ne peut venir \u00e0 manquer au fil des ann\u00e9es. En effet, la production de cette prot\u00e9ine a tendance \u00e0 diminuer avec l\u2019\u00e2ge et peut \u00eatre, en plus, affect\u00e9e par de nombreux facteurs : en cas de stress, d\u2019efforts physiques intenses, d\u2019infections, de pollution, de consommation de tabac ou d\u2019alcool, d\u2019un manque de vitamine C, d\u2019un d\u00e9s\u00e9quilibre hormonal\u2026<br \/>\nOn consid\u00e8re souvent que la synth\u00e8se de collag\u00e8ne diminue en moyenne de 1,5 % par an d\u00e8s l\u2019\u00e2ge de 25 ans. Le niveau de ses r\u00e9serves peut ainsi \u00eatre r\u00e9duit de 30% \u00e0 40 ans, de 45% \u00e0 50 ans et de 60% \u00e0 60 ans !<\/p>\n<p>Un manque de collag\u00e8ne peut avoir de nombreuses r\u00e9percussions sur les tissus et le fonctionnement de nombreux organes, d\u2019o\u00f9 l\u2019int\u00e9r\u00eat d\u2019une suppl\u00e9mentation en collag\u00e8ne.<br \/>\nLe terme collag\u00e8ne signifie en grec \u00ab producteur de colle \u00bb. Une d\u00e9finition qui illustre bien son r\u00f4le cl\u00e9 pour la coh\u00e9sion des tissus conjonctifs au sein de l\u2019organisme (derme, os, cartilage, tendons).<\/p>\n<p>&nbsp;<\/p>\n<h2>Qu\u2019est-ce que le collag\u00e8ne marin\u00a0?<\/h2>\n<p>Le collag\u00e8ne marin est plut\u00f4t r\u00e9cent sur le march\u00e9 des compl\u00e9ments alimentaires.<\/p>\n<p>Pendant un temps, les suppl\u00e9ments de collag\u00e8ne \u00e9taient uniquement formul\u00e9s \u00e0 partir de g\u00e9latine animale. Celle-ci \u00e9tait obtenue par diff\u00e9rents traitements sur les os et la peau de bovins ou de porc.<\/p>\n<p>Le collag\u00e8ne marin est quant \u00e0 lui directement obtenu par extraction de la peau, des ar\u00eates et des \u00e9cailles de poissons. Cette forme est fortement pl\u00e9biscit\u00e9e en suppl\u00e9mentation nutritionnelle mais pas uniquement. Elle est aussi utilis\u00e9e en cosm\u00e9tique pour la formulation de cr\u00e8mes anti-\u00e2ge et en biom\u00e9decine pour l\u2019\u00e9laboration de pansements, de peaux artificielles et de mati\u00e8res pour la reconstruction osseuse.<\/p>\n<p>&nbsp;<\/p>\n<h2>Benef\u00edcios:<\/h2>\n<ul>\n<li><strong>A\u00e7\u00e3o anti-envelhecimento<\/strong><\/li>\n<\/ul>\n<p>De nombreuses \u00e9tudes ont confirm\u00e9 qu&rsquo;il permettait de lutter contre le vieillissement de la peau mais aussi contre certains effets de l\u2019\u00e2ge comme les rides ou ridules.<\/p>\n<p>Les chercheurs ont constat\u00e9 qu\u2019il pouvait contribuer \u00e0 am\u00e9liorer la protection, l\u2019hydratation, l\u2019\u00e9lasticit\u00e9 et la qualit\u00e9 de la peau. Autrement dit, il peut \u00eatre per\u00e7u comme un anti-\u00e2ge naturel, un anti-rides ou encore un agent photo-protecteur.<br \/>\nIl est particuli\u00e8rement b\u00e9n\u00e9fique pour le soin des peaux matures et pour les peaux expos\u00e9es aux agressions ext\u00e9rieures (pollution, froid\u2026).<\/p>\n<ul>\n<li>Il est b\u00e9n\u00e9fique pour le <strong>conforto articular<\/strong>.<\/li>\n<\/ul>\n<p>Plusieurs \u00e9tudes ont montr\u00e9 qu\u2019une cure en collag\u00e8ne marin pouvait permettre de soulager les douleurs articulaires. D\u2019autres travaux ont quant \u00e0 eux montr\u00e9 qu\u2019une suppl\u00e9mentation pouvait pr\u00e9server la sant\u00e9 articulaire et ainsi pr\u00e9venir la d\u00e9gradation des articulations et les douleurs associ\u00e9es.<\/p>\n<ul>\n<li>Luta ativamente contra <strong>douleurs articulaires, ligamentaires, les rhumatismes et l\u2019arthrose.<\/strong><\/li>\n<\/ul>\n<p>Il est conseill\u00e9 pour les personnes souffrant de rhumatismes, il permet de restructurer le cartilage qui est compos\u00e9 \u00e0 67 %\u00a0 de collag\u00e8ne.<br \/>\nIl contribue \u00e9galement \u00e0 retrouver un confort de vie pour les personnes souffrant d\u2019arthrose en apportant un lubrifiant-assouplissant efficace.<\/p>\n<ul>\n<li>Il est b\u00e9n\u00e9fique pour les <strong>cabelo\u00a0<\/strong>: ils sont plus forts, plus \u00e9pais, et ce, \u00e0 tous \u00e2ges.<\/li>\n<\/ul>\n<p>&nbsp;<\/p>\n<h2>Le collag\u00e8ne marin, pour qui\u00a0?<\/h2>\n<p>Il est conseill\u00e9 quasiment \u00e0 tous\u00a0: aux seniors, aux sportifs, aux personnes ayant des pouss\u00e9es de croissance, celles ayant des probl\u00e8mes articulaires, ou souffrant de rhumatismes. Mais aussi pour lutter contre le vieillissement pr\u00e9matur\u00e9 de la peau ou encore estomper les rides\u2026<\/p>\n<p>Les fumeurs peuvent \u00e9galement en manquer. En effet, la synth\u00e8se du collag\u00e8ne par l&rsquo;organisme n\u00e9cessite, parmi d&rsquo;autres \u00e9l\u00e9ments, la pr\u00e9sence d&rsquo;eau et de vitamine C. C&rsquo;est pour cette raison que les fumeurs ont un vieillissement cutan\u00e9 pr\u00e9coce, car la consommation de tabac entra\u00eene une surconsommation de vitamine C, et donc un impact n\u00e9gatif sur la synth\u00e8se de collag\u00e8ne.<\/p>\n<p>&nbsp;<\/p>\n<h2>Pourquoi devrais-je pr\u00e9f\u00e9rer le collag\u00e8ne marin au collag\u00e8ne bovin ?<\/h2>\n<p>Le collag\u00e8ne marin est donc absorb\u00e9 1,5 fois plus rapidement par l&rsquo;organisme et a une meilleure biodisponibilit\u00e9 que d&rsquo;autres types de collag\u00e8ne, comme celui de b\u0153uf ou de porc.<br \/>\nDe plus, le collag\u00e8ne marin est fabriqu\u00e9 \u00e0 partir d&rsquo;ingr\u00e9dients naturels, soit des co-produits issus de la transformation des produits de la mer et non utilis\u00e9s pour la consommation humaine.<\/p>\n<p>&nbsp;<\/p>\n<h2>Pourquoi nos g\u00e9lules contiennent \u00e9galement de la vitamine C ?<\/h2>\n<p>La Vitamine C contribue \u00e0 la formation normale de collag\u00e8ne pour assurer la fonction normale des os et des cartilages.<\/p>\n<p>De plus, le potentiel anti-\u00e2ge du collag\u00e8ne marin semble \u00eatre renforc\u00e9 lorsqu\u2019il est associ\u00e9 \u00e0 d\u2019autres principes actifs comme la vitamine C et l\u2019acide hyaluronique.<\/p>\n<p>&nbsp;<\/p>\n<p><strong><u>Capacidade :<\/u><\/strong> 90 g\u00e9lules dos\u00e9es \u00e0 220 mg<\/p>\n<p><strong><u>Ingredientes:<\/u> <\/strong>Collagene marin hydrolys\u00e9 : 200 mg, gluconate de manganese, extrait de fruits d\u2019ac\u00e9rola (Malpighia punicifolia) \u00e0 25%, vitamine C. Excipient.<br \/>\nG\u00e9lule \u00e0 la g\u00e9latine marine.<\/p>\n<p><strong><u>Conseil d\u2019utilisation :<\/u> <\/strong>3 g\u00e9lules par jour, le soir<\/p>\n<p>Il est possible de faire des cures de 3 \u00e0 6 mois, \u00e0 renouveler si besoin.<\/p>\n<p><strong>Uma dose di\u00e1ria fornece :<\/strong><br \/>\nCollag\u00e8ne marin : 600 mg<br \/>\nAc\u00e9rola : 29,4 mg<br \/>\nVitamina C: 7,35 mg (12% dos VNRs*)<br \/>\nMangan\u00e8se : 3,5 mg<br \/>\n* Valeurs Nutritionnelles de R\u00e9f\u00e9rence<\/p>\n<p><em>Ce compl\u00e9ment alimentaire n\u2019est pas un m\u00e9dicament et doit \u00eatre utilis\u00e9 dans le cadre d\u2019un r\u00e9gime alimentaire vari\u00e9. Ne pas d\u00e9passer la dose journali\u00e8re indiqu\u00e9e. <\/em><br \/>\n<em>Tenir hors de port\u00e9e des jeunes enfants. D\u00e9conseill\u00e9 aux femmes enceintes ou allaitant.<\/em><\/p>","protected":false},"excerpt":{"rendered":"<p>Le collag\u00e8ne marin est particuli\u00e8rement r\u00e9put\u00e9 pour son action anti-vieillissement et ses b\u00e9n\u00e9fices sur le confort articulaire et ligamentaire.<\/p>\n<p>Il est conseill\u00e9 aux seniors, aux sportifs, pour les probl\u00e8mes articulaires, pour les pouss\u00e9es de croissance, les personnes souffrant de rhumatismes, pour lutter contre le vieillissement pr\u00e9matur\u00e9 de la peau ou encore estomper les rides\u2026<\/p>","protected":false},"featured_media":37479,"template":"","meta":[],"product_brand":[],"product_cat":[108],"product_tag":[],"class_list":{"0":"post-5207","1":"product","2":"type-product","3":"status-publish","4":"has-post-thumbnail","6":"product_cat-rupture-de-stock","8":"first","9":"instock","10":"shipping-taxable","11":"purchasable","12":"product-type-simple"},"_links":{"self":[{"href":"https:\/\/1001vertus.com\/pt\/wp-json\/wp\/v2\/product\/5207","targetHints":{"allow":["GET"]}}],"collection":[{"href":"https:\/\/1001vertus.com\/pt\/wp-json\/wp\/v2\/product"}],"about":[{"href":"https:\/\/1001vertus.com\/pt\/wp-json\/wp\/v2\/types\/product"}],"wp:featuredmedia":[{"embeddable":true,"href":"https:\/\/1001vertus.com\/pt\/wp-json\/wp\/v2\/media\/37479"}],"wp:attachment":[{"href":"https:\/\/1001vertus.com\/pt\/wp-json\/wp\/v2\/media?parent=5207"}],"wp:term":[{"taxonomy":"product_brand","embeddable":true,"href":"https:\/\/1001vertus.com\/pt\/wp-json\/wp\/v2\/product_brand?post=5207"},{"taxonomy":"product_cat","embeddable":true,"href":"https:\/\/1001vertus.com\/pt\/wp-json\/wp\/v2\/product_cat?post=5207"},{"taxonomy":"product_tag","embeddable":true,"href":"https:\/\/1001vertus.com\/pt\/wp-json\/wp\/v2\/product_tag?post=5207"}],"curies":[{"name":"wp","href":"https:\/\/api.w.org\/{rel}","templated":true}]}}