{"id":5174,"date":"2021-10-24T14:16:29","date_gmt":"2021-10-24T13:16:29","guid":{"rendered":"https:\/\/1001vertus.com\/?post_type=product&#038;p=5174"},"modified":"2023-11-12T17:48:51","modified_gmt":"2023-11-12T16:48:51","slug":"ginkgo-biloba-organico-em-capsulas-physio-source","status":"publish","type":"product","link":"https:\/\/1001vertus.com\/pt\/produit\/gelules-de-ginkgo-biloba-bio-physio-source\/","title":{"rendered":"G\u00e9lules de Ginkgo Biloba BIO &#8211; Physio Source"},"content":{"rendered":"<p>Surnomm\u00e9 \u00ab\u00a0l\u2019arbre de jouvence\u00a0\u00bb ou \u00ab\u00a0l\u2019arbre fossile\u00a0\u00bb, cet arbre majestueux est la plus ancienne esp\u00e8ce d\u2019arbre terrestre et daterait d\u2019avant l\u2019apparition des dinosaures.<br \/>\nCet arbre immense, pouvant mesurer jusqu\u2019\u00e0 40 m\u00e8tres de haut, peut vivre au-del\u00e0 de 1000 ans et poss\u00e8de une r\u00e9sistance exceptionnelle. Il a ainsi surv\u00e9cu aux diff\u00e9rentes p\u00e9riodes glaciaires, puis beaucoup plus r\u00e9cemment, a \u00e9t\u00e9 le premier v\u00e9g\u00e9tal \u00e0 repousser sur l\u2019\u00eele d\u2019Hiroshima, suite au bombardement atomique. Une long\u00e9vit\u00e9 et une r\u00e9sistance exceptionnelles dont nous tirons des vertus.<\/p>\n<h2>\nLe ginkgo biloba \u00e0 travers le temps\u00a0:<\/h2>\n<p>Les premiers usages m\u00e9dicinaux du ginkgo remonteraient en Chine, \u00e0 2600 ans avant JC, et sont mentionn\u00e9s dans le trait\u00e9 de mati\u00e8re m\u00e9dicale Chen Noung Pen T&rsquo;sao. On y explique qu\u2019\u00e0 l\u2019\u00e9poque, c\u2019est le noyau du fruit de l\u2019arbre qui \u00e9tait utilis\u00e9 comme m\u00e9dicament pour traiter les troubles respiratoires et l&rsquo;asthme.<\/p>\n<p>En 1730, le ginkgo est implant\u00e9 en Europe puis sur le continent am\u00e9ricain, o\u00f9 il est d\u2019abord appr\u00e9ci\u00e9 pour ses qualit\u00e9s ornementales et sa r\u00e9sistance. Ce n\u2019est que dans les ann\u00e9es 1950, que des chercheurs allemands \u00e9tudient l\u2019efficacit\u00e9 m\u00e9dicinale de l\u2019extrait normalis\u00e9 de feuilles de ginkgo (plut\u00f4t que des noyaux), sur l\u2019att\u00e9nuation du d\u00e9clin cognitif chez les personnes \u00e2g\u00e9es. En Europe, on consid\u00e8re g\u00e9n\u00e9ralement que l\u2019extrait normalis\u00e9 de ginkgo est au moins aussi efficace que les m\u00e9dicaments classiques pour retarder la progression de la maladie d\u2019Alzheimer ainsi que pour att\u00e9nuer d&rsquo;autres troubles li\u00e9s au d\u00e9clin des fonctions cognitives.<\/p>\n<p>D\u2019ailleurs, en Allemagne l\u2019extrait de ginkgo biloba (EGb\u00a0761) fait partie des m\u00e9dicaments sur ordonnance les plus prescrits. Il est notamment utilis\u00e9 pour traiter l\u2019insuffisance circulatoire c\u00e9r\u00e9brale, une affection qui inclut les sympt\u00f4mes suivants\u00a0: troubles de la m\u00e9moire et de la concentration, confusion, d\u00e9pression, anxi\u00e9t\u00e9, \u00e9tourdissements, acouph\u00e8nes et maux de t\u00eate.<\/p>\n<p>L\u2019arbre est maintenant cultiv\u00e9 un peu partout dans le monde afin de r\u00e9pondre aux besoins de l\u2019industrie des extraits m\u00e9dicinaux de cette plante. On retrouve de grandes plantations commerciales de ginkgo dans l\u2019ouest de la France, en Caroline du Sud (\u00c9tats-Unis), au Japon, en Cor\u00e9e et en Chine.<\/p>\n<p>&nbsp;<\/p>\n<h2>\nBenef\u00edcios e virtudes :<\/h2>\n<p>L&rsquo;efficacit\u00e9 de ses feuilles est reconnue comme cliniquement prouv\u00e9e par l&rsquo;Organisation Mondiale de la Sant\u00e9. L&rsquo;usage traditionnel du ginkgo est \u00e9galement reconnu par la Coop\u00e9ration Scientifique Europ\u00e9enne en Phytoth\u00e9rapie (ESCOP). Il fait partie des plantes m\u00e9dicinales enregistr\u00e9es dans la liste de la Pharmacop\u00e9e fran\u00e7aise.<\/p>\n<p>&nbsp;<\/p>\n<p>O Ginkgo biloba tem muitos benef\u00edcios:<\/p>\n<ul>\n<li>Neuroprotecteur, le ginkgo biloba agit sur le cerveau. Ses feuilles sont utilis\u00e9es pour traiter les sympt\u00f4mes de la d\u00e9mence s\u00e9nile et des \u00e9tats de faiblesse comme les pertes de m\u00e9moire, la d\u00e9pression, les troubles de la concentration et de la vigilance, les acouph\u00e8nes ou encore les maux de t\u00eate.<\/li>\n<\/ul>\n<p>&nbsp;<\/p>\n<ul>\n<li>Veinotonique, il agit sur le syst\u00e8me vasculaire et soulage les phl\u00e9bites superficielles gr\u00e2ce \u00e0 une action anticoagulante, les h\u00e9morro\u00efdes, les varices, la maladie de Raynaud et la claudication intermittente.<\/li>\n<\/ul>\n<p>Alivia as vertigens e reduz as perturba\u00e7\u00f5es vestibulares.<br \/>\nL\u2019OMS reconnait l\u2019usage du ginkgo \u00ab pour soulager les vertiges et les acouph\u00e8nes d\u2019origine circulatoire \u00bb.<\/p>\n<ul>\n<li>Il pr\u00e9vient des maladies cardiovasculaires.<\/li>\n<\/ul>\n<p>Les flavono\u00efdes antioxydants contenus en grand nombre dans l\u2019extrait de ginkgo, sont \u00e0 la fois vasodilatatrices et antiplaquettaires. Ils permettent donc d\u2019\u00e9largir le diam\u00e8tre des vaisseaux sanguins et d\u2019emp\u00eacher la formation de plaques d\u2019ath\u00e9romes.<br \/>\n<a href=\"https:\/\/pubmed.ncbi.nlm.nih.gov\/17704974\/\" target=\"_blank\" rel=\"noopener\">Une \u00e9tude allemande de 2007<\/a> montre ainsi que l\u2019extrait de ginkgo est efficace pour r\u00e9duire les plaques d\u2019ath\u00e9roscl\u00e9roses, largement mises en causes dans la survenue de nombreuses maladies cardio-vasculaires.<\/p>\n<ul>\n<li>Il est efficace contre les h\u00e9morro\u00efdes.<\/li>\n<\/ul>\n<p>&nbsp;<\/p>\n<ul>\n<li>Il am\u00e9liore les performances physiques et l&rsquo;endurance.<\/li>\n<\/ul>\n<p>&nbsp;<\/p>\n<ul>\n<li>Il poss\u00e8de des propri\u00e9t\u00e9s cicatrisantes.<\/li>\n<\/ul>\n<p>&nbsp;<\/p>\n<h2>Le ginkgo et la lutte contre la d\u00e9mence s\u00e9nile, le d\u00e9clin cognitif et la maladie d\u2019Alzheimer en stade pr\u00e9coce :<\/h2>\n<p>De tr\u00e8s nombreuses \u00e9tudes cliniques se sont pench\u00e9es sur l\u2019effet du ginkgo dans le d\u00e9clin cognitif, li\u00e9 ou non \u00e0 la maladie d\u2019Alzheimer.<\/p>\n<p><a href=\"https:\/\/pubmed.ncbi.nlm.nih.gov\/10755847\/\" target=\"_blank\" rel=\"noopener\">Une premi\u00e8re \u00e9tude suisse datant de 2000<\/a>, a d\u00e9montr\u00e9 l\u2019efficacit\u00e9 du ginkgo sur les personnes atteintes en stade pr\u00e9coce de la maladie d\u2019Alzheimer.<\/p>\n<p>Dois anos mais tarde, <a href=\"https:\/\/pubmed.ncbi.nlm.nih.gov\/12519586\/\" target=\"_blank\" rel=\"noopener\">une seconde \u00e9tude<\/a> se penche sur l\u2019effet du ginkgo en traitement de la d\u00e9mence et des troubles cognitifs. Les r\u00e9sultats sont encourageants mais la m\u00e9thodologie insuffisante pour affirmer l\u2019efficacit\u00e9 du ginkgo.<\/p>\n<p>Em 2010,<a href=\"https:\/\/pubmed.ncbi.nlm.nih.gov\/20236541\/\" target=\"_blank\" rel=\"noopener\"> une m\u00e9ta-analyse allemande<\/a> regroupe toutes les \u00e9tudes pr\u00e9c\u00e9demment publi\u00e9es ainsi que plusieurs nouvelles \u00e9tudes. Elle d\u00e9montre que le ginkgo a un effet significatif sur les fonctions cognitives, toutes d\u00e9mences confondues.<\/p>\n<p><a href=\"https:\/\/pubmed.ncbi.nlm.nih.gov\/22459264\/\" target=\"_blank\" rel=\"noopener\">Une derni\u00e8re \u00e9tude allemande men\u00e9e en 2012<\/a> se penche sur les effets du ginkgo chez des patients atteints de d\u00e9mence mod\u00e9r\u00e9e (maladie d&rsquo;Alzheimer ou d\u00e9mence vasculaire) associ\u00e9e \u00e0 des sympt\u00f4mes neuropsychiatriques. Elle arrive \u00e0 la conclusion suivante : \u00ab le traitement par EGb 761\u00e0 une dose une fois par jour de 240 mg \u00e9tait s\u00fbr et a entra\u00een\u00e9 une am\u00e9lioration significative et cliniquement pertinente de la cognition, de la psychopathologie, des mesures fonctionnelles et de la qualit\u00e9 de vie des patients \u00bb.<\/p>\n<p>&nbsp;<\/p>\n<h3>Contra-indica\u00e7\u00f5es:<\/h3>\n<p>De par son action fluidifiante sur le sang, le gingko est contre-indiqu\u00e9 lors d&rsquo;une grossesse ou pour les personnes h\u00e9mophiles<br \/>\nLe ginkgo peut provoquer une interaction m\u00e9dicamenteuse avec certains traitements anticoagulants (warfarine, aspirine \u2026). Les personnes trait\u00e9es par ces m\u00e9dicaments doivent consulter leur m\u00e9decin au pr\u00e9alable.<br \/>\nEn cas d&rsquo;intervention chirurgicale, il est recommand\u00e9 de cesser le traitement au moins 48\u00a0heures avant.<\/p>\n<p>&nbsp;<\/p>\n<p><u>Capacidade :<\/u> 90 g\u00e9lules v\u00e9g\u00e9tales dos\u00e9es \u00e0 180 mg<\/p>\n<p>&nbsp;<\/p>\n<p><u>Ingredientes:<\/u> Folhas de Ginkgo Biloba org\u00e2nico: 180 mg<\/p>\n<p>G\u00e9lule d\u2019origine v\u00e9g\u00e9tale.<\/p>\n<p>&nbsp;<\/p>\n<p><u>Conseil d\u2019utilisation :<\/u> Prendre 3 \u00e0 4 g\u00e9lules par jour<\/p>\n<p>&nbsp;<\/p>\n<p><em>Ce compl\u00e9ment alimentaire n\u2019est pas un m\u00e9dicament mais un compl\u00e9ment nutritionnel \u00e0 consommer dans le cadre d\u2019un r\u00e9gime alimentaire vari\u00e9. Ne pas d\u00e9passer la dose journali\u00e8re indiqu\u00e9e. Tenir hors de port\u00e9e des jeunes enfants.<\/em><\/p>","protected":false},"excerpt":{"rendered":"<p>Cet arbre mill\u00e9naire, \u00e0 la r\u00e9sistance exceptionnelle, offre de nombreux bienfaits. Il est principalement connu pour agir sur la m\u00e9moire et la concentration ou ses effets sur la maladie d\u2019Alzheimer.<\/p>\n<p>Il aide \u00e0 entretenir le bien-\u00eatre mental et la m\u00e9moire au fil du vieillissement et \u00e0 pr\u00e9server les fonctions cognitives<\/p>","protected":false},"featured_media":5166,"template":"","meta":[],"product_brand":[],"product_cat":[108],"product_tag":[],"class_list":{"0":"post-5174","1":"product","2":"type-product","3":"status-publish","4":"has-post-thumbnail","6":"product_cat-rupture-de-stock","8":"first","9":"outofstock","10":"shipping-taxable","11":"purchasable","12":"product-type-simple"},"_links":{"self":[{"href":"https:\/\/1001vertus.com\/pt\/wp-json\/wp\/v2\/product\/5174","targetHints":{"allow":["GET"]}}],"collection":[{"href":"https:\/\/1001vertus.com\/pt\/wp-json\/wp\/v2\/product"}],"about":[{"href":"https:\/\/1001vertus.com\/pt\/wp-json\/wp\/v2\/types\/product"}],"wp:featuredmedia":[{"embeddable":true,"href":"https:\/\/1001vertus.com\/pt\/wp-json\/wp\/v2\/media\/5166"}],"wp:attachment":[{"href":"https:\/\/1001vertus.com\/pt\/wp-json\/wp\/v2\/media?parent=5174"}],"wp:term":[{"taxonomy":"product_brand","embeddable":true,"href":"https:\/\/1001vertus.com\/pt\/wp-json\/wp\/v2\/product_brand?post=5174"},{"taxonomy":"product_cat","embeddable":true,"href":"https:\/\/1001vertus.com\/pt\/wp-json\/wp\/v2\/product_cat?post=5174"},{"taxonomy":"product_tag","embeddable":true,"href":"https:\/\/1001vertus.com\/pt\/wp-json\/wp\/v2\/product_tag?post=5174"}],"curies":[{"name":"wp","href":"https:\/\/api.w.org\/{rel}","templated":true}]}}