{"id":5173,"date":"2021-10-24T13:57:28","date_gmt":"2021-10-24T12:57:28","guid":{"rendered":"https:\/\/1001vertus.com\/?post_type=product&#038;p=5173"},"modified":"2023-11-12T17:48:22","modified_gmt":"2023-11-12T16:48:22","slug":"physio-source-organico-propolis-gelules","status":"publish","type":"product","link":"https:\/\/1001vertus.com\/pt\/produit\/gelules-a-la-propolis-bio-physio-source\/","title":{"rendered":"G\u00e9lules \u00e0 la Propolis BIO &#8211; Physio Source"},"content":{"rendered":"<h2>Qu\u2019est-ce que la propolis\u00a0?<\/h2>\n<p>La propolis est un produit naturel v\u00e9g\u00e9tal, g\u00e9n\u00e9ralement extrait apr\u00e8s la r\u00e9colte du miel.<br \/>\nC\u2019est une substance r\u00e9sineuse ambr\u00e9e r\u00e9colt\u00e9e par les abeilles sur les bourgeons et l&rsquo;\u00e9corce de certains arbres. La propolis est enrichie des s\u00e9cr\u00e9tions salivaires et de la cire d&rsquo;abeille au cours de son \u00e9laboration.<\/p>\n<p>Les abeilles l\u2019utilisent comme \u00ab\u00a0mastic\u00a0\u00bb afin de tapisser l&rsquo;int\u00e9rieur de la ruche. Ce bouclier naturel prot\u00e9gera leur ruche des microbes en agissant comme un v\u00e9ritable d\u00e9sinfectant naturel pour les abeilles. En effet, pour les abeilles c\u2019est un antibiotique naturel qui emp\u00eache le d\u00e9veloppement des micro-organismes (bact\u00e9ries, virus, moisissures).\u00a0Elle permet \u00e9galement de combler les fissures, d\u2019assurer une \u00e9tanch\u00e9it\u00e9 totale lors de la p\u00e9riode hivernale et d\u2019assainir la ruche.<\/p>\n<p>L\u2019ouverture de la ruche, nomm\u00e9e \u00ab\u00a0trou d\u2019envol\u00a0\u00bb, est constamment ajust\u00e9e et remodel\u00e9e \u00e0 l\u2019aide de propolis afin d\u2019adapter ses dimensions et son orientation en fonction des conditions climatiques. Ce passage constitue, par la m\u00eame occasion, une sorte de chambre de st\u00e9rilisation \u00e0 l\u2019entr\u00e9e de la ruche, d\u2019o\u00f9 le nom propolis qui signifie, en grec ancien, \u00ab\u00a0devant\u00a0\u00bb (pro) la \u00ab\u00a0cit\u00e9\u00a0\u00bb (polis).<\/p>\n<p>La quantit\u00e9 de propolis r\u00e9colt\u00e9e d\u00e9pend des ruches, de la population d\u2019abeilles, ainsi que de la situation g\u00e9ographique (densit\u00e9 for\u00eats, arbres, bourgeons), et du climat bien s\u00fbr. Mais en moyenne une ruche produit 100 \u00e0 300 grammes de propolis par an, ce qui explique son c\u00f4t\u00e9 on\u00e9reux.<\/p>\n<p>&nbsp;<\/p>\n<h2>Composi\u00e7\u00e3o:<\/h2>\n<p>\u00ab\u00a0La propolis est compos\u00e9e de r\u00e9sines (50 %), d&rsquo;huiles essentielles (5 \u00e0 10%), de cire (30 \u00e0 35%), de quelques grains pollens (5%). Elle est riche de plus de 300 mol\u00e9cules actives, dont des compos\u00e9s antiviraux, antibact\u00e9riens, anti tumoraux, qui lui conf\u00e8rent un potentiel th\u00e9rapeutique exploitable en m\u00e9decine humaine\u00a0\u00bb, expose Fran\u00e7oise Sauvager, ma\u00eetre de conf\u00e9rence et ancienne chercheuse au laboratoire de microbiologie de la facult\u00e9 de pharmacie de Rennes.<\/p>\n<p>La propolis a des effets antioxydant tr\u00e8s puissants et ont une action cibl\u00e9e sur les bact\u00e9ries et les virus.<\/p>\n<p>&nbsp;<\/p>\n<h2>La propolis \u00e0 travers les temps :<\/h2>\n<p>Connue depuis plus de 3 000 ans, la propolis \u00e9tait fr\u00e9quemment utilis\u00e9e par les \u00c9gyptiens pour la pr\u00e9paration des onguents et pour momifier les morts.<br \/>\nSelon Aristote et Pline l\u2019Ancien, les autres civilisations antiques, comme les Grecs et les Romains, l\u2019appr\u00e9ciaient pour ses capacit\u00e9s antiseptiques et cicatrisantes.<\/p>\n<p>La propolis pure faisait ainsi partie de la pharmacie des l\u00e9gionnaires en campagne.<\/p>\n<p>Au Moyen Age, elle contribuait encore \u00e0 la gu\u00e9rison des blessures par fl\u00e8che.<\/p>\n<p>Malgr\u00e9 quelques utilisations marginales, notamment lors de la guerre des Boers en 1902, elle se voit peu \u00e0 peu remplac\u00e9e, au cours des deux derniers si\u00e8cles, par les m\u00e9dicaments traditionnels. Pourtant, la propolis conserve toutes ses propri\u00e9t\u00e9s pour apaiser les affections respiratoires et stimuler le syst\u00e8me immunitaire.<\/p>\n<p>&nbsp;<\/p>\n<h2>Virtudes :<\/h2>\n<ul>\n<li>Am\u00e9liore les d\u00e9fenses de l\u2019organisme contre les infections bact\u00e9riennes, fongiques et virales, gr\u00e2ce \u00e0 une stimulation du syst\u00e8me immunitaire et \u00e0 ses propri\u00e9t\u00e9s antibiotiques.<\/li>\n<li>Traite les affections de l\u2019appareil respiratoire et de la sph\u00e8re ORL par ses effets anti-inflammatoire, antitussif et anesth\u00e9sique.<\/li>\n<li>Efficace contre les maladies des voies respiratoires ou ORL d\u2019origine bact\u00e9rienne, atteintes virales ou inflammatoires (maux de gorge, rhumes, toux, pharyngites, sinusites, laryngites, angines, otites, rhinites), extinction de voix, cicatrisation des plaies.<\/li>\n<li>Am\u00e9liore l\u2019hygi\u00e8ne bucco-dentaire (pr\u00e9vention des caries et des aphtes) et diminue les douleurs associ\u00e9es aux parodontites et aux gingivites.<br \/>\nR\u00e9duit le risque de r\u00e9cidive de l\u2019herp\u00e8s labial et g\u00e9nital.<\/li>\n<li>Antispasmodique, efficace contre l\u2019acidit\u00e9 gastrique et les inflammations de l\u2019intestin ou du colon, tout en r\u00e9g\u00e9n\u00e9rant la flore.<\/li>\n<li>Alivia as dores musculares e reum\u00e1ticas.<\/li>\n<li>Pr\u00e9vient et gu\u00e9rit les mycoses vaginales, m\u00eame r\u00e9cidivantes.<\/li>\n<\/ul>\n<p>&nbsp;<\/p>\n<h2>La Propolis et la recherche m\u00e9dicale :<\/h2>\n<p>Au Japon, les bienfaits de la propolis ont fait l\u2019objet de nombreuses recherches officielles, et son d\u00e9veloppement est tr\u00e8s encourag\u00e9 \u00e0 travers la recherche de l&rsquo;action de la propolis contre certains cancers. L&rsquo;usage de la propolis en canc\u00e9rologie n&rsquo;est pas du tout r\u00e9pandu en France, alors que la propolis est consid\u00e9r\u00e9e comme un m\u00e9dicament en Allemagne et en Suisse.<br \/>\nSon utilisation en apith\u00e9rapie est d\u2019ailleurs reconnue par certains sp\u00e9cialistes en Europe et aux \u00c9tats-Unis.<\/p>\n<p>&nbsp;<\/p>\n<p><u>Capacidade :<\/u> 60 g\u00e9lules dos\u00e9es \u00e0 225 mg<\/p>\n<p><u>\u00a0<\/u><u>Ingredientes:<\/u> Pr\u00f3polis org\u00e2nica 60% (numa base de p\u00f3 de alfarroba org\u00e2nica): 225 mg.<\/p>\n<p>G\u00e9lule d&rsquo;origine v\u00e9g\u00e9tale.<\/p>\n<p><u>Modo de utiliza\u00e7\u00e3o :<\/u> 3 \u00e0 6 g\u00e9lules par jour<\/p>\n<p><em>Ce compl\u00e9ment alimentaire n&rsquo;est pas un m\u00e9dicament mais un compl\u00e9ment nutritionnel \u00e0 consommer dans le cadre d&rsquo;un r\u00e9gime alimentaire vari\u00e9. <\/em><br \/>\n<em>Ne pas d\u00e9passer la dose journali\u00e8re indiqu\u00e9e. <\/em><br \/>\n<em>Tenir hors de port\u00e9e des jeunes enfants.\u00a0<\/em><br \/>\n<strong><em>D\u00e9conseill\u00e9 aux femmes enceintes ou allaitant, aux personnes allergiques aux produits de la ruche.<\/em><\/strong><\/p>\n<p>&nbsp;<\/p>","protected":false},"excerpt":{"rendered":"<p>La propolis est une mati\u00e8re v\u00e9g\u00e9tale produite par les abeilles pour garantir la protection de leur ruche. Elle est r\u00e9put\u00e9e depuis l\u2019Antiquit\u00e9 pour ses effets b\u00e9n\u00e9fiques dans le traitement et la pr\u00e9vention des affections respiratoires.<\/p>\n<p>D\u00e9couvrez, ou red\u00e9couvrez, ce produit naturel aux 1001 vertus\u00a0!<\/p>","protected":false},"featured_media":5168,"template":"","meta":[],"product_brand":[],"product_cat":[108],"product_tag":[],"class_list":{"0":"post-5173","1":"product","2":"type-product","3":"status-publish","4":"has-post-thumbnail","6":"product_cat-rupture-de-stock","8":"first","9":"outofstock","10":"shipping-taxable","11":"purchasable","12":"product-type-simple"},"_links":{"self":[{"href":"https:\/\/1001vertus.com\/pt\/wp-json\/wp\/v2\/product\/5173","targetHints":{"allow":["GET"]}}],"collection":[{"href":"https:\/\/1001vertus.com\/pt\/wp-json\/wp\/v2\/product"}],"about":[{"href":"https:\/\/1001vertus.com\/pt\/wp-json\/wp\/v2\/types\/product"}],"wp:featuredmedia":[{"embeddable":true,"href":"https:\/\/1001vertus.com\/pt\/wp-json\/wp\/v2\/media\/5168"}],"wp:attachment":[{"href":"https:\/\/1001vertus.com\/pt\/wp-json\/wp\/v2\/media?parent=5173"}],"wp:term":[{"taxonomy":"product_brand","embeddable":true,"href":"https:\/\/1001vertus.com\/pt\/wp-json\/wp\/v2\/product_brand?post=5173"},{"taxonomy":"product_cat","embeddable":true,"href":"https:\/\/1001vertus.com\/pt\/wp-json\/wp\/v2\/product_cat?post=5173"},{"taxonomy":"product_tag","embeddable":true,"href":"https:\/\/1001vertus.com\/pt\/wp-json\/wp\/v2\/product_tag?post=5173"}],"curies":[{"name":"wp","href":"https:\/\/api.w.org\/{rel}","templated":true}]}}