{"id":45845,"date":"2026-03-13T13:42:17","date_gmt":"2026-03-13T12:42:17","guid":{"rendered":"https:\/\/1001vertus.com\/?post_type=product&#038;p=45845"},"modified":"2026-04-11T00:02:33","modified_gmt":"2026-04-10T23:02:33","slug":"talbina-de-tamara-biologica","status":"publish","type":"product","link":"https:\/\/1001vertus.com\/pt\/produit\/talbina-a-la-datte-bio\/","title":{"rendered":"Talbina \u00e0 la datte bio &#8211; Fabrication artisanale fran\u00e7aise &#8211; 500g"},"content":{"rendered":"","protected":false},"excerpt":{"rendered":"<p>Desfrute da talbina de t\u00e2maras biol\u00f3gica 500g: feita em Fran\u00e7a por artes\u00e3os, com ingredientes ben\u00e9ficos e uma receita inspirada na tradi\u00e7\u00e3o para um sabor \u00fanico.<\/p>","protected":false},"featured_media":45840,"template":"","meta":[],"product_brand":[],"product_cat":[27,29,53],"product_tag":[],"class_list":{"0":"post-45845","1":"product","2":"type-product","3":"status-publish","4":"has-post-thumbnail","6":"product_cat-bien-etre","7":"product_cat-alimentation","8":"product_cat-complements-alimentaires","10":"first","11":"instock","12":"shipping-taxable","13":"purchasable","14":"product-type-simple"},"_links":{"self":[{"href":"https:\/\/1001vertus.com\/pt\/wp-json\/wp\/v2\/product\/45845","targetHints":{"allow":["GET"]}}],"collection":[{"href":"https:\/\/1001vertus.com\/pt\/wp-json\/wp\/v2\/product"}],"about":[{"href":"https:\/\/1001vertus.com\/pt\/wp-json\/wp\/v2\/types\/product"}],"wp:featuredmedia":[{"embeddable":true,"href":"https:\/\/1001vertus.com\/pt\/wp-json\/wp\/v2\/media\/45840"}],"wp:attachment":[{"href":"https:\/\/1001vertus.com\/pt\/wp-json\/wp\/v2\/media?parent=45845"}],"wp:term":[{"taxonomy":"product_brand","embeddable":true,"href":"https:\/\/1001vertus.com\/pt\/wp-json\/wp\/v2\/product_brand?post=45845"},{"taxonomy":"product_cat","embeddable":true,"href":"https:\/\/1001vertus.com\/pt\/wp-json\/wp\/v2\/product_cat?post=45845"},{"taxonomy":"product_tag","embeddable":true,"href":"https:\/\/1001vertus.com\/pt\/wp-json\/wp\/v2\/product_tag?post=45845"}],"curies":[{"name":"wp","href":"https:\/\/api.w.org\/{rel}","templated":true}]}}