{"id":44920,"date":"2026-01-30T13:23:03","date_gmt":"2026-01-30T12:23:03","guid":{"rendered":"https:\/\/1001vertus.com\/?post_type=product&#038;p=44920"},"modified":"2026-05-07T14:26:50","modified_gmt":"2026-05-07T13:26:50","slug":"oleo-natural-para-a-barba","status":"publish","type":"product","link":"https:\/\/1001vertus.com\/pt\/produit\/huile-a-barbe-naturelle\/","title":{"rendered":"\u00d3leo natural para a barba - frasco de 50ml - 1001 Vertus"},"content":{"rendered":"<p>Em <strong>1001 Virtudes<\/strong>, l'<strong>\u00f3leo natural para a barba<\/strong> \u00e9 uma parte essencial do ritual de cuidados masculinos. Concebido para homens que valorizam a eleg\u00e2ncia e a qualidade, acompanha diariamente a barba, deixando-a flex\u00edvel, disciplinada e agrad\u00e1vel ao toque. Elaborado a partir de ingredientes de origem natural cuidadosamente selecionados, oferece uma experi\u00eancia sensorial requintada, real\u00e7ada por um perfume subtil e equilibrado.<\/p>\n<h2>Porqu\u00ea adicionar um \u00f3leo natural para a barba \u00e0 sua rotina?<\/h2>\n<p>Escolha um <strong>\u00f3leo natural para a barba<\/strong>, Para n\u00f3s, isto significa escolher uma f\u00f3rmula que respeite o ambiente, sem artif\u00edcios sup\u00e9rfluos. Os \u00f3leos vegetais utilizados pela <strong>1001 Virtudes<\/strong> s\u00e3o selecionados pela sua afinidade com o cabelo e pela sua textura ligeira, o que os torna confort\u00e1veis de aplicar, sem que se sintam gordurosos ou sobrecarregados.<\/p>\n<p>Ao contr\u00e1rio dos produtos convencionais, um \u00f3leo formulado sem <strong>\u00e1lcool e parabenos<\/strong> \u00e9 uma parte natural da sua rotina di\u00e1ria. Contribui para melhorar o aspeto geral da barba, facilitando a sua modela\u00e7\u00e3o, e deixa uma sensa\u00e7\u00e3o de limpeza e de bem estar durante todo o dia. Cada aplica\u00e7\u00e3o torna-se um momento de cuidado discreto e controlado, em conformidade com o esp\u00edrito artesanal da marca.<\/p>\n<p>Para quem procura uma assinatura olfactiva elegante e oriental, o\u2019<a href=\"https:\/\/1001vertus.com\/pt\/product\/oleo-para-a-barba-dorient-supreme\/\">\u00d3leo para a barba Supr\u00eame d'Orient<\/a> encarna na perfei\u00e7\u00e3o esta vis\u00e3o de cuidados de pele nobres e intemporais.<\/p>\n<h2>Ingredientes de origem natural cuidadosamente selecionados<\/h2>\n<p>A qualidade de um <strong>\u00f3leo natural para a barba<\/strong> baseia-se sobretudo na sele\u00e7\u00e3o rigorosa dos seus componentes. Em <strong>1001 Virtudes<\/strong>, Cada ingrediente \u00e9 escolhido pela sua pureza, estabilidade e compatibilidade com a utiliza\u00e7\u00e3o quotidiana.<\/p>\n<ul>\n<li><strong>\u00d3leo de jojoba<\/strong> Um dos favoritos pela sua textura equilibrada e acabamento n\u00e3o oleoso.<\/li>\n<li><strong>\u00d3leo de arg\u00e3o<\/strong> conhecida pela sua riqueza natural e pelo seu toque sedoso.<\/li>\n<li><strong>\u00d3leo de r\u00edcino<\/strong> integrado pela sua densidade e fixa\u00e7\u00e3o no cabelo.<\/li>\n<li><strong>Ess\u00eancia de alm\u00edscar natural<\/strong> Uma nota olfactiva profunda, elegante e controlada.<\/li>\n<\/ul>\n<p>Outros \u00f3leos vegetais, tais como <strong>s\u00e9samo<\/strong>a <strong>c\u00e2nhamo<\/strong> ou o <strong>macad\u00e2mia<\/strong> pode ser adicionado a certas f\u00f3rmulas para oferecer uma variedade de texturas e sensa\u00e7\u00f5es adaptadas a cada tipo de barba. Para uma abordagem mais suave e indulgente, o\u2019<a href=\"https:\/\/1001vertus.com\/pt\/product\/oleo-para-a-barba-royal-vanilla\/\">\u00d3leo para a barba Royal Vanille<\/a> oferece uma experi\u00eancia olfactiva quente e envolvente.<\/p>\n<h2>Textura, tato e aspeto: a contribui\u00e7\u00e3o dos \u00f3leos vegetais<\/h2>\n<h3>Como \u00e9 que fica na barba do dia a dia?<\/h3>\n<p>L'<strong>\u00f3leo natural para a barba<\/strong> actua sobretudo no aspeto visual e na facilidade de utiliza\u00e7\u00e3o. Facilita o penteado, ajuda a disciplinar os p\u00ealos e d\u00e1 um acabamento perfeito, ideal para uma barba bem cuidada. As texturas vegetais selecionadas garantem uma distribui\u00e7\u00e3o uniforme, sem res\u00edduos nem brilho excessivo.<\/p>\n<p>Gra\u00e7as \u00e0 sua estrutura leve, os \u00f3leos utilizados pela <strong>1001 Virtudes<\/strong> envolve o cabelo sem o deixar pesado, proporcionando uma sensa\u00e7\u00e3o limpa e controlada que \u00e9 t\u00e3o boa numa barba curta como numa mais cheia.<\/p>\n<h3>A diferen\u00e7a entre \u00f3leos naturais e convencionais<\/h3>\n<p>O <strong>\u00f3leos naturais para a barba<\/strong> distinguem-se pela simplicidade e transpar\u00eancia da sua composi\u00e7\u00e3o. Enquanto algumas f\u00f3rmulas industriais recorrem a agentes sint\u00e9ticos para obter resultados imediatos, <strong>1001 Virtudes<\/strong> privilegia os ingredientes de origem vegetal, selecionados pela sua estabilidade e qualidade sensorial.<\/p>\n<p>Esta abordagem faz igualmente parte de uma abordagem mais respons\u00e1vel, promovendo a rastreabilidade das mat\u00e9rias-primas e um fabrico respeitador do ambiente.<\/p>\n<h2>Conselhos de aplica\u00e7\u00e3o para um ritual controlado<\/h2>\n<p>Adicionar algumas gotas de\u2019<strong>\u00f3leo natural para a barba<\/strong> na palma da m\u00e3o, aquecer ligeiramente e depois aplicar na barba, distribuindo uniformemente da raiz \u00e0s pontas. \u00c9 simples, r\u00e1pido e f\u00e1cil de incorporar na sua rotina di\u00e1ria.<\/p>\n<ul>\n<li>Ideal para utilizar numa barba limpa, seca ou ligeiramente h\u00famida.<\/li>\n<li>Quantidade a ajustar em fun\u00e7\u00e3o do comprimento e da espessura da barba.<\/li>\n<li>Escovar ou pentear ap\u00f3s a aplica\u00e7\u00e3o para estruturar e uniformizar o acabamento.<\/li>\n<li>Pode ser utilizado diariamente, de manh\u00e3 ou \u00e0 noite, consoante os seus h\u00e1bitos.<\/li>\n<\/ul>\n<h2>\u00d3leos vegetais normalmente utilizados nos produtos de cuidados da 1001 Vertus<\/h2>\n<table>\n<thead>\n<tr>\n<th>\u00d3leo vegetal<\/th>\n<th>Textura<\/th>\n<th>Contribui\u00e7\u00e3o principal<\/th>\n<\/tr>\n<\/thead>\n<tbody>\n<tr>\n<td><strong>Jojoba<\/strong><\/td>\n<td>Ligeiro<\/td>\n<td>Acabamento equilibrado, toque seco<\/td>\n<\/tr>\n<tr>\n<td><strong>Arg\u00e3o<\/strong><\/td>\n<td>Sedoso<\/td>\n<td>Aspeto suave e brilho controlado<\/td>\n<\/tr>\n<tr>\n<td><strong>Ricina<\/strong><\/td>\n<td>Densa<\/td>\n<td>Explora\u00e7\u00e3o e estrutura<\/td>\n<\/tr>\n<tr>\n<td><strong>Macad\u00e2mia<\/strong><\/td>\n<td>Fluido<\/td>\n<td>Flexibilidade e facilidade de aplica\u00e7\u00e3o<\/td>\n<\/tr>\n<\/tbody>\n<\/table>\n<h2>Perguntas frequentes sobre o \u00f3leo natural para a barba<\/h2>\n<div itemscope=\"\" itemtype=\"https:\/\/schema.org\/FAQPage\">\n<div itemprop=\"mainEntity\" itemscope=\"\" itemtype=\"https:\/\/schema.org\/Question\">\n<h3 itemprop=\"name\">Com que frequ\u00eancia devo utilizar o \u00f3leo natural para a barba?<\/h3>\n<div itemprop=\"acceptedAnswer\" itemscope=\"\" itemtype=\"https:\/\/schema.org\/Answer\">\n<p itemprop=\"text\">Uma aplica\u00e7\u00e3o di\u00e1ria \u00e9 geralmente suficiente para manter o aspeto e a fixa\u00e7\u00e3o da barba. A frequ\u00eancia pode ser ajustada de acordo com as prefer\u00eancias pessoais e o estilo pretendido.<\/p>\n<\/div>\n<\/div>\n<div itemprop=\"mainEntity\" itemscope=\"\" itemtype=\"https:\/\/schema.org\/Question\">\n<h3 itemprop=\"name\">O \u00f3leo natural para a barba \u00e9 adequado para barbas curtas?<\/h3>\n<div itemprop=\"acceptedAnswer\" itemscope=\"\" itemtype=\"https:\/\/schema.org\/Answer\">\n<p itemprop=\"text\">Sim, um \u00f3leo natural para a barba pode ser utilizado desde os primeiros comprimentos. Facilita a modela\u00e7\u00e3o e d\u00e1 um acabamento limpo e limpo, mesmo numa barba curta.<\/p>\n<\/div>\n<\/div>\n<div itemprop=\"mainEntity\" itemscope=\"\" itemtype=\"https:\/\/schema.org\/Question\">\n<h3 itemprop=\"name\">Como \u00e9 que se reconhece um \u00f3leo de barba de qualidade?<\/h3>\n<div itemprop=\"acceptedAnswer\" itemscope=\"\" itemtype=\"https:\/\/schema.org\/Answer\">\n<p itemprop=\"text\">Um \u00f3leo para a barba de qualidade tem uma composi\u00e7\u00e3o clara, baseada em \u00f3leos vegetais identific\u00e1veis, sem \u00e1lcool ou aditivos sup\u00e9rfluos. A transpar\u00eancia sobre a origem dos ingredientes \u00e9 um indicador essencial.<\/p>\n<\/div>\n<\/div>\n<\/div>","protected":false},"excerpt":{"rendered":"<p><strong>Ingredientes:<\/strong><\/p>\n<ul>\n<li>\u00d3leo de jojoba<\/li>\n<li>\u00d3leo de arg\u00e3o<\/li>\n<li>\u00d3leo de r\u00edcino<\/li>\n<li>Ess\u00eancia de alm\u00edscar natural.<\/li>\n<\/ul>","protected":false},"featured_media":44921,"template":"","meta":[],"product_brand":[],"product_cat":[56],"product_tag":[],"class_list":{"0":"post-44920","1":"product","2":"type-product","3":"status-publish","4":"has-post-thumbnail","6":"product_cat-barbe","8":"first","9":"instock","10":"shipping-taxable","11":"purchasable","12":"product-type-simple"},"_links":{"self":[{"href":"https:\/\/1001vertus.com\/pt\/wp-json\/wp\/v2\/product\/44920","targetHints":{"allow":["GET"]}}],"collection":[{"href":"https:\/\/1001vertus.com\/pt\/wp-json\/wp\/v2\/product"}],"about":[{"href":"https:\/\/1001vertus.com\/pt\/wp-json\/wp\/v2\/types\/product"}],"wp:featuredmedia":[{"embeddable":true,"href":"https:\/\/1001vertus.com\/pt\/wp-json\/wp\/v2\/media\/44921"}],"wp:attachment":[{"href":"https:\/\/1001vertus.com\/pt\/wp-json\/wp\/v2\/media?parent=44920"}],"wp:term":[{"taxonomy":"product_brand","embeddable":true,"href":"https:\/\/1001vertus.com\/pt\/wp-json\/wp\/v2\/product_brand?post=44920"},{"taxonomy":"product_cat","embeddable":true,"href":"https:\/\/1001vertus.com\/pt\/wp-json\/wp\/v2\/product_cat?post=44920"},{"taxonomy":"product_tag","embeddable":true,"href":"https:\/\/1001vertus.com\/pt\/wp-json\/wp\/v2\/product_tag?post=44920"}],"curies":[{"name":"wp","href":"https:\/\/api.w.org\/{rel}","templated":true}]}}