{"id":4415,"date":"2021-04-07T18:28:59","date_gmt":"2021-04-07T17:28:59","guid":{"rendered":"https:\/\/1001vertus.com\/?post_type=product&#038;p=4415"},"modified":"2025-06-10T07:00:28","modified_gmt":"2025-06-10T06:00:28","slug":"pack-boost-slimming-guarana-cereja-caule-1001-virtudes","status":"publish","type":"product","link":"https:\/\/1001vertus.com\/pt\/produit\/pack-boost-minceur-guarana-queue-de-cerise-1001-vertus\/","title":{"rendered":"Pack boost minceur (guarana + queues de cerise) &#8211; 1001 vertus"},"content":{"rendered":"<p>Le pack BOOST MINCEUR est compos\u00e9 de queues de cerises et de g\u00e9lules de guarana BIO.<\/p>\n<p><strong>Utilis\u00e9 simultan\u00e9ment, la perte de poids sera facilit\u00e9e, de par l\u2019effet coupe-faim et amincissante du guarana et celle diur\u00e9tique et d\u00e9tox des queues de cerises.<\/strong><\/p>\n<p>Ce pack est disponible en cure de 15 jours (100g de queues de cerises + 60 g\u00e9lules de guarana BIO) ou 1 mois (200g de queues de cerises + 120 g\u00e9lules de guarana BIO).<\/p>\n<p>&nbsp;<\/p>\n<h3><strong><u>Virtudes de <a href=\"https:\/\/1001vertus.com\/pt\/product\/1001-virtues-guarana-biologico-em-capsulas\/\">g\u00e9lules de guarana BIO<\/a>\u00a0:<\/u><\/strong><\/h3>\n<ul>\n<li>perda de peso,<\/li>\n<li>propri\u00e9t\u00e9s \u00e9nergisantes,<\/li>\n<li>am\u00e9liore l\u2019attention et combat la fatigue,<\/li>\n<li>reduz o stress<\/li>\n<li>ajuda a digest\u00e3o em caso de incha\u00e7o,<\/li>\n<li>permet de lutter contre les troubles intestinaux, les diarrh\u00e9es et l&rsquo;hypotension,<\/li>\n<li>reduz as dores musculares,<\/li>\n<li>combate as enxaquecas,<\/li>\n<li>contribue \u00e0 la d\u00e9toxification du sang,<\/li>\n<li>traite les rhumatismes, la dyspepsie, l&rsquo;art\u00e9rioscl\u00e9rose,<\/li>\n<li>stimule le syst\u00e8me immunitaire (analg\u00e9sique, antigrippal).<\/li>\n<\/ul>\n<p>&nbsp;<\/p>\n<h3><strong><u>Virtudes de <a href=\"https:\/\/1001vertus.com\/pt\/product\/talos-de-cereja-cortados\/\">caules de cereja<\/a>\u00a0:<\/u><\/strong><\/h3>\n<ul>\n<li>diur\u00e9tique,<\/li>\n<li>d\u00e9tox, \u00e9limine les toxines de l\u2019organisme,<\/li>\n<li>lutte contre la r\u00e9tention d\u2019eau ou de liquide lymphatique dans les tissus,<\/li>\n<li>soulage la g\u00eane urinaire, les infections des voies r\u00e9nales et urinaires ou les calculs r\u00e9naux ou biliaires<\/li>\n<li>efeito calmante,<\/li>\n<li>renforce les reins et les voies urinaires (cystite, colique n\u00e9phr\u00e9tique),<\/li>\n<li>limpa o sangue,<\/li>\n<li>emp\u00eache la formation de calculs r\u00e9naux <em>(Cependant, il est d\u00e9conseill\u00e9 aux personnes ayant de gros calculs r\u00e9naux car ils pourraient se d\u00e9placer).<\/em><\/li>\n<li>lutte contre les rhumatismes, l\u2019arthrite, et l\u2019ath\u00e9roscl\u00e9rose,<\/li>\n<li>baisse le cholest\u00e9rol,<\/li>\n<li>lutte contre l\u2019hypertension art\u00e9rielle,<\/li>\n<li>lutte contre l\u2019insuffisance cardiaque,<\/li>\n<li>aide \u00e0 dig\u00e9rer et \u00e0 nettoyer le foie.<\/li>\n<\/ul>\n<p>&nbsp;<\/p>\n<p>&nbsp;<\/p>\n<h3><strong><u>Conseils d\u2019utilisation des g\u00e9lules de guarana BIO\u00a0:<\/u><\/strong><\/h3>\n<p>Prendre 4 g\u00e9lules par jour, r\u00e9partit tout au long de la journ\u00e9e, en \u00e9vitant les prises le soir.<\/p>\n<p>Une cure d&rsquo;1 mois est recommand\u00e9e, \u00e0 renouveler si n\u00e9cessaire.<\/p>\n<p>&nbsp;<\/p>\n<h3><strong><u>Comment utiliser les queues de cerise\u00a0?<\/u><\/strong><\/h3>\n<p>Podem ser utilizados caules de cerejeira:<\/p>\n<ul>\n<li><strong>em infus\u00e3o.<\/strong> <em>Temps de pr\u00e9paration\u00a0: 3 \u00e0 10mn.<\/em><\/li>\n<\/ul>\n<p>Versez une \u00e0 deux cuill\u00e8res \u00e0 soupe dans une eau fr\u00e9missante et laissez infuser pendant 3 \u00e0 10 minutes.<\/p>\n<ul>\n<li><strong>en mac\u00e9ration. <em>Temps de pr\u00e9paration\u00a0: plusieurs heures.<\/em><\/strong><\/li>\n<\/ul>\n<p>Mettre 4 cuill\u00e8res \u00e0 soupe dans 1 litre d\u2019eau froide et laissez mac\u00e9rer pendant plusieurs heures. Puis boire froid tout au long de la journ\u00e9e.<\/p>\n<ul>\n<li><strong>en d\u00e9coction. <em>Temps de pr\u00e9paration\u00a0: environ 12 heures.<\/em><\/strong><\/li>\n<\/ul>\n<p><strong>Laissez ramollir 4 cuill\u00e8res \u00e0 soupe de queues de cerise pendant 12 heures dans 1 litre d&rsquo;eau. <\/strong>Faites bouillir le tout pendant 10mn, puis laissez infusez 20mn avant de filtrer. Consommez la d\u00e9coction dans la journ\u00e9e.<\/p>\n<p>Il est conseill\u00e9 de consommer les pr\u00e9parations \u00e0 base de queues de cerise apr\u00e8s les repas, si possible 3 fois par jour pour am\u00e9liorer l\u2019\u00e9limination des toxines de votre organisme.<\/p>\n<p>&nbsp;<\/p>\n<p>&nbsp;<\/p>\n<h3><strong><u>Pr\u00e9cautions particuli\u00e8res :<\/u><\/strong><\/h3>\n<p><strong>Le pack BOOST MINCEUR est d\u00e9conseill\u00e9 aux femmes enceintes et allaitantes<\/strong><\/p>\n<p>Le guarana doit \u00eatre consomm\u00e9 avec mod\u00e9ration. Il ne faut pas d\u00e9passer les doses indiqu\u00e9es. Un surdosage peut engendrer nervosit\u00e9, insomnie et palpitations cardiaques.<\/p>\n<p>Les queues de cerises sont \u00e9galement \u00a0d\u00e9conseill\u00e9es aux personnes ayant de gros calculs r\u00e9naux.<\/p>","protected":false},"excerpt":{"rendered":"<p>Le pack BOOST MINCEUR est compos\u00e9 de g\u00e9lules de guarana BIO et de queues de cerises. L\u2019alliance des 2 vous permettra de perdre du poids et cela, sans aucun effet laxatif.<\/p>\n<p>Cela vous apportera aussi beaucoup d\u2019autres bienfaits\u00a0: tonus, vitalit\u00e9, d\u00e9tox, digestion favoris\u00e9\u2026<\/p>","protected":false},"featured_media":4416,"template":"","meta":[],"product_brand":[],"product_cat":[44,27,53],"product_tag":[],"class_list":{"0":"post-4415","1":"product","2":"type-product","3":"status-publish","4":"has-post-thumbnail","6":"product_cat-nos-packs","7":"product_cat-bien-etre","8":"product_cat-complements-alimentaires","10":"first","11":"instock","12":"shipping-taxable","13":"purchasable","14":"product-type-variable"},"_links":{"self":[{"href":"https:\/\/1001vertus.com\/pt\/wp-json\/wp\/v2\/product\/4415","targetHints":{"allow":["GET"]}}],"collection":[{"href":"https:\/\/1001vertus.com\/pt\/wp-json\/wp\/v2\/product"}],"about":[{"href":"https:\/\/1001vertus.com\/pt\/wp-json\/wp\/v2\/types\/product"}],"wp:featuredmedia":[{"embeddable":true,"href":"https:\/\/1001vertus.com\/pt\/wp-json\/wp\/v2\/media\/4416"}],"wp:attachment":[{"href":"https:\/\/1001vertus.com\/pt\/wp-json\/wp\/v2\/media?parent=4415"}],"wp:term":[{"taxonomy":"product_brand","embeddable":true,"href":"https:\/\/1001vertus.com\/pt\/wp-json\/wp\/v2\/product_brand?post=4415"},{"taxonomy":"product_cat","embeddable":true,"href":"https:\/\/1001vertus.com\/pt\/wp-json\/wp\/v2\/product_cat?post=4415"},{"taxonomy":"product_tag","embeddable":true,"href":"https:\/\/1001vertus.com\/pt\/wp-json\/wp\/v2\/product_tag?post=4415"}],"curies":[{"name":"wp","href":"https:\/\/api.w.org\/{rel}","templated":true}]}}