{"id":43377,"date":"2025-11-10T11:10:46","date_gmt":"2025-11-10T10:10:46","guid":{"rendered":"https:\/\/1001vertus.com\/?post_type=product&#038;p=43377"},"modified":"2026-03-16T01:14:14","modified_gmt":"2026-03-16T00:14:14","slug":"sabonete-artesanal-com-petalas-de-rosa","status":"publish","type":"product","link":"https:\/\/1001vertus.com\/pt\/produit\/savon-artisanal-aux-petales-de-roses\/","title":{"rendered":"Sabonete de p\u00e9talas de rosa (Aprox. 100 a 120g) - Tanja Tijara"},"content":{"rendered":"<p>Le&nbsp;<strong>sabonete artesanal com p\u00e9talas de rosa<\/strong> conquistou o mundo dos cuidados naturais da pele. Fabricado a partir de\u2019<strong>ingredientes vegetais<\/strong>, esta pequena joia s\u00f3lida combina <strong>suavidade<\/strong>, A sua composi\u00e7\u00e3o \u00e9 rica em princ\u00edpios activos ben\u00e9ficos, tais como <strong>manteiga de karit\u00e9<\/strong>. Sa <strong>Produ\u00e7\u00e3o francesa<\/strong> perpetua uma tradi\u00e7\u00e3o de longa data, ao mesmo tempo que satisfaz as necessidades actuais de uma <strong>sab\u00e3o biol\u00f3gico<\/strong>, amigo da pele e do ambiente. De onde vem a loucura por este produto? Aqui est\u00e3o os segredos por detr\u00e1s deste sabonete \u00fanico e sensorial.<\/p>\n<h2>As carater\u00edsticas especiais do sabonete artesanal de p\u00e9talas de rosa<\/h2>\n<p>Escolha um <strong>sabonete artesanal enriquecido com p\u00e9talas de rosa<\/strong>, \u00e9 optar por uma experi\u00eancia aut\u00eantica. Longe dos g\u00e9is de duche industriais, este <strong>sab\u00e3o s\u00f3lido<\/strong> A sua for\u00e7a prov\u00e9m da sua <strong>composi\u00e7\u00e3o natural<\/strong> e no <strong>tradicional<\/strong> utilizados durante o processo de fabrico. Os ingredientes s\u00e3o cuidadosamente selecionados para garantir a pureza, a qualidade e a efic\u00e1cia.<\/p>\n<p>A presen\u00e7a de <strong>p\u00e9talas de rosas verdadeiras<\/strong> confere ao sab\u00e3o um aspeto est\u00e9tico incompar\u00e1vel, bem como um valioso <strong>propriedades hidratantes<\/strong> e calmante. A sua a\u00e7\u00e3o suave melhora qualquer rotina de beleza. Muitas pessoas tamb\u00e9m apreciam a <strong>fragr\u00e2ncia floral<\/strong> a fragr\u00e2ncia subtil que estas p\u00e9talas deixam na pele ap\u00f3s a utiliza\u00e7\u00e3o. Para quem procura solu\u00e7\u00f5es semelhantes com ingredientes activos diferentes, descubra os benef\u00edcios de um <a href=\"https:\/\/1001vertus.com\/pt\/product\/sabonete-artesanal-de-leite-de-cabra\/\">sab\u00e3o natural de leite de cabra<\/a> pode ser uma excelente alternativa.<\/p>\n<h2>Quais s\u00e3o os benef\u00edcios dos ingredientes naturais?<\/h2>\n<h3>O papel central da manteiga de karit\u00e9 na hidrata\u00e7\u00e3o<\/h3>\n<p>No cora\u00e7\u00e3o de muitos <strong>sabonetes artesanais<\/strong> \u00e9 o <strong>manteiga de karit\u00e9<\/strong>. Este ingrediente \u00e9 reconhecido pela sua capacidade de <strong>nutre profundamente a pele<\/strong>. \u00c9 mesmo adequado para peles muito secas ou sens\u00edveis, protegendo-as da desidrata\u00e7\u00e3o. O seu efeito \u00e9 combinado com o das p\u00e9talas de rosa para criar um produto de cuidado da pele muito suave.<\/p>\n<p>A associa\u00e7\u00e3o entre <strong>manteiga de karit\u00e9<\/strong> e <strong>p\u00e9talas de rosa<\/strong> d\u00e1 um sab\u00e3o que favorece a repara\u00e7\u00e3o da pele. A textura cremosa da manteiga torna-a agrad\u00e1vel de aplicar, refor\u00e7ando naturalmente a barreira cut\u00e2nea. Para al\u00e9m disso, alguns sabonetes \u00e0 base de cominhos pretos t\u00eam tamb\u00e9m propriedades calmantes reconhecidas, como as encontradas em <a href=\"https:\/\/1001vertus.com\/pt\/product\/sabao-artesanal-de-cominho-preto\/\">sab\u00e3o artesanal de cominho preto<\/a>.<\/p>\n<h3>Os benef\u00edcios das p\u00e9talas de rosa para uma esfolia\u00e7\u00e3o suave<\/h3>\n<p>O <strong>p\u00e9talas de rosa<\/strong> n\u00e3o s\u00e3o meros ornamentos. Uma vez integrados numa <strong>sab\u00e3o s\u00f3lido<\/strong>, oferecem um <strong>esfolia\u00e7\u00e3o suave<\/strong> e naturais. Em vez de agredir a pele, favorecem a renova\u00e7\u00e3o celular sem a irritar, para uma pele mais suave e luminosa.<\/p>\n<p>Para al\u00e9m do seu efeito esfoliante, as <strong>p\u00e9talas de rosa<\/strong> transmitir um <strong>fragr\u00e2ncia de rosas<\/strong> delicado e elegante. Esta fragr\u00e2ncia subtil transforma cada duche num momento verdadeiramente relaxante, ideal para quem procura um interl\u00fadio floral e sensorial.<\/p>\n<h2>Fabrico franc\u00eas e compromisso com o ambiente<\/h2>\n<p>Optar por um <strong>sabonete artesanal fabricado em Fran\u00e7a<\/strong>, \u00e9 apoiar o saber-fazer local. Muitos fabricantes de sab\u00e3o preferem <strong>receitas ancestrais<\/strong>, Estes produtos s\u00e3o feitos \u00e0 m\u00e3o a partir de ingredientes de origem vegetal provenientes de fontes respons\u00e1veis. Este <strong>fabrico tradicional<\/strong> garante um produto final de alta qualidade, uma vez que cada pe\u00e7a \u00e9 \u00fanica.<\/p>\n<p>Frequentemente oferecidos <strong>org\u00e2nico certificado<\/strong>, estes <strong>sabonetes s\u00f3lidos<\/strong> asseguram a aus\u00eancia de ingredientes controversos, como os parabenos e os corantes sint\u00e9ticos. O compromisso ecol\u00f3gico exprime-se tamb\u00e9m atrav\u00e9s da escolha das mat\u00e9rias-primas e das embalagens minimalistas, algumas das quais compost\u00e1veis.<\/p>\n<ul>\n<li><strong>Apoio aos fabricantes locais<\/strong> e o artesanato franc\u00eas<\/li>\n<li><strong>Tirar o m\u00e1ximo partido dos recursos naturais<\/strong> e procedimentos \u00e9ticos<\/li>\n<li><strong>Reduzir o impacto ambiental<\/strong> em compara\u00e7\u00e3o com os cosm\u00e9ticos convencionais<\/li>\n<li><strong>Respeito pelo bem-estar dos animais<\/strong> (frequentemente vegan e sem crueldade)<\/li>\n<\/ul>\n<h2>Como \u00e9 que o sabonete artesanal de p\u00e9talas de rosa pode ser incorporado na sua rotina de beleza?<\/h2>\n<h3>Limpeza e hidrata\u00e7\u00e3o di\u00e1rias<\/h3>\n<p>Este <strong>sab\u00e3o s\u00f3lido<\/strong> pode ser utilizado tanto no rosto como no corpo. A sua espuma fina limpa eficazmente a pele, deixando-a macia e flex\u00edvel. <strong>pel\u00edcula protetora<\/strong> na pele gra\u00e7as a <strong>propriedades hidratantes da manteiga de karit\u00e9<\/strong>. Utilizado todos os dias ou v\u00e1rias vezes por semana, basta humedecer ligeiramente o sabonete e esfreg\u00e1-lo nas m\u00e3os ou diretamente na pele.<\/p>\n<p>Ap\u00f3s o enxaguamento, a pele recupera a sua elasticidade e luminosidade. L\u2019<strong>esfolia\u00e7\u00e3o ligeira<\/strong> As p\u00e9talas s\u00e3o ideais para uma utiliza\u00e7\u00e3o regular, mesmo em zonas delicadas.<\/p>\n<h3>Um aliado sensorial para o banho<\/h3>\n<p>Le <strong>sab\u00e3o artesanal<\/strong> rima com prazer. Som <strong>fragr\u00e2ncia de rosas<\/strong> envolve o ambiente, criando um momento de relaxamento verdadeiramente apreci\u00e1vel. Colocado num banho quente, difunde o seu perfume refinado, deixando flutuar algumas p\u00e9talas, para uma atmosfera digna de um spa de luxo.<\/p>\n<p>Combinar este momento de relaxamento com uma massagem suave com sab\u00e3o aumenta ainda mais a sensa\u00e7\u00e3o de bem-estar. Muitas pessoas acham que esta combina\u00e7\u00e3o estimula tanto a mente como a pele.<\/p>\n<table>\n<tbody>\n<tr>\n<th>Ingrediente<\/th>\n<th>Lucro<\/th>\n<th>Origem<\/th>\n<\/tr>\n<tr>\n<td><strong>P\u00e9talas de rosa<\/strong><\/td>\n<td>Calmante, suavizante, esfoliante<\/td>\n<td>Natural\/\u00e0 base de plantas<\/td>\n<\/tr>\n<tr>\n<td><strong>Manteiga de karit\u00e9<\/strong><\/td>\n<td>Hidrata\u00e7\u00e3o profunda, prote\u00e7\u00e3o<\/td>\n<td>Natural<\/td>\n<\/tr>\n<tr>\n<td><strong>Base de sab\u00e3o artesanal<\/strong><\/td>\n<td>Limpeza, zero res\u00edduos<\/td>\n<td>Fabrico tradicional<\/td>\n<\/tr>\n<\/tbody>\n<\/table>\n<h2>Perguntas frequentes sobre o sabonete artesanal de p\u00e9talas de rosa<\/h2>\n<div itemscope=\"\" itemtype=\"https:\/\/schema.org\/FAQPage\">\n<div itemprop=\"mainEntity\" itemscope=\"\" itemtype=\"https:\/\/schema.org\/Question\">\n<h3 itemprop=\"name\">Porqu\u00ea escolher um sabonete artesanal de p\u00e9talas de rosa em vez de um sabonete tradicional?<\/h3>\n<div itemprop=\"acceptedAnswer\" itemscope=\"\" itemtype=\"https:\/\/schema.org\/Answer\">\n<div itemprop=\"text\">A <strong>sab\u00e3o artesanal<\/strong> beneficia de um <strong>Fabrico franc\u00eas ou tradicional<\/strong>, que garante m\u00e9todos suaves e a utiliza\u00e7\u00e3o de\u2019<strong>ingredientes naturais ou org\u00e2nicos<\/strong>. O <strong>p\u00e9talas de rosa<\/strong> proporciona um efeito esfoliante ligeiro <strong>fragr\u00e2ncia aut\u00eantica<\/strong>. Esta mistura garante um cuidado saud\u00e1vel da pele, longe dos aditivos nocivos encontrados em alguns sabonetes industriais.<\/p>\n<ul>\n<li><strong>Ingredientes de qualidade superior<\/strong><\/li>\n<li><strong>Sem compostos qu\u00edmicos agressivos<\/strong><\/li>\n<li><strong>Respeito pelo ambiente<\/strong><\/li>\n<\/ul>\n<\/div>\n<\/div>\n<\/div>\n<div itemprop=\"mainEntity\" itemscope=\"\" itemtype=\"https:\/\/schema.org\/Question\">\n<h3 itemprop=\"name\">Qual \u00e9 a diferen\u00e7a entre sab\u00e3o natural, biol\u00f3gico e certificado?<\/h3>\n<div itemprop=\"acceptedAnswer\" itemscope=\"\" itemtype=\"https:\/\/schema.org\/Answer\">\n<div itemprop=\"text\">A <strong>sab\u00e3o natural<\/strong> cont\u00e9m essencialmente <strong>ingredientes de origem vegetal<\/strong>, enquanto um <strong>sab\u00e3o biol\u00f3gico<\/strong> garante igualmente uma produ\u00e7\u00e3o sem pesticidas qu\u00edmicos. O \u201c<strong>certificado<\/strong>\u201dEstas distin\u00e7\u00f5es ajudam a selecionar um produto que cumpre os mais elevados padr\u00f5es de qualidade. Estas distin\u00e7\u00f5es ajudam a selecionar um <strong>sab\u00e3o artesanal<\/strong> de acordo com as suas necessidades.<\/p>\n<table>\n<tbody>\n<tr>\n<th>Tipo<\/th>\n<th>Carater\u00edsticas principais<\/th>\n<\/tr>\n<tr>\n<td><strong>Natural<\/strong><\/td>\n<td>Ingredientes de origem vegetal<\/td>\n<\/tr>\n<tr>\n<td><strong>Biografia<\/strong><\/td>\n<td>Mat\u00e9rias-primas provenientes da agricultura biol\u00f3gica<\/td>\n<\/tr>\n<tr>\n<td><strong>Certificado<\/strong><\/td>\n<td>Norma estabelecida por um certificador oficial<\/td>\n<\/tr>\n<\/tbody>\n<\/table>\n<\/div>\n<\/div>\n<\/div>\n<div itemprop=\"mainEntity\" itemscope=\"\" itemtype=\"https:\/\/schema.org\/Question\">\n<h3 itemprop=\"name\">O sabonete de p\u00e9talas de rosa \u00e9 adequado para todos os tipos de pele?<\/h3>\n<div itemprop=\"acceptedAnswer\" itemscope=\"\" itemtype=\"https:\/\/schema.org\/Answer\">\n<div itemprop=\"text\">Sim, \u00e9 geralmente adequado para toda a gente, mesmo para peles sens\u00edveis. A combina\u00e7\u00e3o de <strong>manteiga de karit\u00e9<\/strong> e <strong>p\u00e9talas de rosa<\/strong> traz <strong>hidrata\u00e7\u00e3o<\/strong> e suavidade. Para peles reactivas, \u00e9 aconselh\u00e1vel testar primeiro o sabonete numa pequena \u00e1rea.<\/p>\n<ul>\n<li><strong>Pele seca<\/strong> nutrir intensamente<\/li>\n<li><strong>Pele mista<\/strong> : equil\u00edbrio gra\u00e7as \u00e0 suavidade das p\u00e9talas<\/li>\n<li><strong>Pele sens\u00edvel<\/strong> previne a irrita\u00e7\u00e3o gra\u00e7as \u00e0 sua f\u00f3rmula natural<\/li>\n<\/ul>\n<\/div>\n<\/div>\n<\/div>\n<div itemprop=\"mainEntity\" itemscope=\"\" itemtype=\"https:\/\/schema.org\/Question\">\n<h3 itemprop=\"name\">Posso utilizar o sabonete s\u00f3lido de p\u00e9talas de rosa diariamente?<\/h3>\n<div itemprop=\"acceptedAnswer\" itemscope=\"\" itemtype=\"https:\/\/schema.org\/Answer\">\n<div itemprop=\"text\">Utilizar este <strong>sab\u00e3o artesanal<\/strong> todos os dias \u00e9 perfeitamente poss\u00edvel. Os seus <strong>propriedades hidratantes<\/strong> e a sua <strong>esfolia\u00e7\u00e3o ligeira<\/strong> preservar o equil\u00edbrio da pele. O seu formato s\u00f3lido oferece ainda a vantagem de ser f\u00e1cil de transportar e duradouro.<\/p>\n<ul>\n<li><strong>Vida \u00fatil alargada<\/strong> em compara\u00e7\u00e3o com os g\u00e9is de duche<\/li>\n<li><strong>Menos res\u00edduos de pl\u00e1stico produzidos<\/strong><\/li>\n<li><strong>Fragr\u00e2ncia de rosas<\/strong> uma presen\u00e7a agrad\u00e1vel na vida quotidiana<\/li>\n<\/ul>\n<\/div>\n<\/div>\n<\/div>\n<\/div>","protected":false},"excerpt":{"rendered":"<p>Sabonete artesanal enriquecido Tanja Tijara <strong>com p\u00e9talas de rosas verdadeiras<\/strong>. Limpa suavemente, hidrata e deixa a pele delicadamente perfumada.<\/p>","protected":false},"featured_media":43378,"template":"","meta":[],"product_brand":[],"product_cat":[55],"product_tag":[],"class_list":{"0":"post-43377","1":"product","2":"type-product","3":"status-publish","4":"has-post-thumbnail","6":"product_cat-savon","8":"first","9":"outofstock","10":"shipping-taxable","11":"purchasable","12":"product-type-simple"},"_links":{"self":[{"href":"https:\/\/1001vertus.com\/pt\/wp-json\/wp\/v2\/product\/43377","targetHints":{"allow":["GET"]}}],"collection":[{"href":"https:\/\/1001vertus.com\/pt\/wp-json\/wp\/v2\/product"}],"about":[{"href":"https:\/\/1001vertus.com\/pt\/wp-json\/wp\/v2\/types\/product"}],"wp:featuredmedia":[{"embeddable":true,"href":"https:\/\/1001vertus.com\/pt\/wp-json\/wp\/v2\/media\/43378"}],"wp:attachment":[{"href":"https:\/\/1001vertus.com\/pt\/wp-json\/wp\/v2\/media?parent=43377"}],"wp:term":[{"taxonomy":"product_brand","embeddable":true,"href":"https:\/\/1001vertus.com\/pt\/wp-json\/wp\/v2\/product_brand?post=43377"},{"taxonomy":"product_cat","embeddable":true,"href":"https:\/\/1001vertus.com\/pt\/wp-json\/wp\/v2\/product_cat?post=43377"},{"taxonomy":"product_tag","embeddable":true,"href":"https:\/\/1001vertus.com\/pt\/wp-json\/wp\/v2\/product_tag?post=43377"}],"curies":[{"name":"wp","href":"https:\/\/api.w.org\/{rel}","templated":true}]}}