{"id":43355,"date":"2025-11-09T15:31:47","date_gmt":"2025-11-09T14:31:47","guid":{"rendered":"https:\/\/1001vertus.com\/?post_type=product&#038;p=43355"},"modified":"2026-03-22T19:25:38","modified_gmt":"2026-03-22T18:25:38","slug":"sabao-de-pera-espinhosa-em-processo-frio","status":"publish","type":"product","link":"https:\/\/1001vertus.com\/pt\/produit\/savon-a-froid-a-la-figue-de-barbarie\/","title":{"rendered":"Sabonete de figo da \u00cdndia artesanal a frio Aprox. 100g - Assali"},"content":{"rendered":"<p>No mundo do <strong>cuidados naturais<\/strong>a <strong>sab\u00e3o de pera espinhosa em processo frio<\/strong> seduz pela sua efic\u00e1cia e grande suavidade. Apreciado pela sua <strong>composi\u00e7\u00e3o natural<\/strong> e a sua riqueza em \u00f3leos preciosos, este sabonete oferece <strong>hidrata\u00e7\u00e3o intensa<\/strong>, um efeito nutritivo e uma verdadeira a\u00e7\u00e3o anti-envelhecimento. Este guia explora os m\u00faltiplos benef\u00edcios de um <strong>sab\u00e3o de processo a frio enriquecido com \u00f3leo de sementes de figueira-da-\u00edndia<\/strong> e explica porque \u00e9 que est\u00e1 a conquistar cada vez mais entusiastas do bem-estar natural.<\/p>\n<h2>Sab\u00e3o em pasta a frio: um processo artesanal \u00fanico<\/h2>\n<p>La <strong>saponifica\u00e7\u00e3o a frio<\/strong> distingue o real <strong>sab\u00e3o artesanal<\/strong> produtos industriais convencionais. Este processo suave envolve a mistura lenta de v\u00e1rias gorduras - como o azeite ou o \u00f3leo de coco - com uma base alcalina, sem calor excessivo. A vantagem? Os ingredientes conservam toda a sua <strong>propriedades naturais<\/strong>, oferecendo um <strong>sab\u00e3o natural<\/strong> que respeita a pele.<\/p>\n<p>Este m\u00e9todo de fabrico preserva a <strong>glicerina vegetal<\/strong> produzidos durante o processamento, tornando o sab\u00e3o particularmente eficaz. <strong>suave e hidratante<\/strong>. Muitos dos seus benef\u00edcios permanecem intactos, ao contr\u00e1rio dos sabonetes convencionais cuja produ\u00e7\u00e3o industrial elimina frequentemente a maior parte dos princ\u00edpios activos presentes nos ingredientes. <strong>\u00f3leos vegetais<\/strong> utilizado.<\/p>\n<h2>Porqu\u00ea escolher figo da \u00cdndia num sabonete de processo a frio?<\/h2>\n<p>L'<strong>\u00f3leo de sementes de figueira-da-\u00edndia<\/strong> \u00e9 conhecida pelas suas <strong>propriedades anti-envelhecimento excepcionais<\/strong>. Utilizar este \u00f3leo raro numa <strong>sab\u00e3o de processo a frio<\/strong> permite-lhe usufruir diariamente dos seus valiosos e eficazes benef\u00edcios.<\/p>\n<p>Em termos de <strong>combate as rugas<\/strong> e <strong>regenera\u00e7\u00e3o da pele<\/strong>, Poucos ingredientes t\u00eam o mesmo desempenho que este \u00f3leo. A sua riqueza em <strong>vitamina E<\/strong>, O seu elevado teor de \u00f3mega 3, \u00f3mega 6 e ester\u00f3is confere ao sabonete uma a\u00e7\u00e3o protetora, nutritiva e flex\u00edvel completa sobre a pele.<\/p>\n<h3>Propriedades reconhecidas para todos os tipos de pele<\/h3>\n<p>Quer a sua pele seja seca, sens\u00edvel ou mista, o <strong>sab\u00e3o natural enriquecido com figo-da-\u00edndia<\/strong> \u00e9 uma solu\u00e7\u00e3o perfeita. Gra\u00e7as \u00e0 sua f\u00f3rmula <strong>nutritivo<\/strong>, Limpa sem irritar ou puxar. Isto ajuda a manter uma <strong>pele mais firme<\/strong>, confort\u00e1vel e visivelmente mais luminoso dia ap\u00f3s dia.<\/p>\n<p>A adi\u00e7\u00e3o de\u2019<strong>\u00f3leo de sementes de figueira-da-\u00edndia<\/strong> tamb\u00e9m d\u00e1 um apoio efetivo a\u2019<strong>hidrata\u00e7\u00e3o da pele<\/strong>. Utilizado todos os dias, este sabonete ajuda a restaurar a <strong>pel\u00edcula hidrolip\u00eddica<\/strong> e preservar a elasticidade da pele, para uma apar\u00eancia mais jovem e radiante. Para variar os prazeres sem deixar de ser delicado e respeitador da pele, descubra tamb\u00e9m as virtudes de <a href=\"https:\/\/1001vertus.com\/pt\/product-category\/bem-estar\/sabao\/\">sabonetes naturais ricos em vitaminas<\/a>.<\/p>\n<h3>Foco na saponifica\u00e7\u00e3o a frio e nos benef\u00edcios da conserva\u00e7\u00e3o<\/h3>\n<p>O m\u00e9todo artesanal garante que o <strong>\u00e1cidos gordos essenciais<\/strong>, os antioxidantes e as vitaminas permanecem intactos. Estes componentes estimulam a <strong>regenera\u00e7\u00e3o da pele<\/strong> e protegem ativamente a pele contra as agress\u00f5es externas. Escolher um <strong>sab\u00e3o de processo a frio<\/strong>, Assim, est\u00e1 a optar por um produto aut\u00eantico, puro e respeitador do ambiente.<\/p>\n<p>Este processo de produ\u00e7\u00e3o manual tamb\u00e9m favorece <strong>mat\u00e9rias-primas n\u00e3o refinadas<\/strong>. O resultado \u00e9 um produto saud\u00e1vel e minimalista que actua suavemente sobre a pele e limita o seu impacto ambiental gra\u00e7as a um processo energ\u00e9tico reduzido. Para aqueles que querem explorar ainda mais as alternativas suaves, existem variantes como o <a href=\"https:\/\/1001vertus.com\/pt\/product\/sabao-vegetal-vitality-com-leite-de-camelo\/\">sab\u00e3o vegetal enriquecido com leite de camelo e \u00f3leo de arg\u00e3o biol\u00f3gico<\/a>, conhecido pelo seu excecional poder hidratante.<\/p>\n<h2>Os benef\u00edcios quotidianos do sab\u00e3o de figo da \u00cdndia<\/h2>\n<p>Para al\u00e9m das suas propriedades de lavagem, o <strong>sab\u00e3o de processo a frio enriquecido com \u00f3leo de sementes de figueira-da-\u00edndia<\/strong> revoluciona a sua rotina de beleza. Utilizada regularmente, associa <strong>a\u00e7\u00e3o purificadora delicada<\/strong> e benef\u00edcios espec\u00edficos para uma pele com aspeto mais jovem.<\/p>\n<ul>\n<li><strong>Hidrata\u00e7\u00e3o de longa dura\u00e7\u00e3o<\/strong> Mant\u00e9m a suavidade da pele e limita a desidrata\u00e7\u00e3o.<\/li>\n<li><strong>Luta contra as rugas<\/strong> O \u00f3leo de figo-da-\u00edndia favorece a renova\u00e7\u00e3o celular.<\/li>\n<li><strong>Prote\u00e7\u00e3o anti-oxidante<\/strong> Neutraliza os efeitos nocivos da polui\u00e7\u00e3o e do stress oxidativo.<\/li>\n<li><strong>Pele mais firme e mais el\u00e1stica<\/strong> Tonifica e d\u00e1 um efeito lifting natural.<\/li>\n<li><strong>A\u00e7\u00e3o nutritiva e reparadora<\/strong> Ideal para peles fr\u00e1geis com tend\u00eancia para a irrita\u00e7\u00e3o ou para a rigidez.<\/li>\n<\/ul>\n<p>Este cuidado adapt\u00e1vel responde \u00e0s necessidades de toda a fam\u00edlia, adultos e adolescentes, em qualquer esta\u00e7\u00e3o do ano. A difus\u00e3o progressiva de <strong>nutrientes<\/strong> Quando se usa o sabonete, sente-se imediatamente confort\u00e1vel.<\/p>\n<h2>Como utilizar eficazmente o sab\u00e3o natural de figo da \u00cdndia?<\/h2>\n<p>Integrar esta <strong>sab\u00e3o natural<\/strong> para a casa de banho \u00e9 muito simples. Tudo o que tem de fazer \u00e9 molhar a pele, ensaboar o sabonete entre as m\u00e3os e depois aplic\u00e1-lo no rosto e no corpo em movimentos circulares. Esta a\u00e7\u00e3o estimula a <strong>microcircula\u00e7\u00e3o sangu\u00ednea<\/strong>, maximizar o efeito regenerador de\u2019<strong>\u00f3leo de sementes de figueira-da-\u00edndia<\/strong>.<\/p>\n<p>Depois de enxaguar com \u00e1gua limpa, a pele fica flex\u00edvel e protegida, sem res\u00edduos gordurosos. Muitas pessoas tamb\u00e9m apreciam este <strong>sab\u00e3o de processo a frio<\/strong> para limpar o cabelo ou como alternativa suave aos produtos de limpeza di\u00e1rios para as m\u00e3os.<\/p>\n<h3>Dicas para prolongar a vida \u00fatil do seu sab\u00e3o de processo a frio<\/h3>\n<p>Para evitar que o <strong>o sab\u00e3o derrete demasiado depressa<\/strong>, Se vai utiliz\u00e1-lo, aqui ficam algumas dicas simples: deixe-o secar ao ar livre entre utiliza\u00e7\u00f5es e utilize um pano h\u00famido. <strong>saboneteira a c\u00e9u aberto<\/strong>. Assim, mant\u00e9m a sua forma e dura mais tempo, mesmo com uma utiliza\u00e7\u00e3o frequente.<\/p>\n<p>Cortar o sab\u00e3o em pequenos peda\u00e7os tamb\u00e9m pode prolongar a frescura de cada barra. Este gesto pr\u00e1tico permite-lhe variar as utiliza\u00e7\u00f5es, por exemplo, reservando pequenos blocos para o rosto e outros para o corpo.<\/p>\n<h3>Este sabonete pode ser incorporado em todas as rotinas de beleza?<\/h3>\n<p>Quer seja para substituir o gel de banho ou para completar uma rotina facial, a utiliza\u00e7\u00e3o de um <strong>sab\u00e3o natural de figo da \u00edndia<\/strong> \u00e9 f\u00e1cil de integrar. Pode ser utilizado de manh\u00e3 e \u00e0 noite, sozinho ou com um creme ligeiro adaptado a cada tipo de pele.<\/p>\n<p>Gra\u00e7as \u00e0 sua suavidade, este <strong>sab\u00e3o de processo a frio<\/strong> permanece compat\u00edvel com produtos de cuidados da pele mais espec\u00edficos (s\u00e9runs, b\u00e1lsamos regeneradores). A associa\u00e7\u00e3o destes produtos optimiza <strong>combate as rugas<\/strong> refor\u00e7ando simultaneamente a barreira natural da pele.<\/p>\n<h2>Perguntas frequentes sobre o sab\u00e3o de figo da \u00cdndia<\/h2>\n<div itemscope=\"\" itemtype=\"https:\/\/schema.org\/FAQPage\">\n<div itemprop=\"mainEntity\" itemscope=\"\" itemtype=\"https:\/\/schema.org\/Question\">\n<h3 itemprop=\"name\">Quais s\u00e3o os principais benef\u00edcios do \u00f3leo de sementes de figo-da-\u00edndia num sab\u00e3o de processo a frio?<\/h3>\n<div itemprop=\"acceptedAnswer\" itemscope=\"\" itemtype=\"https:\/\/schema.org\/Answer\">\n<div itemprop=\"text\">As virtudes deste \u00f3leo residem na sua capacidade de <strong>hidratar a pele<\/strong>, promover <strong>regenera\u00e7\u00e3o da pele<\/strong> e combater as rugas. Cont\u00e9m <strong>vitamina E<\/strong> e poderosos antioxidantes. O seu efeito <strong>nutritivo<\/strong> proporciona elasticidade e firmeza, o que se traduz numa <strong>pele mais firme<\/strong> e melhor protegida.<\/p>\n<ul>\n<li>A\u00e7\u00e3o anti-envelhecimento e revitalizante<\/li>\n<li>Adequado para peles sens\u00edveis e maduras<\/li>\n<li>Favorece a elasticidade e a repara\u00e7\u00e3o da epiderme<\/li>\n<\/ul>\n<\/div>\n<\/div>\n<\/div>\n<div itemprop=\"mainEntity\" itemscope=\"\" itemtype=\"https:\/\/schema.org\/Question\">\n<h3 itemprop=\"name\">A quem se destina o sabonete de figo da \u00cdndia?<\/h3>\n<div itemprop=\"acceptedAnswer\" itemscope=\"\" itemtype=\"https:\/\/schema.org\/Answer\">\n<div itemprop=\"text\">Este <strong>sab\u00e3o natural<\/strong> foi formulado para todos os tipos de pele, mesmo as mais sens\u00edveis ou reactivas. \u00c9 adequado tanto para adultos como para adolescentes que procuram <strong>hidrata\u00e7\u00e3o<\/strong>, <strong>limpeza suave<\/strong> e <strong>prote\u00e7\u00e3o a longo prazo<\/strong>. \u00c9 a escolha ideal para quem quer beneficiar de <strong>rotina de beleza saud\u00e1vel<\/strong> e eficiente.<\/p>\n<ul>\n<li>Suficientemente suave para uma utiliza\u00e7\u00e3o quotidiana<\/li>\n<li>Sem aditivos qu\u00edmicos ou corantes<\/li>\n<li>Eficaz contra a secura e o envelhecimento da pele<\/li>\n<\/ul>\n<\/div>\n<\/div>\n<\/div>\n<div itemprop=\"mainEntity\" itemscope=\"\" itemtype=\"https:\/\/schema.org\/Question\">\n<h3 itemprop=\"name\">Quais s\u00e3o as diferen\u00e7as entre o sab\u00e3o de processo a frio e o sab\u00e3o industrial convencional?<\/h3>\n<div itemprop=\"acceptedAnswer\" itemscope=\"\" itemtype=\"https:\/\/schema.org\/Answer\">\n<div itemprop=\"text\">A <strong>sab\u00e3o de processo a frio<\/strong>, obtido por <strong>saponifica\u00e7\u00e3o com controlo de temperatura<\/strong>, ret\u00e9m <strong>benef\u00edcios naturais dos ingredientes<\/strong>, incluindo a preciosa glicerina. Os sab\u00f5es industriais s\u00e3o frequentemente aquecidos a altas temperaturas, o que destr\u00f3i alguns dos ingredientes activos ben\u00e9ficos e, por vezes, deixa res\u00edduos sint\u00e9ticos. O quadro seguinte apresenta algumas das principais distin\u00e7\u00f5es.<\/p>\n<table>\n<tbody>\n<tr>\n<th>Carater\u00edsticas<\/th>\n<th>Sab\u00e3o de processo a frio<\/th>\n<th>Sab\u00e3o industrial<\/th>\n<\/tr>\n<tr>\n<td>Processo<\/td>\n<td>Saponifica\u00e7\u00e3o a frio<\/td>\n<td>Saponifica\u00e7\u00e3o a quente<\/td>\n<\/tr>\n<tr>\n<td>Conservar a glicerina<\/td>\n<td>Sim<\/td>\n<td>N\u00e3o, frequentemente retirado<\/td>\n<\/tr>\n<tr>\n<td>N\u00edvel de hidrata\u00e7\u00e3o<\/td>\n<td>Elevado<\/td>\n<td>M\u00e9dio a baixo<\/td>\n<\/tr>\n<\/tbody>\n<\/table>\n<\/div>\n<\/div>\n<\/div>\n<div itemprop=\"mainEntity\" itemscope=\"\" itemtype=\"https:\/\/schema.org\/Question\">\n<h3 itemprop=\"name\">Quanto tempo dura normalmente o sab\u00e3o de figo da \u00cdndia tradicional?<\/h3>\n<div itemprop=\"acceptedAnswer\" itemscope=\"\" itemtype=\"https:\/\/schema.org\/Answer\">\n<div itemprop=\"text\">Tudo depende da forma como o utiliza, mas se seguir boas pr\u00e1ticas (secagem ao ar livre, utiliza\u00e7\u00e3o de uma saboneteira com escoamento), uma barra de 100 g dura geralmente entre 3 e 5 semanas para utiliza\u00e7\u00e3o di\u00e1ria no rosto e no corpo. Cortar o sabonete em v\u00e1rios peda\u00e7os prolonga a frescura e torna-o mais f\u00e1cil de segurar, especialmente em viagem.<\/p>\n<ol>\n<li>Deixar secar entre utiliza\u00e7\u00f5es<\/li>\n<li>Armazenar ao abrigo da humidade<\/li>\n<li>Cortar em por\u00e7\u00f5es conforme necess\u00e1rio<\/li>\n<\/ol>\n<\/div>\n<\/div>\n<\/div>\n<\/div>","protected":false},"excerpt":{"rendered":"<p>Sabonete artesanal Assali (100g), enriquecido com <strong>\u00f3leo precioso de figo-da-\u00edndia<\/strong>. Um tratamento natural supergorduroso, anti-envelhecimento e hidratante para o rosto e o corpo<\/p>","protected":false},"featured_media":44896,"template":"","meta":[],"product_brand":[],"product_cat":[55],"product_tag":[],"class_list":{"0":"post-43355","1":"product","2":"type-product","3":"status-publish","4":"has-post-thumbnail","6":"product_cat-savon","8":"first","9":"instock","10":"shipping-taxable","11":"purchasable","12":"product-type-simple"},"_links":{"self":[{"href":"https:\/\/1001vertus.com\/pt\/wp-json\/wp\/v2\/product\/43355","targetHints":{"allow":["GET"]}}],"collection":[{"href":"https:\/\/1001vertus.com\/pt\/wp-json\/wp\/v2\/product"}],"about":[{"href":"https:\/\/1001vertus.com\/pt\/wp-json\/wp\/v2\/types\/product"}],"wp:featuredmedia":[{"embeddable":true,"href":"https:\/\/1001vertus.com\/pt\/wp-json\/wp\/v2\/media\/44896"}],"wp:attachment":[{"href":"https:\/\/1001vertus.com\/pt\/wp-json\/wp\/v2\/media?parent=43355"}],"wp:term":[{"taxonomy":"product_brand","embeddable":true,"href":"https:\/\/1001vertus.com\/pt\/wp-json\/wp\/v2\/product_brand?post=43355"},{"taxonomy":"product_cat","embeddable":true,"href":"https:\/\/1001vertus.com\/pt\/wp-json\/wp\/v2\/product_cat?post=43355"},{"taxonomy":"product_tag","embeddable":true,"href":"https:\/\/1001vertus.com\/pt\/wp-json\/wp\/v2\/product_tag?post=43355"}],"curies":[{"name":"wp","href":"https:\/\/api.w.org\/{rel}","templated":true}]}}