{"id":43308,"date":"2025-11-07T12:36:40","date_gmt":"2025-11-07T11:36:40","guid":{"rendered":"https:\/\/1001vertus.com\/?post_type=product&#038;p=43308"},"modified":"2025-12-18T16:52:12","modified_gmt":"2025-12-18T15:52:12","slug":"resina-pura-de-shilajit","status":"publish","type":"product","link":"https:\/\/1001vertus.com\/pt\/produit\/shilajit-pur-en-resine\/","title":{"rendered":"Shilajit de resina pura das montanhas Altai (frasco de 50g) - Ziyada"},"content":{"rendered":"<p>Descobrir o&nbsp;<strong>shilajit puro<\/strong> sob a forma de <strong>resina natural<\/strong> de <strong>Montanhas Altai<\/strong>, \u00e9 mergulhar num mundo onde as tradi\u00e7\u00f5es ancestrais e o bem-estar se conjugam.<\/p>\n<p>Este tesouro, h\u00e1 muito valorizado nas medicinas tradicionais da \u00c1sia Central, est\u00e1 agora a atrair a aten\u00e7\u00e3o pelo seu potencial para refor\u00e7ar o sistema imunit\u00e1rio.&nbsp;<strong>vitalidade<\/strong>, apoiar o\u2019<strong>energia<\/strong> e promover o equil\u00edbrio f\u00edsico. O formato&nbsp;<strong>Frasco de 50g<\/strong> A marca Ziyada garante uma utiliza\u00e7\u00e3o pr\u00e1tica, preservando todas as qualidades aut\u00eanticas deste concentrado raro.<\/p>\n<h2>Origem e carater\u00edsticas espec\u00edficas da resina pura de shilajit<\/h2>\n<p>Le <strong>shilajit<\/strong> retira a sua for\u00e7a do seu ambiente excecional. Desde as alturas intactas do <strong>Montanhas Altai<\/strong>, Tem a forma de um <strong>resina natural<\/strong> rico, meticulosamente colhido ap\u00f3s um longo processo de matura\u00e7\u00e3o entre as rochas. Estas condi\u00e7\u00f5es geogr\u00e1ficas extremas garantem um produto de uma pureza not\u00e1vel e de uma qualidade elevada. <strong>concentra\u00e7\u00e3o \u00fanica<\/strong>.<\/p>\n<p>A sua tonalidade escura e a sua textura densa testemunham a sua composi\u00e7\u00e3o complexa, moldada ao longo de milhares de anos pela decomposi\u00e7\u00e3o de plantas alpinas e de minerais preciosos.<\/p>\n<p>Este processo natural confere ao shilajit um elevado teor de&nbsp;<strong>\u00e1cido f\u00falvico<\/strong>, conhecido por facilitar o transporte de nutrientes, apoiar o\u2019<strong>equil\u00edbrio celular<\/strong> e otimizar a biodisponibilidade dos elementos essenciais.<\/p>\n<h2>Benef\u00edcios essenciais associados ao shilajit de Altai<\/h2>\n<h3>Porqu\u00ea escolher esta resina natural?<\/h3>\n<p>Optar por uma cura de <strong>shilajit puro<\/strong> da regi\u00e3o de Altai \u00e9 uma fonte preciosa de\u2019<strong>antioxidantes naturais<\/strong>. Ajudam a combater o stress oxidativo, apoiam a recupera\u00e7\u00e3o ap\u00f3s o exerc\u00edcio e s\u00e3o particularmente \u00fateis durante os per\u00edodos de <strong>fadiga persistente<\/strong>.<\/p>\n<p>Muitas pessoas apreciam este facto&nbsp;<strong>resina natural<\/strong> que estimula gradualmente o\u2019<strong>energia<\/strong> e resist\u00eancia ao stress quotidiano. Tamb\u00e9m pode tirar partido de <a href=\"https:\/\/1001vertus.com\/pt\/product\/capsulas-de-shilajit\/\">c\u00e1psulas de shilajit fabricadas a partir de resina natural<\/a> para aqueles que preferem uma alternativa pr\u00e1tica \u00e0 forma tradicional.<\/p>\n<p>Gra\u00e7as \u00e0 sua elevada <strong>oligoelementos<\/strong>, O Shilajit contribui igualmente para refor\u00e7ar as defesas naturais do organismo. L\u2019<strong>\u00e1cido f\u00falvico<\/strong> actua como um catalisador, facilitando a assimila\u00e7\u00e3o de minerais e outros componentes vitais necess\u00e1rios para o equil\u00edbrio geral.<\/p>\n<h3>Apoio \u00e0 vitalidade, libido e testosterona<\/h3>\n<p>Entre os seus principais atractivos, o shilajit puro \u00e9 reconhecido pela sua influ\u00eancia ben\u00e9fica sobre o <strong>vitalidade geral<\/strong> e t\u00f3nus. Segundo a tradi\u00e7\u00e3o, a utiliza\u00e7\u00e3o regular n\u00e3o s\u00f3 promove\u2019<strong>energia total<\/strong>, mas tamb\u00e9m melhora <strong>libido<\/strong> e a produ\u00e7\u00e3o de <strong>testosterona<\/strong>.<\/p>\n<p>Cada vez mais utilizadores est\u00e3o a adotar este superalimento para apoiar um estilo de vida ativo ou para ultrapassar crises tempor\u00e1rias de fadiga.<\/p>\n<p>Este <strong>um poderoso aliado \u00e0 base de plantas<\/strong> tamb\u00e9m actua sobre o\u2019<strong>equil\u00edbrio hormonal masculino<\/strong> e ajuda a aumentar naturalmente os n\u00edveis de <strong>testosterona<\/strong>, frequentemente afectados pelo stress ou por um ritmo fren\u00e9tico. A sinergia entre <strong>\u00e1cido f\u00falvico<\/strong>, O efeito positivo sobre o t\u00f3nus muscular, a resist\u00eancia e a for\u00e7a explica-se pelo elevado teor de vitaminas, minerais e micronutrientes.&nbsp;<\/p>\n<h2>Como utilizar a resina pura de shilajit das montanhas Altai?<\/h2>\n<h3>Posologia e conselhos pr\u00e1ticos<\/h3>\n<p>A <strong>Frasco de 50g<\/strong> de Ziyada cobre geralmente v\u00e1rias semanas de utiliza\u00e7\u00e3o di\u00e1ria. A maioria dos utilizadores prefere dissolver uma pequena quantidade de <strong>resina natural<\/strong> (aproximadamente do tamanho de um gr\u00e3o de arroz) num copo de \u00e1gua morna ou num ch\u00e1 de ervas quente. Beber de manh\u00e3 com o est\u00f4mago vazio para maximizar os efeitos ben\u00e9ficos para o sistema imunit\u00e1rio.\u2019<strong>energia<\/strong> e o <strong>vitalidade<\/strong>.<\/p>\n<p>A toma deste suplemento sob a forma l\u00edquida facilita a sua r\u00e1pida absor\u00e7\u00e3o pelo organismo. Embora o sabor possa ser surpreendente \u00e0 primeira vista, pode ser facilmente integrado numa rotina de bem-estar logo que os primeiros benef\u00edcios - aumento da energia, melhor resist\u00eancia \u00e0 fadiga - se fa\u00e7am sentir.<\/p>\n<h3>Dicas para tornar a resina natural parte da sua vida quotidiana<\/h3>\n<p>A utiliza\u00e7\u00e3o de uma colher de medida diretamente no frasco ajuda-o a controlar com precis\u00e3o cada por\u00e7\u00e3o de <strong>shilajit puro<\/strong>. Ocasionalmente, adicion\u00e1-lo a uma bebida de desintoxica\u00e7\u00e3o ou a um batido oferece alternativas saborosas sem comprometer o valor nutricional. <strong>\u00e1cido f\u00falvico<\/strong> e antioxidantes.<\/p>\n<p>Fechar o <strong>Frasco de 50g<\/strong> ap\u00f3s a utiliza\u00e7\u00e3o para preservar todas as propriedades activas do produto. <strong>resina natural<\/strong>, para evitar a exposi\u00e7\u00e3o \u00e0 humidade ou ao ar. Bastam alguns passos simples para prolongar a qualidade e a efic\u00e1cia deste superalimento excecional.<\/p>\n<h2>Quadro comparativo dos aportes nutricionais<\/h2>\n<p>Para o ajudar a compreender melhor o que este suplemento lhe oferece, eis um quadro recapitulativo dos principais elementos presentes no <strong>resina pura de shilajit<\/strong> :<\/p>\n<table>\n<tbody>\n<tr>\n<th>Componente<\/th>\n<th>Papel para o corpo<\/th>\n<\/tr>\n<tr>\n<td>\u00c1cido f\u00falvico<\/td>\n<td>Transporte de nutrientes, desintoxica\u00e7\u00e3o<\/td>\n<\/tr>\n<tr>\n<td>Antioxidantes naturais<\/td>\n<td>Prote\u00e7\u00e3o das c\u00e9lulas contra os radicais livres<\/td>\n<\/tr>\n<tr>\n<td>Oligo-&eacute;l&eacute;ments (magn&eacute;sium, zinc&#8230;)<\/td>\n<td>Equil\u00edbrio nervoso, metabolismo energ\u00e9tico<\/td>\n<\/tr>\n<tr>\n<td>Amino\u00e1cidos<\/td>\n<td>S\u00edntese proteica, recupera\u00e7\u00e3o muscular<\/td>\n<\/tr>\n<\/tbody>\n<\/table>\n<p>Estes componentes trabalham em conjunto para fornecer um suplemento completo, particularmente apreciado para <strong>vitalidade renovada<\/strong> e o <strong>resist\u00eancia ao stress f\u00edsico<\/strong>.<\/p>\n<h2>Perguntas frequentes sobre o shilajit puro de resina de Altai<\/h2>\n<div itemscope=\"\" itemtype=\"https:\/\/schema.org\/FAQPage\">\n<div itemprop=\"mainEntity\" itemscope=\"\" itemtype=\"https:\/\/schema.org\/Question\">\n<h3 itemprop=\"name\">Quanto tempo \u00e9 necess\u00e1rio para sentir os efeitos do shilajit puro?<\/h3>\n<div itemprop=\"acceptedAnswer\" itemscope=\"\" itemtype=\"https:\/\/schema.org\/Answer\">\n<div itemprop=\"text\">\n<p>O in\u00edcio dos efeitos varia consoante o organismo e a regularidade com que \u00e9 tomado. Muitas pessoas j\u00e1 notaram uma melhoria na\u2019<strong>energia<\/strong> ou uma redu\u00e7\u00e3o de <strong>cansa\u00e7o<\/strong> ap\u00f3s uma ou duas semanas de utiliza\u00e7\u00e3o regular. Uma alimenta\u00e7\u00e3o equilibrada e uma boa hidrata\u00e7\u00e3o optimizam estes resultados.<\/p>\n<ul>\n<li>Aumento do n\u00edvel de energia<\/li>\n<li>Recupera\u00e7\u00e3o mais r\u00e1pida<\/li>\n<li>Menos epis\u00f3dios de fadiga durante o dia<\/li>\n<\/ul>\n<\/div>\n<\/div>\n<\/div>\n<div itemprop=\"mainEntity\" itemscope=\"\" itemtype=\"https:\/\/schema.org\/Question\">\n<h3 itemprop=\"name\">A resina natural pode ser combinada com outros suplementos alimentares?<\/h3>\n<div itemprop=\"acceptedAnswer\" itemscope=\"\" itemtype=\"https:\/\/schema.org\/Answer\">\n<div itemprop=\"text\">\n<p>La <strong>resina natural<\/strong> O shilajit puro pode ser combinado com outros suplementos, como o magn\u00e9sio, a spirulina ou certos probi\u00f3ticos. No entanto, \u00e9 prefer\u00edvel espa\u00e7ar a ingest\u00e3o de v\u00e1rios produtos para observar claramente os respectivos efeitos no organismo. <strong>vitalidade<\/strong> e o<strong>energia<\/strong>.<\/p>\n<ul>\n<li>Seguir um intervalo de pelo menos uma hora entre os suplementos.<\/li>\n<li>Adaptar as doses de acordo com as prefer\u00eancias pessoais<\/li>\n<\/ul>\n<\/div>\n<\/div>\n<\/div>\n<div itemprop=\"mainEntity\" itemscope=\"\" itemtype=\"https:\/\/schema.org\/Question\">\n<h3 itemprop=\"name\">Quais s\u00e3o os sinais de boa toler\u00e2ncia ao shilajit puro?<\/h3>\n<div itemprop=\"acceptedAnswer\" itemscope=\"\" itemtype=\"https:\/\/schema.org\/Answer\">\n<div itemprop=\"text\">\n<p>Gest\u00e3o \u00f3ptima de\u2019<strong>energia<\/strong>, Uma sensa\u00e7\u00e3o de clareza mental e um sono reparador s\u00e3o indicadores positivos. Algumas pessoas podem ter ligeiros problemas digestivos nos primeiros dias, que podem ser aliviados reduzindo temporariamente a dose.<\/p>\n<ul>\n<li>Controlo das reac\u00e7\u00f5es digestivas<\/li>\n<li>Ouvir o seu corpo e ajustar a sua dosagem<\/li>\n<\/ul>\n<\/div>\n<\/div>\n<\/div>\n<div itemprop=\"mainEntity\" itemscope=\"\" itemtype=\"https:\/\/schema.org\/Question\">\n<h3 itemprop=\"name\">Existem contra-indica\u00e7\u00f5es conhecidas para o consumo de shilajit puro?<\/h3>\n<div itemprop=\"acceptedAnswer\" itemscope=\"\" itemtype=\"https:\/\/schema.org\/Answer\">\n<div itemprop=\"text\">\n<p>Algumas popula\u00e7\u00f5es devem procurar aconselhamento profissional antes de consumir <strong>shilajit puro<\/strong> Mulheres gr\u00e1vidas, m\u00e3es a amamentar e pessoas que sofrem de doen\u00e7a renal cr\u00f3nica. Respeitar a <strong>dosagem<\/strong> Recomenda-se que tire o m\u00e1ximo partido dos seus benef\u00edcios para a sa\u00fade.<\/p>\n<ul>\n<li>Cumprimento da dose di\u00e1ria recomendada<\/li>\n<li>Recomenda-se um arranque gradual para pessoas sens\u00edveis<\/li>\n<\/ul>\n<\/div>\n<\/div>\n<\/div>\n<\/div>","protected":false},"excerpt":{"rendered":"<p>D&eacute;couvrir le&nbsp;shilajit pur sous forme de r&eacute;sine naturelle issue des montagnes de l&rsquo;Alta&iuml;, c&rsquo;est plonger dans un univers o&ugrave; traditions ancestrales et bien-&ecirc;tre se rejoignent. Ce tr&eacute;sor, longtemps valoris&eacute; dans les m&eacute;decines traditionnelles d&rsquo;Asie centrale, s&eacute;duit aujourd&rsquo;hui pour son potentiel &agrave; renforcer la&nbsp;vitalit&eacute;, soutenir l&rsquo;&eacute;nergie quotidienne et favoriser l&rsquo;&eacute;quilibre physique.&nbsp;Le format&nbsp;pot de 50g de la [&#8230;]\n","protected":false},"featured_media":43309,"template":"","meta":[],"product_brand":[],"product_cat":[27,53],"product_tag":[],"class_list":{"0":"post-43308","1":"product","2":"type-product","3":"status-publish","4":"has-post-thumbnail","6":"product_cat-bien-etre","7":"product_cat-complements-alimentaires","9":"first","10":"instock","11":"shipping-taxable","12":"purchasable","13":"product-type-simple"},"_links":{"self":[{"href":"https:\/\/1001vertus.com\/pt\/wp-json\/wp\/v2\/product\/43308","targetHints":{"allow":["GET"]}}],"collection":[{"href":"https:\/\/1001vertus.com\/pt\/wp-json\/wp\/v2\/product"}],"about":[{"href":"https:\/\/1001vertus.com\/pt\/wp-json\/wp\/v2\/types\/product"}],"wp:featuredmedia":[{"embeddable":true,"href":"https:\/\/1001vertus.com\/pt\/wp-json\/wp\/v2\/media\/43309"}],"wp:attachment":[{"href":"https:\/\/1001vertus.com\/pt\/wp-json\/wp\/v2\/media?parent=43308"}],"wp:term":[{"taxonomy":"product_brand","embeddable":true,"href":"https:\/\/1001vertus.com\/pt\/wp-json\/wp\/v2\/product_brand?post=43308"},{"taxonomy":"product_cat","embeddable":true,"href":"https:\/\/1001vertus.com\/pt\/wp-json\/wp\/v2\/product_cat?post=43308"},{"taxonomy":"product_tag","embeddable":true,"href":"https:\/\/1001vertus.com\/pt\/wp-json\/wp\/v2\/product_tag?post=43308"}],"curies":[{"name":"wp","href":"https:\/\/api.w.org\/{rel}","templated":true}]}}