{"id":4186,"date":"2021-02-17T19:08:42","date_gmt":"2021-02-17T18:08:42","guid":{"rendered":"https:\/\/1001vertus.com\/?post_type=product&#038;p=4186"},"modified":"2023-02-20T01:47:19","modified_gmt":"2023-02-20T00:47:19","slug":"pack-fertilidade-polen-de-palma-e-mel-de-jujuba-euforbia","status":"publish","type":"product","link":"https:\/\/1001vertus.com\/pt\/produit\/pack-fertilite-pollen-de-palmier-et-miel-de-jujubier-euphorbe\/","title":{"rendered":"Pacote de fertilidade: p\u00f3len de palma e mel de jujuba\/euf\u00f3rbia"},"content":{"rendered":"<p>Le\u00a0pollen de palmier est un produit assez rare, puisqu\u2019on ne le r\u00e9colte qu\u2019une fois par an seulement. Il est mondialement utilis\u00e9 en m\u00e9decine traditionnelle et dans la m\u00e9decine proph\u00e9tique musulmane comme compl\u00e9ment alimentaire et principalement pour la fertilit\u00e9.<\/p>\n<p>Afin de faciliter l\u2019absorption du pollen de palmier et d\u2019augmenter son efficacit\u00e9, il est pr\u00e9f\u00e9rable de le m\u00e9langer \u00e0 du miel. C\u2019est pourquoi nous avons cr\u00e9\u00e9 ce pack.<\/p>\n<h2><strong>Pollen de palmier et fertilit\u00e9<\/strong><\/h2>\n<p>Son r\u00f4le botanique est tr\u00e8s important car, transport\u00e9 de fleurs en fleurs par les abeilles et autres insectes, il permet la reproduction et la f\u00e9condation des plantes.<\/p>\n<p>D\u2019ailleurs son r\u00f4le m\u00e9dical pour l\u2019humain est assez similaire. A savoir la reproduction et la f\u00e9condation. En effet, gr\u00e2ce \u00e0 sa grande richesse en hormones \u0153strones, il a la capacit\u00e9 de traiter des maladies li\u00e9es aux organes reproducteurs m\u00e2les (asth\u00e9nospermie, n\u00e9crospermie\u2026) et femelles.<\/p>\n<p>Il poss\u00e8de des compos\u00e9s comme l\u2019\u0153strog\u00e8ne, le st\u00e9rol, l\u2019estrone et du glycoside st\u00e9ro\u00efdien de saponine qui interviennent dans le traitement de la fertilit\u00e9.<\/p>\n<p>Les \u0153strog\u00e8nes jouent un r\u00f4le primordial dans la reproduction humaine. \u00c9tant l\u2019hormone la plus importante chez la femme, la prise du pollen de palmier dattier augmentera la fertilit\u00e9 f\u00e9minine.<\/p>\n<p>Chez l\u2019homme, ces hormones entrent dans l\u2019am\u00e9lioration de la qualit\u00e9 des spermatozo\u00efdes et agit en synergie avec le zinc pour renforcer leur vitalit\u00e9 et leur viabilit\u00e9.<\/p>\n<p>Gr\u00e2ce \u00e0 sa richesse en zinc, le pollen de palmier augmente la production d\u2019hormones et aide \u00e0 la r\u00e9ussite de l\u2019ovulation chez la femme. C\u2019est l\u2019un des nutriments les plus importants et n\u00e9cessaires pour la production de spermatozo\u00efdes sains et de qualit\u00e9 favorisant ainsi la fertilit\u00e9 chez l\u2019homme.<\/p>\n<h2><strong>Benef\u00edcios do p\u00f3len de palma<\/strong><\/h2>\n<p>Que ce soit li\u00e9 \u00e0 la fertilit\u00e9 ou non, le pollen de palmier a de tr\u00e8s nombreuses vertus, il :<\/p>\n<ul>\n<li>augmente la production de spermatozo\u00efdes et leur mobilit\u00e9,<\/li>\n<li>augmente la quantit\u00e9 du sperme chez l\u2019homme mais aussi sa qualit\u00e9, augmentant ainsi les chances de f\u00e9condation et de reproduction,<\/li>\n<li>soutient\u00a0la production gonadique,<\/li>\n<li>r\u00e9gularise le cycle menstruel chez la femme en stimulant les ovaires et la vitesse de formation de l\u2019ovule,<\/li>\n<li>alivia as dores menstruais,<\/li>\n<li>\u00e9largit l\u2019\u00e9paisseur de l\u2019endom\u00e8tre,<\/li>\n<li>nettoie l\u2019ut\u00e9rus de la femme,<\/li>\n<li>aide \u00e0 lutter contre les effets de la m\u00e9nopause en dynamisant le syst\u00e8me hormonal de la femme et \u00e0 compenser les chutes d\u2019hormones et les \u00e9l\u00e9ments nutritifs au sang,<\/li>\n<li>booste et donne de l\u2019\u00e9nergie,<\/li>\n<li>augmente l\u2019app\u00e9tit sexuel chez l\u2019homme comme chez la femme,<\/li>\n<li>renforce le syst\u00e8me immunitaire de l\u2019organisme,<\/li>\n<li>traite l\u2019an\u00e9mie,<\/li>\n<li>retarda o processo de envelhecimento,<\/li>\n<li>r\u00e9duit le cholest\u00e9rol dans le sang,<\/li>\n<li>prot\u00e8ge le corps gr\u00e2ce \u00e0 son pouvoir antioxydant des radicaux libres.<\/li>\n<\/ul>\n<h2><strong>Pr\u00e9cautions d\u2019emploi <\/strong><\/h2>\n<p>Le pollen de palmier ne convient pas aux femmes souffrant\u00a0:<\/p>\n<ul>\n<li>s\u00edndroma dos ov\u00e1rios poliqu\u00edsticos,<\/li>\n<li>miomas e fibr\u00f3ides,<\/li>\n<li>p\u00f3lipos,<\/li>\n<li>d&rsquo;endom\u00e9triose,<\/li>\n<li>de quistos<\/li>\n<li>e para aqueles que tomam ch\u00e1 de \u00e1rvore casta.<\/li>\n<\/ul>\n<p>Il en sera de m\u00eame pour les sujets atteints\u00a0:<\/p>\n<ul>\n<li>d\u2019asthme,<\/li>\n<li>conjuntivite,<\/li>\n<li>d\u2019allergie au pollen,<\/li>\n<li>rinite,<\/li>\n<li>d\u2019\u0153strog\u00e8ne en abondance.<\/li>\n<\/ul>\n<h2><strong>Comment choisir le bon pack fertilit\u00e9\u00a0?<\/strong><\/h2>\n<p>Nous avons s\u00e9lectionn\u00e9 pour vous 2 miels r\u00e9put\u00e9s pour avoir des effets sur la fertilit\u00e9\u00a0: <a href=\"https:\/\/1001vertus.com\/pt\/product\/mel-de-sargaco-daghmous-sahara-spurge\/\">le miel d\u2019euphorbe<\/a> (daghmous) e <a href=\"https:\/\/1001vertus.com\/pt\/product\/mel-de-jujuba-marroquino-89-de-analise\/\">\u00e1rvore de jujuba<\/a> (sidr).<\/p>\n<p>Tous d\u2019eux sont originaires du Maroc et d\u2019excellente qualit\u00e9.<\/p>\n<p>La diff\u00e9rence entre les deux est le go\u00fbt\u00a0: le miel de <a href=\"https:\/\/1001vertus.com\/pt\/product\/mel-de-jujuba-marroquino-89-de-analise\/\">\u00e1rvore de jujuba<\/a> est plut\u00f4t doux alors que celui d\u2019<a href=\"https:\/\/1001vertus.com\/pt\/product\/mel-de-sargaco-daghmous-sahara-spurge\/\">euf\u00f3rbia<\/a> pica a garganta.<\/p>\n<p>Maintenant que vous avez choisi votre miel, reste \u00e0 choisir la dur\u00e9e de votre cure.<\/p>\n<p>Se optar por 1 m\u00eas, ter\u00e1 1 saqueta de 50g de p\u00f3len de palma e 250g de mel.<\/p>\n<p>Se optar por 2 meses, continuar\u00e1 a ter 1 saqueta de 50 g de p\u00f3len de palma, mas desta vez ter\u00e1 2 frascos de mel de 250 g.<\/p>\n<p><strong><u>Pr\u00e9paration<\/u><\/strong><strong>:<\/strong> 20 \u00e0 30gr de pollen de palmier pour 250gr de miel<\/p>\n<p>Bien m\u00e9langer le tout jusqu\u2019\u00e0 ce que ce soit homog\u00e8ne. Et m\u00e9langer avant chaque prise.<\/p>\n<p><strong><u>Tomada <\/u><\/strong><strong>:\u00a0<\/strong>Prendre 1 cuill\u00e8re \u00e0 caf\u00e9 le matin, \u00e0 jeun de pr\u00e9f\u00e9rence.<\/p>\n<p><strong><u>Dur\u00e9e <\/u><\/strong><strong>:<\/strong>\u00a0Prendre pendant 1 \u00e0 3 mois, sans interruption.<\/p>\n<p><strong>Origem do p\u00f3len :<\/strong> Egito<\/p>","protected":false},"excerpt":{"rendered":"<p>Probl\u00e8me d\u2019infertilit\u00e9\u00a0masculine ou f\u00e9minine ? D\u00e9couvrez ce pack sp\u00e9cial fertilit\u00e9 compos\u00e9 de miel ainsi que de pollen de palmier.<\/p>\n<p>Dispon\u00edvel em tratamentos de 1 ou 2 meses.<\/p>","protected":false},"featured_media":5439,"template":"","meta":[],"product_brand":[],"product_cat":[28,44],"product_tag":[],"class_list":{"0":"post-4186","1":"product","2":"type-product","3":"status-publish","4":"has-post-thumbnail","6":"product_cat-medecine-sante","7":"product_cat-nos-packs","9":"first","10":"instock","11":"sale","12":"shipping-taxable","13":"purchasable","14":"product-type-variable"},"_links":{"self":[{"href":"https:\/\/1001vertus.com\/pt\/wp-json\/wp\/v2\/product\/4186","targetHints":{"allow":["GET"]}}],"collection":[{"href":"https:\/\/1001vertus.com\/pt\/wp-json\/wp\/v2\/product"}],"about":[{"href":"https:\/\/1001vertus.com\/pt\/wp-json\/wp\/v2\/types\/product"}],"wp:featuredmedia":[{"embeddable":true,"href":"https:\/\/1001vertus.com\/pt\/wp-json\/wp\/v2\/media\/5439"}],"wp:attachment":[{"href":"https:\/\/1001vertus.com\/pt\/wp-json\/wp\/v2\/media?parent=4186"}],"wp:term":[{"taxonomy":"product_brand","embeddable":true,"href":"https:\/\/1001vertus.com\/pt\/wp-json\/wp\/v2\/product_brand?post=4186"},{"taxonomy":"product_cat","embeddable":true,"href":"https:\/\/1001vertus.com\/pt\/wp-json\/wp\/v2\/product_cat?post=4186"},{"taxonomy":"product_tag","embeddable":true,"href":"https:\/\/1001vertus.com\/pt\/wp-json\/wp\/v2\/product_tag?post=4186"}],"curies":[{"name":"wp","href":"https:\/\/api.w.org\/{rel}","templated":true}]}}