{"id":41419,"date":"2025-08-06T12:37:11","date_gmt":"2025-08-06T11:37:11","guid":{"rendered":"https:\/\/1001vertus.com\/?post_type=product&#038;p=41419"},"modified":"2025-11-10T18:47:32","modified_gmt":"2025-11-10T17:47:32","slug":"bisglicinato-de-magnesio-em-capsulas","status":"publish","type":"product","link":"https:\/\/1001vertus.com\/pt\/produit\/gelules-de-magnesium-bisglycinate\/","title":{"rendered":"120 c\u00e1psulas de bisglicinato de magn\u00e9sio + vitamina B6 (suplemento alimentar)"},"content":{"rendered":"<p>Le&nbsp;<strong>bisglicinato de magn\u00e9sio<\/strong> associado <strong>vitamina B6<\/strong> est\u00e1 a atrair cada vez mais entusiastas que procuram uma solu\u00e7\u00e3o natural e eficaz para se manterem em forma diariamente. Visitar <strong>formato 120 c\u00e1psulas<\/strong>Com uma dose recomendada de duas c\u00e1psulas por dia \u00e0s refei\u00e7\u00f5es, \u00e9 pr\u00e1tico e eficaz. Neste artigo, fique a saber tudo sobre os benef\u00edcios deste produto. <strong>suplemento alimentar<\/strong> Concebido para <strong>elevada assimila\u00e7\u00e3o<\/strong>Tamb\u00e9m ajuda a reduzir a fadiga e a equilibrar o organismo.<\/p>\r\n<h2>Descri\u00e7\u00e3o pormenorizada do produto<\/h2>\r\n<p>O <strong>bisglicinato de magn\u00e9sio em c\u00e1psulas<\/strong> enriquecido em <strong>vitamina B6<\/strong> oferecer uma resposta moderna \u00e0queles que querem fazer algo a respeito de suas <strong>anti-fadiga<\/strong> de uma forma direcionada. A sua composi\u00e7\u00e3o espec\u00edfica apoia a <strong>sistema nervoso<\/strong> e o <strong>sistema muscular<\/strong>Reduz igualmente o desconforto digestivo frequentemente associado a outras formas de magn\u00e9sio.<\/p>\r\n<p>Gra\u00e7as a um <strong>embalagem de 120 c\u00e1psulas<\/strong>Desta forma, a cura pode ser prolongada por v\u00e1rias semanas sem ter de reabastecer o seu stock com demasiada frequ\u00eancia. Este formato \u00e9 simultaneamente econ\u00f3mico e pr\u00e1tico. A sinergia entre <strong>bisglicinato de magn\u00e9sio<\/strong>conhecida pela sua <strong>elevada biodisponibilidade<\/strong>A vitamina B6 melhora a assimila\u00e7\u00e3o celular e optimiza a a\u00e7\u00e3o global do suplemento. A compra destes suplementos num <a href=\"https:\/\/1001vertus.com\/pt\/\">boutique em linha especializada em produtos naturais<\/a> garante frequentemente uma qualidade superior e um controlo rigoroso dos ingredientes.<\/p>\r\n<h2>Porqu\u00ea escolher bisglicinato de magn\u00e9sio com vitamina B6?<\/h2>\r\n<p>Optar por <strong>bisglicinato de magn\u00e9sio<\/strong> na sua suplementa\u00e7\u00e3o significa que beneficia de uma capacidade de absor\u00e7\u00e3o superior do organismo. Este sal de magn\u00e9sio destaca-se pela sua excelente toler\u00e2ncia digestiva e pela sua elevada pot\u00eancia. <strong>bioassimila\u00e7\u00e3o \u00f3ptima<\/strong>. Cada dose de duas c\u00e1psulas fornece uma dose equilibrada de apoio eficaz \u00e0s defesas naturais do organismo.<strong>anti-stress<\/strong>recupera\u00e7\u00e3o ou <strong>apoio ao sistema imunit\u00e1rio<\/strong>.<\/p>\r\n<p>La <strong>vitamina B6<\/strong> desempenha um papel fundamental na facilita\u00e7\u00e3o da utiliza\u00e7\u00e3o do magn\u00e9sio pelas c\u00e9lulas. Est\u00e1 igualmente envolvido na regula\u00e7\u00e3o hormonal e no metabolismo energ\u00e9tico, o que faz desta associa\u00e7\u00e3o uma solu\u00e7\u00e3o essencial para combater a fadiga e manter uma boa qualidade de vida.<\/p>\r\n<h2>Quais s\u00e3o os benef\u00edcios para o corpo?<\/h2>\r\n<h3>Apoio ao sistema nervoso<\/h3>\r\n<p>Um fornecimento regular de <strong>bisglicinato de magn\u00e9sio<\/strong> contribui ativamente para o equil\u00edbrio do <strong>sistema nervoso<\/strong>. Este mineral ajuda a reduzir a sensibilidade ao stress e promove o relaxamento mental. Em combina\u00e7\u00e3o com <strong>vitamina B6<\/strong>Facilita a transmiss\u00e3o nervosa e pode ajudar a restaurar a calma e a serenidade durante per\u00edodos intensos.<\/p>\r\n<p>Um tratamento \u00e0 base deste duo ajuda igualmente a prevenir certas perturba\u00e7\u00f5es emocionais ligadas a car\u00eancias de micronutrientes. Ap\u00f3s algumas semanas de utiliza\u00e7\u00e3o regular, a gest\u00e3o do stress \u00e9 geralmente melhorada, a resist\u00eancia \u00e0 mudan\u00e7a \u00e9 aumentada e a irritabilidade \u00e9 reduzida.<\/p>\r\n<h3>Manuten\u00e7\u00e3o do sistema muscular<\/h3>\r\n<p>Le <strong>magn\u00e9sio<\/strong> desempenha um papel fundamental na contra\u00e7\u00e3o muscular e na preven\u00e7\u00e3o das dores musculares. A <strong>c\u00e1psulas propostas<\/strong> facilita o relaxamento f\u00edsico e ajuda a limitar as c\u00e3ibras, nomeadamente nos desportistas ou nas pessoas que fazem esfor\u00e7os prolongados.<\/p>\r\n<p>La <strong>vitamina B6<\/strong> melhora a recupera\u00e7\u00e3o e favorece a integra\u00e7\u00e3o muscular do magn\u00e9sio, optimizando o desempenho e o conforto corporal a longo prazo.<\/p>\r\n<h2>Modo de utiliza\u00e7\u00e3o e dosagem para 120 c\u00e1psulas<\/h2>\r\n<p>Para colher todos os benef\u00edcios de <strong>bisglicinato de magn\u00e9sio<\/strong> e <strong>vitamina B6<\/strong>\u00e9 aconselh\u00e1vel tomar <strong>duas c\u00e1psulas por dia<\/strong>de prefer\u00eancia \u00e0s refei\u00e7\u00f5es, com um grande copo de \u00e1gua. Esta rotina simples pode ser facilmente integrada num estilo de vida ativo, assegurando ao mesmo tempo um abastecimento constante e eficaz do organismo.<\/p>\r\n<p>Le <strong>formato 120 c\u00e1psulas<\/strong> permite at\u00e9 dois meses de suplementa\u00e7\u00e3o cont\u00ednua, ideal para planear curas sazonais ou manter uma rotina de bem-estar durante todo o ano.<\/p>\r\n<ul>\r\n<li><strong>Formato de longa dura\u00e7\u00e3o<\/strong> 60 doses, com base em duas c\u00e1psulas por dia<\/li>\r\n<li><strong>F\u00e1cil de transportar<\/strong> e discreto, perfeito tanto para casa como para o trabalho<\/li>\r\n<li><strong>Adequado para todos<\/strong> : adultos que trabalham, estudantes, idosos ou entusiastas do desporto<\/li>\r\n<\/ul>\r\n<h2>Que precau\u00e7\u00f5es devo tomar quando tomo bisglicinato de magn\u00e9sio?<\/h2>\r\n<p>Mesmo que este <strong>suplemento alimentar<\/strong> tem uma excelente toler\u00e2ncia, recomenda-se ainda assim que se respeite a <strong>dosagem<\/strong> a fim de garantir <strong>elevada assimila\u00e7\u00e3o<\/strong> sem risco de sobredosagem. A toma das c\u00e1psulas \u00e0s refei\u00e7\u00f5es optimiza a absor\u00e7\u00e3o e limita o desconforto digestivo, mesmo para as pessoas sens\u00edveis.<\/p>\r\n<p>Tal como acontece com qualquer produto destinado a <strong>redu\u00e7\u00e3o da fadiga<\/strong> e o bom funcionamento do <strong>sistema nervoso<\/strong>Ajustar sempre a dose de acordo com as necessidades pessoais ou com o conselho de um profissional de sa\u00fade. Combinando-o com outros ingredientes activos, tais como <strong>taurina<\/strong> pode ser uma mais-valia para otimizar a sua estrat\u00e9gia de bem-estar.<\/p>\r\n<table>\r\n<tbody>\r\n<tr>\r\n<th>Componente<\/th>\r\n<th>Lucro principal<\/th>\r\n<th>Dose por dose (2 c\u00e1psulas)<\/th>\r\n<\/tr>\r\n<tr>\r\n<td><strong>Bisglicinato de magn\u00e9sio<\/strong><\/td>\r\n<td><strong>Elevada bioassimila\u00e7\u00e3o<\/strong>apoio anti-fadiga, equil\u00edbrio nervoso\/muscular<\/td>\r\n<td>Geralmente 200-300 mg (n\u00e3o exceder a DDR)<\/td>\r\n<\/tr>\r\n<tr>\r\n<td><strong>Vitamina B6<\/strong><\/td>\r\n<td>Optimiza a absor\u00e7\u00e3o de magn\u00e9sio, reduz a fadiga, regula o humor<\/td>\r\n<td>Tipicamente 1,4 a 2 mg (dose di\u00e1ria recomendada)<\/td>\r\n<\/tr>\r\n<tr>\r\n<td><strong>Taurina<\/strong> (de acordo com a f\u00f3rmula)<\/td>\r\n<td>Potencial efeito energizante, prote\u00e7\u00e3o celular<\/td>\r\n<td>Presen\u00e7a vari\u00e1vel\/opcional<\/td>\r\n<\/tr>\r\n<\/tbody>\r\n<\/table>\r\n<h2>Perguntas frequentes sobre 120 c\u00e1psulas de bisglicinato de magn\u00e9sio e vitamina B6<\/h2>\r\n<p><\/p>\r\n<div itemscope=\"\" itemtype=\"https:\/\/schema.org\/FAQPage\">\r\n<div itemprop=\"mainEntity\" itemscope=\"\" itemtype=\"https:\/\/schema.org\/Question\">\r\n<h3 itemprop=\"name\">Qual \u00e9 a principal diferen\u00e7a entre o bisglicinato de magn\u00e9sio e outras formas de magn\u00e9sio?<\/h3>\r\n<div itemprop=\"acceptedAnswer\" itemscope=\"\" itemtype=\"https:\/\/schema.org\/Answer\">\r\n<div itemprop=\"text\">Le <strong>bisglicinato de magn\u00e9sio<\/strong> destaca-se pela sua <strong>elevada assimila\u00e7\u00e3o<\/strong>Este facto minimiza o desconforto digestivo, ao contr\u00e1rio de formas como o \u00f3xido ou o cloreto. \u00c9, por conseguinte, ideal para as pessoas sens\u00edveis que procuram um <strong>suplemento alimentar de alto rendimento<\/strong> e bem tolerado.\r\n<ul>\r\n<li><strong>Elevada biodisponibilidade<\/strong> r\u00e1pida absor\u00e7\u00e3o<\/li>\r\n<li>Melhor toler\u00e2ncia intestinal<\/li>\r\n<li>Frequentemente associado a <strong>vitamina B6<\/strong> para aumentar a efici\u00eancia<\/li>\r\n<\/ul>\r\n<\/div>\r\n<\/div>\r\n<\/div>\r\n<div itemprop=\"mainEntity\" itemscope=\"\" itemtype=\"https:\/\/schema.org\/Question\">\r\n<h3 itemprop=\"name\">Quanto tempo dura uma caixa de 120 c\u00e1psulas (2 por dia)?<\/h3>\r\n<div itemprop=\"acceptedAnswer\" itemscope=\"\" itemtype=\"https:\/\/schema.org\/Answer\">\r\n<div itemprop=\"text\">Com um <strong>duas c\u00e1psulas por dia<\/strong>uma caixa de <strong>120 c\u00e1psulas<\/strong> oferece um curso de tratamento de 60 dias, ou seja, dois meses completos. Este formato \u00e9 ideal para estabelecer bons h\u00e1bitos a longo prazo, sem ter de renovar o seu stock com demasiada frequ\u00eancia.\r\n<table>\r\n<tbody>\r\n<tr>\r\n<th>N\u00famero de c\u00e1psulas\/dia<\/th>\r\n<th>Dura\u00e7\u00e3o estimada<\/th>\r\n<\/tr>\r\n<tr>\r\n<td>2<\/td>\r\n<td>60 dias<\/td>\r\n<\/tr>\r\n<tr>\r\n<td>3<\/td>\r\n<td>40 dias<\/td>\r\n<\/tr>\r\n<\/tbody>\r\n<\/table>\r\n<\/div>\r\n<\/div>\r\n<\/div>\r\n<div itemprop=\"mainEntity\" itemscope=\"\" itemtype=\"https:\/\/schema.org\/Question\">\r\n<h3 itemprop=\"name\">Qual \u00e9 o interesse de associar a vitamina B6 ao bisglicinato de magn\u00e9sio?<\/h3>\r\n<div itemprop=\"acceptedAnswer\" itemscope=\"\" itemtype=\"https:\/\/schema.org\/Answer\">\r\n<div itemprop=\"text\">Integrar <strong>vitamina B6<\/strong> aumenta o <strong>biodisponibilidade do magn\u00e9sio<\/strong> apoiando simultaneamente a produ\u00e7\u00e3o de energia, o moral e a luta contra a fadiga. Esta combina\u00e7\u00e3o explica a efic\u00e1cia acrescida das f\u00f3rmulas que associam estes dois nutrientes essenciais.\r\n<ul>\r\n<li>Melhoria da assimila\u00e7\u00e3o do magn\u00e9sio<\/li>\r\n<li>A\u00e7\u00e3o combinada <strong>anti-fadiga<\/strong><\/li>\r\n<li>Impacto positivo sobre <strong>sistema nervoso<\/strong><\/li>\r\n<\/ul>\r\n<\/div>\r\n<\/div>\r\n<\/div>\r\n<div itemprop=\"mainEntity\" itemscope=\"\" itemtype=\"https:\/\/schema.org\/Question\">\r\n<h3 itemprop=\"name\">Posso iniciar uma cura de bisglicinato de magn\u00e9sio durante todo o ano?<\/h3>\r\n<div itemprop=\"acceptedAnswer\" itemscope=\"\" itemtype=\"https:\/\/schema.org\/Answer\">\r\n<div itemprop=\"text\">\u00c9 poss\u00edvel come\u00e7ar a tomar suplementos com <strong>bisglicinato de magn\u00e9sio<\/strong> em qualquer altura do ano, em fun\u00e7\u00e3o das necessidades individuais. No entanto, muitas pessoas preferem a mudan\u00e7a de esta\u00e7\u00e3o ou um pico de atividade. Respeitando o <strong>duas c\u00e1psulas por dia<\/strong> garante um fornecimento \u00f3timo para o <strong>sistema muscular<\/strong> e o <strong>sistema nervoso<\/strong>.<\/div>\r\n<\/div>\r\n<\/div>\r\n<\/div>","protected":false},"excerpt":{"rendered":"<p><strong\">Modo de utiliza\u00e7\u00e3o :<\/strong><\/p>\n<p>2 c\u00e1psulas por dia \u00e0s refei\u00e7\u00f5es (com um copo de \u00e1gua).<\/p>\n<p><strong>Quantidade por por\u00e7\u00e3o :&nbsp;<\/strong>2 c\u00e1psulas.<\/p>","protected":false},"featured_media":41422,"template":"","meta":[],"product_brand":[],"product_cat":[53],"product_tag":[],"class_list":{"0":"post-41419","1":"product","2":"type-product","3":"status-publish","4":"has-post-thumbnail","6":"product_cat-complements-alimentaires","8":"first","9":"instock","10":"shipping-taxable","11":"purchasable","12":"product-type-simple"},"_links":{"self":[{"href":"https:\/\/1001vertus.com\/pt\/wp-json\/wp\/v2\/product\/41419","targetHints":{"allow":["GET"]}}],"collection":[{"href":"https:\/\/1001vertus.com\/pt\/wp-json\/wp\/v2\/product"}],"about":[{"href":"https:\/\/1001vertus.com\/pt\/wp-json\/wp\/v2\/types\/product"}],"wp:featuredmedia":[{"embeddable":true,"href":"https:\/\/1001vertus.com\/pt\/wp-json\/wp\/v2\/media\/41422"}],"wp:attachment":[{"href":"https:\/\/1001vertus.com\/pt\/wp-json\/wp\/v2\/media?parent=41419"}],"wp:term":[{"taxonomy":"product_brand","embeddable":true,"href":"https:\/\/1001vertus.com\/pt\/wp-json\/wp\/v2\/product_brand?post=41419"},{"taxonomy":"product_cat","embeddable":true,"href":"https:\/\/1001vertus.com\/pt\/wp-json\/wp\/v2\/product_cat?post=41419"},{"taxonomy":"product_tag","embeddable":true,"href":"https:\/\/1001vertus.com\/pt\/wp-json\/wp\/v2\/product_tag?post=41419"}],"curies":[{"name":"wp","href":"https:\/\/api.w.org\/{rel}","templated":true}]}}