{"id":41175,"date":"2025-07-29T10:27:26","date_gmt":"2025-07-29T09:27:26","guid":{"rendered":"https:\/\/1001vertus.com\/?post_type=product&#038;p=41175"},"modified":"2025-09-25T14:48:16","modified_gmt":"2025-09-25T13:48:16","slug":"proteina-da-seda-botox-capilar","status":"publish","type":"product","link":"https:\/\/1001vertus.com\/pt\/produit\/botox-capillaire-a-la-proteine-de-soie\/","title":{"rendered":"Botox capillaire \u00e0 la prot\u00e9ine de soie 1000ml &#8211; Note 33"},"content":{"rendered":"<p>Ingr\u00e9dients principaux : <\/p>\n<p>Aqua (\u00c1gua), \u00c1lcool Cetear\u00edlico, Cloreto de Cetrim\u00f3nio, Cloreto de Behentrim\u00f3nio, \u00c1lcool Mirist\u00edlico, Seda Hidrolisada, Parfum (Fragr\u00e2ncia), \u00c1cido Hialur\u00f3nico Hidrolisado, Kaempferol, Magnolol, Honokiol, Oleato de poliglicerilo-10, oleato de poliglicerilo-6, \u00f3leo de caro\u00e7o de alperce, \u00e9steres de poliglicerilo, palmitato de sorbitano, PEG\/PPG-25\/25 dimeticona, tocoferol, EDTA diss\u00f3dico, \u00e1cido c\u00edtrico, linalol.<\/p>","protected":false},"excerpt":{"rendered":"<p><strong>Mode d&#8217;emploi : <\/strong><\/p>\n<ul>\n<li>Prepara\u00e7\u00e3o: Comece por lavar o seu cabelo e tor\u00e7a-o bem.<\/li>\n<li>Aplica\u00e7\u00e3o: Aplicar botox madeixa a madeixa no cabelo molhado, escovando e massajando da raiz at\u00e9 \u00e0s pontas para uma distribui\u00e7\u00e3o uniforme.<\/li>\n<li>Tempo de aplica\u00e7\u00e3o: Deixar atuar o produto durante 30 a 60 minutos para permitir que os ingredientes activos penetrem profundamente nas fibras capilares.<\/li>\n<li>Enxaguamento: Enxaguar abundantemente com \u00e1gua limpa para remover qualquer res\u00edduo de produto.<\/li>\n<\/ul>","protected":false},"featured_media":41176,"template":"","meta":[],"product_brand":[],"product_cat":[128],"product_tag":[],"class_list":{"0":"post-41175","1":"product","2":"type-product","3":"status-publish","4":"has-post-thumbnail","6":"product_cat-botox-capillaire","8":"first","9":"instock","10":"shipping-taxable","11":"purchasable","12":"product-type-simple"},"_links":{"self":[{"href":"https:\/\/1001vertus.com\/pt\/wp-json\/wp\/v2\/product\/41175","targetHints":{"allow":["GET"]}}],"collection":[{"href":"https:\/\/1001vertus.com\/pt\/wp-json\/wp\/v2\/product"}],"about":[{"href":"https:\/\/1001vertus.com\/pt\/wp-json\/wp\/v2\/types\/product"}],"wp:featuredmedia":[{"embeddable":true,"href":"https:\/\/1001vertus.com\/pt\/wp-json\/wp\/v2\/media\/41176"}],"wp:attachment":[{"href":"https:\/\/1001vertus.com\/pt\/wp-json\/wp\/v2\/media?parent=41175"}],"wp:term":[{"taxonomy":"product_brand","embeddable":true,"href":"https:\/\/1001vertus.com\/pt\/wp-json\/wp\/v2\/product_brand?post=41175"},{"taxonomy":"product_cat","embeddable":true,"href":"https:\/\/1001vertus.com\/pt\/wp-json\/wp\/v2\/product_cat?post=41175"},{"taxonomy":"product_tag","embeddable":true,"href":"https:\/\/1001vertus.com\/pt\/wp-json\/wp\/v2\/product_tag?post=41175"}],"curies":[{"name":"wp","href":"https:\/\/api.w.org\/{rel}","templated":true}]}}