{"id":41001,"date":"2025-07-20T11:57:56","date_gmt":"2025-07-20T10:57:56","guid":{"rendered":"https:\/\/1001vertus.com\/?post_type=product&#038;p=41001"},"modified":"2025-10-07T03:00:18","modified_gmt":"2025-10-07T02:00:18","slug":"gomas-de-shilajit","status":"publish","type":"product","link":"https:\/\/1001vertus.com\/pt\/produit\/gummies-au-shilajit\/","title":{"rendered":"60 gummies au shilajit 1000mg &#8211; Ziyada"},"content":{"rendered":"<p>Le&nbsp;<strong>shilajit<\/strong>Esta resina mineral \u00e9 utilizada h\u00e1 muito tempo em <strong>medicina tradicional asi\u00e1tica<\/strong>est\u00e1 agora a ter um renascimento gra\u00e7as a formatos inovadores. Visitar <strong>gomas de shilajit<\/strong> reinventar a forma como tomamos isto <strong>suplemento alimentar natural<\/strong>combinando praticidade e prazer. Vamos explorar <strong>benef\u00edcios para a sa\u00fade<\/strong> associe-se a estas pequenas borrachas e descubra porque s\u00e3o t\u00e3o apelativas para quem quer refor\u00e7ar o seu sistema imunit\u00e1rio. <strong>desempenho f\u00edsico<\/strong>, <strong>clareza cognitiva<\/strong> e o bem-estar geral.<\/p>\n<h2>O que \u00e9 o shilajit e porque \u00e9 que \u00e9 consumido sob a forma de gomas?<\/h2>\n<p>De origem <strong>Rochas dos Himalaias<\/strong>a <strong>shilajit<\/strong> focos diversos <strong>minerais e oligoelementos<\/strong> precioso. Esta subst\u00e2ncia negra, de origem natural, \u00e9 utilizada h\u00e1 s\u00e9culos pelas suas <strong>efeitos ben\u00e9ficos<\/strong> sobre o corpo e a mente. O formato <strong>gomoso<\/strong> permite agora tirar partido dos mesmos, contornando o gosto pronunciado do <strong>shilajit tradicional<\/strong>.<\/p>\n<p>O <strong>gomas de shilajit<\/strong> s\u00e3o concebidos para facilitar a integra\u00e7\u00e3o deste <strong>superalimento<\/strong> na sua rotina di\u00e1ria. Oferecem uma alternativa agrad\u00e1vel aos p\u00f3s ou extractos l\u00edquidos, que s\u00e3o muitas vezes dif\u00edceis de dosear. Em cada dentada, proporcionam uma <strong>dose controlada de ingredientes essenciais<\/strong>optimizando a sua efic\u00e1cia ao longo do tempo.<\/p>\n<h2>Quais s\u00e3o os benef\u00edcios para a sa\u00fade das gomas de shilajit?<\/h2>\n<p>La <strong>composi\u00e7\u00e3o \u00fanica do shilajit<\/strong> fornece a cada c\u00e1psula <strong>propriedades excepcionais<\/strong>A presen\u00e7a de<strong>\u00e1cido f\u00falvico<\/strong> e<strong>antioxidantes<\/strong> ingredientes. A sinergia destes ingredientes naturais permite <strong>gomas de shilajit<\/strong> um aliado ideal para apoiar v\u00e1rios aspectos da <strong>bem-estar<\/strong> numa base di\u00e1ria.<\/p>\n<p>Vejamos mais de perto como este complemento influencia v\u00e1rias esferas da <strong>vitalidade humana<\/strong>a<strong>energia f\u00edsica<\/strong> em <strong>capacidades mentais<\/strong>.<\/p>\n<h3>Efeito sobre a energia e a vitalidade<\/h3>\n<p>Le <strong>shilajit<\/strong> \u00e9 um dos suplementos mais populares para estimular <strong>energia<\/strong> e <strong>vitalidade<\/strong>. A sua riqueza em <strong>minerais<\/strong> e <strong>oligoelementos<\/strong> promove <strong>metabolismo celular<\/strong>ajudando a reduzir a sensa\u00e7\u00e3o de fadiga. Muitas pessoas notam uma <strong>resist\u00eancia renovada<\/strong> ap\u00f3s algumas semanas de consumo regular.<\/p>\n<p>Adotar <strong>gomas de shilajit<\/strong> significa incorporar um <strong>estimulante natural<\/strong>particularmente apreciado no caso de <strong>estilo de vida ativo<\/strong> ou durante per\u00edodos de convalescen\u00e7a.<\/p>\n<h3>Apoio ao sistema imunit\u00e1rio e \u00e0s defesas naturais<\/h3>\n<p>Outra grande vantagem \u00e9 o seu efeito sobre o <strong>sistema imunit\u00e1rio<\/strong>. Gra\u00e7as \u00e0 sua <strong>antioxidantes<\/strong> e o<strong>\u00e1cido f\u00falvico<\/strong>Este suplemento ajuda a proteger o organismo contra as agress\u00f5es externas. Desta forma, refor\u00e7a a capacidade do organismo para se defender contra <strong>v\u00edrus<\/strong> e <strong>bact\u00e9rias<\/strong>Isto \u00e9 essencial quando as esta\u00e7\u00f5es mudam.<\/p>\n<p>Pessoas \u00e0 procura de um <strong>melhor resist\u00eancia natural<\/strong> integrar voluntariamente <strong>gomas de shilajit<\/strong> na sua alimenta\u00e7\u00e3o, apreciando a simplicidade de uma ingest\u00e3o sem esfor\u00e7o.<\/p>\n<h2>Como \u00e9 que o shilajit melhora o desempenho f\u00edsico e mental?<\/h2>\n<p>Uma das principais atrac\u00e7\u00f5es do <strong>shilajit<\/strong> diz respeito \u00e0 otimiza\u00e7\u00e3o de <strong>desempenho f\u00edsico<\/strong> e <strong>muscular<\/strong>mas tamb\u00e9m o desenvolvimento de <strong>clareza cognitiva<\/strong>. Esta dupla de efeitos distingue claramente este <strong>suplemento alimentar natural<\/strong> no mercado.<\/p>\n<p>Analisemos como cada aspeto tem um impacto tang\u00edvel na vida quotidiana dos utilizadores, criando um verdadeiro c\u00edrculo virtuoso para a empresa. <strong>corpo<\/strong> e o<strong>esp\u00edrito<\/strong>.<\/p>\n<h3>Desempenho f\u00edsico e recupera\u00e7\u00e3o muscular<\/h3>\n<p>Os desportistas e as pessoas que gostam de fazer exerc\u00edcio f\u00edsico podem tirar o m\u00e1ximo partido dos efeitos de <strong>shilajit<\/strong> no <strong>recupera\u00e7\u00e3o muscular<\/strong>. O <strong>minerais<\/strong> e <strong>oligoelementos<\/strong> ajudam a reparar os tecidos ap\u00f3s a atividade, reduzindo as dores e os inc\u00f3modos. Para al\u00e9m disso<strong>\u00e1cido f\u00falvico<\/strong> optimiza a circula\u00e7\u00e3o dos nutrientes nos m\u00fasculos, melhorando progressivamente <strong>for\u00e7a<\/strong> e <strong>resist\u00eancia<\/strong>.<\/p>\n<p>Integrar <strong>gomas de shilajit<\/strong> com uma alimenta\u00e7\u00e3o equilibrada oferece um apoio suplementar antes ou depois do treino, sem necessidade de prepara\u00e7\u00f5es complicadas.<\/p>\n<h3>Clareza cognitiva e desempenho mental<\/h3>\n<p>Alguns consumidores mencionam um <strong>melhor concentra\u00e7\u00e3o<\/strong> e redu\u00e7\u00e3o do stress mental. V\u00e1rios estudos relacionam<strong>\u00e1cido f\u00falvico<\/strong> e alguns <strong>antioxidantes<\/strong> presente no shilajit para aumentar a prote\u00e7\u00e3o contra o sol. <strong>envelhecimento neuronal<\/strong>.<\/p>\n<p>Para aqueles que querem maximizar a sua <strong>desempenho mental<\/strong> sem recorrer a estimulantes artificiais, a escolha de <strong>gomas de shilajit<\/strong> \u00e9 uma solu\u00e7\u00e3o suave mas eficaz.<\/p>\n<h2>Outras vantagens not\u00e1veis das gomas de shilajit<\/h2>\n<p>Le <strong>shilajit<\/strong> n\u00e3o p\u00e1ra por a\u00ed. Os seus <strong>perfil nutricional complexo<\/strong> promete uma s\u00e9rie de <strong>benef\u00edcios para a sa\u00fade<\/strong> complementares, valorizados em v\u00e1rias tradi\u00e7\u00f5es. Este facto faz dela uma <strong>produto vers\u00e1til<\/strong> muito procurado.<\/p>\n<p>Para al\u00e9m do<strong>energia<\/strong> e o <strong>prote\u00e7\u00e3o imunit\u00e1ria<\/strong>vale a pena examinar mais de perto duas vantagens frequentemente citadas pelos utilizadores, nomeadamente a<strong>efeito anti-envelhecimento<\/strong> e o <a href=\"https:\/\/1001vertus.com\/pt\/product\/mel-de-king-kong\/\"><strong>apoio \u00e0 libido<\/strong><\/a>.<\/p>\n<h3>Os antioxidantes e o efeito anti-envelhecimento<\/h3>\n<p>O <strong>antioxidantes<\/strong> contidas no <strong>shilajit<\/strong> ajudar a combater <strong>stress oxidativo<\/strong> e abrandar os sinais vis\u00edveis de <strong>envelhecimento<\/strong>. Em compara\u00e7\u00e3o com outros <strong>suplementos alimentares naturais<\/strong>Oferece um cocktail \u00fanico de<strong>elementos de prote\u00e7\u00e3o<\/strong> :<\/p>\n<ul>\n<li><strong>\u00e1cido f\u00falvico<\/strong><\/li>\n<li>vitaminas (nomeadamente do grupo B)<\/li>\n<li><strong>v\u00e1rios oligoelementos<\/strong><\/li>\n<li>fitocompostos espec\u00edficos<\/li>\n<\/ul>\n<p>Esta combina\u00e7\u00e3o ajuda a preservar a <strong>flexibilidade<\/strong> e o<strong>luminosidade da pele<\/strong>enquanto protege as c\u00e9lulas dos danos ambientais.<\/p>\n<h3>Libido e sa\u00fade sexual<\/h3>\n<p>Tradicionalmente associado a <strong>t\u00f3nus sexual<\/strong>a <strong>shilajit<\/strong> est\u00e1 envolvido no <strong>regula\u00e7\u00e3o hormonal<\/strong> e manter <strong>fertilidade<\/strong>. Alguns consumidores est\u00e3o a notar uma <strong>melhoria gradual da libido<\/strong>atribu\u00eddo a <strong>zinco<\/strong>, <strong>sel\u00e9nio<\/strong> e <strong>\u00e1cido f\u00falvico<\/strong>.<\/p>\n<p>Sem prometer milagres, o uso regular de <strong>gomas de shilajit<\/strong> poderia desempenhar um papel discreto mas eficaz na manuten\u00e7\u00e3o da <strong>sa\u00fade sexual<\/strong>em sinergia com um estilo de vida saud\u00e1vel.<\/p>\n<h2>Perfil nutricional das gomas de shilajit: compara\u00e7\u00e3o dos principais ingredientes activos<\/h2>\n<p>La <strong>composi\u00e7\u00e3o nutricional do shilajit<\/strong> explica em grande parte as suas m\u00faltiplas ac\u00e7\u00f5es no<strong>energia<\/strong>a <strong>sistema imunit\u00e1rio<\/strong> ou o <strong>desempenho f\u00edsico<\/strong>. Eis um quadro recapitulativo que destaca os principais <strong>componentes activos<\/strong> destas gomas, das suas fun\u00e7\u00f5es e dos benef\u00edcios que lhes est\u00e3o associados.<\/p>\n<table border=\"1\">\n<tbody>\n<tr>\n<th>Componente<\/th>\n<th>Fun\u00e7\u00e3o principal<\/th>\n<th>Benef\u00edcios para a sa\u00fade<\/th>\n<\/tr>\n<tr>\n<td><strong>\u00c1cido f\u00falvico<\/strong><\/td>\n<td>Transporte de nutrientes, desintoxica\u00e7\u00e3o<\/td>\n<td>Estimula a energia, apoia a clareza cognitiva<\/td>\n<\/tr>\n<tr>\n<td><strong>Min&eacute;raux et oligo-&eacute;l&eacute;ments (fer, zinc, magn&eacute;sium&#8230;)<\/strong><\/td>\n<td>Manuten\u00e7\u00e3o do equil\u00edbrio fisiol\u00f3gico<\/td>\n<td>Melhoria do metabolismo, apoio muscular e imunit\u00e1rio<\/td>\n<\/tr>\n<tr>\n<td><strong>Antioxidantes<\/strong><\/td>\n<td>Prote\u00e7\u00e3o celular<\/td>\n<td>Efeito anti-envelhecimento, refor\u00e7o das defesas naturais<\/td>\n<\/tr>\n<tr>\n<td><strong>Fitoactivos<\/strong><\/td>\n<td>Regula\u00e7\u00e3o hormonal, equil\u00edbrio emocional<\/td>\n<td>Libido, adapta\u00e7\u00e3o ao stress<\/td>\n<\/tr>\n<\/tbody>\n<\/table>\n<p>Cada <strong>gomoso<\/strong> apresenta geralmente uma dosagem ideal para permitir uma absor\u00e7\u00e3o ativa e prolongada dos elementos acima referidos. No entanto, \u00e9 aconselh\u00e1vel verificar a lista de ingredientes proposta pelo fabricante, a fim de garantir uma dosagem \u00f3ptima. <strong>composi\u00e7\u00e3o adequada<\/strong> \u00e0s suas necessidades individuais.<\/p>\n<div itemscope itemtype=\"https:\/\/schema.org\/FAQPage\">\n<h2>Questions fr\u00e9quentes sur les gummies Shilajit<\/h2>\n<div itemscope itemprop=\"mainEntity\" itemtype=\"https:\/\/schema.org\/Question\">\n<h3 itemprop=\"name\">Como tomar as gomas de Shilajit de forma eficaz?<\/h3>\n<div itemscope itemprop=\"acceptedAnswer\" itemtype=\"https:\/\/schema.org\/Answer\">\n<div itemprop=\"text\">\n<p>Para tirar o m\u00e1ximo partido de <strong>bienfaits sant\u00e9<\/strong> de <strong>gomas de Shilajit<\/strong>, il est recommand\u00e9 d\u2019en consommer 1 \u00e0 2 par jour, de pr\u00e9f\u00e9rence le matin ou pendant un repas.<\/p>\n<p>La r\u00e9gularit\u00e9 est essentielle : les effets b\u00e9n\u00e9fiques se manifestent g\u00e9n\u00e9ralement apr\u00e8s quelques semaines d\u2019usage continu, en particulier pour l\u2019<strong>energia<\/strong> e o <strong>vitalit\u00e9<\/strong>.<\/p>\n<p>Respectez toujours les doses indiqu\u00e9es sur l\u2019emballage, notamment si vous prenez d\u00e9j\u00e0 d\u2019autres <strong>compl\u00e9ments alimentaires<\/strong>.<\/p>\n<\/p><\/div>\n<\/p><\/div>\n<\/p><\/div>\n<div itemscope itemprop=\"mainEntity\" itemtype=\"https:\/\/schema.org\/Question\">\n<h3 itemprop=\"name\">Quem pode comer gomas de Shilajit sem risco?<\/h3>\n<div itemscope itemprop=\"acceptedAnswer\" itemtype=\"https:\/\/schema.org\/Answer\">\n<div itemprop=\"text\">\n<p>O <strong>adultos<\/strong> en qu\u00eate d\u2019un soutien naturel pour am\u00e9liorer leur <strong>\u00e9nergie physique<\/strong>seus <strong>cogni\u00e7\u00e3o<\/strong> ou os seus <strong>libido<\/strong> peuvent int\u00e9grer les gummies Shilajit \u00e0 leur routine.<\/p>\n<ul>\n<li><strong>Personnes fatigu\u00e9es<\/strong> ou sujeitos a stress<\/li>\n<li><strong>\u00c9tudiants<\/strong> en p\u00e9riode d\u2019examen<\/li>\n<li><strong>Desporto<\/strong> recherchant performance et r\u00e9cup\u00e9ration<\/li>\n<\/ul>\n<p>As mulheres gr\u00e1vidas ou que estejam a amamentar, ou as pessoas em tratamento m\u00e9dico, s\u00e3o aconselhadas a consultar o seu m\u00e9dico. <strong>traitement m\u00e9dical<\/strong> doivent consulter un professionnel de sant\u00e9 avant toute suppl\u00e9mentation.<\/p>\n<\/p><\/div>\n<\/p><\/div>\n<\/p><\/div>\n<div itemscope itemprop=\"mainEntity\" itemtype=\"https:\/\/schema.org\/Question\">\n<h3 itemprop=\"name\">Peut-on cumuler les gummies Shilajit avec d\u2019autres compl\u00e9ments alimentaires ?<\/h3>\n<div itemscope itemprop=\"acceptedAnswer\" itemtype=\"https:\/\/schema.org\/Answer\">\n<div itemprop=\"text\">\n<p>Sim, o <strong>gomas de Shilajit<\/strong> peuvent \u00eatre associ\u00e9s \u00e0 d\u2019autres compl\u00e9ments comme la <strong>vitamina D<\/strong>a <strong>magn\u00e9sio<\/strong> ou <strong>probi\u00f3ticos<\/strong>para uma a\u00e7\u00e3o sin\u00e9rgica sobre :<\/p>\n<ul>\n<li><strong>L\u2019immunit\u00e9<\/strong> et la pr\u00e9vention des carences<\/li>\n<li><strong>La r\u00e9cup\u00e9ration musculaire<\/strong> e gest\u00e3o do stress<\/li>\n<li><strong>Conforto digestivo<\/strong><\/li>\n<\/ul>\n<table>\n<thead>\n<tr>\n<th>Compl\u00e9ment<\/th>\n<th>Objetivo<\/th>\n<\/tr>\n<\/thead>\n<tbody>\n<tr>\n<td>Vitamina C \/ D<\/td>\n<td>Renforcer l\u2019immunit\u00e9<\/td>\n<\/tr>\n<tr>\n<td>Magn\u00e9sio<\/td>\n<td>Combater a fadiga<\/td>\n<\/tr>\n<tr>\n<td>Probi\u00f3ticos<\/td>\n<td>\u00c9quilibre intestinal<\/td>\n<\/tr>\n<\/tbody>\n<\/table>\n<p>En cas de doute, demandez conseil \u00e0 un <strong>professionnel de sant\u00e9<\/strong> pour \u00e9viter les surdosages.<\/p>\n<\/p><\/div>\n<\/p><\/div>\n<\/p><\/div>\n<div itemscope itemprop=\"mainEntity\" itemtype=\"https:\/\/schema.org\/Question\">\n<h3 itemprop=\"name\">Quels crit\u00e8res pour choisir de bons gummies Shilajit ?<\/h3>\n<div itemscope itemprop=\"acceptedAnswer\" itemtype=\"https:\/\/schema.org\/Answer\">\n<div itemprop=\"text\">\n<p>Pour garantir l\u2019<strong>efficacit\u00e9<\/strong> e o <strong>s\u00e9curit\u00e9<\/strong> des gummies Shilajit, privil\u00e9giez les produits :<\/p>\n<ul>\n<li>Contendo <strong>shilajit purifi\u00e9<\/strong> (standardis\u00e9 en <strong>\u00e1cido f\u00falvico<\/strong>)<\/li>\n<li>Sem aditivos artificiais ou cargas desnecess\u00e1rias<\/li>\n<li>De <strong>fabricantes transparentes<\/strong> sur l\u2019origine et la tra\u00e7abilit\u00e9<\/li>\n<li>Soumis \u00e0 des <strong>tests de qualit\u00e9<\/strong> (laboratoires ind\u00e9pendants, certificats disponibles)<\/li>\n<\/ul>\n<p>Consultez les avis clients v\u00e9rifi\u00e9s et les fiches techniques pour faire un <strong>choix \u00e9clair\u00e9<\/strong>.<\/p>\n<\/p><\/div>\n<\/p><\/div>\n<\/p><\/div>\n<\/div>","protected":false},"excerpt":{"rendered":"<p><strong>Carater\u00edsticas :<\/strong><\/p>\n<ul>\n<li>Shilajit bio l'Himalaya por Gummies&nbsp;<\/li>\n<li>Halal \/ Vegan<\/li>\n<li>Sabor a framboesa.<\/li>\n<\/ul>","protected":false},"featured_media":41002,"template":"","meta":[],"product_brand":[],"product_cat":[53],"product_tag":[],"class_list":{"0":"post-41001","1":"product","2":"type-product","3":"status-publish","4":"has-post-thumbnail","6":"product_cat-complements-alimentaires","8":"first","9":"instock","10":"shipping-taxable","11":"purchasable","12":"product-type-simple"},"_links":{"self":[{"href":"https:\/\/1001vertus.com\/pt\/wp-json\/wp\/v2\/product\/41001","targetHints":{"allow":["GET"]}}],"collection":[{"href":"https:\/\/1001vertus.com\/pt\/wp-json\/wp\/v2\/product"}],"about":[{"href":"https:\/\/1001vertus.com\/pt\/wp-json\/wp\/v2\/types\/product"}],"wp:featuredmedia":[{"embeddable":true,"href":"https:\/\/1001vertus.com\/pt\/wp-json\/wp\/v2\/media\/41002"}],"wp:attachment":[{"href":"https:\/\/1001vertus.com\/pt\/wp-json\/wp\/v2\/media?parent=41001"}],"wp:term":[{"taxonomy":"product_brand","embeddable":true,"href":"https:\/\/1001vertus.com\/pt\/wp-json\/wp\/v2\/product_brand?post=41001"},{"taxonomy":"product_cat","embeddable":true,"href":"https:\/\/1001vertus.com\/pt\/wp-json\/wp\/v2\/product_cat?post=41001"},{"taxonomy":"product_tag","embeddable":true,"href":"https:\/\/1001vertus.com\/pt\/wp-json\/wp\/v2\/product_tag?post=41001"}],"curies":[{"name":"wp","href":"https:\/\/api.w.org\/{rel}","templated":true}]}}