{"id":3755,"date":"2020-11-15T13:08:54","date_gmt":"2020-11-15T12:08:54","guid":{"rendered":"https:\/\/1001vertus.com\/?post_type=product&#038;p=3755"},"modified":"2026-01-24T15:16:45","modified_gmt":"2026-01-24T14:16:45","slug":"mel-de-sargaco-daghmous-sahara-spurge","status":"publish","type":"product","link":"https:\/\/1001vertus.com\/pt\/produit\/miel-deuphorbe-daghmous-du-sahara\/","title":{"rendered":"Mel de Euphorbia (daghmous) do Sara"},"content":{"rendered":"<p align=\"LEFT\">Le miel d&rsquo;Euphorbe, aussi appel\u00e9 miel de Darmous, orthographi\u00e9 parfois Daghmous ou miel de Cactus est un miel qui a la particularit\u00e9 de chauffer la gorge et d&rsquo;\u00eatre tr\u00e8s efficace contre les maux de gorge, les angines&#8230;<\/p>\n<p align=\"LEFT\">Ce\u00a0miel surprenant provient d\u2019une vari\u00e9t\u00e9 de cactus, une plante qui \u00e0 son \u00e9tat naturel est quasiment insaisissable \u00e0 main nue. Cela n&#8217;emp\u00eache en rien les abeilles de venir butiner ses fleurs pour ensuite produire le miel d\u2019euphorbe, qui tout comme le cactus, n&rsquo;a pas oubli\u00e9 de piquer.<\/p>\n<p align=\"LEFT\">On peut retrouver ce miel, originaire du Maroc, dans le Moyen Atlas, le Haut Atlas, la r\u00e9gion du Souss mais \u00e9galement dans le Sahara. Nous avons volontairement choisit cette derni\u00e8re. En effet, de part l&rsquo;aridit\u00e9 de cette r\u00e9gion, le miel d&rsquo;euphorbe qui en d\u00e9coule est encore plus \u00ab fort \u00bb, chauffe encore plus la gorge et est donc plus efficace.<\/p>\n<h2 align=\"LEFT\"><strong><u>Entre as suas virtudes:<\/u><\/strong><\/h2>\n<ul>\n<li>tr\u00e8s efficace contre les maux de gorge et la toux,<\/li>\n<li>combate a asma, a bronquite e outras doen\u00e7as otorrinolaringol\u00f3gicas e respirat\u00f3rias,<\/li>\n<li>combate as infec\u00e7\u00f5es orais e nasais e as dores de garganta,<\/li>\n<li>donne du tonus et r\u00e9chauffe le corps,<\/li>\n<li>booste la fertilit\u00e9.<\/li>\n<\/ul>\n<h2 align=\"LEFT\"><strong>Comment reconna\u00eetre un vrai miel d&rsquo;Euphorbe ?<\/strong><\/h2>\n<p align=\"LEFT\">Attention, le miel d&rsquo;euphorbe \u00e9tant r\u00e9put\u00e9 pour chauffer voir piquer la gorge. Des personnes non scrupuleuses, rajoutent dedans de la s\u00e8ve de cactus (ou d&rsquo;autres choses) afin de le rendre plus piquant.<\/p>\n<p align=\"LEFT\">Chez 1001 vertus, ce n&rsquo;est pas le cas et nous allons m\u00eame vous expliqu\u00e9 comment diff\u00e9rencier un vrai miel d&rsquo;euphorbe d&rsquo;un auquel on a rajouter du \u00ab\u00a0piquant\u00a0\u00bb.<\/p>\n<p align=\"LEFT\">Le miel d&rsquo;euphorbe pur est cens\u00e9 chauffer la gorge (et\/ou le tube digestif) de fa\u00e7on progressive et non d&rsquo;entr\u00e9e de jeu. Si c&rsquo;est le cas et qu&rsquo;il pique fortement, directement apr\u00e8s l&rsquo;ingestion, votre bouche, vos l\u00e8vres, votre tube digestif&#8230; il y a de tr\u00e8s grandes chances qu&rsquo;on y ai volontairement rajout\u00e9 du \u00ab piquant \u00bb.<\/p>\n<h3 align=\"LEFT\"><strong>Como \u00e9 que se come o mel daghmous pungente?<\/strong><\/h3>\n<p align=\"LEFT\">Le miel d&rsquo;euphorbe \u00e9tant un miel principalement m\u00e9dicinal. Il est conseill\u00e9 d&rsquo;en prendre une cuill\u00e8re \u00e0 caf\u00e9, \u00e0 n&rsquo;importe quel moment de la journ\u00e9e. Lorsque le besoin s&rsquo;en fait ressentir (mal de gorge, toux intensive, crise d&rsquo;asthme&#8230;).<\/p>\n<p align=\"LEFT\">Pour faciliter sa consommation, vous pouvez le diluer dans un demi verre d&rsquo;eau \u00e0 temp\u00e9rature ambiante. Cependant, il sera plus efficace seul.<\/p>\n<p align=\"LEFT\">Le miel d&rsquo;euphorbe peut \u00eatre utilis\u00e9 en cure de fertilit\u00e9. Coupl\u00e9 au\u00a0pollen de palmier, il devient un puissant m\u00e9dicament 100% naturel.<\/p>\n<p align=\"LEFT\"><strong><u><b>Origem :<\/b><\/u><\/strong> Marrocos (Saara)<\/p>\n<p align=\"LEFT\"><strong><u><b>Capacidade :<\/b><\/u><\/strong> dispon\u00edvel em frascos de vidro de 125g e 250g<\/p>\n<p align=\"LEFT\">Nous d\u00e9conseillons l&rsquo;achat de ce miel pour les enfants de moins de 10 ans. Non pas par dangerosit\u00e9, mais parce qu&rsquo;il pique vraiment beaucoup et qu&rsquo;ils n&rsquo;appr\u00e9cieront pas.<\/p>\n<p align=\"LEFT\"><strong><u><b>Aten\u00e7\u00e3o:<\/b><\/u><\/strong> Recordamos que \u00e9 proibido dar mel a beb\u00e9s. Para saber mais, leia <a href=\"https:\/\/1001vertus.com\/pt\/mel-proibido-para-lactentes\/\">este artigo<\/a>.<\/p>","protected":false},"excerpt":{"rendered":"<p align=\"LEFT\">Le miel d&rsquo;Euphorbe, aussi appel\u00e9 miel de Daghmous est un miel qui a la particularit\u00e9 de <strong>aquecer a garganta<\/strong> et d&rsquo;\u00eatre<strong> tr\u00e8s efficace contre les maux de gorge, les angines, la toux&#8230;<\/strong><\/p>\n<p align=\"LEFT\">Ce\u00a0miel surprenant, principalement m\u00e9dicinal, provient d\u2019une vari\u00e9t\u00e9 de cactus, et le moins qu&rsquo;on puisse dire c&rsquo;est qu&rsquo;il ne manque pas de piquant\u00a0!<\/p>\n<p align=\"LEFT\">Mel de Euphorbia da <strong>r\u00e9gion du Sahara<\/strong>, de part l&rsquo;aridit\u00e9 de celle-ci, est encore plus \u00ab fort \u00bb, chauffe encore plus la gorge, et est donc encore plus efficace !<strong><br \/>\n<\/strong><\/p>\n<p><strong>*Os nossos m\u00e9is podem cristalizar-se naturalmente: descubra porqu\u00ea e como os libertar <a href=\"https:\/\/1001vertus.com\/pt\/2026\/01\/24\/porque-e-que-o-mel-cristaliza\/\">aqui<\/strong><\/a>.<\/p>","protected":false},"featured_media":3758,"template":"","meta":[],"product_brand":[],"product_cat":[25,28,68],"product_tag":[],"class_list":{"0":"post-3755","1":"product","2":"type-product","3":"status-publish","4":"has-post-thumbnail","6":"product_cat-miels","7":"product_cat-medecine-sante","8":"product_cat-miel-maroc","10":"first","11":"instock","12":"featured","13":"shipping-taxable","14":"purchasable","15":"product-type-variable"},"_links":{"self":[{"href":"https:\/\/1001vertus.com\/pt\/wp-json\/wp\/v2\/product\/3755","targetHints":{"allow":["GET"]}}],"collection":[{"href":"https:\/\/1001vertus.com\/pt\/wp-json\/wp\/v2\/product"}],"about":[{"href":"https:\/\/1001vertus.com\/pt\/wp-json\/wp\/v2\/types\/product"}],"wp:featuredmedia":[{"embeddable":true,"href":"https:\/\/1001vertus.com\/pt\/wp-json\/wp\/v2\/media\/3758"}],"wp:attachment":[{"href":"https:\/\/1001vertus.com\/pt\/wp-json\/wp\/v2\/media?parent=3755"}],"wp:term":[{"taxonomy":"product_brand","embeddable":true,"href":"https:\/\/1001vertus.com\/pt\/wp-json\/wp\/v2\/product_brand?post=3755"},{"taxonomy":"product_cat","embeddable":true,"href":"https:\/\/1001vertus.com\/pt\/wp-json\/wp\/v2\/product_cat?post=3755"},{"taxonomy":"product_tag","embeddable":true,"href":"https:\/\/1001vertus.com\/pt\/wp-json\/wp\/v2\/product_tag?post=3755"}],"curies":[{"name":"wp","href":"https:\/\/api.w.org\/{rel}","templated":true}]}}