{"id":3586,"date":"2020-10-04T09:55:03","date_gmt":"2020-10-04T08:55:03","guid":{"rendered":"https:\/\/1001vertus.com\/?post_type=product&#038;p=3586"},"modified":"2025-03-24T12:15:54","modified_gmt":"2025-03-24T11:15:54","slug":"oliban-louban-dakar-1001-virtudes","status":"publish","type":"product","link":"https:\/\/1001vertus.com\/pt\/produit\/oliban-louban-dakar-1001-vertus\/","title":{"rendered":"Oliban \u00ab louban dakar \u00bb - 1001 VERTUS"},"content":{"rendered":"<p>L&rsquo;oliban ou louban dakar en arabe (qui signifie \u00ab\u00a0encens m\u00e2le\u00a0\u00bb) est une sorte de gomme arabique.<\/p>\n<p>Le louban provient du Boswellia, un arbre de la famille des Burs\u00e9rac\u00e9es appel\u00e9 aussi arbre \u00e0 encens. Il s&rsquo;obtient apr\u00e8s incision de l&rsquo;\u00e9corce, que ce soit au niveau des branches ou du tronc. Suite \u00e0 cela, la s\u00e8ve s&rsquo;\u00e9coule et lorsqu&rsquo;elle entre en contact direct avec l&rsquo;air, cela entra\u00eene sa coagulation. Elle peut alors \u00eatre pr\u00e9lev\u00e9e manuellement.<\/p>\n<p>Cette r\u00e9sine pr\u00e9cieuse fut jadis l&rsquo;objet d&rsquo;un commerce entre l&rsquo;Inde et les pays europ\u00e9ens.<\/p>\n<p>Au XVe\u00a0si\u00e8cle, des navigateurs europ\u00e9ens d\u00e9couvrent la gomme arabique sur les c\u00f4tes du S\u00e9n\u00e9gal et de la Mauritanie actuelle. Au XVIIIe\u00a0si\u00e8cle, une \u00ab\u00a0guerre de la gomme\u00a0\u00bb sanglante et acharn\u00e9e permet \u00e0 la France d&rsquo;obtenir le monopole de son commerce sur la c\u00f4te Ouest africaine.<\/p>\n<p>Ce produit de luxe \u00e9tait vendu alors \u00e0 prix d&rsquo;or.<\/p>\n<p>L&rsquo;oliban a de tr\u00e8s nombreux bienfaits et ceux-ci sont bien sp\u00e9cifiques en fonction du mode d&rsquo;utilisation.<\/p>\n<h2><u>Utiliza\u00e7\u00f5es do incenso :<\/u><\/h2>\n<ul>\n<li><strong>Br\u00fbl\u00e9\u00a0:<\/strong>\u00a0perfuma as vossas casas e purifica o ar.<\/li>\n<li><strong>M\u00e2ch\u00e9\u00a0:<\/strong>\u00a0il soulage des maux de ventres et facilite la digestion apr\u00e8s les repas\u00a0; il\u00a0nettoie les dents du\u00a0tabac\u00a0et du\u00a0caf\u00e9\u00a0et\u00a0r\u00e9gule le rythme cardiaque, et il rafra\u00eechit l&rsquo;haleine\u00a0et d\u00e9sinfecte la bouche.<\/li>\n<li><strong>Mac\u00e9r\u00e9 dans de l\u2019eau\u00a0<\/strong>: il renforce la m\u00e9moire, pr\u00e9vient plusieurs maladies chroniques, telles que les maladies du foie, des reins et du tube digestif\u00a0; soulage la constipation mais aussi la diarrh\u00e9e\u00a0; renforce le syst\u00e8me immunitaire\u00a0; contr\u00f4le la glyc\u00e9mie et r\u00e9duit le taux de cholest\u00e9rol&#8230;<\/li>\n<li><strong>En pr\u00e9paration cosm\u00e9tique<\/strong>\u00a0: il aide \u00e0 raffermir la peau, \u00e0 la maintenir bien hydrat\u00e9e et \u00e0 stimuler la production de collag\u00e8ne. Il r\u00e9duit l&rsquo;apparence des rides, uniformise et am\u00e9liore le teint et favorise le renouvellement cellulaire de la peau.<\/li>\n<li><strong>En massage\u00a0ou en dilution dans un bain :<\/strong>\u00a0il apaise les douleurs en cas de tendinite, de rhumatisme, d&rsquo;arthrose ou encore de sciatique\u00a0; il apaise \u00e9galement les encombrements ORL et respiratoires\u00a0; il\u00a0lutte contre la toux grasse, la fatigue mais aussi contre le syst\u00e8me immunitaire affaibli.Commun\u00e9ment utilis\u00e9 en aromath\u00e9rapie, l&rsquo;oliban soulage l\u2019anxi\u00e9t\u00e9 et le stress. est \u00e9galement un excellent relaxant, il permet de lutter contre la d\u00e9pression saisonni\u00e8re, les exc\u00e8s d&rsquo;\u00e9motivit\u00e9, les tensions&#8230;<\/li>\n<\/ul>\n<p>D&rsquo;apr\u00e8s des \u00e9tudes men\u00e9es par l\u2019universit\u00e9 Hopkins USA, et l\u2019universit\u00e9 Qabous d\u2019Oman l&rsquo;oliban serait b\u00e9n\u00e9fique dans la lutte contre le cancer. Des scientifiques ont constat\u00e9 qu&rsquo;il existerait un agent dans la r\u00e9sine qui permettrait d&rsquo;arr\u00eater la propagation du cancer. Il pousserait les cellules canc\u00e9reuses \u00e0 s\u2019autod\u00e9truire.<\/p>\n<h3><u>Pr\u00e9parations\u00a0:<\/u><\/h3>\n<ul>\n<li><strong>Br\u00fbl\u00e9\u00a0:\u00a0<\/strong>Colocar um pequeno peda\u00e7o de incenso sobre um carv\u00e3o incandescente.<\/li>\n<li>\u00a0<strong>M\u00e2ch\u00e9 :\u00a0<\/strong>M\u00e2cher des pierres d&rsquo;oliban avec une pinc\u00e9e de sucre en poudre ou une petite cuill\u00e8re du miel.<\/li>\n<li><strong>Mac\u00e9rat\u00a0:<\/strong>\u00a0Ajouter 30gr d&rsquo;oliban \u00e0 1 litre d&rsquo;eau bouillante ou \u00e0 temp\u00e9rature ambiante (plus l&rsquo;eau est chaude, plus l&rsquo;oliban se dissoudra vite). Laisser reposer toute la nuit (3 \u00e0 4h au minimum). Prendre des petites gorg\u00e9es de cette boisson tout au long de la journ\u00e9e.<\/li>\n<\/ul>\n<p>NB\u00a0: l&rsquo;eau aura alors une couleur blanch\u00e2tre et un aspect \u00ab\u00a0visqueux\u00a0\u00bb, c&rsquo;est tout \u00e0 fait normal. Vous pouvez \u00e9ventuellement pass\u00e9 cette pr\u00e9paration \u00e0 la passoire.<\/p>\n<ul>\n<li><strong>En massage\u00a0:<\/strong>\u00a0diluer quelques unit\u00e9s d&rsquo;oliban dans une huile v\u00e9g\u00e9tale vierge (nous vous conseillons une\u00a0<a href=\"https:\/\/1001vertus.com\/pt\/product\/oleo-de-amendoas-doces-biologico\/\">\u00d3leo de am\u00eandoas doces biol\u00f3gico<\/a>).<\/li>\n<\/ul>\n<ul>\n<li><strong>En pr\u00e9paration cosm\u00e9tique\u00a0:<\/strong><\/li>\n<\/ul>\n<p><u>Ingredientes:<\/u><\/p>\n<p><a href=\"https:\/\/1001vertus.com\/pt\/product\/manteiga-de-karite-crua-e-filtrada-biologica-e-certificada-pela-ecocert\/\">100g de beurre de karit\u00e9<\/a><\/p>\n<p>30g de incenso<\/p>\n<p>8 gotas de vitamina E<\/p>\n<p><u>Pr\u00e9paration\u00a0:<\/u><\/p>\n<ol>\n<li>Mettre l&rsquo;oliban \u00e0 tremper toute la nuit dans de l&rsquo;eau.<\/li>\n<li>Mettre le beurre de karit\u00e9 au bain-marie et laissez le fondre l\u00e9g\u00e8rement.<\/li>\n<li>Filtrar o incenso e misturar num liquidificador.<\/li>\n<li>Ajouter le beurre de karit\u00e9 puis mixer \u00e0 nouveau.<\/li>\n<li>Ajouter la vitamine E et m\u00e9langer.<\/li>\n<li>Votre cr\u00e8me de nuit est pr\u00eate\u00a0!<\/li>\n<\/ol>\n<p><u><strong>Origem :<\/strong><\/u>\u00a0Sud\u00e3o \/ Som\u00e1lia<\/p>\n<p><u><strong>Peso :<\/strong><\/u> Disponible en sachet kraft herm\u00e9tique de 100g ou 250g.<\/p>\n<p><u><strong>Conserva\u00e7\u00e3o :<\/strong><\/u>\u00a0A l\u2019abri de sources de chaleur, de l\u2019air et de la lumi\u00e8re.<\/p>","protected":false},"excerpt":{"rendered":"<p>L&rsquo;oliban est une r\u00e9sine utilis\u00e9e depuis des si\u00e8cles en Asie et en Afrique. Elle a de tr\u00e8s nombreuses vertus et celles-ci sont tr\u00e8s vari\u00e9es suivant le mode d&rsquo;utilisation.<\/p>\n<p>On peut, entre autres, la br\u00fbler en tant qu&rsquo;encens pour profiter de son odeur et purifier l&rsquo;air, la m\u00e2cher pour purifier sa bouche et soulager les maux de ventres, la boire sous forme de pr\u00e9paration pour renforcer le syst\u00e8me immunitaire ou pr\u00e9venir de plusieurs maladies chroniques, l&rsquo;utiliser en cosm\u00e9tique comme anti-ride, booster de collag\u00e8ne et unifier son teint, ou encore en massage, pour apaiser de nombreuses douleurs mais aussi les encombrements ORL et respiratoires&#8230;<\/p>","protected":false},"featured_media":3588,"template":"","meta":[],"product_brand":[],"product_cat":[28,27],"product_tag":[],"class_list":{"0":"post-3586","1":"product","2":"type-product","3":"status-publish","4":"has-post-thumbnail","6":"product_cat-medecine-sante","7":"product_cat-bien-etre","9":"first","10":"instock","11":"shipping-taxable","12":"purchasable","13":"product-type-variable"},"_links":{"self":[{"href":"https:\/\/1001vertus.com\/pt\/wp-json\/wp\/v2\/product\/3586","targetHints":{"allow":["GET"]}}],"collection":[{"href":"https:\/\/1001vertus.com\/pt\/wp-json\/wp\/v2\/product"}],"about":[{"href":"https:\/\/1001vertus.com\/pt\/wp-json\/wp\/v2\/types\/product"}],"wp:featuredmedia":[{"embeddable":true,"href":"https:\/\/1001vertus.com\/pt\/wp-json\/wp\/v2\/media\/3588"}],"wp:attachment":[{"href":"https:\/\/1001vertus.com\/pt\/wp-json\/wp\/v2\/media?parent=3586"}],"wp:term":[{"taxonomy":"product_brand","embeddable":true,"href":"https:\/\/1001vertus.com\/pt\/wp-json\/wp\/v2\/product_brand?post=3586"},{"taxonomy":"product_cat","embeddable":true,"href":"https:\/\/1001vertus.com\/pt\/wp-json\/wp\/v2\/product_cat?post=3586"},{"taxonomy":"product_tag","embeddable":true,"href":"https:\/\/1001vertus.com\/pt\/wp-json\/wp\/v2\/product_tag?post=3586"}],"curies":[{"name":"wp","href":"https:\/\/api.w.org\/{rel}","templated":true}]}}