{"id":3477,"date":"2020-09-09T19:44:35","date_gmt":"2020-09-09T18:44:35","guid":{"rendered":"https:\/\/1001vertus.com\/?post_type=product&#038;p=3477"},"modified":"2026-04-30T18:53:30","modified_gmt":"2026-04-30T17:53:30","slug":"cha-de-ervas-transito-fit-1001-virtudes","status":"publish","type":"product","link":"https:\/\/1001vertus.com\/pt\/produit\/tisane-transit-fit-1001-vertus\/","title":{"rendered":"Tisane Transit-fit &#8211; 1001 VERTUS"},"content":{"rendered":"<p>Tous les ingr\u00e9dients de notre tisane Transit Fit sont 100% naturels et ont \u00e9t\u00e9 choisis avec soin. Chacun d&rsquo;eux cr\u00e9ant un effet b\u00e9n\u00e9fique sur le transit, la digestion et la perte de poids.<\/p>\n<ul>\n<li><strong>Les feuilles de s\u00e9n\u00e9 :<\/strong> Le s\u00e9n\u00e9 (ou sana maki) en feuille est un puissant laxatif naturel qui s\u2019av\u00e8re tr\u00e8s efficace pour maigrir. C&rsquo;est d&rsquo;ailleurs le laxatif naturel par excellence, l\u2019efficacit\u00e9 du s\u00e9n\u00e9 \u00e0 traiter la constipation, \u00e0 court terme, est reconnue par les principales autorit\u00e9s m\u00e9dicales tels que l\u2019OMS (<em>Organisation mondiale de la Sant\u00e9<\/em>), l\u2019EMA (<em>Ag\u00eancia Europeia de Medicamentos<\/em>)&#8230; Les feuilles de s\u00e9n\u00e9 agissent comme un br\u00fble graisse mais aussi comme un \u00e9liminateur de toxines.<\/li>\n<\/ul>\n<p>&nbsp;<\/p>\n<ul>\n<li><strong>Le fruit de s\u00e9n\u00e9 :<\/strong> Les fruits de s\u00e9n\u00e9 sont aussi utilis\u00e9s comme laxatif, de ce fait, ils sont b\u00e9n\u00e9fiques pour le traitement de la constipation occasionnelle. Mais il a d&rsquo;autres vertus, tels que le traitement des h\u00e9morro\u00efdes, la lutte contre le syndrome du c\u00f4lon irritable mais il a aussi un effet ind\u00e9niable pour un nettoyage du c\u00f4lon, \u00e9tape oblig\u00e9e avant de subir une coloscopie par exemple.<\/li>\n<\/ul>\n<p>&nbsp;<\/p>\n<ul>\n<li><strong>Erva-cidreira :<\/strong> La citronnelle stimule les fonctions de l\u2019estomac, facilite la digestion en calmant les spasmes, crampes et flatulences. et a un effet diur\u00e9tique. La citronnelle, est \u00e9galement un ingr\u00e9dient incontournable des tasses \u00ab d\u00e9tox \u00bb. Enfin, elle apporte un go\u00fbt citronn\u00e9 \u00e0 la tisane.<\/li>\n<\/ul>\n<p>&nbsp;<\/p>\n<ul>\n<li><strong>Funcho :<\/strong> Le fenouil agit comme un coupe-faim puisqu&rsquo;il apporte une sensation de sati\u00e9t\u00e9. De plus, \u00e9tant gorg\u00e9 de fibres, il constitue \u00e0 lui seul un v\u00e9ritable alli\u00e9 minceur. Le fenouil soulage l&rsquo;acidit\u00e9 gastrique, am\u00e9liore la digestion difficile en cas de ballonnements et est id\u00e9al en cas de br\u00fblure d&rsquo;estomac apr\u00e8s un trop gros repas.<\/li>\n<\/ul>\n<p>&nbsp;<\/p>\n<ul>\n<li><strong>L\u2019anis :<\/strong> L&rsquo;anis contient une grande quantit\u00e9 de fibres solubles, il joue donc un r\u00f4le fondamental dans l\u2019amincissement, \u00e9liminant naturellement l&rsquo;exc\u00e8s de graisse dans le sang. Il r\u00e9gule la digestion, agit contre les ballonnements et l&rsquo;a\u00e9rophagie, il favorise la d\u00e9toxication de l\u2019organisme en \u00e9vacuant plus facilement les d\u00e9chets accumul\u00e9s. C&rsquo;est aussi une source de calcium, potassium, fer, zinc et magn\u00e9sium. Enfin il apporte \u00e9galement son go\u00fbt si particulier \u00e0 la tisane.<\/li>\n<\/ul>\n<p>&nbsp;<\/p>\n<ul>\n<li><strong>L\u2019hibiscus :<\/strong> L\u2019hibiscus est excellent pour aider \u00e0 perdre des kilos en trop de mani\u00e8re progressive. Il favorise la perte de poids tout en r\u00e9duisant les cons\u00e9quences du surpoids : maintien du taux de glyc\u00e9mie, emp\u00eache l\u2019accumulation du gras dans le foie&#8230; Riche en vitamine C et en fer, il permet de donner un petit coup de fouet. Son go\u00fbt assez proche du cranberry, apporte une note sucr\u00e9e \u00e0 la tisane.<\/li>\n<\/ul>\n<p>&nbsp;<\/p>\n<ul>\n<li><strong>Le cumin\u00a0 :<\/strong> Le cumin est excellent pour soulager la plupart des probl\u00e8mes li\u00e9s \u00e0 la digestion. Il est recommand\u00e9 en cas de digestion difficile, flatulences, coliques, diarrh\u00e9es, constipations, douleurs abdominales et aussi stomacales. Il soulage les ballonnements, les maux d\u2019estomac, et de fa\u00e7on g\u00e9n\u00e9rale les spasmes du tube digestif. Sa saveur chaude et \u00e9pic\u00e9e apportent un petit go\u00fbt poivr\u00e9s \u00e0 la tisane.<\/li>\n<\/ul>\n<p>&nbsp;<\/p>\n<h3 class=\"western\"><u>Modo de utiliza\u00e7\u00e3o : <\/u><em>\u00a0<\/em><\/h3>\n<p>Laisser infuser votre sachet 6 \u00e0 10 minutes dans une tasse d&rsquo;eau tr\u00e8s chaude (150ml) et boire cette infusion chaude.<br \/>\nIl est pr\u00e9f\u00e9rable de consommer votre tisane sans sucre (pour ne pas limiter les effets de la cure) et le soir, apr\u00e8s le d\u00eener de pr\u00e9f\u00e9rence car les effets laxatifs de la tisane surviennent \u00e0 peu pr\u00e8s 6h \u00e0 10h apr\u00e8s son absorption, selon les m\u00e9tabolismes.<br \/>\nConserver \u00e0 temp\u00e9rature ambiante.<\/p>\n<p>&nbsp;<\/p>\n<h3 class=\"western\"><u><b>Recomenda\u00e7\u00f5es:\u00a0<\/b><\/u><\/h3>\n<p>Cure de 1 \u00e0 3 semaines, \u00e0 raison de 1 sachet par jour (maximum 2).<br \/>\nNous vous conseillons d\u2019associer la cure \u00e0 une alimentation saine et \u00e9quilibr\u00e9e ainsi qu\u2019une activit\u00e9 physique r\u00e9guli\u00e8re. Pensez \u00e9galement \u00e0 boire beaucoup d\u2019eau, l\u2019hydratation a en effet un r\u00f4le essentiel sur la perte de poids.<br \/>\nAfin de ne pas rendre votre colon fain\u00e9ant, une pause d&rsquo;une dur\u00e9e \u00e9quivalente \u00e0 votre cure doit \u00eatre faite entre deux cures.<br \/>\nLa tisane facilite l\u2019\u00e9limination des aliments par les selles : si vous ressentez quelques crampes d\u2019estomac, alors ne vous inqui\u00e9tez pas, cela veut dire que la cure agit.<\/p>\n<p>&nbsp;<\/p>\n<h3 class=\"western\"><u>Pr\u00e9cautions d&#8217;emploi\u00a0:<\/u><\/h3>\n<p>D\u00e9conseill\u00e9 aux femmes enceintes et allaitantes. Interdit aux enfants de moins de 12 ans.<\/p>\n<p>&nbsp;<\/p>\n<p><strong><u>Ingredientes:<\/u><\/strong><\/p>\n<p>Fruit de s\u00e9n\u00e9, feuilles de s\u00e9n\u00e9, citronnelle, fenouil, anis, hibiscus, cumin.<br \/>\nCette tisane ne contient pas d&rsquo;allerg\u00e8nes.<\/p>\n<p>Dispon\u00edvel em cursos de 10 dias (10 saquetas) ou de 20 dias (20 saquetas).<\/p>\n<p>&nbsp;<\/p>","protected":false},"excerpt":{"rendered":"<p>Notre tisane Transit Fit est une tisane 100% naturelle qui permet d\u2019aider \u00e0 mincir par stimulation du transit. Comme son nom l&rsquo;indique, elle est \u00e9galement bonne pour la digestion et favoriser le transit intestinal. En effet, elle soulage les personnes ayant des probl\u00e8mes de constipations et des troubles digestifs.<\/p>\n<p>Concernant son aspect \u00ab\u00a0 aide minceur\u00a0 \u00bb, les utilisateurs perdent en moyenne 3 \u00e0 5kg sur une cure de 10 \u00e0 20 jours.<\/p>","protected":false},"featured_media":6054,"template":"","meta":[],"product_brand":[],"product_cat":[28,27,54],"product_tag":[],"class_list":{"0":"post-3477","1":"product","2":"type-product","3":"status-publish","4":"has-post-thumbnail","6":"product_cat-medecine-sante","7":"product_cat-bien-etre","8":"product_cat-tisane","10":"first","11":"instock","12":"shipping-taxable","13":"purchasable","14":"product-type-variable"},"_links":{"self":[{"href":"https:\/\/1001vertus.com\/pt\/wp-json\/wp\/v2\/product\/3477","targetHints":{"allow":["GET"]}}],"collection":[{"href":"https:\/\/1001vertus.com\/pt\/wp-json\/wp\/v2\/product"}],"about":[{"href":"https:\/\/1001vertus.com\/pt\/wp-json\/wp\/v2\/types\/product"}],"wp:featuredmedia":[{"embeddable":true,"href":"https:\/\/1001vertus.com\/pt\/wp-json\/wp\/v2\/media\/6054"}],"wp:attachment":[{"href":"https:\/\/1001vertus.com\/pt\/wp-json\/wp\/v2\/media?parent=3477"}],"wp:term":[{"taxonomy":"product_brand","embeddable":true,"href":"https:\/\/1001vertus.com\/pt\/wp-json\/wp\/v2\/product_brand?post=3477"},{"taxonomy":"product_cat","embeddable":true,"href":"https:\/\/1001vertus.com\/pt\/wp-json\/wp\/v2\/product_cat?post=3477"},{"taxonomy":"product_tag","embeddable":true,"href":"https:\/\/1001vertus.com\/pt\/wp-json\/wp\/v2\/product_tag?post=3477"}],"curies":[{"name":"wp","href":"https:\/\/api.w.org\/{rel}","templated":true}]}}