{"id":3272,"date":"2020-07-09T20:15:25","date_gmt":"2020-07-09T19:15:25","guid":{"rendered":"https:\/\/1001vertus.com\/?post_type=product&#038;p=3272"},"modified":"2026-04-26T11:51:51","modified_gmt":"2026-04-26T10:51:51","slug":"1001-vertus-oleo-de-noz-amarela-biologico","status":"publish","type":"product","link":"https:\/\/1001vertus.com\/pt\/produit\/huile-de-souchet-bio-1001-vertus\/","title":{"rendered":"Huile de souchet BIO &#8211; 1001 VERTUS"},"content":{"rendered":"<p><span style=\"font-family: Arial, sans-serif;\"><span style=\"font-size: medium;\">L&rsquo;huile de Souchet, aussi appel\u00e9e noix tigr\u00e9e, est traditionnellement utilis\u00e9e dans le rituel beaut\u00e9 des femmes orientales\u00a0pour\u00a0<\/span><\/span><strong><span style=\"font-family: Arial, sans-serif;\"><span style=\"font-size: medium;\">abrandam e reduzem o crescimento do cabelo.<\/span><\/span><\/strong><span style=\"font-family: Arial, sans-serif;\"><span style=\"font-size: medium;\">\u00a0<\/span><\/span><\/p>\n<p><span style=\"font-family: Arial, sans-serif;\"><span style=\"font-size: medium;\">Une application quotidienne d&rsquo;huile de Souchet avant et apr\u00e8s une \u00e9pilation permet de pr\u00e9venir et limiter la repousse des poils ainsi que leur quantit\u00e9. <\/span><\/span><\/p>\n<p><span style=\"font-family: Arial, sans-serif;\"><span style=\"font-size: medium;\">Riche en phytost\u00e9rols, elle<\/span><\/span><strong><span style=\"font-family: Arial, sans-serif;\"><span style=\"font-size: medium;\">\u00a0est r\u00e9put\u00e9e pour prot\u00e9ger la peau apr\u00e8s une \u00e9pilation, apaiser le feu du rasoir, <\/span><\/span><\/strong><span style=\"font-family: Arial, sans-serif;\"><span style=\"font-size: medium;\">\u00e9viter l&rsquo;apparition des<\/span><\/span><strong><span style=\"font-family: Arial, sans-serif;\"><span style=\"font-size: medium;\"> vermelhid\u00e3o e pequenas borbulhas<\/span><\/span><\/strong><span style=\"font-family: Arial, sans-serif;\"><span style=\"font-size: medium;\">, et \u00eatre<\/span><\/span><strong><span style=\"font-family: Arial, sans-serif;\"><span style=\"font-size: medium;\">\u00a0<\/span><\/span><\/strong><span style=\"font-family: Arial, sans-serif;\"><span style=\"font-size: medium;\">eficaz para acalmar as manchas vermelhas.\u00a0<\/span><\/span><\/p>\n<p><span style=\"font-family: Arial, sans-serif;\"><span style=\"font-size: medium;\">Aussi bien conseill\u00e9e pour les hommes que pour les femmes, cette huile connue des \u00c9gyptiennes depuis plus de 4000 ans, apporte \u00e0 la peau un vrai confort et un apaisement ind\u00e9niable.<\/span><\/span><\/p>\n<p>Cette huile, connue pour ses vertus antioxydantes et riche en vitamine E, est \u00e9galement employ\u00e9e dans les soins cosm\u00e9tiques pour\u00a0<strong><span style=\"font-family: Arial, sans-serif;\"><span style=\"font-size: medium;\">lutter contre le vieillissement pr\u00e9matur\u00e9<\/span><\/span><\/strong><span style=\"font-family: Arial, sans-serif;\"><span style=\"font-size: medium;\">\u00a0de la peau. Elle est utilis\u00e9e dans les soins\u00a0<\/span><\/span><strong><span style=\"font-family: Arial, sans-serif;\"><span style=\"font-size: medium;\">nutritivo<\/span><\/span><\/strong><span style=\"font-family: Arial, sans-serif;\"><span style=\"font-size: medium;\">\u00a0para\u00a0<\/span><\/span><strong><span style=\"font-family: Arial, sans-serif;\"><span style=\"font-size: medium;\">prot\u00e9ger la peau\u00a0et les cheveux de la d\u00e9shydratation,\u00a0revitaliser, lisser et redonner souplesse, \u00e9clat et vigueur <\/span><\/span><\/strong><span style=\"font-family: Arial, sans-serif;\"><span style=\"font-size: medium;\">aux cheveux ab\u00eem\u00e9s. <\/span><\/span><\/p>\n<p><span style=\"font-family: Arial, sans-serif;\"><span style=\"font-size: medium;\">Elle contient \u00e9galement des phytost\u00e9rols. Ces derniers ont un pouvoir apaisant. C&rsquo;est ce qui explique pourquoi on retrouve souvent l&rsquo;huile de souchet conseill\u00e9es dans les ouvrages publi\u00e9s pour les peaux tr\u00e8s s\u00e8ches, voire souffrant d\u2019ecz\u00e9ma ou de psoriasis, et pour les cheveux fins ou cr\u00e9pus aussi. <\/span><\/span><\/p>\n<h2><span style=\"font-family: Arial, sans-serif;\"><span style=\"font-size: medium;\"><u><b>VIRTUDES DO \u00d3LEO DE NOZ-AMARELA :<\/b><\/u><\/span><\/span><\/h2>\n<h3><strong><span style=\"font-family: Arial, sans-serif;\"><span style=\"font-size: medium;\">&#8211; POUR LA PEAU :<\/span><\/span><\/strong><\/h3>\n<ul>\n<li><strong><span style=\"font-family: Arial, sans-serif;\"><span style=\"font-size: medium;\"><b>Limite <\/b><\/span><\/span><\/strong><span style=\"font-family: Arial, sans-serif;\"><span style=\"font-size: medium;\"><b>a<\/b><\/span><\/span><strong><span style=\"font-family: Arial, sans-serif;\"><span style=\"font-size: medium;\"><b> recrescimento<\/b><\/span><\/span><\/strong> <span style=\"font-family: Arial, sans-serif;\"><span style=\"font-size: medium;\">de<\/span><\/span><strong><span style=\"font-family: Arial, sans-serif;\"><span style=\"font-size: medium;\"> cabelo<\/span><\/span><\/strong><span style=\"font-family: Arial, sans-serif;\"><span style=\"font-size: medium;\">. <\/span><\/span><\/li>\n<li><strong><span style=\"font-family: Arial, sans-serif;\"><span style=\"font-size: medium;\">Tr\u00e8s <\/span><\/span><\/strong><strong><span style=\"font-family: Arial, sans-serif;\"><span style=\"font-size: medium;\"><b>nutritivo<\/b><\/span><\/span><\/strong><span style=\"font-family: Arial, sans-serif;\"><span style=\"font-size: medium;\">, elle prot\u00e8ge la peau de la d\u00e9shydratation. <\/span><\/span><\/li>\n<li><span style=\"font-family: Arial, sans-serif;\"><span style=\"font-size: medium;\">O seu teor em vitamina E <\/span><\/span><strong><span style=\"font-family: Arial, sans-serif;\"><span style=\"font-size: medium;\">antioxidante\u00a0<\/span><\/span><\/strong><span style=\"font-family: Arial, sans-serif;\"><span style=\"font-size: medium;\">\u00e9 um trunfo para <\/span><\/span><span style=\"font-family: Arial, sans-serif;\"><span style=\"font-size: medium;\"><b>freiner l&rsquo;apparition des signes du vieillissement cutan\u00e9<\/b><\/span><\/span><span style=\"font-family: Arial, sans-serif;\"><span style=\"font-size: medium;\">. <\/span><\/span><\/li>\n<li><span style=\"font-family: Arial, sans-serif;\"><span style=\"font-size: medium;\"><b>Am\u00e9liore l&rsquo;<\/b><\/span><\/span><strong><span style=\"font-family: Arial, sans-serif;\"><span style=\"font-size: medium;\"><b>\u00e9lasticit\u00e9<\/b><\/span><\/span><\/strong><span style=\"font-family: Arial, sans-serif;\"><span style=\"font-size: medium;\"><b> da pele<\/b><\/span><\/span><span style=\"font-family: Arial, sans-serif;\"><span style=\"font-size: medium;\"> ao mesmo tempo que fornece <\/span><\/span><strong><span style=\"font-family: Arial, sans-serif;\"><span style=\"font-size: medium;\">suavidade<\/span><\/span><\/strong><span style=\"font-family: Arial, sans-serif;\"><span style=\"font-size: medium;\"> e <\/span><\/span><strong><span style=\"font-family: Arial, sans-serif;\"><span style=\"font-size: medium;\">flexibilidade<\/span><\/span><\/strong><span style=\"font-family: Arial, sans-serif;\"><span style=\"font-size: medium;\">. <\/span><\/span><\/li>\n<\/ul>\n<h4 class=\"western\"><span style=\"font-family: Arial, sans-serif;\"><span style=\"font-size: medium;\">Id\u00e9al pour les peaux s\u00e8ches et tr\u00e8s s\u00e8ches, les peaux squameuses et les peaux matures.<\/span><\/span><\/h4>\n<p><span style=\"font-family: Arial, sans-serif;\"><span style=\"font-size: medium;\">O \u00f3leo de noz-amarela n\u00e3o \u00e9 adequado para peles demasiado oleosas, mas \u00e9 adequado para crian\u00e7as e peles sens\u00edveis.<\/span><\/span><\/p>\n<p>&nbsp;<\/p>\n<p>&nbsp;<\/p>\n<h3><strong><span style=\"font-family: Arial, sans-serif;\"><span style=\"font-size: medium;\">&#8211; POUR LES CHEVEUX :<\/span><\/span><\/strong><\/h3>\n<ul>\n<li><strong><span style=\"font-family: Arial, sans-serif;\"><span style=\"font-size: medium;\">Alimenta\u00e7\u00e3o <\/span><\/span><\/strong><span style=\"font-family: Arial, sans-serif;\"><span style=\"font-size: medium;\">profundamente na fibra capilar. <\/span><\/span><\/li>\n<li><span style=\"font-family: Arial, sans-serif;\"><span style=\"font-size: medium;\">Pr\u00e9vient la<\/span><\/span><strong><span style=\"font-family: Arial, sans-serif;\"><span style=\"font-size: medium;\"> d\u00e9shydratation <\/span><\/span><\/strong><span style=\"font-family: Arial, sans-serif;\"><span style=\"font-size: medium;\">cabelo. <\/span><\/span><\/li>\n<li><strong><span style=\"font-family: Arial, sans-serif;\"><span style=\"font-size: medium;\">Revitalizar<\/span><\/span><\/strong><span style=\"font-family: Arial, sans-serif;\"><span style=\"font-size: medium;\"> e restaura <\/span><\/span><strong><span style=\"font-family: Arial, sans-serif;\"><span style=\"font-size: medium;\">\u00e9clat <\/span><\/span><\/strong><span style=\"font-family: Arial, sans-serif;\"><span style=\"font-size: medium;\">e <\/span><\/span><strong><span style=\"font-family: Arial, sans-serif;\"><span style=\"font-size: medium;\">for\u00e7a<\/span><\/span><\/strong><span style=\"font-family: Arial, sans-serif;\"><span style=\"font-size: medium;\"> aux cheveux ab\u00eem\u00e9s. <\/span><\/span><\/li>\n<li><strong><span style=\"font-family: Arial, sans-serif;\"><span style=\"font-size: medium;\">Suave <\/span><\/span><\/strong><span style=\"font-family: Arial, sans-serif;\"><span style=\"font-size: medium;\">e <\/span><\/span><strong><span style=\"font-family: Arial, sans-serif;\"><span style=\"font-size: medium;\">suaviza <\/span><\/span><\/strong><span style=\"font-family: Arial, sans-serif;\"><span style=\"font-size: medium;\">a fibra capilar. <\/span><\/span><\/li>\n<\/ul>\n<h4 class=\"western\"><span style=\"font-family: Arial, sans-serif;\"><span style=\"font-size: medium;\">Id\u00e9al pour\u00a0:<\/span><\/span><\/h4>\n<ul>\n<li><span style=\"font-family: Arial, sans-serif;\"><span style=\"font-size: medium;\">Cheveux secs, r\u00eaches, cassants, fourchus <\/span><\/span><\/li>\n<li><span style=\"font-family: Arial, sans-serif;\"><span style=\"font-size: medium;\">Cheveux cr\u00e9pus, afros, fris\u00e9s <\/span><\/span><\/li>\n<\/ul>\n<p><span style=\"font-family: Arial, sans-serif;\"><span style=\"font-size: medium;\">A utiliser en bain d\u2019huile. Ne convient pas aux cheveux gras, ou alors uniquement s&rsquo;ils sont cassants. <\/span><\/span><\/p>\n<p>&nbsp;<\/p>\n<h3 class=\"western\" align=\"LEFT\"><strong><span style=\"font-family: Arial, sans-serif;\"><span style=\"font-size: medium;\">\u00d3LEO DE NOZ-MOSCADA PARA EVITAR O RECRESCIMENTO:<\/span><\/span><\/strong><\/h3>\n<p align=\"JUSTIFY\"><span style=\"font-family: Arial, sans-serif;\"><span style=\"font-size: medium;\">Il est conseill\u00e9 d&rsquo;appliquer l&rsquo;huile de souchet non seulement apr\u00e8s l&rsquo;\u00e9pilation, mais \u00e9galement tous les soirs sur la zone \u00e9pil\u00e9e, jusqu&rsquo;\u00e0 la prochaine \u00e9pilation. <\/span><\/span><\/p>\n<p align=\"JUSTIFY\"><span style=\"font-family: Arial, sans-serif;\"><span style=\"font-size: medium;\">Les effets sont visibles apr\u00e8s 1 mois au moins, et uniquement si on a bel et bien \u00e9pil\u00e9 les poils avec leur racine (donc \u00e0 la cire ou \u00e0 la pince, et non avec un rasoir ou une tondeuse).<\/span><\/span><\/p>\n<p align=\"JUSTIFY\"><span style=\"font-family: Arial, sans-serif;\"><span style=\"font-size: medium;\">Cela peut fonctionner sur les sourcils (trop fournis) qu&rsquo;on \u00e9pile \u00e0 la pince, mais aussi sur les aisselles, la zone intime, les jambes, etc&#8230;<\/span><\/span><\/p>\n<p align=\"LEFT\"><span style=\"font-family: Arial, sans-serif;\"><span style=\"font-size: medium;\"><u><b>Ingr\u00e9dient INCI\u00a0:<\/b><\/u> \u00d3leo de raiz de Cyperus esculentus<\/span><\/span><\/p>\n<p align=\"LEFT\"><span style=\"font-family: Arial, sans-serif;\"><span style=\"font-size: medium;\"><u><b>Origem :<\/b><\/u> \u00c1frica<\/span><\/span><\/p>\n<p align=\"LEFT\"><span style=\"font-family: Arial, sans-serif;\"><span style=\"font-size: medium;\"><u><b>Capacidade :<\/b><\/u> 100ml<\/span><\/span><\/p>\n<p align=\"LEFT\"><span style=\"font-family: Arial, sans-serif;\"><span style=\"font-size: medium;\"><u><b>Pr\u00e9caution d&rsquo;utilisation\u00a0<\/b><\/u>Apenas para uso externo.<\/span><\/span><\/p>","protected":false},"excerpt":{"rendered":"<p align=\"LEFT\"><span style=\"font-family: Arial, sans-serif;\"><span style=\"font-size: medium;\">L&rsquo;huile de souchet est r\u00e9put\u00e9e pour \u00eatre l&rsquo;<strong>\u00f3leo natural anti-crescimento 100%<\/strong>. <\/span><\/span><\/p>\n<p align=\"JUSTIFY\"><span style=\"font-family: Arial, sans-serif;\"><span style=\"font-size: medium;\">Jambes, aisselles, zone intime, sourcils&#8230; Appliqu\u00e9e apr\u00e8s l\u2019\u00e9pilation et quotidiennement, l&rsquo;huile de souchet emp\u00eache la repousse des poils.<\/span><\/span><\/p>\n<p align=\"JUSTIFY\"><span style=\"font-family: Arial, sans-serif;\"><span style=\"font-size: medium;\">Elle est \u00e9galement tr\u00e8s bonne pour la peau et les cheveux, particuli\u00e8rement pour les cheveux cr\u00e9pus, afros et fris\u00e9s, mais aussi les cheveux secs, cassants et r\u00eaches. <\/span><\/span><\/p>\n<p align=\"JUSTIFY\"><span style=\"font-family: Arial, sans-serif;\"><span style=\"font-size: medium;\">Notre huile de souchet est certifi\u00e9e BIO et Ecocert.<br \/>\n<\/span><\/span><\/p>","protected":false},"featured_media":3273,"template":"","meta":[],"product_brand":[],"product_cat":[15,27],"product_tag":[],"class_list":{"0":"post-3272","1":"product","2":"type-product","3":"status-publish","4":"has-post-thumbnail","6":"product_cat-huiles-bio","7":"product_cat-bien-etre","9":"first","10":"outofstock","11":"shipping-taxable","12":"purchasable","13":"product-type-simple"},"_links":{"self":[{"href":"https:\/\/1001vertus.com\/pt\/wp-json\/wp\/v2\/product\/3272","targetHints":{"allow":["GET"]}}],"collection":[{"href":"https:\/\/1001vertus.com\/pt\/wp-json\/wp\/v2\/product"}],"about":[{"href":"https:\/\/1001vertus.com\/pt\/wp-json\/wp\/v2\/types\/product"}],"wp:featuredmedia":[{"embeddable":true,"href":"https:\/\/1001vertus.com\/pt\/wp-json\/wp\/v2\/media\/3273"}],"wp:attachment":[{"href":"https:\/\/1001vertus.com\/pt\/wp-json\/wp\/v2\/media?parent=3272"}],"wp:term":[{"taxonomy":"product_brand","embeddable":true,"href":"https:\/\/1001vertus.com\/pt\/wp-json\/wp\/v2\/product_brand?post=3272"},{"taxonomy":"product_cat","embeddable":true,"href":"https:\/\/1001vertus.com\/pt\/wp-json\/wp\/v2\/product_cat?post=3272"},{"taxonomy":"product_tag","embeddable":true,"href":"https:\/\/1001vertus.com\/pt\/wp-json\/wp\/v2\/product_tag?post=3272"}],"curies":[{"name":"wp","href":"https:\/\/api.w.org\/{rel}","templated":true}]}}