{"id":32141,"date":"2024-10-13T12:51:26","date_gmt":"2024-10-13T11:51:26","guid":{"rendered":"https:\/\/1001vertus.com\/?post_type=product&#038;p=32141"},"modified":"2025-09-01T19:29:59","modified_gmt":"2025-09-01T18:29:59","slug":"almiscar-tahara-com-sabor-a-algodao-doce","status":"publish","type":"product","link":"https:\/\/1001vertus.com\/pt\/produit\/musc-tahara-aromatise-barbe-a-papa\/","title":{"rendered":"Musc tahara aromatis\u00e9 barbe \u00e0 papa &#8211; 3ml"},"content":{"rendered":"<p>L\u2019odeur de la barbe \u00e0 papa est sans aucun doute la senteur qui rappelle le plus celle des f\u00eates foraines. Et que de bons souvenirs dans ces endroits, remplis de jeux et de confiseries en tous genres. Revivez des instants heureux gr\u00e2ce au <strong>musc tahara aromatis\u00e9 barbe \u00e0 papa<\/strong>, gr\u00e2ce \u00e0 votre boutique<em> 1001 Virtudes <\/em>\u00a0!<\/p>\n<h2><strong>Soyez gourmand avec le musc tahara aromatis\u00e9 barbe \u00e0 papa <\/strong><\/h2>\n<p>Enfin l\u2019occasion de profiter de cette douce confiserie sans prendre un seul kilo ! Sa senteur gourmande, suave, sucr\u00e9e et nuageuse offre un v\u00e9ritable instant de plaisir. A la fois pour celui qui porte ce cosm\u00e9tique, que pour ceux qui profitent de son <strong>acordar<\/strong>.<\/p>\n<p>Ainsi, le parfum intime aromatis\u00e9 barbe \u00e0 papa est id\u00e9al pour ceux qui appr\u00e9cient les <strong>fragr\u00e2ncias<\/strong> douces et sucr\u00e9es. Mais qui leur \u00e9voquent \u00e9galement de doux souvenirs.<\/p>\n<p>Pode tirar partido disto <strong>perfume tahara <\/strong>pour le quotidien, afin de vous offrir un instant agr\u00e9able et parfum\u00e9. Mais \u00e9galement pour votre intimit\u00e9, en y apportant une petite touche des plus originales.<\/p>\n<h2><strong>Comment utiliser le musc tahara aromatis\u00e9 barbe \u00e0 papa pour l\u2019hygi\u00e8ne intime ? <\/strong><\/h2>\n<p>Para utilizar este <strong>alm\u00edscar \u00edntimo<\/strong>, voici nos conseils d\u2019utilisation\u00a0:<\/p>\n<ol>\n<li>Laver dans un premier temps ses parties intimes et bien les s\u00e9cher<\/li>\n<li>Appliquer ensuite quelques gouttes de musc barbe \u00e0 papa sur un coton, ou sur un carr\u00e9 lavable<\/li>\n<li>Tamponner d\u00e9licatement la zone, en restant uniquement \u00e0 l\u2019ext\u00e9rieur des parties intimes<\/li>\n<li>Mettre simplement ses sous-v\u00eatements par-dessus sans risque de les t\u00e2cher<\/li>\n<\/ol>\n<h3><strong>Os nossos outros aromas <\/strong><\/h3>\n<p>Alors, pr\u00eats \u00e0 en d\u00e9couvrir davantage ? Parce que oui, chez <em>1001 Virtudes<\/em>, nous vous proposons \u00e9galement d\u2019autres parfums.<\/p>\n<p>Para que possa conhecer o <strong>senteur mono\u00ef,<\/strong> qui nous \u00e9voque les vacances au soleil et vous laissera sans aucun doute sans voix ! Mais \u00e9galement l\u2019<a href=\"https:\/\/1001vertus.com\/pt\/product\/almiscar-tahara-com-aroma-a-baunilha\/\"><strong>aroma de baunilha<\/strong><\/a>, gourmande \u00e0 souhait et qui fera l\u2019unanimit\u00e9\u00a0!<\/p>\n<p>Alors, pour lequel de ces cosm\u00e9tiques allez-vous craquer\u00a0?<\/p>","protected":false},"excerpt":{"rendered":"<p>L\u2019odeur de la barbe \u00e0 papa est sans aucun doute la senteur qui rappelle le plus celle des f\u00eates foraines. Et que de bons souvenirs dans ces endroits, remplis de jeux et de confiseries en tous genres. Revivez des instants heureux gr\u00e2ce au musc tahara aromatis\u00e9 barbe \u00e0 papa, gr\u00e2ce \u00e0 votre boutique 1001 Vertus [&#8230;]\n","protected":false},"featured_media":32145,"template":"","meta":[],"product_brand":[],"product_cat":[27],"product_tag":[],"class_list":{"0":"post-32141","1":"product","2":"type-product","3":"status-publish","4":"has-post-thumbnail","6":"product_cat-bien-etre","8":"first","9":"instock","10":"sale","11":"shipping-taxable","12":"purchasable","13":"product-type-variable","14":"has-default-attributes"},"_links":{"self":[{"href":"https:\/\/1001vertus.com\/pt\/wp-json\/wp\/v2\/product\/32141","targetHints":{"allow":["GET"]}}],"collection":[{"href":"https:\/\/1001vertus.com\/pt\/wp-json\/wp\/v2\/product"}],"about":[{"href":"https:\/\/1001vertus.com\/pt\/wp-json\/wp\/v2\/types\/product"}],"wp:featuredmedia":[{"embeddable":true,"href":"https:\/\/1001vertus.com\/pt\/wp-json\/wp\/v2\/media\/32145"}],"wp:attachment":[{"href":"https:\/\/1001vertus.com\/pt\/wp-json\/wp\/v2\/media?parent=32141"}],"wp:term":[{"taxonomy":"product_brand","embeddable":true,"href":"https:\/\/1001vertus.com\/pt\/wp-json\/wp\/v2\/product_brand?post=32141"},{"taxonomy":"product_cat","embeddable":true,"href":"https:\/\/1001vertus.com\/pt\/wp-json\/wp\/v2\/product_cat?post=32141"},{"taxonomy":"product_tag","embeddable":true,"href":"https:\/\/1001vertus.com\/pt\/wp-json\/wp\/v2\/product_tag?post=32141"}],"curies":[{"name":"wp","href":"https:\/\/api.w.org\/{rel}","templated":true}]}}