{"id":31309,"date":"2024-09-26T16:09:56","date_gmt":"2024-09-26T15:09:56","guid":{"rendered":"https:\/\/1001vertus.com\/?post_type=product&#038;p=31309"},"modified":"2026-03-18T17:38:07","modified_gmt":"2026-03-18T16:38:07","slug":"sementes-de-habbat-al-moulouk","status":"publish","type":"product","link":"https:\/\/1001vertus.com\/pt\/produit\/graines-de-habbat-al-moulouk\/","title":{"rendered":"5 sementes de habbat al moulouk"},"content":{"rendered":"<p>O\u00a0<strong>sementes de habbat al moulouk<\/strong> est\u00e3o a atrair um interesse crescente no campo dos rem\u00e9dios naturais e da sa\u00fade alternativa. Conhecidas pelas suas propriedades \u00fanicas, estas sementes intrigam pelo seu potencial e mist\u00e9rio. Neste artigo, descobrimos juntos o que esta semente esconde realmente sob a sua apar\u00eancia modesta.<\/p>\n<h2><strong>Origem e identifica\u00e7\u00e3o da semente misteriosa<\/strong><\/h2>\n<p>La <strong>sementes medicinais<\/strong> conhecido como habbat al moulouk, \u00e9 de origem asi\u00e1tica, frequentemente encontrado na \u00cdndia e em partes do M\u00e9dio Oriente. \u00c9 tamb\u00e9m conhecido como \u00abalca\u00e7uz indiano\u00bb em algumas culturas. Apesar do seu aspeto pouco atrativo, sobreviveu ao longo dos tempos gra\u00e7as \u00e0s suas numerosas aplica\u00e7\u00f5es tradicionais.<\/p>\n<p>Do ponto de vista f\u00edsico, estas sementes distinguem-se pela sua <strong>tamanho pequeno<\/strong>, Uma carater\u00edstica que n\u00e3o diminui em nada a sua robustez. S\u00e3o de cor castanha e t\u00eam uma textura ligeiramente rugosa, que faz lembrar as nozes, embora sejam mais pequenas e mais leves.<\/p>\n<h3><strong>Porque \u00e9 que estamos interessados?<\/strong><\/h3>\n<p>O interesse pelas sementes de habbat al moulouk deve-se sobretudo \u00e0 sua utiliza\u00e7\u00e3o hist\u00f3rica na medicina tradicional. Na Ayurveda, t\u00eam a reputa\u00e7\u00e3o de ser um <strong>purgativo natural<\/strong>, Estas sementes intrigantes s\u00e3o parte integrante de v\u00e1rios rituais de medicina alternativa destinados a restabelecer o equil\u00edbrio interno do organismo. Estas sementes intrigantes s\u00e3o parte integrante de muitos rituais de medicina alternativa destinados a restabelecer o equil\u00edbrio interno do organismo.<\/p>\n<p>Embora n\u00e3o sejam muito populares no Ocidente, a sua reputa\u00e7\u00e3o continua a crescer entre aqueles que procuram solu\u00e7\u00f5es alternativas aos tratamentos convencionais. Os interessados em medicinas ancestrais encontrar\u00e3o nas sementes de habbat al moulouk um tema digno de ser explorado.<\/p>\n<h2><strong>Utiliza\u00e7\u00e3o tradicional do habbat al moulouk: entre a cren\u00e7a e a ci\u00eancia<\/strong><\/h2>\n<p>Nas pr\u00e1ticas antigas, as sementes eram frequentemente utilizadas n\u00e3o s\u00f3 para curar fisicamente, mas tamb\u00e9m espiritualmente. Vistas como um meio de combater <strong>sihr engoliu<\/strong>A magia negra desempenhava um papel importante nos rituais de purifica\u00e7\u00e3o.<\/p>\n<p>Algumas comunidades acreditam firmemente no seu poder de <strong>tratamento da feiti\u00e7aria<\/strong>. \u00c9 claro que \u00e9 importante notar que estas utiliza\u00e7\u00f5es est\u00e3o profundamente enraizadas em tradi\u00e7\u00f5es culturais e devem ser vistas com respeito, mas tamb\u00e9m com ceticismo cient\u00edfico.<\/p>\n<h3><strong>Os benef\u00edcios inesperados para a sa\u00fade das sementes de habbat al moulouk<\/strong><\/h3>\n<p>Para al\u00e9m dos aspectos m\u00edsticos, as sementes t\u00eam uma s\u00e9rie de vantagens. <strong>benef\u00edcios para a sa\u00fade<\/strong> digno de nota. S\u00e3o particularmente conhecidos por ajudarem a aliviar <strong>pris\u00e3o de ventre<\/strong> gra\u00e7as ao seu efeito laxante suave mas eficaz. A sua a\u00e7\u00e3o \u00e9 lenta mas constante, favorecendo um tr\u00e2nsito harmonioso sem perturbar o organismo.<\/p>\n<p>Al\u00e9m disso, cont\u00eam compostos antioxidantes, que podem ajudar a reduzir o stress oxidativo no organismo. Um consumo moderado poderia, por conseguinte, revelar-se ben\u00e9fico para manter um equil\u00edbrio saud\u00e1vel.<\/p>\n<h2><strong>Compara\u00e7\u00e3o com sementes de cominho preto<\/strong><\/h2>\n<p>Muitas vezes confundido com <a href=\"https:\/\/1001vertus.com\/pt\/product\/sementes-de-cominho-preto-da-etiopia-abyssinia-habachya\/\"><strong>sementes de cominho preto<\/strong><\/a>, No entanto, as sementes de habbat al moulouk t\u00eam carater\u00edsticas distintas. Enquanto as sementes de nigela s\u00e3o amplamente reconhecidas pelas suas propriedades imunoestimulantes, as sementes de habbat al moulouk est\u00e3o mais relacionadas com a digest\u00e3o e a desintoxica\u00e7\u00e3o.<\/p>\n<p>Do ponto de vista culin\u00e1rio, os dois tipos de sementes tamb\u00e9m diferem. As sementes de nigela s\u00e3o normalmente utilizadas como especiarias em v\u00e1rias cozinhas, conferindo um sabor picante a muitos pratos. As sementes Habbat al moulouk, pelo contr\u00e1rio, n\u00e3o partilham esta fun\u00e7\u00e3o gastron\u00f3mica, sendo reservadas para uso terap\u00eautico ou ritual.<\/p>\n<h3><strong>Como \u00e9 que se escolhe entre os dois?<\/strong><\/h3>\n<p>A escolha entre estes dois tipos de sementes depender\u00e1 muito das suas necessidades pessoais. Para refor\u00e7ar o seu sistema imunit\u00e1rio, escolha as sementes de cominho preto. Se o seu objetivo \u00e9 desbloquear o tr\u00e2nsito intestinal ou experimentar rem\u00e9dios mais esot\u00e9ricos, as sementes de cominho preto s\u00e3o a melhor escolha. <strong>sementes de habbat al moulouk<\/strong> poder\u00e1 ser uma op\u00e7\u00e3o a explorar.<\/p>\n<p>Mas tenha cuidado ao comprar. Identifique cada tipo de semente para evitar qualquer confus\u00e3o, pois as suas utiliza\u00e7\u00f5es s\u00e3o muito diferentes, apesar da sua semelhan\u00e7a superficial.<\/p>\n<h2><strong>Integrar o habbat al moulouk na vida quotidiana<\/strong><\/h2>\n<p>A incorpora\u00e7\u00e3o das sementes de habbat al moulouk na sua rotina requer algumas precau\u00e7\u00f5es. \u00c9 aconselh\u00e1vel come\u00e7ar muito gradualmente para ver como o seu corpo reage, especialmente se n\u00e3o estiver habituado a usar purgativos naturais derivados de plantas ex\u00f3ticas.<\/p>\n<p>Aqui ficam algumas sugest\u00f5es para incorporar estas sementes na sua rotina di\u00e1ria:<\/p>\n<ul>\n<li>Misturar uma pequena quantidade com mel para reduzir o sabor amargo.<\/li>\n<li>Infundir as sementes em \u00e1gua quente para fazer uma decoc\u00e7\u00e3o suave para beber de manh\u00e3.<\/li>\n<li>Adicione as sementes esmagadas aos seus batidos para desfrutar dos seus benef\u00edcios nutricionais, mascarando o seu sabor forte.<\/li>\n<\/ul>\n<h3><strong>Avisos e conselhos<\/strong><\/h3>\n<p>Tal como acontece com todas as plantas medicinais, \u00e9 fundamental estar atento aos poss\u00edveis efeitos secund\u00e1rios. Um consumo excessivo pode provocar problemas como a diarreia. \u00c9 tamb\u00e9m aconselh\u00e1vel consultar um profissional de sa\u00fade antes de incluir estas sementes na sua alimenta\u00e7\u00e3o. Sobretudo se estiver gr\u00e1vida, a amamentar ou se sofrer de problemas de sa\u00fade espec\u00edficos.<\/p>\n<p>N\u00e3o se esque\u00e7a que mesmo os produtos naturais podem interagir com outros medicamentos ou tratamentos. Tenha sempre uma abordagem cautelosa ao explorar novas ervas ou sementes, especialmente as menos conhecidas, como o habbat al moulouk.<\/p>","protected":false},"excerpt":{"rendered":"<p>Les\u00a0graines de habbat al moulouk suscitent un int\u00e9r\u00eat croissant dans le domaine des rem\u00e8des naturels et de la sant\u00e9 alternative. Connues pour leurs propri\u00e9t\u00e9s uniques, ces graines intriguent par leur potentiel et leur myst\u00e8re. Dans cet article, nous d\u00e9couvrons ensemble ce que cette graine cache r\u00e9ellement sous ses apparences modestes. Origine et identification de la [&#8230;]\n","protected":false},"featured_media":31310,"template":"","meta":[],"product_brand":[],"product_cat":[53],"product_tag":[],"class_list":{"0":"post-31309","1":"product","2":"type-product","3":"status-publish","4":"has-post-thumbnail","6":"product_cat-complements-alimentaires","8":"first","9":"outofstock","10":"shipping-taxable","11":"purchasable","12":"product-type-simple"},"_links":{"self":[{"href":"https:\/\/1001vertus.com\/pt\/wp-json\/wp\/v2\/product\/31309","targetHints":{"allow":["GET"]}}],"collection":[{"href":"https:\/\/1001vertus.com\/pt\/wp-json\/wp\/v2\/product"}],"about":[{"href":"https:\/\/1001vertus.com\/pt\/wp-json\/wp\/v2\/types\/product"}],"wp:featuredmedia":[{"embeddable":true,"href":"https:\/\/1001vertus.com\/pt\/wp-json\/wp\/v2\/media\/31310"}],"wp:attachment":[{"href":"https:\/\/1001vertus.com\/pt\/wp-json\/wp\/v2\/media?parent=31309"}],"wp:term":[{"taxonomy":"product_brand","embeddable":true,"href":"https:\/\/1001vertus.com\/pt\/wp-json\/wp\/v2\/product_brand?post=31309"},{"taxonomy":"product_cat","embeddable":true,"href":"https:\/\/1001vertus.com\/pt\/wp-json\/wp\/v2\/product_cat?post=31309"},{"taxonomy":"product_tag","embeddable":true,"href":"https:\/\/1001vertus.com\/pt\/wp-json\/wp\/v2\/product_tag?post=31309"}],"curies":[{"name":"wp","href":"https:\/\/api.w.org\/{rel}","templated":true}]}}