{"id":3121,"date":"2020-06-06T19:19:21","date_gmt":"2020-06-06T18:19:21","guid":{"rendered":"https:\/\/1001vertus.com\/?post_type=product&#038;p=3121"},"modified":"2025-10-10T07:51:17","modified_gmt":"2025-10-10T06:51:17","slug":"conjunto-de-4-palhinhas-de-bambu-ecologicas-com-escova-para-garrafas","status":"publish","type":"product","link":"https:\/\/1001vertus.com\/pt\/produit\/lot-de-4-pailles-ecologiques-en-bambou-avec-goupillon\/","title":{"rendered":"Conjunto de 4 palhinhas de bambu ecol\u00f3gicas com escova para garrafas"},"content":{"rendered":"<p><span style=\"font-family: Liberation Serif, serif;\"><span style=\"font-size: medium;\">Chaque ann\u00e9e, plus de 8,5 milliards de pailles sont jet\u00e9es \u00e0 la poubelle&#8230; Voici l\u2019alternative naturelle, saine et durable aux pailles en plastique. <\/span><\/span><\/p>\n<p><span style=\"font-family: Liberation Serif, serif;\"><span style=\"font-size: medium;\">Ces pailles en bambou sont faciles \u00e0 laver gr\u00e2ce au goupillon en inox qui les accompagne, et peuvent ainsi \u00eatre r\u00e9utilis\u00e9es.<br \/>\nEt si apr\u00e8s de nombreuses utilisations, vous souhaitez jeter votre paille : pas de probl\u00e8me, elle est 100% biod\u00e9gradable et compostable.<\/span><\/span><\/p>\n<p><span style=\"font-family: Liberation Serif, serif;\"><span style=\"font-size: medium;\">Conviennent pour les\u00a0boissons chaudes et froides.<\/span><\/span><\/p>\n<h2 class=\"western\"><span style=\"font-family: Liberation Serif, serif;\"><span style=\"font-size: large;\"><u>Avantages du bambou\u00a0:<\/u>\u00a0<\/span><\/span><\/h2>\n<p><span style=\"font-family: Liberation Serif, serif;\"><span style=\"font-size: medium;\">Le bambou est une plante r\u00e9sistante et durable\u00a0qui a une croissance tr\u00e8s rapide. Il pousse si vite, jusqu\u2019\u00e0 1 m\u00e8tre par jour pour certaines vari\u00e9t\u00e9s, que c\u2019est l\u2019alternative \u00e9cologique de choix aux produits en plastique. <\/span><\/span><\/p>\n<p><span style=\"font-family: Liberation Serif, serif;\"><span style=\"font-size: medium;\">De plus, c&rsquo;est une ressource naturelle in\u00e9puisable cr\u00e9ant de nouvelles racines apr\u00e8s avoir \u00e9t\u00e9 r\u00e9colt\u00e9.\u00a0<\/span><\/span><\/p>\n<p><span style=\"font-family: Liberation Serif, serif;\"><span style=\"font-size: medium;\">Il se d\u00e9veloppe naturellement sans engrais ni pesticides.\u00a0<\/span><\/span><\/p>\n<p>&nbsp;<\/p>\n<h2 class=\"western\"><span style=\"font-family: Liberation Serif, serif;\"><span style=\"font-size: large;\"><u>Conseils d&rsquo;entretien\u00a0:<\/u><\/span><\/span><\/h2>\n<p><span style=\"font-family: Liberation Serif, serif;\"><span style=\"font-size: medium;\">Nettoyer avant la premi\u00e8re utilisation.\u00a0<\/span><\/span><\/p>\n<p><span style=\"font-family: Liberation Serif, serif;\"><span style=\"font-size: medium;\">Cuide bem da sua palhinha de bambu para que esta dure muito tempo.\u00a0<\/span><\/span><\/p>\n<p><span style=\"font-family: Liberation Serif, serif;\"><span style=\"font-size: medium;\">Il existe diff\u00e9rentes mani\u00e8res de la laver et d&rsquo;en prendre soin, au choix :\u00a0<\/span><\/span><\/p>\n<ul>\n<li><span style=\"font-family: Liberation Serif, serif;\"><span style=\"font-size: medium;\">\u00c0 la main avec de l&rsquo;eau savonneuse\u00a0<\/span><\/span><\/li>\n<li><span style=\"font-family: Liberation Serif, serif;\"><span style=\"font-size: medium;\">Pode ser lavado na m\u00e1quina de lavar lou\u00e7a\u00a0<\/span><\/span><\/li>\n<li><span style=\"font-family: Liberation Serif, serif;\"><span style=\"font-size: medium;\">10 minutos em \u00e1gua a ferver\u00a0<\/span><\/span><\/li>\n<li><span style=\"font-family: Liberation Serif, serif;\"><span style=\"font-size: medium;\">10 minutes dans de l&rsquo;eau bouillante additionn\u00e9e de vinaigre blanc (1 dose de vinaigre pour 20 doses d&rsquo;eau) \u00a0<\/span><\/span><\/li>\n<li><span style=\"font-family: Liberation Serif, serif;\"><span style=\"font-size: medium;\">Ou utilize simplesmente a escova fornecida.<\/span><\/span><\/li>\n<\/ul>\n<p><span style=\"font-family: Liberation Serif, serif;\"><span style=\"font-size: medium;\">Apr\u00e8s chaque lavage, la faire\u00a0s\u00e9cher \u00e0 l&rsquo;air libre et la conserver dans un endroit frais et sec.\u00a0<\/span><\/span><\/p>\n<p>&nbsp;<\/p>\n<p><span style=\"font-family: Liberation Serif, serif;\"><span style=\"font-size: medium;\">Longueur\u00a0: 20cm<\/span><\/span><\/p>\n<p><strong><span style=\"font-family: Liberation Serif, serif;\"><span style=\"font-size: medium;\">Vendido sem embalagem.<\/span><\/span><\/strong><\/p>","protected":false},"excerpt":{"rendered":"<p><span style=\"font-family: Liberation Serif, serif;\"><span style=\"font-size: medium;\">Fini les pailles en plastique jetable ! Optez pour la version z\u00e9ro d\u00e9chet avec ces pailles en bambou r\u00e9utilisables et 100% biod\u00e9gradables.<\/span><\/span><\/p>\n<p>Ce lot de 4 pailles est accompagn\u00e9 d&rsquo;un goupillon pour un lavage facile et efficace !<\/p>","protected":false},"featured_media":3701,"template":"","meta":[],"product_brand":[],"product_cat":[29,44],"product_tag":[],"class_list":{"0":"post-3121","1":"product","2":"type-product","3":"status-publish","4":"has-post-thumbnail","6":"product_cat-alimentation","7":"product_cat-nos-packs","9":"first","10":"instock","11":"sale","12":"shipping-taxable","13":"purchasable","14":"product-type-simple"},"_links":{"self":[{"href":"https:\/\/1001vertus.com\/pt\/wp-json\/wp\/v2\/product\/3121","targetHints":{"allow":["GET"]}}],"collection":[{"href":"https:\/\/1001vertus.com\/pt\/wp-json\/wp\/v2\/product"}],"about":[{"href":"https:\/\/1001vertus.com\/pt\/wp-json\/wp\/v2\/types\/product"}],"wp:featuredmedia":[{"embeddable":true,"href":"https:\/\/1001vertus.com\/pt\/wp-json\/wp\/v2\/media\/3701"}],"wp:attachment":[{"href":"https:\/\/1001vertus.com\/pt\/wp-json\/wp\/v2\/media?parent=3121"}],"wp:term":[{"taxonomy":"product_brand","embeddable":true,"href":"https:\/\/1001vertus.com\/pt\/wp-json\/wp\/v2\/product_brand?post=3121"},{"taxonomy":"product_cat","embeddable":true,"href":"https:\/\/1001vertus.com\/pt\/wp-json\/wp\/v2\/product_cat?post=3121"},{"taxonomy":"product_tag","embeddable":true,"href":"https:\/\/1001vertus.com\/pt\/wp-json\/wp\/v2\/product_tag?post=3121"}],"curies":[{"name":"wp","href":"https:\/\/api.w.org\/{rel}","templated":true}]}}