{"id":3084,"date":"2020-06-01T13:52:48","date_gmt":"2020-06-01T12:52:48","guid":{"rendered":"https:\/\/1001vertus.com\/?post_type=product&#038;p=3084"},"modified":"2023-02-22T20:38:02","modified_gmt":"2023-02-22T19:38:02","slug":"dethiopia-abyssinia-black-cumin-oil-100ml","status":"publish","type":"product","link":"https:\/\/1001vertus.com\/pt\/produit\/huile-de-nigelle-dethiopie-abyssinia-100ml\/","title":{"rendered":"\u00d3leo de cominho preto da Eti\u00f3pia \u00abAbyssinia\u00bb - 1001 virtudes"},"content":{"rendered":"<p><span style=\"font-family: Arial, sans-serif;\"><span style=\"font-size: medium;\">Notre huile de nigelle est obtenue par premi\u00e8re pression \u00e0 froid afin de conserver de mani\u00e8re optimale tous les bienfaits et vertus de cette graine d\u2019exception.<\/span><\/span><\/p>\n<p align=\"justify\"><span style=\"font-family: Arial, sans-serif;\"><span style=\"font-size: medium;\">\u00c9tant un produit 100% pur et naturel ne subissant aucune alt\u00e9ration chimique ou phase de coloration, il n&rsquo;est pas \u00e9tonnant que, de temps \u00e0 autre, l&rsquo;aspect de l&rsquo;huile, son go\u00fbt et sa couleur soient l\u00e9g\u00e8rement diff\u00e9rents au cours de l&rsquo;ann\u00e9e.<\/span><\/span><\/p>\n<p align=\"justify\"><span style=\"font-family: Arial, sans-serif;\"><span style=\"font-size: medium;\"><span style=\"color: #020101;\">L&rsquo;huile de nigelle d\u2019\u00c9thiopie a des sp\u00e9cificit\u00e9s surprenantes. En\u00a0effet, celle ci a la particularit\u00e9 d&rsquo;\u00eatre plus sombre que ses cong\u00e9n\u00e8res dites classiques (\u00c9gypte, Maroc\u2026) qui varient d&rsquo;un ambre jaune \u00e0 un ocre clair. Bien s\u00fbr sa sp\u00e9cificit\u00e9 ne se limite pas uniquement \u00e0 cela. Sa plus grande particularit\u00e9 est th\u00e9rapeutique puisque ses bienfaits sont sup\u00e9rieurs aux ceux des autres huiles de nigelle. <\/span><\/span><\/span><\/p>\n<p align=\"justify\"><span style=\"font-family: Arial, sans-serif;\"><span style=\"font-size: medium;\">Depuis plus de 2000 ans, la nigelle de mani\u00e8re g\u00e9n\u00e9rale est utilis\u00e9e pour ses vertus pour la sant\u00e9 mais aussi cosm\u00e9tiques. Selon certaines sources, l\u2019huile de Nigelle \u00e9tait utilis\u00e9e comme produit de beaut\u00e9 par Cl\u00e9op\u00e2tre et N\u00e9fertiti. Les \u00e9gyptiens ont encore pour habitude d&rsquo;appeler cette graine \u00ab\u00a0habba al baraka\u00a0\u00bb, qui signifie la \u00ab\u00a0graine b\u00e9nite\u00a0\u00bb.<\/span><\/span><\/p>\n<p><span style=\"font-family: Arial, sans-serif;\"><span style=\"font-size: medium;\">La nigelle fait \u00e9galement partie de la m\u00e9decine traditionnelle indienne et la m\u00e9decine chinoise o\u00f9 elle est utilis\u00e9e en tant qu\u2019antibiotique naturel. <\/span><\/span><\/p>\n<p align=\"justify\"><span style=\"font-family: Arial, sans-serif;\"><span style=\"font-size: medium;\"><i>Nous en avons d\u2019ailleurs fait un article passionnant que vous pourrez retrouvez dans notre rubrique \u00ab\u00a0blog\u00a0\u00bb.<\/i><\/span><\/span><\/p>\n<p align=\"justify\"><span style=\"font-family: Arial, sans-serif;\"><span style=\"font-size: medium;\">C\u2019est donc un rem\u00e8de s\u00e9culaire qui gagne en popularit\u00e9, notamment suite \u00e0 plusieurs recherches scientifiques r\u00e9centes, mais aussi gr\u00e2ce au d\u00e9veloppement de l\u2019islam. <\/span><\/span><\/p>\n<p align=\"justify\"><span style=\"font-family: Arial, sans-serif;\"><span style=\"font-size: medium;\">En effet, le proph\u00e8te des musulmans, Mohammed, a enjoint sa communaut\u00e9 \u00e0 l\u2019utiliser en ces termes\u00a0: \u00ab\u00a0Soignez-vous en utilisant la graine de nigelle, c\u2019est un rem\u00e8de contre tous les maux \u00e0 l\u2019exception de la mort\u00a0\u00bb (recueil de hadith d\u2019Al-Boukhari). La nigelle est par cons\u00e9quent un pilier de la m\u00e9decine proph\u00e9tique musulmane. <\/span><\/span><\/p>\n<p align=\"justify\"><span style=\"font-family: Arial, sans-serif;\"><span style=\"font-size: medium;\">D&rsquo;ailleurs les pionniers de la m\u00e9decine, qu\u2019ils soient musulmans ou non, ont parl\u00e9 de la nigelle et de ses nombreuses vertus. <\/span><\/span><\/p>\n<h2 align=\"justify\"><span style=\"font-family: Arial, sans-serif;\"><span style=\"font-size: medium;\"><b>Os benef\u00edcios do \u00f3leo de Nigella<\/b><\/span><\/span><\/h2>\n<p align=\"justify\"><span style=\"font-family: Arial, sans-serif;\"><span style=\"font-size: medium;\">Comme dit pr\u00e9c\u00e9demment, l\u2019huile de nigelle peut s\u2019utiliser aussi bien de mani\u00e8re interne qu&rsquo;externe. <\/span><\/span><\/p>\n<p align=\"justify\"><span style=\"font-family: Arial, sans-serif;\"><span style=\"font-size: medium;\">La nigelle contient de nombreux composants naturels (vitamines, enzymes, oligo\u00e9l\u00e9ments ou encore om\u00e9ga-6 et om\u00e9ga-3 v\u00e9g\u00e9taux). Composants dont les bienfaits sur la sant\u00e9 sont largement d\u00e9montr\u00e9s par la science, depuis plus de quarante ans. <\/span><\/span><\/p>\n<p align=\"justify\"><span style=\"font-family: Arial, sans-serif;\"><span style=\"font-size: medium;\">Elle contient \u00e9galement des prot\u00e9ines, des lipides, des glucides, des acides amin\u00e9s ainsi que des m\u00e9tabolites secondaires, qui sont reconnus pour leur activit\u00e9 pharmacologique En synergie, ces composants permettent de pr\u00e9venir les infections et les allergies et surtout de booster le syst\u00e8me immunitaire Et plus le syst\u00e8me immunitaire est fort, meilleur est l\u2019\u00e9tat de sant\u00e9, car il permet alors de lutter contre les maladies et maintenir le corps en bonne forme.<\/span><\/span><\/p>\n<h2 align=\"justify\">\u00a0<span style=\"font-family: Arial, sans-serif;\"><span style=\"font-size: medium;\"><b>Eis uma lista n\u00e3o exaustiva<\/b>)\u00a0 <b>de 46 maladies et maux pour lesquels la nigelle favorise les chances de gu\u00e9rison\u00a0:<\/b><\/span><\/span><\/h2>\n<ul>\n<li>\n<p align=\"justify\"><span style=\"font-family: Arial, sans-serif;\"><span style=\"font-size: medium;\">Cancer (pancr\u00e9as, c\u00f4lon, prostate, sein, poumon, pancr\u00e9as, et m\u00eame des cancers c\u00e9r\u00e9braux). <\/span><\/span><\/p>\n<\/li>\n<\/ul>\n<ul>\n<li>\n<p align=\"justify\"><span style=\"font-family: Arial, sans-serif;\"><span style=\"font-size: medium;\">Maladies auto-immune (lupus, maladie de Crohn\u2026)<\/span><\/span><\/p>\n<\/li>\n<\/ul>\n<ul>\n<li>\n<p align=\"justify\"><span style=\"font-family: Arial, sans-serif;\"><span style=\"font-size: medium;\">SIDA <\/span><\/span><\/p>\n<\/li>\n<li>\n<p align=\"justify\"><span style=\"font-family: Arial, sans-serif;\"><span style=\"font-size: medium;\">Alergias, febre dos fenos<\/span><\/span><\/p>\n<\/li>\n<li>\n<p align=\"justify\"><span style=\"font-family: Arial, sans-serif;\"><span style=\"font-size: medium;\">Inflama\u00e7\u00e3o<\/span><\/span><\/p>\n<\/li>\n<li>\n<p align=\"justify\"><span style=\"font-family: Arial, sans-serif;\"><span style=\"font-size: medium;\">Reumatismo, artrite e outras dores articulares<\/span><\/span><\/p>\n<\/li>\n<li>\n<p align=\"justify\"><span style=\"font-family: Arial, sans-serif;\"><span style=\"font-size: medium;\">Dores musculares<\/span><\/span><\/p>\n<\/li>\n<li>\n<p align=\"justify\"><span style=\"font-family: Arial, sans-serif;\"><span style=\"font-size: medium;\">Dores de costas<\/span><\/span><\/p>\n<\/li>\n<li>\n<p align=\"justify\"><span style=\"font-family: Arial, sans-serif;\"><span style=\"font-size: medium;\">Congest\u00e3o tor\u00e1cica<\/span><\/span><\/p>\n<\/li>\n<li>\n<p align=\"justify\"><span style=\"font-family: Arial, sans-serif;\"><span style=\"font-size: medium;\">Bronquite<\/span><\/span><\/p>\n<\/li>\n<li>\n<p align=\"justify\"><span style=\"font-family: Arial, sans-serif;\"><span style=\"font-size: medium;\">Congest\u00e3o nasal<\/span><\/span><\/p>\n<\/li>\n<li>\n<p align=\"justify\"><span style=\"font-family: Arial, sans-serif;\"><span style=\"font-size: medium;\">Constipa\u00e7\u00f5es<\/span><\/span><\/p>\n<\/li>\n<li>\n<p align=\"justify\"><span style=\"font-family: Arial, sans-serif;\"><span style=\"font-size: medium;\">Tosse<\/span><\/span><\/p>\n<\/li>\n<li>\n<p align=\"justify\"><span style=\"font-family: Arial, sans-serif;\"><span style=\"font-size: medium;\">Gripe<\/span><\/span><\/p>\n<\/li>\n<li>\n<p align=\"justify\"><span style=\"font-family: Arial, sans-serif;\"><span style=\"font-size: medium;\">Dor de garganta, angina<\/span><\/span><\/p>\n<\/li>\n<li>\n<p align=\"justify\"><span style=\"font-family: Arial, sans-serif;\"><span style=\"font-size: medium;\">Maux de t\u00eate, migraine<\/span><\/span><\/p>\n<\/li>\n<li>\n<p align=\"justify\"><span style=\"font-family: Arial, sans-serif;\"><span style=\"font-size: medium;\">Apaiser les br\u00fblures, les ger\u00e7ures et les coups de soleil.<\/span><\/span><\/p>\n<\/li>\n<li>\n<p align=\"justify\"><span style=\"font-family: Arial, sans-serif;\"><span style=\"font-size: medium;\">D\u00e9mangeaisons<\/span><\/span><\/p>\n<\/li>\n<li>\n<p align=\"justify\"><span style=\"font-family: Arial, sans-serif;\"><span style=\"font-size: medium;\">Ecz\u00e9ma, psoriasis et autres probl\u00e8mes de peau<\/span><\/span><\/p>\n<\/li>\n<li>\n<p align=\"justify\"><span style=\"font-family: Arial, sans-serif;\"><span style=\"font-size: medium;\">Acn\u00e9 et petits boutons<\/span><\/span><\/p>\n<\/li>\n<li>\n<p align=\"justify\"><span style=\"font-family: Arial, sans-serif;\"><span style=\"font-size: medium;\">Nourrit la peau s\u00e8che ou irrit\u00e9<\/span><\/span><\/p>\n<\/li>\n<li>\n<p align=\"justify\"><span style=\"font-family: Arial, sans-serif;\"><span style=\"font-size: medium;\">Calv\u00edcie e queda de cabelo<\/span><\/span><\/p>\n<\/li>\n<li>\n<p align=\"justify\"><span style=\"font-family: Arial, sans-serif;\"><span style=\"font-size: medium;\">Naus\u00e9es et vomissements<\/span><\/span><\/p>\n<\/li>\n<li>\n<p align=\"justify\"><span style=\"font-family: Arial, sans-serif;\"><span style=\"font-size: medium;\">Doen\u00e7as do aparelho digestivo<\/span><\/span><\/p>\n<\/li>\n<li>\n<p align=\"justify\"><span style=\"font-family: Arial, sans-serif;\"><span style=\"font-size: medium;\">Pris\u00e3o de ventre<\/span><\/span><\/p>\n<\/li>\n<li>\n<p align=\"justify\"><span style=\"font-family: Arial, sans-serif;\"><span style=\"font-size: medium;\">Diarrh\u00e9e<\/span><\/span><\/p>\n<\/li>\n<li>\n<p align=\"justify\"><span style=\"font-family: Arial, sans-serif;\"><span style=\"font-size: medium;\">Br\u00fblures d\u2019estomac<\/span><\/span><\/p>\n<\/li>\n<li>\n<p align=\"justify\"><span style=\"font-family: Arial, sans-serif;\"><span style=\"font-size: medium;\">Parasitas intestinais<\/span><\/span><\/p>\n<\/li>\n<li>\n<p align=\"justify\"><span style=\"font-family: Arial, sans-serif;\"><span style=\"font-size: medium;\">G\u00e1s<\/span><\/span><\/p>\n<\/li>\n<li>\n<p align=\"justify\"><span style=\"font-family: Arial, sans-serif;\"><span style=\"font-size: medium;\">Mal de dents et abc\u00e8s (en bain de bouche)<\/span><\/span><\/p>\n<\/li>\n<li>\n<p align=\"justify\"><span style=\"font-family: Arial, sans-serif;\"><span style=\"font-size: medium;\">Infec\u00e7\u00f5es e sangramento das gengivas (como colut\u00f3rio)<\/span><\/span><\/p>\n<\/li>\n<li>\n<p align=\"justify\"><span style=\"font-family: Arial, sans-serif;\"><span style=\"font-size: medium;\">Infe\u00e7\u00e3o da bexiga<\/span><\/span><\/p>\n<\/li>\n<li>\n<p align=\"justify\"><span style=\"font-family: Arial, sans-serif;\"><span style=\"font-size: medium;\">H\u00e9morro\u00efdes<\/span><\/span><\/p>\n<\/li>\n<li>\n<p align=\"justify\"><span style=\"font-family: Arial, sans-serif;\"><span style=\"font-size: medium;\">Otite<\/span><\/span><\/p>\n<\/li>\n<li>\n<p align=\"justify\"><span style=\"font-family: Arial, sans-serif;\"><span style=\"font-size: medium;\">Asma<\/span><\/span><\/p>\n<\/li>\n<li>\n<p align=\"justify\"><span style=\"font-family: Arial, sans-serif;\"><span style=\"font-size: medium;\">Pression art\u00e9rielle<\/span><\/span><\/p>\n<\/li>\n<li>\n<p align=\"justify\"><span style=\"font-family: Arial, sans-serif;\"><span style=\"font-size: medium;\">Cholest\u00e9rol<\/span><\/span><\/p>\n<\/li>\n<li>\n<p align=\"justify\"><span style=\"font-family: Arial, sans-serif;\"><span style=\"font-size: medium;\">Fraqueza sexual<\/span><\/span><\/p>\n<\/li>\n<li>\n<p align=\"justify\"><span style=\"font-family: Arial, sans-serif;\"><span style=\"font-size: medium;\">Diab\u00e8te (Une consommation r\u00e9guli\u00e8re peut r\u00e9duire le taux de sucre dans le sang et la r\u00e9sistance \u00e0 l&rsquo;insuline, ce qui en fait un rem\u00e8de efficace pour \u00e9viter les diab\u00e8tes de type 2)<\/span><\/span><\/p>\n<\/li>\n<li>\n<p align=\"justify\"><span style=\"font-family: Arial, sans-serif;\"><span style=\"font-size: medium;\">Son effet drainant contribue \u00e0 l&rsquo;\u00e9limination des toxines dans les intestins et les poumons.<\/span><\/span><\/p>\n<\/li>\n<li>\n<p align=\"justify\"><span style=\"font-family: Arial, sans-serif;\"><span style=\"font-size: medium;\">Pr\u00e9vient et permet d\u2019\u00e9quilibrer l\u2019hypertension<\/span><\/span><\/p>\n<\/li>\n<li>\n<p align=\"justify\"><span style=\"font-family: Arial, sans-serif;\"><span style=\"font-size: medium;\">Fait baisser le mauvais cholest\u00e9rol<\/span><\/span><\/p>\n<\/li>\n<li>\n<p align=\"justify\"><span style=\"font-family: Arial, sans-serif;\"><span style=\"font-size: medium;\">D\u00e9pression<\/span><\/span><\/p>\n<\/li>\n<li>\n<p align=\"justify\"><span style=\"font-family: Arial, sans-serif;\"><span style=\"font-size: medium;\">Ins\u00f3nia<\/span><\/span><\/p>\n<\/li>\n<li>\n<p align=\"justify\"><span style=\"font-family: Arial, sans-serif;\"><span style=\"font-size: medium;\">Infertilit\u00e9<\/span><\/span><\/p>\n<\/li>\n<li>\n<p align=\"justify\"><span style=\"font-family: Arial, sans-serif;\"><span style=\"font-size: medium;\">Trouble de la m\u00e9moire<\/span><\/span><\/p>\n<\/li>\n<\/ul>\n<p align=\"justify\"><span style=\"font-family: Arial, sans-serif;\"><span style=\"font-size: medium;\"><i>Attention, pour des maladies lourdes comme le cancer, le sida ou celles auto-immunes, la nigelle doit \u00eatre utilis\u00e9e en traitement alternatif ou additionnel. <\/i><\/span><\/span><\/p>\n<p align=\"justify\"><span style=\"font-family: Arial, sans-serif;\"><span style=\"font-size: medium;\"><i>Bien que les r\u00e9centes \u00e9tudes soient \u00e9poustouflantes sur le sujet, en aucun cas, vous ne devez arr\u00eater d\u2019\u00e9ventuels traitements pour vous tourner exclusivement vers la nigelle, et nous nous d\u00e9gageons de toutes responsabilit\u00e9s si tel \u00e9tait le cas.<\/i><\/span><\/span><\/p>\n<p><span style=\"font-family: Arial, sans-serif;\"><span style=\"font-size: medium;\">L&rsquo;huile de nigelle est un compl\u00e9ment alimentaire indiqu\u00e9 pour faire le plein d&rsquo;\u00e9nergie, lors des changements de saison. Faire deux cures d&rsquo;huile de nigelle pendant trois semaines chaque ann\u00e9e permet de renforcer son syst\u00e8me immunitaire et d&rsquo;am\u00e9liorer son bien-\u00eatre g\u00e9n\u00e9ral.<\/span><\/span><\/p>\n<p>&nbsp;<\/p>\n<p align=\"justify\"><span style=\"font-family: Arial, sans-serif;\"><span style=\"font-size: medium;\"><u><b>Conseils d&rsquo;utilisations\u00a0:<\/b><\/u><\/span><\/span><\/p>\n<p align=\"justify\"><span style=\"font-family: Arial, sans-serif;\"><span style=\"font-size: medium;\"><u>Dosagem : <\/u><\/span><\/span><\/p>\n<p align=\"justify\"><span style=\"font-family: Arial, sans-serif;\"><span style=\"font-size: medium;\">Pour les applications locales (soins cutan\u00e9s, massages contre les contractures, bain de bouche\u2026)\u00a0: une \u00e0 plusieurs fois par jour en fonction des douleurs.<\/span><\/span><\/p>\n<p align=\"justify\"><span style=\"font-family: Arial, sans-serif;\"><span style=\"font-size: medium;\">L&rsquo;huile de nigelle peut \u00e9galement \u00eatre employ\u00e9e en inhalation.<\/span><\/span><\/p>\n<p align=\"justify\"><span style=\"font-family: Arial, sans-serif;\"><span style=\"font-size: medium;\">Les graines \u00e9cras\u00e9es peuvent \u00eatre utilis\u00e9es en cataplasmes, pour traiter certains probl\u00e8mes de peau. <\/span><\/span><\/p>\n<p align=\"justify\"><span style=\"font-family: Arial, sans-serif;\"><span style=\"font-size: medium;\">Il est aussi possible d&rsquo;int\u00e9grer l\u2019huile \u00e0 ses produits cosm\u00e9tiques.<\/span><\/span><\/p>\n<p align=\"justify\"><span style=\"font-family: Arial, sans-serif;\"><span style=\"font-size: medium;\"><u>Administration orale\u00a0:<\/u><\/span><\/span><\/p>\n<p align=\"justify\"><span style=\"font-family: Arial, sans-serif;\"><span style=\"font-size: medium;\">&#8211; Pour un adulte\u00a0: Prendre une cuill\u00e8re \u00e0 caf\u00e9 \u00e0 jeun le matin chaque jour, pour des cures de trois mois.<\/span><\/span><\/p>\n<p align=\"justify\"><span style=\"font-family: Arial, sans-serif;\"><span style=\"font-size: medium;\">&#8211; Pour un enfant (jusqu\u2019\u00e0 12 ans)\u00a0: Prendre une demi-cuill\u00e8re \u00e0 caf\u00e9 \u00e0 jeun le matin chaque jour suffit.\u00a0<\/span><\/span><\/p>\n<p align=\"justify\"><span style=\"font-family: Arial, sans-serif;\"><span style=\"font-size: medium;\">Il est bon de savoir que la nigelle peut \u00eatre m\u00e9lang\u00e9e \u00e0 du miel, des jus de fruits, du lait, de l&rsquo;eau, de l&rsquo;huile d&rsquo;olive, etc. Par exemple, on pourra consommer un m\u00e9lange d&rsquo;une cuill\u00e8re \u00e0 caf\u00e9 d&rsquo;huile de nigelle avec un yaourt, pour calmer une diarrh\u00e9e.<\/span><\/span><\/p>\n<p align=\"justify\"><strong><span style=\"font-family: Arial, sans-serif;\"><span style=\"font-size: medium;\">CONTRA-INDICA\u00c7\u00d5ES<\/span><\/span><\/strong><\/p>\n<p align=\"justify\"><span style=\"font-family: Arial, sans-serif;\"><span style=\"font-size: medium;\">M\u00eame si cela n\u2019a \u00e9t\u00e9 observ\u00e9 qu\u2019apr\u00e8s administration de doses tr\u00e8s sup\u00e9rieures \u00e0 celles recommand\u00e9es pour un usage m\u00e9dicinal, la prise de Nigelle est contre-indiqu\u00e9e chez la femme enceinte et chez la femme allaitante en usage prolong\u00e9.<\/span><\/span><\/p>\n<p align=\"justify\"><span style=\"font-family: Arial, sans-serif;\"><span style=\"font-size: medium;\">Si ce n\u2019est cela, il n\u2019y a aucun effet ind\u00e9sirable, aucune interaction avec des plantes m\u00e9dicinales ou des compl\u00e9ments ni aucune interaction avec des m\u00e9dicaments. Cependant, il faudra \u00eatre vigilant chez les patients sous anticoagulant.<\/span><\/span><\/p>\n<p align=\"justify\"><span style=\"font-family: Arial, sans-serif;\"><span style=\"font-size: medium;\"><i>Envie d\u2019en savoir plus sur la nigelle\u00a0? Retrouve un article complet sur cette plante miracle dans notre rubrique blog\u00a0!<\/i><\/span><\/span><\/p>\n<p><span style=\"font-family: Arial, sans-serif;\"><span style=\"font-size: medium;\"><u><b>Ingredientes INCI :<\/b><\/u><\/span><\/span><\/p>\n<p><span style=\"color: #00000a;\"><span style=\"font-family: Arial, sans-serif;\"><span style=\"font-size: medium;\">\u00d3leo de cominho preto<\/span><\/span><\/span><\/p>\n<p><span style=\"font-family: Arial, sans-serif;\"><span style=\"font-size: medium;\"><u><b>Origem :<\/b><\/u> \u00c9thiopie<\/span><\/span><\/p>\n<p>Dispon\u00edvel em frascos de 50ml e 100ml.<\/p>\n<p align=\"justify\"><span style=\"font-family: Arial, sans-serif;\"><span style=\"font-size: medium;\">Conditions de conservation : Huile v\u00e9g\u00e9tale sensible \u00e0 l&rsquo;oxydation. A conserver dans un endroit frais (&lt; 20\u00b0C) \u00e0 l&rsquo;abri de l&rsquo;air et de la lumi\u00e8re.<\/span><\/span><\/p>\n<p class=\"western\" align=\"justify\">","protected":false},"excerpt":{"rendered":"<p><span style=\"font-family: Arial, sans-serif;\"><span style=\"font-size: medium;\">C\u2019est avec une grande fiert\u00e9 que nous vous pr\u00e9sentons ce produit d\u2019exception\u00a0: l\u2019huile de nigelle \u00ab\u00a0Abyssinia\u00a0\u00bb d\u2019Ethiopie. Cette huile regorge de bienfaits, au niveau interne, mais \u00e9galement en externe.<\/span><\/span><\/p>\n<p align=\"justify\"><span style=\"font-family: Arial, sans-serif;\"><span style=\"font-size: medium;\">Comment aurions nous pu en effet passer \u00e0 c\u00f4t\u00e9 de ce produit aux 1001 vertus\u00a0? Il \u00e9tait inconcevable, d\u00e8s la conception du site de ne pas vous proposer des produits \u00e0 la nigelle et qui plus est, \u00e0 la nigelle d\u2019Ethiopie. D\u2019ailleurs nous en avons fait une gamme compl\u00e8te de produits appel\u00e9e <i>Abiss\u00ednia<\/i> (l\u2019ancien nom de l\u2019Ethiopie en anglais).<\/span><\/span><\/p>\n<p align=\"justify\"><span style=\"font-family: Arial, sans-serif;\"><span style=\"font-size: medium;\">La graine de nigelle d\u2019Ethiopie, ou \u00ab\u00a0Habbachiya\u00a0\u00bb en arabe, est tout simplement la meilleure graine de nigelle au monde et par cons\u00e9quent son huile aussi.<\/span><\/span><\/p>\n<p align=\"justify\"><span style=\"font-family: Arial, sans-serif;\"><span style=\"font-size: medium;\">Cette huile est destin\u00e9e \u00e0 un usage cosm\u00e9tique et alimentaire.<br \/>\n<\/span><\/span><\/p>","protected":false},"featured_media":5276,"template":"","meta":[],"product_brand":[],"product_cat":[26,28],"product_tag":[],"class_list":{"0":"post-3084","1":"product","2":"type-product","3":"status-publish","4":"has-post-thumbnail","6":"product_cat-nigelle","7":"product_cat-medecine-sante","9":"first","10":"instock","11":"shipping-taxable","12":"purchasable","13":"product-type-variable"},"_links":{"self":[{"href":"https:\/\/1001vertus.com\/pt\/wp-json\/wp\/v2\/product\/3084","targetHints":{"allow":["GET"]}}],"collection":[{"href":"https:\/\/1001vertus.com\/pt\/wp-json\/wp\/v2\/product"}],"about":[{"href":"https:\/\/1001vertus.com\/pt\/wp-json\/wp\/v2\/types\/product"}],"wp:featuredmedia":[{"embeddable":true,"href":"https:\/\/1001vertus.com\/pt\/wp-json\/wp\/v2\/media\/5276"}],"wp:attachment":[{"href":"https:\/\/1001vertus.com\/pt\/wp-json\/wp\/v2\/media?parent=3084"}],"wp:term":[{"taxonomy":"product_brand","embeddable":true,"href":"https:\/\/1001vertus.com\/pt\/wp-json\/wp\/v2\/product_brand?post=3084"},{"taxonomy":"product_cat","embeddable":true,"href":"https:\/\/1001vertus.com\/pt\/wp-json\/wp\/v2\/product_cat?post=3084"},{"taxonomy":"product_tag","embeddable":true,"href":"https:\/\/1001vertus.com\/pt\/wp-json\/wp\/v2\/product_tag?post=3084"}],"curies":[{"name":"wp","href":"https:\/\/api.w.org\/{rel}","templated":true}]}}