{"id":2633,"date":"2020-04-01T01:10:26","date_gmt":"2020-04-01T00:10:26","guid":{"rendered":"https:\/\/1001vertus.com\/?post_type=product&#038;p=2633"},"modified":"2024-01-24T09:33:28","modified_gmt":"2024-01-24T08:33:28","slug":"propolis-em-po-1001-virtudes","status":"publish","type":"product","link":"https:\/\/1001vertus.com\/pt\/produit\/propolis-en-poudre-1001-vertus\/","title":{"rendered":"Pr\u00f3polis em p\u00f3 - 1001 virtudes"},"content":{"rendered":"<p>La propolis est fabriqu\u00e9e par les abeilles \u00e0 partir de leurs s\u00e9cr\u00e9tions et de substances d&rsquo;origines r\u00e9sineuses, balsamiques et gommeuses, pr\u00e9lev\u00e9es sur les arbres et les plantes.<br \/>\nLes vertus anti-infectieuses de la propolis et les bienfaits de son action d\u00e9sinfectante ont \u00e9t\u00e9 prouv\u00e9s, au cours des si\u00e8cles. Ses propri\u00e9t\u00e9s antibiotiques, particuli\u00e8rement efficaces contre des microbes de plus en plus puissants, en font un alli\u00e9 de poids dans la lutte contre toutes les infections et maladies \u00e0 transmission virale, telles que le rhume, la grippe, les maux de gorge, la bronchite ou l&rsquo;angine. Ses pouvoirs anti-inflammatoires et antidouleur soulagent les patients souffrant de toux chronique, de laryngites, de rhinites et d&rsquo;otites. Son action antifongique favorise l&rsquo;\u00e9limination des germes et des champignons.<\/p>\n<h3>La propolis \u00e0 travers les temps :<\/h3>\n<p>Connue depuis plus de 3 000 ans, la propolis \u00e9tait fr\u00e9quemment utilis\u00e9e par les \u00c9gyptiens pour la pr\u00e9paration des onguents et pour momifier les morts.<br \/>\nSelon Aristote et Pline l&rsquo;Ancien, les autres civilisations antiques, comme les Grecs et les Romains, l&rsquo;appr\u00e9ciaient pour ses capacit\u00e9s antiseptiques et cicatrisantes. La propolis pure faisait ainsi partie de la pharmacie des l\u00e9gionnaires en campagne.<br \/>\nAu Moyen Age, elle contribuait encore \u00e0 la gu\u00e9rison des blessures par fl\u00e8che.<br \/>\nMalgr\u00e9 quelques utilisations marginales, notamment lors de la guerre des Boers en 1902, elle se voit peu \u00e0 peu remplac\u00e9e, au cours des deux derniers si\u00e8cles, par les m\u00e9dicaments traditionnels. Pourtant, la propolis conserve toutes ses propri\u00e9t\u00e9s pour apaiser les affections respiratoires et stimuler le syst\u00e8me immunitaire.<\/p>\n<p>&nbsp;<\/p>\n<h3>As virtudes da pr\u00f3polis :<\/h3>\n<ul>\n<li>Am\u00e9liore les d\u00e9fenses de l&rsquo;organisme contre les infections bact\u00e9riennes, fongiques et virales, gr\u00e2ce \u00e0 une stimulation du syst\u00e8me immunitaire et \u00e0 ses propri\u00e9t\u00e9s antibiotiques.<\/li>\n<li>Traite les affections de l&rsquo;appareil respiratoire et de la sph\u00e8re ORL par ses effets anti-inflammatoire, antitussif et anesth\u00e9sique.<\/li>\n<li>Efficace contre les maladies des voies respiratoires ou ORL d&rsquo;origine bact\u00e9rienne, atteintes virales ou inflammatoires (maux de gorge, rhumes, toux, pharyngites, sinusites, laryngites, angines, otites, rhinites), extinction de voix, cicatrisation des plaies.<\/li>\n<li>Am\u00e9liore l&rsquo; hygi\u00e8ne bucco-dentaire (pr\u00e9vention des caries et des aphtes) et diminue les douleurs associ\u00e9es aux parodontites et aux gingivites.<\/li>\n<li>R\u00e9duit le risque de r\u00e9cidive de l&rsquo;herp\u00e8s labial et g\u00e9nital.<\/li>\n<li>Antispasmodique, efficace contre l&rsquo;acidit\u00e9 gastrique et les inflammations de l&rsquo;intestin ou du colon, tout en r\u00e9g\u00e9n\u00e9rant la flore.<\/li>\n<li>Alivia as dores musculares e reum\u00e1ticas.<\/li>\n<li>Pr\u00e9vient et gu\u00e9rit les mycoses vaginales, m\u00eame r\u00e9cidivantes.<\/li>\n<\/ul>\n<h4>Utiliza\u00e7\u00e3o externa :<\/h4>\n<ul>\n<li>Antiseptique et d\u00e9sinfectant :<\/li>\n<li>Sur les plaies et blessures : action nettoyante et r\u00e9paratrice, effet stimulant sur la r\u00e9g\u00e9n\u00e9ration et la croissance des tissus.<\/li>\n<li>Contre les affections de la peau : verrues, mycoses et pied d&rsquo;athl\u00e8te.<\/li>\n<li>Calme et cicatrise les br\u00fblures et les coups de soleil.<\/li>\n<\/ul>\n<p>&nbsp;<\/p>\n<h3>Contra-indica\u00e7\u00f5es:<\/h3>\n<p>Assez similaire \u00e0 un compl\u00e9ment alimentaire, la propolis pr\u00e9sente l&rsquo;avantage de n&rsquo;avoir aucun seuil de toxicit\u00e9. Cependant, elle est \u00e0 \u00e9viter en cas d&rsquo; allergie reconnue aux diff\u00e9rents produits de la ruche.<br \/>\nLes effets ind\u00e9sirables sont peu nombreux, sans gravit\u00e9 et r\u00e9versibles, les effets ind\u00e9sirables sont g\u00e9n\u00e9ralement li\u00e9s \u00e0 des r\u00e9actions allergiques aux produits apicoles.<br \/>\nUn risque d&rsquo;allergie crois\u00e9e semble exister avec le baume du tigre et le baume du P\u00e9rou ainsi qu&rsquo;avec des pr\u00e9parations \u00e0 base de peuplier baumier.<br \/>\nSelon le principe de pr\u00e9caution, il convient donc de ne pas donner de propolis aux femmes enceintes et aux enfants de moins de 3 ans.<\/p>\n<h3>Modo de utiliza\u00e7\u00e3o :<\/h3>\n<p>Prendre environ 2 grammes de poudre par jour, pendant 2 \u00e0 4 semaines.<\/p>\n<p>La propolis se m\u00e9lange bien avec le miel. D\u2019ailleurs, la m\u00e9lang\u00e9 \u00e0 du miel augmente les effets de la propolis. Pour une assimilation plus facile, m\u00e9langer 10 grammes de propolis \u00e0 250g de miel.<\/p>\n<p>Ne pas prendre en continue mais privil\u00e9gier des cures ponctuelles, de trois semaines.<\/p>\n<p>Le traitement \u00e0 chaud de la propolis n\u2019est pas tr\u00e8s recommand\u00e9. Elle d\u00e9truit certains principes actifs de cette substance naturelle. Il est toujours pr\u00e9f\u00e9rable de consommer cette substance \u00e0 froid ou dans les pr\u00e9parations froides.<\/p>\n<h2 class=\"western\"><span style=\"font-size: medium;\"><u>Peso :<\/u> 20g<\/span><\/h2>\n<p>Composi\u00e7\u00e3o: p\u00f3 de pr\u00f3polis, p\u00f3 de alfarroba<\/p>","protected":false},"excerpt":{"rendered":"<p>La propolis est une mati\u00e8re v\u00e9g\u00e9tale produite par les abeilles pour garantir l&rsquo;asepsie de leur ruche. Elle est r\u00e9put\u00e9e depuis l&rsquo;Antiquit\u00e9 pour ses effets b\u00e9n\u00e9fiques dans le <strong>traitement et la pr\u00e9vention des affections respiratoires<\/strong>. Excellent immunostimulant, elle se r\u00e9v\u00e8le un<strong> antibiotique et un cicatrisant tr\u00e8s actifs.<\/strong><\/p>\n<p>D\u00e9couvrez, ou red\u00e9couvrez, ce produit naturel aux 1001 vertus\u00a0!<\/p>","protected":false},"featured_media":2635,"template":"","meta":[],"product_brand":[],"product_cat":[28,25],"product_tag":[],"class_list":{"0":"post-2633","1":"product","2":"type-product","3":"status-publish","4":"has-post-thumbnail","6":"product_cat-medecine-sante","7":"product_cat-miels","9":"first","10":"instock","11":"shipping-taxable","12":"purchasable","13":"product-type-simple"},"_links":{"self":[{"href":"https:\/\/1001vertus.com\/pt\/wp-json\/wp\/v2\/product\/2633","targetHints":{"allow":["GET"]}}],"collection":[{"href":"https:\/\/1001vertus.com\/pt\/wp-json\/wp\/v2\/product"}],"about":[{"href":"https:\/\/1001vertus.com\/pt\/wp-json\/wp\/v2\/types\/product"}],"wp:featuredmedia":[{"embeddable":true,"href":"https:\/\/1001vertus.com\/pt\/wp-json\/wp\/v2\/media\/2635"}],"wp:attachment":[{"href":"https:\/\/1001vertus.com\/pt\/wp-json\/wp\/v2\/media?parent=2633"}],"wp:term":[{"taxonomy":"product_brand","embeddable":true,"href":"https:\/\/1001vertus.com\/pt\/wp-json\/wp\/v2\/product_brand?post=2633"},{"taxonomy":"product_cat","embeddable":true,"href":"https:\/\/1001vertus.com\/pt\/wp-json\/wp\/v2\/product_cat?post=2633"},{"taxonomy":"product_tag","embeddable":true,"href":"https:\/\/1001vertus.com\/pt\/wp-json\/wp\/v2\/product_tag?post=2633"}],"curies":[{"name":"wp","href":"https:\/\/api.w.org\/{rel}","templated":true}]}}