{"id":2610,"date":"2020-03-28T16:43:33","date_gmt":"2020-03-28T15:43:33","guid":{"rendered":"https:\/\/1001vertus.com\/?post_type=product&#038;p=2610"},"modified":"2026-04-26T18:36:52","modified_gmt":"2026-04-26T17:36:52","slug":"po-de-costela-da-india","status":"publish","type":"product","link":"https:\/\/1001vertus.com\/pt\/produit\/costus-indien-en-poudre\/","title":{"rendered":"P\u00f3 de costela da \u00cdndia"},"content":{"rendered":"<p>Le costus indien en poudre est une des bases de la m\u00e9decine proph\u00e9tique musulmane, \u00e9tant <a href=\"https:\/\/www.ma-boutique-musulmane.com\/46-librairie-musulmane\" target=\"_blank\" rel=\"noopener\"><strong>pr\u00e9sente dans plusieurs r\u00e9cits proph\u00e9tiques<\/strong><\/a>. On retrouve \u00e9galement son utilisation dans la m\u00e9decine traditionnelle chinoise et ayurv\u00e9dique. Utilis\u00e9e sous diff\u00e9rente forme, sa d\u00e9mocratisation lui a permis de trouver place dans de nombreux produits cosm\u00e9tiques.<\/p>\n<h2><strong>Benef\u00edcios do p\u00f3 de costus indiano<\/strong><\/h2>\n<p>Les bienfaits du costus indien sont tr\u00e8s nombreux, il permet de\u00a0:<\/p>\n<ul>\n<li>Combattre les fortes migraines (pleur\u00e9sie)<\/li>\n<li>Se d\u00e9barrasser des troubles gastriques<\/li>\n<li>Agir directement sur le syst\u00e8me respiratoire, efficace en cas d\u2019hypotension<\/li>\n<li>Lutter contre les probl\u00e8mes d\u2019asthme et les probl\u00e8mes pulmonaires<\/li>\n<li>R\u00e9gler les probl\u00e8mes li\u00e9s aux ovaires et aux menstrues<\/li>\n<li>Soulager les abc\u00e8s et les douleurs dentaires<\/li>\n<li>Lutar contra as constipa\u00e7\u00f5es<\/li>\n<li>A\u00e7\u00e3o para travar a inflama\u00e7\u00e3o da faringe<\/li>\n<li>Agir contre toutes les douleurs abdominales et les probl\u00e8mes de distension abdominale<\/li>\n<li>A\u00e7\u00e3o eficaz no f\u00edgado<\/li>\n<li>Pour effacer les douleurs de la v\u00e9sicule biliaire<\/li>\n<li>Aliviar as preocupa\u00e7\u00f5es com a obstipa\u00e7\u00e3o para regressar a uma rotina di\u00e1ria normal.<\/li>\n<li>Probl\u00e8mes li\u00e9s \u00e0 l\u2019impuissance sexuelle<\/li>\n<li>D\u00e9truire les vers intestinaux (vermifuge)<\/li>\n<li>Al\u00edvio do reumatismo<\/li>\n<li>Soulager les maladies de la peau (Ecz\u00e9ma, psoriasis\u2026.)<\/li>\n<li>Stimuler le pancr\u00e9as<\/li>\n<li>Diminuer directement le taux de glyc\u00e9mie dans le sang\u00a0: un grand point fort pour les diab\u00e9tiques<\/li>\n<\/ul>\n<h3><strong>Comment consommer le costus indien en poudre\u00a0?<\/strong><\/h3>\n<p>Le costus, lorsqu\u2019il est en poudre, peut \u00eatre consomm\u00e9 de diff\u00e9rentes fa\u00e7ons. Il se consomme en poudre et en huile de mani\u00e8re g\u00e9n\u00e9rale. Mais il peut aussi \u00eatre appliqu\u00e9 localement (en compresse par exemple), vaporiser (action sur les voies orales et nasales) ou encore inhaler.<\/p>\n<p>Il peut \u00eatre\u00a0:<\/p>\n<ul>\n<li>Appliqu\u00e9 localement en compresse<\/li>\n<li>Ing\u00e9r\u00e9<\/li>\n<li>Instiller le costus en m\u00e9lange avec d\u2019autres ingr\u00e9dients (goutte \u00e0 goutte)<\/li>\n<li>Pulverizado para a\u00e7\u00e3o oral e nasal<\/li>\n<li>Par inhalation nasale (conform\u00e9ment au hadith)<\/li>\n<\/ul>\n<p>Pour appliquer localement le costus indien, il convient de le m\u00e9langer \u00e0 un autre aliment. Vous pouvez par exemple m\u00e9langer ce produit \u00e0 un de nos miels pour en multiplier les vertus et \u00e9tendre son champ d\u2019action.<\/p>\n<p>Para consumir este produto por ingest\u00e3o, <a href=\"https:\/\/1001vertus.com\/pt\/product-category\/meis\/\"><strong>m\u00e9langez le \u00e0 du miel<\/strong><\/a>, si possible en fonction des propri\u00e9t\u00e9s de celui-ci. Vous combinerez alors les vertus du costus et du miel choisit.<\/p>\n<p>Pour instiller le costus marin en poudre, il faut aussi le m\u00e9langer \u00e0 un autre ingr\u00e9dient. Nous vous conseillons pour cela l\u2019utilisation de l\u2019huile d\u2019olive vierge ou extra vierge ou celle de nigelle.<\/p>\n<h3><strong>Pr\u00e9cautions avant utilisation<\/strong><\/h3>\n<p>Avant votre premi\u00e8re utilisation, v\u00e9rifiez que vous n\u2019\u00eates pas allergique au costus. Pour cela, d\u00e9posez le sur un coin de votre peau. Ne consommez pas ce produit sans \u00eatre certains que vous n\u2019en \u00eates pas allergiques.<br \/>\nNous d\u00e9conseillons l\u2019utilisation de ce produit pour les femmes enceintes, celles qui allaitent, mais aussi pour les tr\u00e8s jeunes enfants. Ceci \u00e9tant par simple mesure de pr\u00e9caution et \u00e9viter les effets secondaires qui pourraient ne pas \u00eatre connus \u00e0 l\u2019heure actuelle.<\/p>\n<p><u><strong>Peso :<\/strong><\/u>\u00a0disponible en pot en verre de 20g ou sachet kraft \u00e0 zip de 50g<\/p>","protected":false},"excerpt":{"rendered":"<p>Le costus indien est originaire d\u2019Asie et du Moyen-Orient. Dans son \u00e9tat initial, le costus ressemble \u00e0 une racine s\u00e8che de couleur marron. C\u2019est un m\u00e9dicament naturel couramment utilis\u00e9 dans ces r\u00e9gions du monde pour ses vertus th\u00e9rapeutiques tr\u00e8s nombreuses.<\/p>\n<p>Il permet entre autre de calmer les fortes migraines, mais aussi les soucis li\u00e9es aux menstrues, d\u2019agir sur la voie buccale, la sph\u00e8re respiratoire et le syst\u00e8me digestif&#8230;<\/p>","protected":false},"featured_media":2612,"template":"","meta":[],"product_brand":[],"product_cat":[28,27,96],"product_tag":[],"class_list":{"0":"post-2610","1":"product","2":"type-product","3":"status-publish","4":"has-post-thumbnail","6":"product_cat-medecine-sante","7":"product_cat-bien-etre","8":"product_cat-roqya-chariya","10":"first","11":"instock","12":"shipping-taxable","13":"purchasable","14":"product-type-variable"},"_links":{"self":[{"href":"https:\/\/1001vertus.com\/pt\/wp-json\/wp\/v2\/product\/2610","targetHints":{"allow":["GET"]}}],"collection":[{"href":"https:\/\/1001vertus.com\/pt\/wp-json\/wp\/v2\/product"}],"about":[{"href":"https:\/\/1001vertus.com\/pt\/wp-json\/wp\/v2\/types\/product"}],"wp:featuredmedia":[{"embeddable":true,"href":"https:\/\/1001vertus.com\/pt\/wp-json\/wp\/v2\/media\/2612"}],"wp:attachment":[{"href":"https:\/\/1001vertus.com\/pt\/wp-json\/wp\/v2\/media?parent=2610"}],"wp:term":[{"taxonomy":"product_brand","embeddable":true,"href":"https:\/\/1001vertus.com\/pt\/wp-json\/wp\/v2\/product_brand?post=2610"},{"taxonomy":"product_cat","embeddable":true,"href":"https:\/\/1001vertus.com\/pt\/wp-json\/wp\/v2\/product_cat?post=2610"},{"taxonomy":"product_tag","embeddable":true,"href":"https:\/\/1001vertus.com\/pt\/wp-json\/wp\/v2\/product_tag?post=2610"}],"curies":[{"name":"wp","href":"https:\/\/api.w.org\/{rel}","templated":true}]}}