{"id":2436,"date":"2020-02-27T17:40:36","date_gmt":"2020-02-27T16:40:36","guid":{"rendered":"https:\/\/1001vertus.com\/?post_type=product&#038;p=2436"},"modified":"2023-02-20T14:04:57","modified_gmt":"2023-02-20T13:04:57","slug":"iemen-sidr-maliky-mel-de-jujuba-real-2","status":"publish","type":"product","link":"https:\/\/1001vertus.com\/pt\/produit\/miel-de-jujubier-royal-du-yemen-sidr-maliky-2\/","title":{"rendered":"Mel de jujuba real do I\u00e9men (sidr maliky)"},"content":{"rendered":"<p class=\"western\"><span style=\"color: #333333;\"><span style=\"font-family: Arial, sans-serif;\">O mel de jujuba real (sidr maliky) \u00e9 produzido a partir de jujuba, uma \u00e1rvore selvagem que cresce na regi\u00e3o de Daw'an (Hadramawt), no I\u00e9men, e que \u00e9 conhecida pelas suas propriedades medicinais h\u00e1 milhares de anos. Esta \u00e1rvore cresce em terrenos selvagens e n\u00e3o cultivados, t\u00edpicos das regi\u00f5es des\u00e9rticas do I\u00e9men. O nome \"real\" deriva da sua qualidade, pois existem v\u00e1rios tipos de mel de qualidade.<\/span><\/span><\/p>\n<p class=\"western\"><span style=\"color: #333333;\"><span style=\"font-family: Arial, sans-serif;\">E uma das raz\u00f5es pelas quais o \"ouro do I\u00e9men\" \u00e9 um produto t\u00e3o excecional \u00e9 o facto de os apicultores terem os seus pr\u00f3prios m\u00e9todos de manuten\u00e7\u00e3o das colmeias e de extra\u00e7\u00e3o do mel. N\u00e3o se trata de recorrer a xarope de a\u00e7\u00facar ou a medicamentos e produtos qu\u00edmicos - isso seria um sacril\u00e9gio.<br \/>\nPara colher o mel de jujuba, os apicultores iemenitas n\u00e3o utilizam m\u00e1quinas ou ferramentas especiais, mas apenas as m\u00e3os. Al\u00e9m disso, os ninhos de abelhas s\u00e3o muitas vezes de dif\u00edcil acesso, o que limita a colheita e, consequentemente, aumenta o custo deste mel, tornando-o um dos mais caros do mundo.<\/span><\/span><\/p>\n<p class=\"western\"><span style=\"color: #333333;\"><span style=\"font-family: Arial, sans-serif;\">De acordo com o <\/span><\/span><em><span style=\"color: #333333;\"><span style=\"font-family: Arial, sans-serif;\">Organiza\u00e7\u00e3o das Na\u00e7\u00f5es Unidas para a Alimenta\u00e7\u00e3o e a Agricultura<\/span><\/span><\/em><span style=\"color: #333333;\"><span style=\"font-family: Arial, sans-serif;\"> (FAO), o mel de jujuba do I\u00e9men \u00e9 cem vezes mais caro do que outros tipos de mel no mercado mundial, principalmente devido \u00e0s suas propriedades medicinais e nutricionais. <\/span><\/span><\/p>\n<p class=\"western\"><span style=\"font-family: Arial, sans-serif;\">Este mel \u00e9 \u00fanico pelo facto de n\u00e3o cristalizar, permanecendo l\u00edquido mesmo quando est\u00e1 frio.<\/span><\/p>\n<p class=\"western\"><span style=\"color: #333333;\"><span style=\"font-family: Arial, sans-serif;\">Excelente para infec\u00e7\u00f5es respirat\u00f3rias, tosse e dores de garganta. O mel de jujuba real \u00e9 tamb\u00e9m frequentemente utilizado em muitos rem\u00e9dios e contra uma grande variedade de doen\u00e7as:<\/span><\/span><\/p>\n<ul>\n<li>\n<p class=\"western\"><span style=\"font-family: Arial, sans-serif;\">infec\u00e7\u00f5es respirat\u00f3rias,<\/span><\/p>\n<\/li>\n<li>\n<p class=\"western\"><span style=\"font-family: Arial, sans-serif;\">Dores de garganta,<\/span><\/p>\n<\/li>\n<li>\n<p class=\"western\"><span style=\"font-family: Arial, sans-serif;\">tosse,<\/span><\/p>\n<\/li>\n<li>\n<p class=\"western\"><span style=\"font-family: Arial, sans-serif;\">sinusite,<\/span><\/p>\n<\/li>\n<li>\n<p class=\"western\"><span style=\"font-family: Arial, sans-serif;\">angina,<\/span><\/p>\n<\/li>\n<li>\n<p class=\"western\"><span style=\"font-family: Arial, sans-serif;\">problemas digestivos ou intestinais,<\/span><\/p>\n<\/li>\n<li>\n<p class=\"western\"><span style=\"font-family: Arial, sans-serif;\">um sistema imunit\u00e1rio fraco,<\/span><\/p>\n<\/li>\n<li>\n<p class=\"western\"><span style=\"font-family: Arial, sans-serif;\">infec\u00e7\u00f5es,<\/span><\/p>\n<\/li>\n<li>\n<p class=\"western\"><span style=\"font-family: Arial, sans-serif;\">infertilidade,<\/span><\/p>\n<\/li>\n<li>\n<p class=\"western\"><span style=\"font-family: Arial, sans-serif;\">staphylococcus aureus.<\/span><\/p>\n<\/li>\n<\/ul>\n<p class=\"western\"><span style=\"font-family: Arial, sans-serif;\">E aplicado topicamente para :<\/span><\/p>\n<ul>\n<li>\n<p class=\"western\"><span style=\"font-family: Arial, sans-serif;\">certas doen\u00e7as infecciosas dos olhos,<\/span><\/p>\n<\/li>\n<li>\n<p class=\"western\"><span style=\"font-family: Arial, sans-serif;\">cortes,<\/span><\/p>\n<\/li>\n<li>\n<p class=\"western\"><span style=\"font-family: Arial, sans-serif;\">queimaduras,<\/span><\/p>\n<\/li>\n<li>\n<p class=\"western\"><span style=\"font-family: Arial, sans-serif;\">acne,<\/span><\/p>\n<\/li>\n<li>\n<p class=\"western\"><span style=\"font-family: Arial, sans-serif;\">eczema,<\/span><\/p>\n<\/li>\n<li>\n<p class=\"western\"><span style=\"font-family: Arial, sans-serif;\">psor\u00edase.<\/span><\/p>\n<\/li>\n<\/ul>\n<p class=\"western\"><span style=\"color: #333333;\"><span style=\"font-family: Arial, sans-serif;\">De um modo geral, o mel do I\u00e9men \u00e9 melhor consumido sozinho, de manh\u00e3, com o est\u00f4mago vazio. <\/span><\/span><\/p>\n<p class=\"western\"><strong><span style=\"color: #333333;\"><span style=\"font-family: Arial, sans-serif;\">Descubra ou redescubra este mel real que muitos dizem ser o melhor mel do mundo.<\/span><\/span><\/strong><\/p>\n<p class=\"western\"><span style=\"font-family: Arial, sans-serif;\">\u00c9 naturalmente acondicionado num frasco de vidro para uma melhor conserva\u00e7\u00e3o.<\/span><\/p>\n<p class=\"western\"><span style=\"font-family: Arial, sans-serif;\"><i>Dispon\u00edvel em frascos de 125g e 250g.<\/i><\/span><\/p>\n<p>&nbsp;<\/p>\n<p><strong><u><b>Aten\u00e7\u00e3o:<\/b><\/u><\/strong> Recordamos que \u00e9 proibido dar mel a beb\u00e9s. Para saber mais, leia <a href=\"https:\/\/1001vertus.com\/pt\/mel-proibido-para-lactentes\/\">este artigo<\/a>.<\/p>","protected":false},"excerpt":{"rendered":"<p class=\"western\"><span style=\"font-family: Arial, sans-serif;\"><span style=\"color: #333333;\">Descubra uma das j\u00f3ias do I\u00e9men, o famoso mel de jujuba de qualidade real, conhecido como \"mel\".\u00a0<\/span><span style=\"color: #333333;\"><i>sidr maliky<\/i><\/span><span style=\"color: #333333;\">\u00a0\"\u00c9 considerado um dos melhores m\u00e9is do mundo. <\/span><\/span><\/p>\n<p class=\"western\"><span style=\"font-family: Arial, sans-serif;\"><span style=\"color: #333333;\">\u00c9 feito de jujuba, uma \u00e1rvore selvagem que cresce na regi\u00e3o do I\u00e9men. <\/span><span style=\"color: #333333;\"><i>Daw'an (Hadramawt)<\/i><\/span><span style=\"color: #333333;\"> e reconhecida h\u00e1 milhares de anos pelas suas propriedades medicinais. Esta \u00e1rvore cresce em terrenos selvagens e n\u00e3o cultivados, t\u00edpicos das regi\u00f5es des\u00e9rticas do I\u00e9men. <\/span><\/span><\/p>\n<p class=\"western\"><span style=\"color: #333333;\"><span style=\"font-family: Arial, sans-serif;\">O mel de jujuba real \u00e9 igualmente conhecido pelo seu sabor incompar\u00e1vel e pelos seus efeitos afrodis\u00edacos. \u00c9 muito suave e agrad\u00e1vel ao paladar. A sua cor \u00e9 bastante clara.<\/span><\/span><\/p>","protected":false},"featured_media":2444,"template":"","meta":[],"product_brand":[],"product_cat":[25,29,28],"product_tag":[],"class_list":{"0":"post-2436","1":"product","2":"type-product","3":"status-publish","4":"has-post-thumbnail","6":"product_cat-miels","7":"product_cat-alimentation","8":"product_cat-medecine-sante","10":"first","11":"instock","12":"shipping-taxable","13":"purchasable","14":"product-type-variable"},"_links":{"self":[{"href":"https:\/\/1001vertus.com\/pt\/wp-json\/wp\/v2\/product\/2436","targetHints":{"allow":["GET"]}}],"collection":[{"href":"https:\/\/1001vertus.com\/pt\/wp-json\/wp\/v2\/product"}],"about":[{"href":"https:\/\/1001vertus.com\/pt\/wp-json\/wp\/v2\/types\/product"}],"wp:featuredmedia":[{"embeddable":true,"href":"https:\/\/1001vertus.com\/pt\/wp-json\/wp\/v2\/media\/2444"}],"wp:attachment":[{"href":"https:\/\/1001vertus.com\/pt\/wp-json\/wp\/v2\/media?parent=2436"}],"wp:term":[{"taxonomy":"product_brand","embeddable":true,"href":"https:\/\/1001vertus.com\/pt\/wp-json\/wp\/v2\/product_brand?post=2436"},{"taxonomy":"product_cat","embeddable":true,"href":"https:\/\/1001vertus.com\/pt\/wp-json\/wp\/v2\/product_cat?post=2436"},{"taxonomy":"product_tag","embeddable":true,"href":"https:\/\/1001vertus.com\/pt\/wp-json\/wp\/v2\/product_tag?post=2436"}],"curies":[{"name":"wp","href":"https:\/\/api.w.org\/{rel}","templated":true}]}}