{"id":2204,"date":"2019-12-23T22:18:11","date_gmt":"2019-12-23T21:18:11","guid":{"rendered":"https:\/\/1001vertus.com\/?post_type=product&#038;p=2204"},"modified":"2026-04-10T15:58:23","modified_gmt":"2026-04-10T14:58:23","slug":"leite-de-camelo-em-po-1001-vertus-2","status":"publish","type":"product","link":"https:\/\/1001vertus.com\/pt\/produit\/lait-de-chamelle-en-poudre-1001-vertus-2\/","title":{"rendered":"Lait de chamelle en poudre &#8211; Cameliane"},"content":{"rendered":"<p>Consumido h\u00e1 milhares de anos no M\u00e9dio Oriente, em \u00c1frica e na \u00c1sia, as qualidades extraordin\u00e1rias do leite de camelo permitiram a muitas tribos sobreviver durante v\u00e1rias semanas em condi\u00e7\u00f5es extremas. Foi declarado um \"superalimento\" pela FAO (<em>Administra\u00e7\u00e3o de Alimentos e Agricultura<\/em>Organiza\u00e7\u00e3o das Na\u00e7\u00f5es Unidas para a Alimenta\u00e7\u00e3o e a Agricultura).<\/p>\n<p>Diz-se que o leite de camelo \u00e9 o que tem a composi\u00e7\u00e3o mais pr\u00f3xima do leite materno e que satisfaz perfeitamente as necessidades nutricionais humanas.<\/p>\n<p>Al\u00e9m disso, de acordo com um <em>Grupo Mundial de Alergia<\/em>Os investigadores provaram que o leite de camelo \u00e9 o segundo leite menos alerg\u00e9nico a seguir ao leite humano!<\/p>\n<p>O leite de camelo Cameliane tem uma textura cremosa e um sabor delicioso que \u00e9 preservado por liofiliza\u00e7\u00e3o.<\/p>\n<h2>UMA CURA COM LEITE DE CAMELO? SIM, MAS PORQU\u00ca?<\/h2>\n<p>Esta embalagem de 100g \u00e9 ideal para um tratamento de 10 dias (10g por dia), permitindo-lhe :<\/p>\n<ul>\n<li>reequilibrar o seu corpo em profundidade<\/li>\n<li>regenera todo o seu sistema digestivo<\/li>\n<li>estimular e refor\u00e7ar o seu sistema imunit\u00e1rio<\/li>\n<\/ul>\n<p>Esta cura pode ser de diferentes tipos:<\/p>\n<ul>\n<li><strong>tratamento de manuten\u00e7\u00e3o<\/strong>&nbsp;que pode ser renovado em cada mudan\u00e7a de esta\u00e7\u00e3o:<\/li>\n<li><strong>cura ocasional&nbsp;<\/strong>durante um per\u00edodo dif\u00edcil: tratamento com antibi\u00f3ticos, vacinas, excesso de trabalho, quimioterapia, desporto intenso, convalescen\u00e7a, alergias sazonais, etc.<\/li>\n<li><strong>cura prolongada<\/strong> para apoiar uma terapia espec\u00edfica: diabetes, cancro, doen\u00e7a de Crohn, autismo, alergia ao leite de vaca, esclerose m\u00faltipla, etc.<\/li>\n<\/ul>\n<h2>OS BENEF\u00cdCIOS DO LEITE DE CAMELO<\/h2>\n<p>Considera-se que :<\/p>\n<ul>\n<li><u><strong>para pessoas com alergias ou intoler\u00e2ncias \u00e0 lactose,<\/strong><\/u><\/li>\n<\/ul>\n<p>As pessoas com alergias e\/ou intoler\u00e2ncia \u00e0 lactose tamb\u00e9m encontrar\u00e3o no leite de camelo uma alternativa bem-vinda, uma vez que n\u00e3o \u00e9 alerg\u00e9nico e, por conseguinte, \u00e9 eficaz no al\u00edvio da sua sensibilidade.<\/p>\n<ul>\n<li><u><strong>para refor\u00e7ar o sistema imunit\u00e1rio,<\/strong><\/u><\/li>\n<\/ul>\n<p>Ap\u00f3s uma doen\u00e7a prolongada, ou como medida preventiva, a a\u00e7\u00e3o combinada de prote\u00ednas antimicrobianas e antivirais (lactoferrina, lisozima e imunoglobulinas) e de vitamina C ajuda a combater as invas\u00f5es microbianas do organismo e a refor\u00e7ar e estimular o sistema imunit\u00e1rio.<\/p>\n<p>Visa tr\u00eas ac\u00e7\u00f5es: revitaliza, aumenta a resist\u00eancia e ativa naturalmente o sistema de defesa imunit\u00e1ria.<\/p>\n<p>A investiga\u00e7\u00e3o cient\u00edfica demonstrou que este leite pode ajudar as pessoas que sofrem das chamadas doen\u00e7as auto-imunes, como a esclerose m\u00faltipla.<\/p>\n<ul>\n<li><u><strong>para combater os problemas digestivos,<\/strong><\/u><\/li>\n<\/ul>\n<p>Com baixo teor de lactose, o leite de camelo \u00e9 muito f\u00e1cil de digerir.<\/p>\n<p>As pessoas com intestinos fracos ou com dificuldades de digest\u00e3o podem optar pelo leite de camelo, uma vez que \u00e9 muito rico em probi\u00f3ticos, que s\u00e3o essenciais para uma digest\u00e3o saud\u00e1vel.<\/p>\n<p>Os nutrientes presentes no leite de camelo tamb\u00e9m ajudam a melhorar a digest\u00e3o como um todo.<\/p>\n<ul>\n<li><u><strong>para ser rico em c\u00e1lcio,<\/strong><\/u><\/li>\n<\/ul>\n<p>O consumo de c\u00e1lcio \u00e9 recomendado durante a gravidez para os ossos, mas tamb\u00e9m para os dentes e muitas outras coisas, tanto para adultos como para beb\u00e9s.<\/p>\n<p>A ingest\u00e3o natural de c\u00e1lcio garante uma melhor assimila\u00e7\u00e3o. O leite de camelo \u00e9, portanto, a melhor alternativa para obter o c\u00e1lcio de que necessita todos os dias da forma mais simples poss\u00edvel, com um copo de leite. O leite de camelo cont\u00e9m 3 vezes mais c\u00e1lcio do que o leite materno e \u00e9 perfeitamente assimilado pelo nosso organismo.<\/p>\n<ul>\n<li><u><strong>para ajudar os diab\u00e9ticos,<\/strong><\/u><\/li>\n<\/ul>\n<p>Naturalmente rico em insulina (52 UI), \u00e9 particularmente recomendado para os diab\u00e9ticos.<\/p>\n<p>Pensa-se que o consumo regular tem um efeito hipoglicemiante e regulador da glicemia em doentes insulino-dependentes com diabetes de tipo I.<\/p>\n<p>Pode melhorar consideravelmente a sua qualidade de vida, ajustando o seu tratamento e permitindo-lhe regular a sua insulina naturalmente.<\/p>\n<p>Naturalmente pobre em gordura, o leite de camelo tamb\u00e9m protege o seu sistema cardiovascular.<\/p>\n<ul>\n<li><u><strong>para ser um alimento preventivo de doen\u00e7as card\u00edacas,<\/strong><\/u><\/li>\n<\/ul>\n<p>O leite de camelo tamb\u00e9m cont\u00e9m \u00e1cidos gordos complexos que melhoram os n\u00edveis de colesterol bom (LDL) do organismo, reduzindo a presen\u00e7a do colesterol mau (HDL).<\/p>\n<p>O consumo de leite de camelo pode prevenir o risco de acidente vascular cerebral, tens\u00e3o arterial elevada e doen\u00e7as card\u00edacas.<\/p>\n<ul>\n<li><u><strong>para ajudar as pessoas que sofrem de cancro, esclerose e doen\u00e7a de Alzheimer,<\/strong><\/u><\/li>\n<\/ul>\n<p>A maior parte dos seus benef\u00edcios prov\u00e9m das prote\u00ednas, chamadas imunoglobulinas, que desempenham um papel fundamental no bem-estar imunit\u00e1rio. Devido \u00e0 sua estrutura particular, muitas imunoglobulinas dos camelos em lacta\u00e7\u00e3o est\u00e3o dispon\u00edveis no leite. Os investigadores descobriram que estas imunoglobulinas s\u00e3o terap\u00eauticas para uma s\u00e9rie de doen\u00e7as, bem como para a maioria dos cancros, algumas escleroses e a doen\u00e7a de Alzheimer.<\/p>\n<h2>PORQU\u00ca LEITE EM P\u00d3?<\/h2>\n<p>Como \u00e9 muito raro, se n\u00e3o imposs\u00edvel, consumir leite de camelo fresco nos nossos pa\u00edses, este pode ser consumido em p\u00f3, o que n\u00e3o altera em nada as suas virtudes e qualidades nutricionais, antes pelo contr\u00e1rio. O mesmo n\u00e3o acontece com o leite UHT, que foi aquecido a temperaturas muito elevadas para o conservar, o que provoca a perda ou a redu\u00e7\u00e3o de muitos dos seus benef\u00edcios e virtudes.<\/p>\n<p>Transformado em p\u00f3, este leite de camelo \u00e9 mais f\u00e1cil de transportar e armazenar e pode ser consumido regularmente, apesar da sua escassez.<\/p>\n<h2>E PARA AS CRIAN\u00c7AS?<\/h2>\n<p>A embalagem inclui uma colher doseadora. Esta corresponde a uma dose para um adulto. Para as crian\u00e7as com mais de dois anos, reduzir a dose para metade.<\/p>\n<p>No entanto, o leite de camelo Cameliane n\u00e3o foi estudado em beb\u00e9s com menos de dois anos.<\/p>\n<p>Se quiser experimentar o leite de camelo sem comprar uma embalagem grande, recomendamos o nosso <a href=\"https:\/\/1001vertus.com\/pt\/product\/leite-de-camelo-em-po-dose-unica\/\">dose \u00fanica<\/a>.<\/p>\n<p><u><strong>Ingredientes :<\/strong><\/u> Leite de camelo<\/p>\n<p><u><strong>Capacidade<\/strong><\/u><u><strong>:<\/strong><\/u> 100g<\/p>\n<p><u><strong>Fonte<\/strong><\/u><u><strong>:<\/strong><\/u> Holanda. Controlado e embalado em Fran\u00e7a. Em conformidade com a regulamenta\u00e7\u00e3o europeia.<\/p>\n<p><u><strong>Conserva\u00e7\u00e3o :<\/strong><\/u> Conservar fechado em local seco, ao abrigo da humidade e da luz, para n\u00e3o alterar as suas qualidades.<\/p>\n<p>\u00c9 prefer\u00edvel mant\u00ea-lo a uma temperatura inferior a 25\u00b0C.<\/p>\n<p><u><strong>Conselhos de utiliza\u00e7\u00e3o :<\/strong><\/u>10 g por dia dilu\u00eddos num copo de \u00e1gua ou numa prepara\u00e7\u00e3o \u00e0 sua escolha.<\/p>\n<p>&nbsp;<\/p>","protected":false},"excerpt":{"rendered":"<p>O leite de camelo \u00e9 ideal para pessoas al\u00e9rgicas ou com intoler\u00e2ncia \u00e0 lactose.<\/p>\n<p>\u00c9 rico em vitamina C, ferro, \u00e1cidos gordos insaturados e vitaminas B, c\u00e1lcio, mais prote\u00ednas, pot\u00e1ssio, magn\u00e9sio, ferro, cobre, mangan\u00eas, s\u00f3dio e zinco e menos gordura do que o leite de vaca.<\/p>\n<p>A lista de virtudes \u00e9 intermin\u00e1vel.<\/p>\n<p>Declarado um \"superalimento\" pela FAO (<em>Administra\u00e7\u00e3o de Alimentos e Agricultura<\/em>), o leite de camelo est\u00e1 repleto de benef\u00edcios e virtudes.<\/p>\n<p>Encontrar\u00e1 todos os seus benef\u00edcios neste leite de camelo em p\u00f3.<\/p>","protected":false},"featured_media":8372,"template":"","meta":[],"product_brand":[],"product_cat":[28,29,27,64],"product_tag":[],"class_list":{"0":"post-2204","1":"product","2":"type-product","3":"status-publish","4":"has-post-thumbnail","6":"product_cat-medecine-sante","7":"product_cat-alimentation","8":"product_cat-bien-etre","9":"product_cat-lait-de-chamelle","11":"first","12":"outofstock","13":"shipping-taxable","14":"purchasable","15":"product-type-simple"},"_links":{"self":[{"href":"https:\/\/1001vertus.com\/pt\/wp-json\/wp\/v2\/product\/2204","targetHints":{"allow":["GET"]}}],"collection":[{"href":"https:\/\/1001vertus.com\/pt\/wp-json\/wp\/v2\/product"}],"about":[{"href":"https:\/\/1001vertus.com\/pt\/wp-json\/wp\/v2\/types\/product"}],"wp:featuredmedia":[{"embeddable":true,"href":"https:\/\/1001vertus.com\/pt\/wp-json\/wp\/v2\/media\/8372"}],"wp:attachment":[{"href":"https:\/\/1001vertus.com\/pt\/wp-json\/wp\/v2\/media?parent=2204"}],"wp:term":[{"taxonomy":"product_brand","embeddable":true,"href":"https:\/\/1001vertus.com\/pt\/wp-json\/wp\/v2\/product_brand?post=2204"},{"taxonomy":"product_cat","embeddable":true,"href":"https:\/\/1001vertus.com\/pt\/wp-json\/wp\/v2\/product_cat?post=2204"},{"taxonomy":"product_tag","embeddable":true,"href":"https:\/\/1001vertus.com\/pt\/wp-json\/wp\/v2\/product_tag?post=2204"}],"curies":[{"name":"wp","href":"https:\/\/api.w.org\/{rel}","templated":true}]}}