{"id":21613,"date":"2024-02-10T20:45:00","date_gmt":"2024-02-10T19:45:00","guid":{"rendered":"https:\/\/1001vertus.com\/?post_type=product&#038;p=21613"},"modified":"2024-02-10T20:45:00","modified_gmt":"2024-02-10T19:45:00","slug":"mel-de-tilia-de-franca","status":"publish","type":"product","link":"https:\/\/1001vertus.com\/pt\/produit\/miel-de-tilleul-de-france\/","title":{"rendered":"Mel de t\u00edlia - 250g"},"content":{"rendered":"<p>D\u00e9couvrez dans cet article les nombreuses vertus du\u00a0<strong>mel de t\u00edlia proveniente de Fran\u00e7a,<\/strong>\u00a0ce produit naturel aux propri\u00e9t\u00e9s insoup\u00e7onn\u00e9es. Nous passerons en revue sa texture, son odeur, ses ar\u00f4mes et ses bienfaits pour la sant\u00e9.<\/p>\n<h2><strong>Histoire et caract\u00e9ristiques du miel de tilleul<\/strong><\/h2>\n<p>Le\u00a0<strong>mel de t\u00edlia<\/strong>, aussi connu sous le nom de miel d&rsquo;aubier, est issu de la butineuse des abeilles sur les fleurs de tilleul, un arbre pr\u00e9sent sur tout le territoire fran\u00e7ais. Le tilleul est notamment appr\u00e9ci\u00e9 pour son ombre et sa floraison parfum\u00e9e qui attire les abeilles.<\/p>\n<p>Ce miel \u00e0 la couleur claire et l\u00e9g\u00e8rement dor\u00e9e pr\u00e9sente une\u00a0<strong>texture soyeuse et cr\u00e9meuse<\/strong>. Son parfum d\u00e9licat rappelle celui des fleurs de tilleul, avec des notes bois\u00e9es et <a href=\"https:\/\/1001vertus.com\/pt\/product\/cristais-de-menta\/\"><strong>menthol\u00e9es<\/strong><\/a>. En bouche, il se r\u00e9v\u00e8le tr\u00e8s agr\u00e9able gr\u00e2ce \u00e0 une saveur fra\u00eeche et subtile \u00e9voquant les ar\u00f4mes de menthe et de citronnelle. A noter que l&rsquo;ar\u00f4me peut varier selon les r\u00e9gions ou le type de tilleul utilis\u00e9 (tilleul argent\u00e9, petit ou grand).<\/p>\n<h3><strong>Vari\u00e9t\u00e9 de tilleuls en France<\/strong><\/h3>\n<p>Il existe diff\u00e9rentes esp\u00e8ces de tilleuls en France, dont plusieurs sont propices \u00e0 la production de miel. Le tilleul argent\u00e9 (Tilia tomentosa) est par exemple tr\u00e8s appr\u00e9ci\u00e9 des abeilles, car il offre une floraison g\u00e9n\u00e9reuse et un nectar sucr\u00e9. D&rsquo;autres esp\u00e8ces telles que le petit tilleul (Tilia cordata) ou le grand tilleul (Tilia platyphyllos) peuvent \u00e9galement contribuer \u00e0 la r\u00e9colte de ce pr\u00e9cieux nectar.<\/p>\n<h2><strong>As suas vantagens <\/strong><strong>pour la sant\u00e9<\/strong><\/h2>\n<p>Le miel de tilleul fran\u00e7ais poss\u00e8de plusieurs vertus pour la sant\u00e9 qui en font un alli\u00e9 indispensable au quotidien. Ses propri\u00e9t\u00e9s apaisantes et adoucissantes en particulier sont reconnues depuis longtemps.<\/p>\n<ol>\n<li><strong>Mel e sono :<\/strong>\u00a0gr\u00e2ce \u00e0 ses effets calmants, le miel de tilleul peut aider \u00e0 lutter contre les troubles du sommeil et faciliter l&rsquo;endormissement. Une cuill\u00e8re \u00e0 caf\u00e9 dans une tisane avant de se coucher suffit pour b\u00e9n\u00e9ficier de ses bienfaits relaxants.<\/li>\n<li><strong>Renforcer son syst\u00e8me immunitaire :<\/strong>\u00a0riche en antioxydants et en vitamines, le miel de tilleul a \u00e9galement des vertus immunostimulantes qui renforcent les d\u00e9fenses naturelles de l&rsquo;organisme face aux virus et aux bact\u00e9ries. Il est ainsi recommand\u00e9 en cas de grippe, rhume ou maux de gorge.<\/li>\n<li><strong>Soulager les probl\u00e8mes digestifs :<\/strong> gr\u00e2ce \u00e0 sa teneur en enzymes. Le miel de tilleul facilite la digestion et apaise les maux d&rsquo;estomac.<\/li>\n<li><strong>Cuidar da sua pele:<\/strong> antiseptique et cicatrisant, le miel de tilleul s&rsquo;utilise \u00e9galement en application locale sur les petites blessures. Les boutons d&rsquo;acn\u00e9 afin de favoriser la gu\u00e9rison. Il peut aussi \u00eatre incorpor\u00e9 dans des masques maison pour une action hydratante et r\u00e9g\u00e9n\u00e9rante.<\/li>\n<\/ol>\n<h2><strong>Utiliza\u00e7\u00e3o do mel de t\u00edlia na cozinha<\/strong><\/h2>\n<p>Le miel de tilleul est un produit polyvalent qui se pr\u00eate \u00e0 de nombreuses utilisations culinaires. Sa douceur et ses nuances subtiles en font un ingr\u00e9dient de choix pour sublimer vos plats sal\u00e9s comme sucr\u00e9s. Voici quelques id\u00e9es de recettes faciles \u00e0 r\u00e9aliser avec votre miel :<\/p>\n<ul>\n<li><strong>Vinagrete de mel :<\/strong>\u00a0m\u00e9langer 2 cuill\u00e8res \u00e0 soupe de miel de tilleul avec 3 cuill\u00e8res \u00e0 soupe d&rsquo;huile d&rsquo;olive, le jus d&rsquo;un demi-citron et une pinc\u00e9e de sel. Cette sauce sera parfaite pour assaisonner vos salades d&rsquo;\u00e9t\u00e9.<\/li>\n<li><strong>Marinade sucr\u00e9e-sal\u00e9e :<\/strong>\u00a0ajouter une cuill\u00e8re \u00e0 soupe de miel dans un m\u00e9lange d&rsquo;huile d&rsquo;olive, de vinaigre balsamique, de citron et de gingembre r\u00e2p\u00e9.Vous pouvez tremper vos morceaux de viande avant de les faire griller pour obtenir une saveur d\u00e9licatement fruit\u00e9e et caram\u00e9lis\u00e9e.<\/li>\n<li><strong>Muesli caseiro :<\/strong> pour un petit-d\u00e9jeuner \u00e9quilibr\u00e9, m\u00ealez \u00e0 des flocons d&rsquo;avoine, des fruits secs et quelques graines de chia du miel, qui donnera une touche sucr\u00e9e et parfum\u00e9e \u00e0 ce m\u00e9lange nutritif.<\/li>\n<\/ul>\n<h3><strong>Como escolher e conservar o mel de t\u00edlia<\/strong><\/h3>\n<p>Pour profiter pleinement de ses bienfaits, il est essentiel de choisir un miel de tilleul de qualit\u00e9. Privil\u00e9giez les produits issus de l&rsquo;agriculture biologique ou provenant d&rsquo;apiculteurs locaux afin de leur garantir tra\u00e7abilit\u00e9 et respect des abeilles. L&rsquo;\u00e9tiquette doit mentionner l&rsquo;origine g\u00e9ographique ainsi que la vari\u00e9t\u00e9 du miel.<\/p>\n<p>Afin de pr\u00e9server sa texture et ses propri\u00e9t\u00e9s, le miel de tilleul doit \u00eatre conserv\u00e9 dans un endroit sec et frais, \u00e0 l&rsquo;abri de la lumi\u00e8re et de l&rsquo;humidit\u00e9. Bien qu&rsquo;il poss\u00e8de une longue dur\u00e9e de conservation, il peut toutefois cristalliser avec le temps. Dans ce cas, vous pouvez r\u00e9chauffer doucement le pot au bain-marie pour retrouver sa consistance moelleuse et onctueuse.<\/p>\n<p>Vous voil\u00e0 fin pr\u00eat \u00e0 conqu\u00e9rir le monde du\u00a0<strong>miel de tilleul fran\u00e7ais<\/strong>, ce tr\u00e9sor naturel aux multiples vertus gustatives et th\u00e9rapeutiques. N&rsquo;h\u00e9sitez pas \u00e0 en faire profiter votre entourage et \u00e0 partager vos d\u00e9couvertes culinaires autour de ce produit d&rsquo;exception.<\/p>","protected":false},"excerpt":{"rendered":"<p>D\u00e9couvrez dans cet article les nombreuses vertus du\u00a0miel de tilleul de France,\u00a0ce produit naturel aux propri\u00e9t\u00e9s insoup\u00e7onn\u00e9es. Nous passerons en revue sa texture, son odeur, ses ar\u00f4mes et ses bienfaits pour la sant\u00e9. Histoire et caract\u00e9ristiques du miel de tilleul Le\u00a0miel de tilleul, aussi connu sous le nom de miel d&rsquo;aubier, est issu de la [&#8230;]\n","protected":false},"featured_media":21614,"template":"","meta":[],"product_brand":[],"product_cat":[25,116],"product_tag":[],"class_list":{"0":"post-21613","1":"product","2":"type-product","3":"status-publish","4":"has-post-thumbnail","6":"product_cat-miels","7":"product_cat-miel-de-france","9":"first","10":"instock","11":"shipping-taxable","12":"purchasable","13":"product-type-simple"},"_links":{"self":[{"href":"https:\/\/1001vertus.com\/pt\/wp-json\/wp\/v2\/product\/21613","targetHints":{"allow":["GET"]}}],"collection":[{"href":"https:\/\/1001vertus.com\/pt\/wp-json\/wp\/v2\/product"}],"about":[{"href":"https:\/\/1001vertus.com\/pt\/wp-json\/wp\/v2\/types\/product"}],"wp:featuredmedia":[{"embeddable":true,"href":"https:\/\/1001vertus.com\/pt\/wp-json\/wp\/v2\/media\/21614"}],"wp:attachment":[{"href":"https:\/\/1001vertus.com\/pt\/wp-json\/wp\/v2\/media?parent=21613"}],"wp:term":[{"taxonomy":"product_brand","embeddable":true,"href":"https:\/\/1001vertus.com\/pt\/wp-json\/wp\/v2\/product_brand?post=21613"},{"taxonomy":"product_cat","embeddable":true,"href":"https:\/\/1001vertus.com\/pt\/wp-json\/wp\/v2\/product_cat?post=21613"},{"taxonomy":"product_tag","embeddable":true,"href":"https:\/\/1001vertus.com\/pt\/wp-json\/wp\/v2\/product_tag?post=21613"}],"curies":[{"name":"wp","href":"https:\/\/api.w.org\/{rel}","templated":true}]}}