{"id":2148,"date":"2019-12-14T20:26:28","date_gmt":"2019-12-14T19:26:28","guid":{"rendered":"https:\/\/1001vertus.com\/?post_type=product&#038;p=2148"},"modified":"2026-03-29T13:32:12","modified_gmt":"2026-03-29T12:32:12","slug":"rolo-anti-imperfeicoes","status":"publish","type":"product","link":"https:\/\/1001vertus.com\/pt\/produit\/roll-on-anti-imperfections\/","title":{"rendered":"Roll-on anti-manchas"},"content":{"rendered":"<p class=\"western\" align=\"justify\"><span style=\"font-family: Arial, sans-serif;\"><span style=\"font-size: medium;\"><span style=\"color: #00000a;\">Notre roll-on est compos\u00e9 d\u2019huile de nigelle d\u2019Ethiopie (notre fameuse huile de nigelle Abyssinia) et d\u2019huile essentielle d\u2019arbre \u00e0 th\u00e9 (Tea tree). Chacune de ces huiles a des bienfaits pour votre peau, la synergie des deux est tout simplement \u00e9patante.<\/span><\/span><\/span><\/p>\n<ul>\n<li>\n<p class=\"western\" align=\"justify\"><span style=\"color: #00000a;\"><span style=\"font-family: Arial, sans-serif;\"><span style=\"font-size: medium;\"><u><b>\u00d3leo de cominhos pretos:<\/b><\/u><\/span><\/span><\/span><\/p>\n<\/li>\n<\/ul>\n<p class=\"western\"><span style=\"font-family: Arial, sans-serif;\"><span style=\"font-size: medium;\"><span style=\"color: #00000a;\">L&rsquo;huile de nigelle lutte contre certains probl\u00e8mes de peau comme l\u2019ecz\u00e9ma. Elle hydrate et apaise les d\u00e9mangeaisons.\u00a0Elle favorise le renouvellement cellulaire et ainsi, lisse les ridules et att\u00e9nue les petites cicatrices.\u00a0<\/span><\/span><\/span><\/p>\n<p class=\"western\"><span style=\"font-family: Arial, sans-serif;\"><span style=\"font-size: medium;\"><span style=\"color: #00000a;\">Ses propri\u00e9t\u00e9s anti-inflammatoire, antiseptique, antifongique et antibact\u00e9riennes font un excellent traitement contre l\u2019acn\u00e9.<\/span><\/span><\/span><\/p>\n<p class=\"western\" align=\"justify\"><span style=\"font-family: Arial, sans-serif;\"><span style=\"font-size: medium;\"><span style=\"color: #00000a;\">S<\/span><span style=\"color: #00000a;\">es propri\u00e9t\u00e9s assainissante<\/span><span style=\"color: #00000a;\">s<\/span><span style=\"color: #00000a;\"> permettent de pr\u00e9venir la formation des petits boutons.<\/span><\/span><\/span><\/p>\n<p class=\"western\" align=\"justify\"><span style=\"font-family: Arial, sans-serif;\"><span style=\"font-size: medium;\"><span style=\"color: #00000a;\">Cicatrisante, nourrissante et purifiante, elle transforme rapidement les affections cutan\u00e9es en mauvais souvenirs.<\/span><\/span><\/span><\/p>\n<ul>\n<li>\n<p class=\"western\" align=\"justify\"><u><span style=\"color: #00000a;\"><span style=\"font-family: Arial, sans-serif;\"><span style=\"font-size: medium;\"><b>\u00d3leo essencial de \u00e1rvore-do-ch\u00e1:\u00a0<\/b><\/span><\/span><\/span><\/u><\/p>\n<\/li>\n<\/ul>\n<p class=\"western\" align=\"justify\"><span style=\"font-family: Arial, sans-serif;\"><span style=\"font-size: medium;\"><span style=\"color: #00000a;\">L&rsquo;huile essentielle d&rsquo;arbre \u00e0 th\u00e9 ou tea tree est connue pour ses propri\u00e9t\u00e9s antivirales, antifongiques et antiseptiques.<\/span><\/span><\/span><\/p>\n<p class=\"western\"><span style=\"font-family: Arial, sans-serif;\"><span style=\"font-size: medium;\"><span style=\"color: #00000a;\">Elle est excellente pour tous les probl\u00e8mes de peau et notamment les mycoses, elle peut aussi \u00eatre employ\u00e9e au quotidien, pour combattre les petites impuret\u00e9s et les boutons.<\/span><\/span><\/span><\/p>\n<p class=\"western\" align=\"justify\"><span style=\"font-family: Arial, sans-serif;\"><span style=\"font-size: medium;\"><span style=\"color: #00000a;\"><u><b>Types de peaux\u00a0:<\/b><\/u><\/span><\/span><\/span><\/p>\n<p class=\"western\" align=\"justify\"><span style=\"font-family: Arial, sans-serif;\"><span style=\"font-size: medium;\"><span style=\"color: #00000a;\">Convient \u00e0 tous les types de peaux.<\/span><\/span><\/span><\/p>\n<p class=\"western\" align=\"justify\"><span style=\"font-family: Arial, sans-serif;\"><span style=\"font-size: medium;\"><span style=\"color: #00000a;\"><u><b>Conseils d&rsquo;utilisation\u00a0:<\/b><\/u><\/span><\/span><\/span><\/p>\n<p class=\"western\" align=\"justify\"><span style=\"font-family: Arial, sans-serif;\"><span style=\"font-size: medium;\"><span style=\"color: #00000a;\">Avant chaque utilisation bien agiter le flacon puis appliquez le roll-on anti-imperfections sur une peau propre et s\u00e8che en effectuant des mouvements circulaires <\/span><span style=\"color: #00000a;\">ou sur la zone \u00e0 traiter<\/span><span style=\"color: #00000a;\">. <\/span><\/span><\/span><\/p>\n<p class=\"western\" align=\"justify\"><span style=\"font-family: Arial, sans-serif;\"><span style=\"font-size: medium;\"><span style=\"color: #00000a;\"><u><b>Capacidade :<\/b><\/u><\/span><b> <\/b><span style=\"color: #00000a;\">10ml<\/span><\/span><\/span><\/p>\n<p class=\"western\" align=\"justify\"><span style=\"font-family: Arial, sans-serif;\"><span style=\"font-size: medium;\"><u><b><span style=\"color: #00000a;\">Ingredientes INCI :<\/span><\/b><\/u><\/span><\/span><\/p>\n<p class=\"western\" align=\"justify\"><span style=\"font-family: Arial, sans-serif;\"><span style=\"font-size: medium;\"><span style=\"color: #00000a;\">Nigella sativa seed ouil (huile v\u00e9g\u00e9tale de Nigelle), <\/span><\/span><\/span><\/p>\n<p class=\"western\" align=\"justify\"><span style=\"font-family: Arial, sans-serif;\"><span style=\"font-size: medium;\"><span style=\"color: #00000a;\">\u00d3leo de folhas de Melaleuca alternifolia (\u00f3leo essencial de \u00e1rvore do ch\u00e1)<\/span><\/span><\/span><\/p>\n<p class=\"western\" align=\"justify\"><span style=\"font-family: Arial, sans-serif;\"><span style=\"font-size: medium;\"><u><b><span style=\"color: #00000a;\">Origem :<\/span><\/b><\/u><\/span><\/span><\/p>\n<p class=\"western\" align=\"justify\"><span style=\"font-family: Arial, sans-serif;\"><span style=\"font-size: medium;\"><span style=\"color: #00000a;\">Eti\u00f3pia \/ Austr\u00e1lia<\/span><\/span><\/span><\/p>","protected":false},"excerpt":{"rendered":"<p class=\"western\" align=\"justify\"><span style=\"font-family: Arial, sans-serif;\"><span style=\"font-size: medium;\"><span style=\"color: #00000a;\">Vous avez de l\u2019acn\u00e9\u00a0? Des boutons p\u00e9riodiques ? Des imperfections sur votre visage\u00a0? Un bouton de fi\u00e8vre\u00a0? <\/span><\/span><\/span><\/p>\n<p class=\"western\" align=\"justify\"><span style=\"font-family: Arial, sans-serif;\"><span style=\"font-size: medium;\"><span style=\"color: #00000a;\">Vous voulez vous en d\u00e9barrasser facilement et naturellement ?<\/span><\/span><\/span><\/p>\n<p class=\"western\" align=\"justify\"><span style=\"font-family: Arial, sans-serif;\"><span style=\"font-size: medium;\"><span style=\"color: #00000a;\">Experimente o nosso roll-on anti-manchas!<\/span><\/span><\/span><\/p>\n<p class=\"western\" align=\"justify\"><span style=\"font-family: Arial, sans-serif;\"><span style=\"font-size: medium;\"><span style=\"color: #00000a;\">Ce m\u00e9lange d\u2019huile de nigelle d\u2019Ethiopie et d\u2019huile essentielle d\u2019arbre \u00e0 th\u00e9 (Tea tree) limitera l&rsquo;apparition des boutons et facilitera leurs r\u00e9sorptions.<\/span><\/span><\/span><\/p>","protected":false},"featured_media":2139,"template":"","meta":[],"product_brand":[],"product_cat":[27,26],"product_tag":[],"class_list":{"0":"post-2148","1":"product","2":"type-product","3":"status-publish","4":"has-post-thumbnail","6":"product_cat-bien-etre","7":"product_cat-nigelle","9":"first","10":"instock","11":"shipping-taxable","12":"purchasable","13":"product-type-simple"},"_links":{"self":[{"href":"https:\/\/1001vertus.com\/pt\/wp-json\/wp\/v2\/product\/2148","targetHints":{"allow":["GET"]}}],"collection":[{"href":"https:\/\/1001vertus.com\/pt\/wp-json\/wp\/v2\/product"}],"about":[{"href":"https:\/\/1001vertus.com\/pt\/wp-json\/wp\/v2\/types\/product"}],"wp:featuredmedia":[{"embeddable":true,"href":"https:\/\/1001vertus.com\/pt\/wp-json\/wp\/v2\/media\/2139"}],"wp:attachment":[{"href":"https:\/\/1001vertus.com\/pt\/wp-json\/wp\/v2\/media?parent=2148"}],"wp:term":[{"taxonomy":"product_brand","embeddable":true,"href":"https:\/\/1001vertus.com\/pt\/wp-json\/wp\/v2\/product_brand?post=2148"},{"taxonomy":"product_cat","embeddable":true,"href":"https:\/\/1001vertus.com\/pt\/wp-json\/wp\/v2\/product_cat?post=2148"},{"taxonomy":"product_tag","embeddable":true,"href":"https:\/\/1001vertus.com\/pt\/wp-json\/wp\/v2\/product_tag?post=2148"}],"curies":[{"name":"wp","href":"https:\/\/api.w.org\/{rel}","templated":true}]}}