{"id":20868,"date":"2024-01-31T20:20:17","date_gmt":"2024-01-31T19:20:17","guid":{"rendered":"https:\/\/1001vertus.com\/?post_type=product&#038;p=20868"},"modified":"2024-03-31T04:45:34","modified_gmt":"2024-03-31T03:45:34","slug":"figos-secos","status":"publish","type":"product","link":"https:\/\/1001vertus.com\/pt\/produit\/figues-sechees\/","title":{"rendered":"Figos secos 400g"},"content":{"rendered":"<p>O\u00a0<strong>figues s\u00e9ch\u00e9es<\/strong>\u00a0sont un fruit d\u00e9licieux et appr\u00e9ci\u00e9 de nombreux gourmets. Elles peuvent \u00eatre consomm\u00e9es fra\u00eeches ou s\u00e9ch\u00e9es, mais c&rsquo;est sous la forme s\u00e9ch\u00e9e qu&rsquo;elles offrent le plus d&rsquo;avantages en termes de sant\u00e9 et de praticit\u00e9. Dans cet article, nous allons vous pr\u00e9senter les\u00a0<strong>sabores<\/strong>\u00a0e\u00a0<strong>benef\u00edcios<\/strong>\u00a0que les figues s\u00e9ch\u00e9es peuvent apporter \u00e0 votre vie quotidienne.<\/p>\n<h2><strong>Um festival de sabores para o seu paladar<\/strong><\/h2>\n<p>La texture moelleuse et sucr\u00e9e des figues s\u00e9ch\u00e9es r\u00e9v\u00e8le une palette de go\u00fbts riches et vari\u00e9s. Elles se caract\u00e9risent par une saveur sucr\u00e9e et l\u00e9g\u00e8rement acidul\u00e9e qui mettra vos sens en \u00e9veil. Leurs ar\u00f4mes intenses permettent de sublimer diff\u00e9rents plats et associations culinaires :<\/p>\n<ul>\n<li><strong>En ap\u00e9ritif :<\/strong>\u00a0servez-les accompagn\u00e9es de charcuterie ou de fromage pour surprendre vos convives;<\/li>\n<li><strong>Dans les salades\u00a0:<\/strong>\u00a0ajoutez-les \u00e0 vos mescluns pour donner du pep&rsquo;s \u00e0 vos entr\u00e9es;<\/li>\n<li><strong>En dessert\u00a0:<\/strong>\u00a0faites plaisir \u00e0 vos papilles en les m\u00ealant \u00e0 vos pr\u00e9parations sucr\u00e9es telles que yaourts, crumbles ou encore clafoutis.<\/li>\n<\/ul>\n<p>En somme, les figues s\u00e9ch\u00e9es sont une v\u00e9ritable mine d&rsquo;or pour tous les passionn\u00e9s de cuisine et de saveurs exquises.<\/p>\n<h2><strong>Les bienfaits insoup\u00e7onn\u00e9s des figues s\u00e9ch\u00e9es sur votre sant\u00e9<\/strong><\/h2>\n<p>Vous l&rsquo;aurez compris, les figues s\u00e9ch\u00e9es sont un d\u00e9lice pour le palais. Mais saviez-vous qu&rsquo;elles poss\u00e8dent \u00e9galement une incomparable richesse nutritionnelle ? En effet, elles regorgent de nutriments essentiels \u00e0 votre bien-\u00eatre :<\/p>\n<ul>\n<li><strong>Rico em fibras alimentares<\/strong><\/li>\n<\/ul>\n<p>Les figues s\u00e9ch\u00e9es sont une excellente source de\u00a0<strong>fibras<\/strong>\u00a0alimentaires, ces \u00e9l\u00e9ments indispensables au bon fonctionnement de votre organisme. Elles favorisent la digestion et aident \u00e0 r\u00e9guler les fonctions intestinales, contribuant ainsi \u00e0 pr\u00e9venir les probl\u00e8mes tels que la constipation ou les ballonnements.<\/p>\n<ul>\n<li><strong>Source naturelle d\u2019antioxydants<\/strong><\/li>\n<\/ul>\n<p>Lors du processus de s\u00e9chage, les figues concentrent leurs compos\u00e9s antioxydants, notamment les fameux\u00a0<strong>flavono\u00efdes<\/strong>. Estes s\u00e3o reconhecidos pela sua a\u00e7\u00e3o protetora contra o stress oxidativo respons\u00e1vel pelo envelhecimento celular e por v\u00e1rias patologias cr\u00f3nicas, como as doen\u00e7as cardiovasculares e certos cancros.<\/p>\n<ul>\n<li><strong>Apport \u00e9nerg\u00e9tique int\u00e9ressant<\/strong><\/li>\n<\/ul>\n<p>Fruit embl\u00e9matique du bassin m\u00e9diterran\u00e9en, la figue s\u00e8che est connue pour ses vertus \u00e9nerg\u00e9tiques. Une portion de 100g apporte environ 250 kcal, dont pr\u00e8s de 60g de glucides, majoritairement sous forme de sucres simples. Ce profil nutritionnel en fait une collation id\u00e9ale pour les sportifs qui souhaitent faire le plein d&rsquo;\u00e9nergie avant l&rsquo;effort.<\/p>\n<ul>\n<li><strong>Pleines de vitamines et min\u00e9raux<\/strong><\/li>\n<\/ul>\n<p>Les figues s\u00e9ch\u00e9es contiennent \u00e9galement un cocktail de vitamines et min\u00e9raux essentiels \u00e0 votre organisme :<\/p>\n<ul>\n<li>Vitamine K, qui contribue \u00e0 la coagulation sanguine et \u00e0 la sant\u00e9 des os;<\/li>\n<li>Vitamines B1, B2, B6 et C, impliqu\u00e9es dans diverses r\u00e9actions m\u00e9taboliques;<\/li>\n<li>Magn\u00e9sium, potassium, <a href=\"https:\/\/1001vertus.com\/pt\/product\/acucar-de-tamara\/\"><strong>c\u00e1lcio<\/strong><\/a> et phosphore, des min\u00e9raux qui participent au maintien de la vitalit\u00e9 g\u00e9n\u00e9rale et de la fonction musculaire.<\/li>\n<\/ul>\n<p>Ainsi, consommer r\u00e9guli\u00e8rement des figues s\u00e9ch\u00e9es vous permettra de combler certaines carences nutritionnelles et de renforcer vos d\u00e9fenses immunitaires.<\/p>\n<h2><strong>Comment bien choisir ses figues s\u00e9ch\u00e9es ?<\/strong><\/h2>\n<p>Lorsque vous souhaitez acheter des figues s\u00e9ch\u00e9es, privil\u00e9giez celles qui sont moelleuses, charnues et d&rsquo;un beau brun profond. Les fruits secs doivent \u00eatre conserv\u00e9s de pr\u00e9f\u00e9rence dans un endroit frais, sec et \u00e0 l\u2019abri de la lumi\u00e8re afin de pr\u00e9server au mieux leur saveur et leurs qualit\u00e9s nutritionnelles.<\/p>\n<p>Il est \u00e9galement recommand\u00e9 d&rsquo;opter pour des figues bio et\/ou labellis\u00e9es, ceci afin de garantir une qualit\u00e9 gustative optimale et un respect de l&rsquo;environnement dans le processus de culture et de s\u00e9chage du fruit.<\/p>\n<h3><strong>Quelques conseils pour savourer vos figues s\u00e9ch\u00e9es<\/strong><\/h3>\n<p>D\u00e9guster des figues s\u00e9ch\u00e9es peut \u00eatre un v\u00e9ritable plaisir \u00e0 condition de respecter quelques r\u00e8gles simples :<\/p>\n<ol>\n<li><strong>Moderation\u00a0:<\/strong>\u00a0limitez-vous \u00e0 3 ou 4 figues par jour pour \u00e9viter un exc\u00e8s \u00e9nerg\u00e9tique ou un d\u00e9s\u00e9quilibre alimentaire;<\/li>\n<li><strong>Vari\u00e9t\u00e9\u00a0:<\/strong>\u00a0n&rsquo;h\u00e9sitez pas \u00e0 explorer les diff\u00e9rentes vari\u00e9t\u00e9s existantes sur le march\u00e9, telles que la mission noire, la blonde de smyrne ou encore la kadota;<\/li>\n<li><strong>Cuisine cr\u00e9ative\u00a0:<\/strong>\u00a0int\u00e9grez-les dans toutes sortes de pr\u00e9parations culinaires afin de r\u00e9veiller votre assiette et b\u00e9n\u00e9ficier de leurs atouts sant\u00e9.<\/li>\n<\/ol>\n<p>Alors n&rsquo;attendez plus, faites entrer les figues s\u00e9ch\u00e9es dans votre vie et laissez-vous emporter par leur magie gustative et bien-\u00eatre !<\/p>","protected":false},"excerpt":{"rendered":"<p>Les\u00a0figues s\u00e9ch\u00e9es\u00a0sont un fruit d\u00e9licieux et appr\u00e9ci\u00e9 de nombreux gourmets. Elles peuvent \u00eatre consomm\u00e9es fra\u00eeches ou s\u00e9ch\u00e9es, mais c&rsquo;est sous la forme s\u00e9ch\u00e9e qu&rsquo;elles offrent le plus d&rsquo;avantages en termes de sant\u00e9 et de praticit\u00e9. Dans cet article, nous allons vous pr\u00e9senter les\u00a0saveurs\u00a0et les\u00a0bienfaits\u00a0que les figues s\u00e9ch\u00e9es peuvent apporter \u00e0 votre vie quotidienne. Un festival [&#8230;]\n","protected":false},"featured_media":20869,"template":"","meta":[],"product_brand":[],"product_cat":[111],"product_tag":[],"class_list":{"0":"post-20868","1":"product","2":"type-product","3":"status-publish","4":"has-post-thumbnail","6":"product_cat-fruits-secs","8":"first","9":"outofstock","10":"shipping-taxable","11":"purchasable","12":"product-type-simple"},"_links":{"self":[{"href":"https:\/\/1001vertus.com\/pt\/wp-json\/wp\/v2\/product\/20868","targetHints":{"allow":["GET"]}}],"collection":[{"href":"https:\/\/1001vertus.com\/pt\/wp-json\/wp\/v2\/product"}],"about":[{"href":"https:\/\/1001vertus.com\/pt\/wp-json\/wp\/v2\/types\/product"}],"wp:featuredmedia":[{"embeddable":true,"href":"https:\/\/1001vertus.com\/pt\/wp-json\/wp\/v2\/media\/20869"}],"wp:attachment":[{"href":"https:\/\/1001vertus.com\/pt\/wp-json\/wp\/v2\/media?parent=20868"}],"wp:term":[{"taxonomy":"product_brand","embeddable":true,"href":"https:\/\/1001vertus.com\/pt\/wp-json\/wp\/v2\/product_brand?post=20868"},{"taxonomy":"product_cat","embeddable":true,"href":"https:\/\/1001vertus.com\/pt\/wp-json\/wp\/v2\/product_cat?post=20868"},{"taxonomy":"product_tag","embeddable":true,"href":"https:\/\/1001vertus.com\/pt\/wp-json\/wp\/v2\/product_tag?post=20868"}],"curies":[{"name":"wp","href":"https:\/\/api.w.org\/{rel}","templated":true}]}}