{"id":20648,"date":"2024-01-27T16:19:51","date_gmt":"2024-01-27T15:19:51","guid":{"rendered":"https:\/\/1001vertus.com\/?post_type=product&#038;p=20648"},"modified":"2024-08-19T14:23:33","modified_gmt":"2024-08-19T13:23:33","slug":"acafrao-puro-de-taliouine","status":"publish","type":"product","link":"https:\/\/1001vertus.com\/pt\/produit\/safran-pur-de-taliouine\/","title":{"rendered":"Safran pur de Taliouine &#8211; 1g"},"content":{"rendered":"<p>Dans les montagnes du Maroc, \u00e0 proximit\u00e9 de la ville de Taliouine, une \u00e9pice pr\u00e9cieuse est cultiv\u00e9e avec passion et savoir-faire\u00a0: le\u00a0<strong>a\u00e7afr\u00e3o puro de Taliouine<\/strong>. Cet or rouge aux multiples vertus est utilis\u00e9 depuis des si\u00e8cles aussi bien en cuisine qu\u2019en m\u00e9decine traditionnelle.<\/p>\n<h2><strong>L&rsquo;origine du safran\u00a0: une histoire mill\u00e9naire<\/strong><\/h2>\n<p>Le safran est extrait des stigmates d&rsquo;une fleur appel\u00e9e Crocus sativus. Originaire d&rsquo;Asie mineure, cette plante s&rsquo;est r\u00e9pandue d\u00e8s l&rsquo;Antiquit\u00e9 dans plusieurs r\u00e9gions du monde gr\u00e2ce au commerce entre diff\u00e9rentes civilisations. Les Ph\u00e9niciens, par exemple, \u00e9changeaient d\u00e9j\u00e0 cette \u00e9pice contre de <a href=\"https:\/\/1001vertus.com\/pt\/product-category\/azeite\/\"><strong>azeite<\/strong><\/a> et autres produits m\u00e9diterran\u00e9ens. Au fil des si\u00e8cles, le\u00a0<strong>safran s&rsquo;est implant\u00e9 au Maroc<\/strong>, o\u00f9 il a trouv\u00e9 des conditions id\u00e9ales pour se d\u00e9velopper.<\/p>\n<h3><strong>Climat et sol propices \u00e0 la culture du safran<\/strong><\/h3>\n<p>Les montagnes entourant la ville de Taliouine offrent un environnement parfait pour le d\u00e9veloppement du Crocus sativus. En effet, cette r\u00e9gion b\u00e9n\u00e9ficie d&rsquo;un climat m\u00e9diterran\u00e9en, marqu\u00e9 par des hivers doux et des \u00e9t\u00e9s chauds et secs. Le sol y est \u00e9galement bien drain\u00e9 et fertile, ce qui permet aux bulbes de cro\u00eetre rapidement et de produire des fleurs tr\u00e8s parfum\u00e9es.<\/p>\n<h3><strong>Conhecimentos ancestrais<\/strong><\/h3>\n<p>La culture du safran \u00e0 Taliouine remonte \u00e0 plusieurs si\u00e8cles. Les habitants de cette r\u00e9gion ont h\u00e9rit\u00e9 d&rsquo;un savoir-faire unique en mati\u00e8re de plantation, d&rsquo;entretien et de r\u00e9colte des stigmates. De g\u00e9n\u00e9ration en g\u00e9n\u00e9ration, ils transmettent leurs connaissances et leur amour pour cette \u00e9pice, qui fait aujourd&rsquo;hui la fiert\u00e9 de tout un pays.<\/p>\n<h2><strong>Les diff\u00e9rentes \u00e9tapes de la production de safran pur de Taliouine<\/strong><\/h2>\n<p>Le\u00a0<strong>Processo de produ\u00e7\u00e3o do a\u00e7afr\u00e3o puro de Taliouine<\/strong>\u00a0est rigoureux et implique plusieurs \u00e9tapes successives bien ma\u00eetris\u00e9es par les cultivateurs locaux.<\/p>\n<ol>\n<li><strong>Planta\u00e7\u00e3o<\/strong>\u00a0: les bulbes de Crocus sativus sont plant\u00e9s pendant l&rsquo;\u00e9t\u00e9, g\u00e9n\u00e9ralement entre juin et septembre.<\/li>\n<li><strong>Flora\u00e7\u00e3o<\/strong>\u00a0: les premi\u00e8res fleurs apparaissent d\u00e8s le mois d&rsquo;octobre, et forment alors un magnifique tapis violet qui recouvre les terrasses cultiv\u00e9es.<\/li>\n<li><strong>Colheita<\/strong>\u00a0: cette \u00e9tape cruciale dans la production de safran doit \u00eatre r\u00e9alis\u00e9e avec soin et pr\u00e9cision. Les fleurs sont cueillies une \u00e0 une, \u00e0 la main, au petit matin, lorsque les stigmates sont encore prot\u00e9g\u00e9s par les p\u00e9tales.<\/li>\n<li><strong>L&rsquo;\u00e9mondage<\/strong>\u00a0: apr\u00e8s la cueillette, les stigmates rouges sont s\u00e9par\u00e9s du reste de la fleur. Cette op\u00e9ration d\u00e9licate est r\u00e9alis\u00e9e manuellement et avec beaucoup de dext\u00e9rit\u00e9 afin de pr\u00e9server toute la qualit\u00e9 des stigmates.<\/li>\n<li><strong>Le s\u00e9chage<\/strong> : les stigmates sont ensuite \u00e9tal\u00e9s sur des tamis ou des toiles \u00e0 l&rsquo;abri de la lumi\u00e8re. Afin de les s\u00e9cher lentement et uniform\u00e9ment. \u00c9tape cruciale \u00e9galement pour obtenir un safran pur de Taliouine de qualit\u00e9. Le s\u00e9chage doit \u00eatre effectu\u00e9 avec soin pour garder intacte les propri\u00e9t\u00e9s gustatives et m\u00e9dicinales du safran.<\/li>\n<\/ol>\n<h2><strong>Os benef\u00edcios do a\u00e7afr\u00e3o puro de Taliouine<\/strong><\/h2>\n<p>Outre ses d\u00e9licates notes aromatiques qui subliment les plats, le\u00a0<strong>safran pur de Taliouine offre de nombreux b\u00e9n\u00e9fices<\/strong>\u00a0pour la sant\u00e9. Voici quelques-uns des bienfaits attribu\u00e9s au safran :<\/p>\n<ul>\n<li><strong>Favorece a digest\u00e3o<\/strong>\u00a0: le safran stimule les s\u00e9cr\u00e9tions digestives et facilite ainsi la digestion<\/li>\n<li><strong>Antioxidante<\/strong>\u00a0: le safran contient des carot\u00e9no\u00efdes, aux vertus antioxydantes, qui aident l&rsquo;organisme \u00e0 lutter contre les radicaux libres et les effets du vieillissement<\/li>\n<li><strong>Antid\u00e9presseur naturel<\/strong>\u00a0: le safran existe un effet positif sur l&rsquo;humeur, gr\u00e2ce notamment \u00e0 sa teneur en crocines et safranal<\/li>\n<li><strong>Am\u00e9lioration de la circulation sanguine<\/strong>\u00a0: cette \u00e9pice agit comme un vasodilatateur, ce qui permet d&rsquo;am\u00e9liorer la circulation sanguine et ainsi pr\u00e9venir certaines maladies cardiovasculaires.<\/li>\n<\/ul>\n<h3><strong>A\u00e7afr\u00e3o puro de Taliouine na gastronomia marroquina<\/strong><\/h3>\n<p>Le safran pur de Taliouine est largement utilis\u00e9 dans la cuisine marocaine traditionnelle. Il apporte une touche subtile et raffin\u00e9e \u00e0 diff\u00e9rents plats sucr\u00e9s ou sal\u00e9s tels que :<\/p>\n<ul>\n<li><strong>Tagines<\/strong> : ce plat embl\u00e9matique du Maroc se d\u00e9cline avec diverses viandes (agneau, poulet, veau) et l\u00e9gumes. Souvent accompagn\u00e9s de fruits secs et d&rsquo;\u00e9pices dont le safran<\/li>\n<li><strong>Cuscuz<\/strong>\u00a0: cet autre incontournable de la gastronomie marocaine peut \u00e9galement \u00eatre parfum\u00e9 avec du safran pur de Taliouine pour relever les saveurs des l\u00e9gumes et de la semoule<\/li>\n<li><strong>Sobremesas<\/strong>\u00a0: certaines p\u00e2tisseries marocaines int\u00e8grent le safran dans leur composition, notamment les briouates \u00e0 l&rsquo;amande et au miel<\/li>\n<\/ul>\n<p>Au-del\u00e0 de la cuisine marocaine traditionnelle, le safran pur de Taliouine est \u00e9galement utilis\u00e9 dans des recettes internationales. Telles que la paella espagnole, la bouillabaisse fran\u00e7aise, ou encore le risotto milanais.<\/p>","protected":false},"excerpt":{"rendered":"<p>Dans les montagnes du Maroc, \u00e0 proximit\u00e9 de la ville de Taliouine, une \u00e9pice pr\u00e9cieuse est cultiv\u00e9e avec passion et savoir-faire\u00a0: le\u00a0safran pur de Taliouine. Cet or rouge aux multiples vertus est utilis\u00e9 depuis des si\u00e8cles aussi bien en cuisine qu\u2019en m\u00e9decine traditionnelle. L&rsquo;origine du safran\u00a0: une histoire mill\u00e9naire Le safran est extrait des stigmates [&#8230;]\n","protected":false},"featured_media":20650,"template":"","meta":[],"product_brand":[],"product_cat":[28,29,27,96],"product_tag":[],"class_list":{"0":"post-20648","1":"product","2":"type-product","3":"status-publish","4":"has-post-thumbnail","6":"product_cat-medecine-sante","7":"product_cat-alimentation","8":"product_cat-bien-etre","9":"product_cat-roqya-chariya","11":"first","12":"outofstock","13":"shipping-taxable","14":"purchasable","15":"product-type-simple"},"_links":{"self":[{"href":"https:\/\/1001vertus.com\/pt\/wp-json\/wp\/v2\/product\/20648","targetHints":{"allow":["GET"]}}],"collection":[{"href":"https:\/\/1001vertus.com\/pt\/wp-json\/wp\/v2\/product"}],"about":[{"href":"https:\/\/1001vertus.com\/pt\/wp-json\/wp\/v2\/types\/product"}],"wp:featuredmedia":[{"embeddable":true,"href":"https:\/\/1001vertus.com\/pt\/wp-json\/wp\/v2\/media\/20650"}],"wp:attachment":[{"href":"https:\/\/1001vertus.com\/pt\/wp-json\/wp\/v2\/media?parent=20648"}],"wp:term":[{"taxonomy":"product_brand","embeddable":true,"href":"https:\/\/1001vertus.com\/pt\/wp-json\/wp\/v2\/product_brand?post=20648"},{"taxonomy":"product_cat","embeddable":true,"href":"https:\/\/1001vertus.com\/pt\/wp-json\/wp\/v2\/product_cat?post=20648"},{"taxonomy":"product_tag","embeddable":true,"href":"https:\/\/1001vertus.com\/pt\/wp-json\/wp\/v2\/product_tag?post=20648"}],"curies":[{"name":"wp","href":"https:\/\/api.w.org\/{rel}","templated":true}]}}