{"id":19974,"date":"2024-01-14T17:35:35","date_gmt":"2024-01-14T16:35:35","guid":{"rendered":"https:\/\/1001vertus.com\/?post_type=product&#038;p=19974"},"modified":"2026-04-02T14:56:28","modified_gmt":"2026-04-02T13:56:28","slug":"champo-solido-de-spirulina","status":"publish","type":"product","link":"https:\/\/1001vertus.com\/pt\/produit\/shampoing-solide-spiruline\/","title":{"rendered":"Shampoing solide spiruline (Env. 80g) &#8211; Assali"},"content":{"rendered":"<p>A espirulina torna-a bonita! \u00c9 isso mesmo, <strong>le shampoing solide \u00e0 la spiruline<\/strong>\u00a0oferece-lhe\u00a0<strong>a<\/strong>\u00a0<strong>r\u00e9sistance et une beaut\u00e9 capillaire inou\u00efe<\/strong>\u00a0! D\u00e9couvrez ce petit carr\u00e9 absolument riche en vitamines juste ici.<\/p>\n<h2><strong>O que \u00e9 o champ\u00f4 s\u00f3lido de spirulina?<\/strong><\/h2>\n<p>Il est question ici de mettre \u00e0 votre disposition un petit carr\u00e9 savonneux aux vertus absolument merveilleuses.<\/p>\n<p>La spiruline est pr\u00e9cis\u00e9ment\u00a0<strong>uma microalga verde<\/strong>\u00a0qui se pr\u00e9sente sous forme de poudre, de g\u00e9lule ou encore de paillettes. Ici elle est intelligemment associ\u00e9e pour offrir \u00e0 votre masse capillaire tout ce qui lui faut pour\u00a0<strong>torn\u00e1-la mais forte e mais bonita.<\/strong><\/p>\n<h2><strong>Porqu\u00ea escolher o champ\u00f4 s\u00f3lido de spirulina?<\/strong><\/h2>\n<p>Avec ce shampoing sublime vous apportez de fa\u00e7on significative \u00e0 vos cheveux, <strong>des prot\u00e9ines, des oligo-\u00e9l\u00e9ments, des acides gras essentiels et des vitamines.<\/strong>\u00a0Em particular, a vitamina\u00a0<strong>A e E,<\/strong>\u00a0que ir\u00e1 abrandar a queda de cabelo.<\/p>\n<p>Enfin, les oligo-\u00e9l\u00e9ments tel que\u00a0<strong>zinco e ferro<\/strong>\u00a0ir para\u00a0<strong>refor\u00e7ar o cabelo e favorecer o seu crescimento.<\/strong><\/p>\n<p>En d\u00e9finitive, vous observerez <strong>des cheveux plus forts, plus \u00e9clatants, et mieux nourris.<\/strong>\u00a0Ent\u00e3o, a quem podemos agradecer? Gra\u00e7as \u00e0 spirulina!<\/p>\n<h3><strong>Escolha a nossa gama s\u00f3lida<\/strong><\/h3>\n<p>Com o champ\u00f4 s\u00f3lido de spirulina, tal como com\u00a0<strong>nosso <a href=\"https:\/\/1001vertus.com\/pt\/product\/champo-solido-de-amla\/\">Champ\u00f4 de amla<\/a>, <a href=\"https:\/\/1001vertus.com\/pt\/product\/champo-solido-de-argila-verde\/\">champ\u00f4 de argila verde<\/a> ou mesmo <a href=\"https:\/\/1001vertus.com\/pt\/product\/champo-solido-de-urtiga\/\">champ\u00f4 s\u00f3lido de urtiga<\/a><\/strong>\u00a0e todos os que aqui encontrar\u00e3o, est\u00e3o a optar por um formato absolutamente pr\u00e1tico.<\/p>\n<p>En effet, une fois s\u00e9ch\u00e9, vous pourrez\u00a0<strong>le transporter ais\u00e9ment et \u00e0 souhait.<\/strong>\u00a0Et ce, sans craindre d\u2019aga\u00e7antes coulures dans vos effets.<\/p>\n<p>Al\u00e9m disso, a\u00a0<strong>ne comprend pas d&#8217;emballages superflus ni plastiques<\/strong>, ce qui fait aussi de lui un geste \u00e9cologique.<\/p>\n<p>Enfin, celui-ci est pr\u00e9vu pour vous accompagner pour\u00a0<strong>une dur\u00e9e de 80 lavages en moyenne.<\/strong>\u00a0Ce qui est plus du double d&rsquo;une shampoing classique liquide, peu \u00e9cologique.<\/p>\n<p>Alors forc\u00e9ment c&rsquo;est logique, on adopte le geste shampoing solide avec plaisir !<\/p>","protected":false},"excerpt":{"rendered":"<p>La spiruline vous sublime ! Eh oui, le shampoing solide \u00e0 la spiruline\u00a0vous offre\u00a0une\u00a0r\u00e9sistance et une beaut\u00e9 capillaire inou\u00efe\u00a0! D\u00e9couvrez ce petit carr\u00e9 absolument riche en vitamines juste ici. Le shampoing solide spiruline de quoi s&rsquo;agit-il ? Il est question ici de mettre \u00e0 votre disposition un petit carr\u00e9 savonneux aux vertus absolument merveilleuses. La [&#8230;]\n","protected":false},"featured_media":19975,"template":"","meta":[],"product_brand":[],"product_cat":[112],"product_tag":[],"class_list":{"0":"post-19974","1":"product","2":"type-product","3":"status-publish","4":"has-post-thumbnail","6":"product_cat-shampoing-solide","8":"first","9":"outofstock","10":"shipping-taxable","11":"purchasable","12":"product-type-simple"},"_links":{"self":[{"href":"https:\/\/1001vertus.com\/pt\/wp-json\/wp\/v2\/product\/19974","targetHints":{"allow":["GET"]}}],"collection":[{"href":"https:\/\/1001vertus.com\/pt\/wp-json\/wp\/v2\/product"}],"about":[{"href":"https:\/\/1001vertus.com\/pt\/wp-json\/wp\/v2\/types\/product"}],"wp:featuredmedia":[{"embeddable":true,"href":"https:\/\/1001vertus.com\/pt\/wp-json\/wp\/v2\/media\/19975"}],"wp:attachment":[{"href":"https:\/\/1001vertus.com\/pt\/wp-json\/wp\/v2\/media?parent=19974"}],"wp:term":[{"taxonomy":"product_brand","embeddable":true,"href":"https:\/\/1001vertus.com\/pt\/wp-json\/wp\/v2\/product_brand?post=19974"},{"taxonomy":"product_cat","embeddable":true,"href":"https:\/\/1001vertus.com\/pt\/wp-json\/wp\/v2\/product_cat?post=19974"},{"taxonomy":"product_tag","embeddable":true,"href":"https:\/\/1001vertus.com\/pt\/wp-json\/wp\/v2\/product_tag?post=19974"}],"curies":[{"name":"wp","href":"https:\/\/api.w.org\/{rel}","templated":true}]}}